{"id":2896,"date":"2025-11-12T17:01:34","date_gmt":"2025-11-12T09:01:34","guid":{"rendered":"https:\/\/minghanggroup.com\/?post_type=product&#038;p=2896"},"modified":"2025-11-14T10:06:20","modified_gmt":"2025-11-14T02:06:20","slug":"mini-spice-jars-with-metal-shaker-bulk-glass-containers","status":"publish","type":"product","link":"https:\/\/minghanggroup.com\/tr\/urun\/mini-spice-jars-with-metal-shaker-bulk-glass-containers\/","title":{"rendered":"10 ml 15 ml Metal \u00c7alkalay\u0131c\u0131l\u0131 Mini Baharat Kavanozlar\u0131 Toplu Sat\u0131\u015f"},"content":{"rendered":"<p>Mutfa\u011f\u0131n\u0131z\u0131 kaotik bir g\u00f6r\u00fcn\u00fcme sokan da\u011f\u0131n\u0131k baharat saklama alanlar\u0131yla u\u011fra\u015fmaya son. Mutfa\u011f\u0131n\u0131z\u0131 \u015f\u0131k bir alana d\u00f6n\u00fc\u015ft\u00fcr\u00fcrken baharatlar\u0131n\u0131z\u0131 taze tutan birinci s\u0131n\u0131f mini baharat kavanozlar\u0131 \u00fcretiyoruz. Bunlar sadece kaplar de\u011fil; markan\u0131z\u0131n mutfak d\u00fczeni ve g\u0131da ambalaj\u0131 i\u00e7in yeni gizli silah\u0131.<\/p>\n<h2>\u00dcr\u00fcn \u00d6zellikleri<\/h2>\n<ol>\n<li><strong>\u00c7ift \u015eekil Se\u00e7enekleri:<\/strong>Baharat kab\u0131 setinizde marka esteti\u011finize m\u00fckemmel \u015fekilde uymas\u0131 i\u00e7in yuvarlak cam ve kare cam aras\u0131ndan se\u00e7im yap\u0131n.<\/li>\n<li><strong>Hassas Da\u011f\u0131t\u0131m:<\/strong>Kullan\u0131m\u0131 kolay a\u011f\u0131z tasar\u0131m\u0131, karabiber, tuz, \u015feker ve un i\u00e7in baharat ak\u0131\u015f\u0131n\u0131 m\u00fckemmel bir \u015fekilde kontrol etmenizi sa\u011flar.<\/li>\n<li><strong>Dayan\u0131kl\u0131 Yap\u0131:<\/strong>Paslanmaz \u00e7elik kapakl\u0131 kal\u0131n cam, baharatlar\u0131n\u0131z\u0131n taze kalmas\u0131n\u0131 sa\u011flar ve cam baharat kavanozlar\u0131n\u0131z\u0131n s\u0131zmas\u0131n\u0131 \u00f6nler.<\/li>\n<\/ol>\n<h2>Temel \u00d6zellikler<\/h2>\n<table style=\"border-collapse: collapse; width: 80%; margin-left: auto; margin-right: auto;\" border=\"0\" width=\"360\" cellspacing=\"0\" cellpadding=\"0\">\n<tbody>\n<tr style=\"height: 13.50pt;\">\n<td style=\"height: 13.5pt; width: 54pt; text-align: center;\" width=\"72\" height=\"18\">Kapasite(ml)<\/td>\n<td style=\"width: 54pt; text-align: center;\" width=\"72\">Boyut(cm)<\/td>\n<td style=\"width: 54pt; text-align: center;\" width=\"72\">\u015eekil<\/td>\n<td style=\"width: 54pt; text-align: center;\" width=\"72\">Renk Se\u00e7enekleri<\/td>\n<td style=\"width: 54pt; text-align: center;\" width=\"72\">Kullan\u0131m<\/td>\n<\/tr>\n<tr style=\"height: 13.50pt;\">\n<td style=\"height: 13.5pt; text-align: center;\" align=\"right\" height=\"18\">10<\/td>\n<td style=\"text-align: center;\">2.9 * 4.1<\/td>\n<td class=\"et2\" style=\"text-align: center;\" rowspan=\"2\">Yuvarlak, Kare<\/td>\n<td class=\"et2\" style=\"text-align: center;\" rowspan=\"2\">Temizle, \u00d6zel<\/td>\n<td class=\"et2\" style=\"text-align: center;\" rowspan=\"2\">Biber, ac\u0131 biber, tuz vb. paketleyin<\/td>\n<\/tr>\n<tr style=\"height: 13.50pt;\">\n<td style=\"height: 13.5pt; text-align: center;\" align=\"right\" height=\"18\">15<\/td>\n<td style=\"text-align: center;\">3.1 * 4.6<\/td>\n<\/tr>\n<\/tbody>\n<\/table>\n<h2>Ba\u015far\u0131 \u00d6rne\u011fi<\/h2>\n<p>Kanada&#039;dan bir baharat fabrikas\u0131, \u00f6zel yap\u0131m mini baharat kavanozlar\u0131 i\u00e7in bize ula\u015ft\u0131. Kavanozlar\u0131n \u015f\u0131k, \u015feffaf cam g\u00f6vdesi ve dayan\u0131kl\u0131 paslanmaz \u00e7elik kapa\u011f\u0131, hem pratik hem de estetik. K\u00fc\u00e7\u00fck boyutlar\u0131 onlar\u0131 restoran ve kafe masalar\u0131 i\u00e7in m\u00fckemmel k\u0131l\u0131yor ve ayn\u0131 zamanda \u015feffaf cam g\u00f6vdeleri, m\u00fc\u015fterilerin farkl\u0131 baharatlar\u0131 kolayca ay\u0131rt edebilmesini sa\u011fl\u0131yor.<\/p>\n<p>Yeni baharat kavanozu setinin piyasaya s\u00fcr\u00fclmesinden sonra, catering m\u00fc\u015fterileri toplu sipari\u015f vermeye ba\u015flad\u0131 ve bu sipari\u015flerde &#039;lik bir art\u0131\u015f kaydedildi.<\/p>\n<h2>\u00d6zelle\u015ftirme \u0130pu\u00e7lar\u0131n\u0131z<\/h2>\n<p>Bu k\u00fc\u00e7\u00fck baharat kavanozlar\u0131, farkl\u0131 kullan\u0131c\u0131 senaryolar\u0131na ve marka konumland\u0131rmas\u0131na uyacak \u015fekilde olduk\u00e7a esnek bir \u015fekilde ki\u015fiselle\u015ftirilebilir. \u00d6rne\u011fin, al\u0131c\u0131lar farkl\u0131 te\u015fhir stilleriyle uyumlu olmas\u0131 i\u00e7in kare mi yoksa yuvarlak \u015fi\u015feler mi istediklerine karar verebilirler ve kapa\u011f\u0131n malzemesi paslanmaz \u00e7elik, al\u00fcminyum ala\u015f\u0131m\u0131 veya plastikten se\u00e7ilebilir, b\u00f6ylece parlak, mat veya sprey boya gibi \u00e7ok say\u0131da y\u00fczey se\u00e7ene\u011fi sunulur. Ayr\u0131ca, daha tan\u0131n\u0131r markalar haline gelmek ve kullan\u0131c\u0131lara daha iyi hizmet vermek i\u00e7in kavanozlara marka logolar\u0131 veya kademeli i\u015faretler bas\u0131labilir. Ayr\u0131ca, \u00fcst d\u00fczey m\u00fc\u015fterilere, baharat kab\u0131 setinin daha zarif g\u00f6r\u00fcnmesini sa\u011flamak i\u00e7in hediye kutusu ambalaj\u0131 veya bambu tepsi setleri sa\u011flanabilir.<\/p>","protected":false},"excerpt":{"rendered":"<p>Toplu sipari\u015fler i\u00e7in \u00f6zelle\u015ftirilebilir cam baharat kaplar\u0131 seti olan mini baharat kavanozlar\u0131m\u0131z\u0131 ke\u015ffedin. Fabrikadan do\u011frudan tedarik, kalite, h\u0131zl\u0131 teslimat ve OEM markalama se\u00e7eneklerini garanti eder.<\/p>","protected":false},"featured_media":2897,"template":"","meta":{"postBodyCss":"","postBodyMargin":[],"postBodyPadding":[],"postBodyBackground":{"backgroundType":"classic","gradient":""}},"product_brand":[],"product_cat":[15,17,53],"product_tag":[],"class_list":{"0":"post-2896","1":"product","2":"type-product","3":"status-publish","4":"has-post-thumbnail","6":"product_cat-glass-containers","7":"product_cat-glass-jars","8":"product_cat-spice-jars","10":"first","11":"instock","12":"shipping-taxable","13":"product-type-simple"},"jetpack_sharing_enabled":true,"_links":{"self":[{"href":"https:\/\/minghanggroup.com\/tr\/wp-json\/wp\/v2\/product\/2896","targetHints":{"allow":["GET"]}}],"collection":[{"href":"https:\/\/minghanggroup.com\/tr\/wp-json\/wp\/v2\/product"}],"about":[{"href":"https:\/\/minghanggroup.com\/tr\/wp-json\/wp\/v2\/types\/product"}],"wp:featuredmedia":[{"embeddable":true,"href":"https:\/\/minghanggroup.com\/tr\/wp-json\/wp\/v2\/media\/2897"}],"wp:attachment":[{"href":"https:\/\/minghanggroup.com\/tr\/wp-json\/wp\/v2\/media?parent=2896"}],"wp:term":[{"taxonomy":"product_brand","embeddable":true,"href":"https:\/\/minghanggroup.com\/tr\/wp-json\/wp\/v2\/product_brand?post=2896"},{"taxonomy":"product_cat","embeddable":true,"href":"https:\/\/minghanggroup.com\/tr\/wp-json\/wp\/v2\/product_cat?post=2896"},{"taxonomy":"product_tag","embeddable":true,"href":"https:\/\/minghanggroup.com\/tr\/wp-json\/wp\/v2\/product_tag?post=2896"}],"curies":[{"name":"wp","href":"https:\/\/api.w.org\/{rel}","templated":true}]}}