{"id":2876,"date":"2025-11-12T15:24:00","date_gmt":"2025-11-12T07:24:00","guid":{"rendered":"https:\/\/minghanggroup.com\/?post_type=product&#038;p=2876"},"modified":"2025-11-14T10:06:26","modified_gmt":"2025-11-14T02:06:26","slug":"cute-spice-jars-season-storage-containers-wholesale","status":"publish","type":"product","link":"https:\/\/minghanggroup.com\/tr\/urun\/cute-spice-jars-season-storage-containers-wholesale\/","title":{"rendered":"250 ml Bambu Kapakl\u0131 \u015eirin Baharat Kavanozlar\u0131 Toptan Sat\u0131\u015f"},"content":{"rendered":"<p>Mutfa\u011f\u0131n\u0131z\u0131 kasvetli g\u00f6steren, s\u0131k\u0131c\u0131 baharat saklama y\u00f6ntemleriyle u\u011fra\u015fmaya devam etmeyin. Baharatlar\u0131n\u0131z\u0131 taze bir \u015fekilde saklaman\u0131za yard\u0131mc\u0131 olmakla kalmay\u0131p mutfa\u011f\u0131n\u0131z\u0131 \u015f\u0131k bir yer haline getiren, y\u00fcksek kaliteli ve sevimli baharat kavanozlar\u0131 \u00fcretiyoruz. Sadece birer kap de\u011filler; markan\u0131z\u0131n mutfak d\u00fczeni ve g\u0131da ambalaj\u0131 i\u00e7in yeni gizli silah\u0131.<\/p>\n<h2>\u00dcr\u00fcn \u00d6zellikleri<\/h2>\n<ol>\n<li><strong>Dokulu Dalga Tasar\u0131m\u0131:<\/strong>Mutfak saklama i\u00e7in sevimli baharat kavanozlar\u0131m\u0131zdaki d\u00fczensiz dalga deseni, m\u00fc\u015fterinin dikkatini \u00e7eker ve baharat saklama kaplar\u0131n\u0131 m\u00fc\u015fteri i\u00e7in rahat bir tutu\u015f haline getirir.<\/li>\n<li><strong>Do\u011fal Bambu Kapak:<\/strong>Bambu kapaklar, s\u0131zd\u0131rmazl\u0131k halkalar\u0131yla birlikte baharatlar\u0131n\u0131z\u0131n taze kalmas\u0131n\u0131 sa\u011flar ve baharat saklama kaplar\u0131n\u0131z \u0131sland\u0131\u011f\u0131nda nemden zarar g\u00f6rmesini engeller.<\/li>\n<li><strong>\u00d6zel Renk Se\u00e7enekleri:<\/strong>\u015eeffaf veya istedi\u011finiz \u00f6zel bir renk se\u00e7erek markan\u0131za uyum sa\u011flayabilir ve markan\u0131zla m\u00fckemmel uyum sa\u011flayan sevimli baharat kavanozlar\u0131na sahip olabilirsiniz.<\/li>\n<\/ol>\n<h2>Temel \u00d6zellikler<\/h2>\n<table style=\"border-collapse: collapse; width: 80%; margin-left: AUTO; margin-right: AUTO;\" border=\"0\" width=\"360\" cellspacing=\"0\" cellpadding=\"0\">\n<tbody>\n<tr style=\"height: 13.50pt;\">\n<td style=\"height: 13.5pt; width: 54pt; text-align: center;\" width=\"72\" height=\"18\">Kapasite<\/td>\n<td style=\"width: 54pt; text-align: center;\" width=\"72\">Malzemeler<\/td>\n<td style=\"width: 54pt; text-align: center;\" width=\"72\">Renk Se\u00e7enekleri<\/td>\n<td style=\"width: 54pt; text-align: center;\" width=\"72\">Kapaklar<\/td>\n<td style=\"width: 54pt; text-align: center;\" width=\"72\">Y\u00fczey \u0130\u015flem<\/td>\n<\/tr>\n<tr style=\"height: 13.50pt;\">\n<td style=\"height: 13.5pt; text-align: center;\" height=\"18\">250 ml<\/td>\n<td style=\"text-align: center;\">Y\u00fcksek Beyaz Cam, Is\u0131ya Dayan\u0131kl\u0131 Cam<\/td>\n<td style=\"text-align: center;\">Temizle, \u00d6zelle\u015ftirmeyi kabul et<\/td>\n<td style=\"text-align: center;\">Bambu Kapak \/ Cam Kapak \/ Mantar Kapak \/ PE Plastik Kapak<\/td>\n<td style=\"text-align: center;\">Serigrafi Bask\u0131\/Buzlu\/\u00c7\u0131kartmal\u0131\/Renk Sprey\/Etiket vb.<\/td>\n<\/tr>\n<\/tbody>\n<\/table>\n<h2>Ba\u015far\u0131 \u00d6rne\u011fi<\/h2>\n<p>Ekibimiz, Kanada&#039;daki bir restoranla i\u015f birli\u011fi yaparak \u00f6zel bambu kapakl\u0131, sevimli baharat kavanozlar\u0131ndan olu\u015fan benzersiz bir seri yaratma f\u0131rsat\u0131 buldu. Bu baharatlar, g\u0131da s\u0131n\u0131f\u0131, ultra \u015feffaf camdan \u00fcretilmi\u015f ve her bir kap, \u00e7evre dostu bambudan yap\u0131lm\u0131\u015f bir kapak ve ayn\u0131 malzemeden yap\u0131lm\u0131\u015f bir ka\u015f\u0131kla birlikte geliyor. Kapaklardaki marka logosunun lazerle i\u015flenmesi, markay\u0131 markala\u015ft\u0131rman\u0131n gizli bir yolu.<\/p>\n<p>Baharat saklama kaplar\u0131n\u0131 bu \u00fcr\u00fcnlerle de\u011fi\u015ftiren bir\u00e7ok m\u00fc\u015fteri, yorumlar\u0131nda kavanozlar\u0131n \u00f6zg\u00fcn tasar\u0131m\u0131n\u0131n restoran\u0131n tarz\u0131na \u00e7ok iyi uydu\u011funu, geni\u015f a\u011fz\u0131 sayesinde baharatlar\u0131 kolayca \u00e7\u0131karabildiklerini yazd\u0131.<\/p>\n<h2>\u00d6zelle\u015ftirme \u0130pu\u00e7lar\u0131n\u0131z<\/h2>\n<p>Markan\u0131z\u0131 ki\u015fiye \u00f6zel olarak tan\u0131tacak sevimli bir baharat kavanozu! Logonuz veya g\u00f6rseliniz bambu kapa\u011fa lazerle i\u015flenebilir, bu da do\u011fa ve markan\u0131z\u0131n harika bir birle\u015fimi olacakt\u0131r; ya da kapak malzemesini markan\u0131z\u0131n rengini yans\u0131tacak \u015fekilde ah\u015fap, renkli bambu veya metal gibi de\u011fi\u015ftirerek \u00e7ok y\u00f6nl\u00fc bir stil katabilirsiniz. Kab\u0131n cam k\u0131sm\u0131 da \u015feffaf veya buzlu cam se\u00e7enekleriyle ki\u015fiselle\u015ftirilebilir ve baharat saklama kaplar\u0131 i\u00e7in farkl\u0131 kapasitelere sahiptir. Ah\u015fap bir taban veya bambu ka\u015f\u0131k seti ile sar\u0131ld\u0131\u011f\u0131nda genel g\u00f6r\u00fcn\u00fcm daha da g\u00fczelle\u015fir, bu nedenle mutfak organizasyonu ve hediye sekt\u00f6r\u00fc i\u00e7in harika bir \u00e7\u00f6z\u00fcmd\u00fcr.<\/p>","protected":false},"excerpt":{"rendered":"<p>Bambu kapakl\u0131 sevimli baharat kavanozlar\u0131m\u0131z\u0131 ke\u015ffedin \u2014 fabrikadan do\u011frudan baharat saklama kaplar\u0131, h\u0131zl\u0131 teslimat ve OEM se\u00e7enekleriyle toplu sipari\u015fler i\u00e7in \u00f6zelle\u015ftirilebilir.<\/p>","protected":false},"featured_media":2877,"template":"","meta":{"postBodyCss":"","postBodyMargin":[],"postBodyPadding":[],"postBodyBackground":{"backgroundType":"classic","gradient":""}},"product_brand":[],"product_cat":[15,17,53],"product_tag":[],"class_list":{"0":"post-2876","1":"product","2":"type-product","3":"status-publish","4":"has-post-thumbnail","6":"product_cat-glass-containers","7":"product_cat-glass-jars","8":"product_cat-spice-jars","10":"first","11":"instock","12":"shipping-taxable","13":"product-type-simple"},"jetpack_sharing_enabled":true,"_links":{"self":[{"href":"https:\/\/minghanggroup.com\/tr\/wp-json\/wp\/v2\/product\/2876","targetHints":{"allow":["GET"]}}],"collection":[{"href":"https:\/\/minghanggroup.com\/tr\/wp-json\/wp\/v2\/product"}],"about":[{"href":"https:\/\/minghanggroup.com\/tr\/wp-json\/wp\/v2\/types\/product"}],"wp:featuredmedia":[{"embeddable":true,"href":"https:\/\/minghanggroup.com\/tr\/wp-json\/wp\/v2\/media\/2877"}],"wp:attachment":[{"href":"https:\/\/minghanggroup.com\/tr\/wp-json\/wp\/v2\/media?parent=2876"}],"wp:term":[{"taxonomy":"product_brand","embeddable":true,"href":"https:\/\/minghanggroup.com\/tr\/wp-json\/wp\/v2\/product_brand?post=2876"},{"taxonomy":"product_cat","embeddable":true,"href":"https:\/\/minghanggroup.com\/tr\/wp-json\/wp\/v2\/product_cat?post=2876"},{"taxonomy":"product_tag","embeddable":true,"href":"https:\/\/minghanggroup.com\/tr\/wp-json\/wp\/v2\/product_tag?post=2876"}],"curies":[{"name":"wp","href":"https:\/\/api.w.org\/{rel}","templated":true}]}}