{"id":2836,"date":"2025-11-12T14:04:17","date_gmt":"2025-11-12T06:04:17","guid":{"rendered":"https:\/\/minghanggroup.com\/?post_type=product&#038;p=2836"},"modified":"2025-11-14T10:06:33","modified_gmt":"2025-11-14T02:06:33","slug":"spice-shaker-jars-wholesaler-glass-jars-factory","status":"publish","type":"product","link":"https:\/\/minghanggroup.com\/tr\/urun\/spice-shaker-jars-wholesaler-glass-jars-factory\/","title":{"rendered":"Saklama Ama\u00e7l\u0131 Kapakl\u0131 85 ml Baharat Kavanozlar\u0131"},"content":{"rendered":"<p>Da\u011f\u0131n\u0131k bir baharat kavanozunun sizin i\u00e7in sorun kayna\u011f\u0131 olmaya ve mutfa\u011f\u0131n\u0131z\u0131n da\u011f\u0131n\u0131k g\u00f6r\u00fcnmesine neden olmas\u0131na izin vermeyin. Mutfa\u011f\u0131n\u0131z\u0131 \u015f\u0131k bir yer haline getirmenin yan\u0131 s\u0131ra baharatlar\u0131n\u0131z\u0131 taze tutan birinci s\u0131n\u0131f baharat kavanozlar\u0131 \u00fcretiyoruz. Bunlar sadece kap de\u011fil, ayn\u0131 zamanda markan\u0131z\u0131n mutfak d\u00fczeni ve g\u0131da ambalaj\u0131 i\u00e7in yeni gizli silah\u0131.<\/p>\n<h2>\u00dcr\u00fcn \u00d6zellikleri<\/h2>\n<p><strong>Ergonomik Tutu\u015f:<\/strong>Ot kavanozunuzun tutma yerinin p\u00fcr\u00fczs\u00fcz kavisli tasar\u0131m\u0131, onu her t\u00fcrl\u00fc mutfakta rahat ve kolay bir \u015fekilde kullanman\u0131z\u0131 sa\u011flar.<\/p>\n<p><strong>Renk \u00d6zelle\u015ftirme:<\/strong>Ot kavanozunuzun markas\u0131na uymas\u0131 i\u00e7in kapak rengini siyah, k\u0131rm\u0131z\u0131, sar\u0131, g\u00fcm\u00fc\u015f veya ye\u015fil aras\u0131ndan se\u00e7ebilirsiniz.<\/p>\n<p><strong>Hassas \u00c7alkalay\u0131c\u0131 Kapa\u011f\u0131:<\/strong>Delikler, karabiber, tuz, \u015feker ve un i\u00e7in baharat ak\u0131\u015f\u0131n\u0131 m\u00fckemmel bir \u015fekilde kontrol etmenizi sa\u011flar.<\/p>\n<h2>Temel \u00d6zellikler<\/h2>\n<table style=\"border-collapse: collapse; width: 80%; margin-left: AUTO; margin-right: AUTO;\" border=\"0\" width=\"288\" cellspacing=\"0\" cellpadding=\"0\">\n<tbody>\n<tr style=\"height: 13.50pt;\">\n<td style=\"height: 13.5pt; width: 54pt; text-align: center;\" width=\"72\" height=\"18\">Kapasite<\/td>\n<td style=\"width: 54pt; text-align: center;\" width=\"72\">Kapaklar<\/td>\n<td style=\"width: 54pt; text-align: center;\" width=\"72\">Renk Se\u00e7enekleri<\/td>\n<td style=\"width: 54pt; text-align: center;\" width=\"72\">Kullan\u0131m<\/td>\n<\/tr>\n<tr style=\"height: 13.50pt;\">\n<td style=\"height: 13.5pt; text-align: center;\" height=\"18\">85 ml<\/td>\n<td style=\"text-align: center;\">Kelebek Vidal\u0131 Kapak<\/td>\n<td style=\"text-align: center;\">Temizle, \u00d6zel<\/td>\n<td style=\"text-align: center;\">Kuru otlar, baharatlar, biber, baharat kar\u0131\u015f\u0131mlar\u0131 ve daha fazlas\u0131<\/td>\n<\/tr>\n<\/tbody>\n<\/table>\n<h2>Ba\u015far\u0131 \u00d6rne\u011fi<\/h2>\n<p>Kanadal\u0131 bir ev e\u015fyas\u0131 \u00fcreticisi, baharatlar\u0131n saf renklerini yans\u0131tan \u015feffaf bir vanilya kavanozuyla birlikte bu baharat kavanozunu ki\u015fiselle\u015ftirmemiz i\u00e7in bizimle ileti\u015fime ge\u00e7ti. Marka, k\u0131rm\u0131z\u0131, sar\u0131 ve ye\u015fil kapakl\u0131 kapaklar\u0131 \u00f6zelle\u015ftirerek farkl\u0131 baharat t\u00fcrleri i\u00e7in basit ve sezgisel bir renk kodu olu\u015fturdu.<\/p>\n<p>Sonu\u00e7 olduk\u00e7a etkileyici oldu, \u00fcr\u00fcn sadece raflarda daha g\u00f6r\u00fcn\u00fcr hale gelmekle kalmad\u0131, ayn\u0131 zamanda \u00fc\u00e7 ay i\u00e7inde sat\u0131\u015flarda &#039;lik bir art\u0131\u015f sa\u011fland\u0131.<\/p>\n<h2>\u00d6zelle\u015ftirme \u0130pu\u00e7lar\u0131n\u0131z<\/h2>\n<p>Marka bilinirli\u011fini art\u0131rman\u0131n en iyi yollar\u0131ndan biri, bu baharat kavanozlar\u0131na markan\u0131z\u0131n modaya uygun ve \u015f\u0131k bir tasar\u0131m\u0131n\u0131 yerle\u015ftirmektir. \u00d6rne\u011fin, farkl\u0131 baharatlara kar\u015f\u0131l\u0131k gelen k\u0131rm\u0131z\u0131, ye\u015fil veya sar\u0131 gibi parlak renkler se\u00e7erek kapak rengini \u00f6zelle\u015ftirmeyi d\u00fc\u015f\u00fcnebilirsiniz. Bu, yaln\u0131zca s\u0131ralamay\u0131 kolayla\u015ft\u0131rmakla kalmaz, ayn\u0131 zamanda raf\u0131 g\u00f6rsel bir nokta haline getirir. Ayr\u0131ca, kapa\u011fa veya \u015fi\u015feye marka logonuzu, grav\u00fcr\u00fcn\u00fcz\u00fc veya etiketinizi yerle\u015ftirmek de m\u00fcmk\u00fcnd\u00fcr. \u00dcr\u00fcne ho\u015f bir g\u00f6r\u00fcn\u00fcm kazand\u0131rmak ve \u00fcr\u00fcn\u00fcn g\u00f6r\u00fcn\u00fcm\u00fcn\u00fcn ve i\u015flevinin markan\u0131n kimli\u011fiyle uyumlu oldu\u011fundan emin olmak i\u00e7in neme dayan\u0131kl\u0131 bir conta veya buzlu cam kullanmay\u0131 d\u00fc\u015f\u00fcn\u00fcn.<\/p>","protected":false},"excerpt":{"rendered":"<p>Canl\u0131 baharat \u00e7alkalay\u0131c\u0131 kavanozlar\u0131 ve bitki kavanozu tasar\u0131mlar\u0131n\u0131 ke\u015ffedin; baharat paketleme ihtiya\u00e7lar\u0131n\u0131z\u0131 kar\u015f\u0131lamak i\u00e7in fabrikadan do\u011frudan teslim, \u00f6zelle\u015ftirilebilir ve toplu sipari\u015flere a\u00e7\u0131kt\u0131r.<\/p>","protected":false},"featured_media":2866,"template":"","meta":{"postBodyCss":"","postBodyMargin":[],"postBodyPadding":[],"postBodyBackground":{"backgroundType":"classic","gradient":""}},"product_brand":[],"product_cat":[15,17,53],"product_tag":[],"class_list":{"0":"post-2836","1":"product","2":"type-product","3":"status-publish","4":"has-post-thumbnail","6":"product_cat-glass-containers","7":"product_cat-glass-jars","8":"product_cat-spice-jars","10":"first","11":"instock","12":"shipping-taxable","13":"product-type-simple"},"jetpack_sharing_enabled":true,"_links":{"self":[{"href":"https:\/\/minghanggroup.com\/tr\/wp-json\/wp\/v2\/product\/2836","targetHints":{"allow":["GET"]}}],"collection":[{"href":"https:\/\/minghanggroup.com\/tr\/wp-json\/wp\/v2\/product"}],"about":[{"href":"https:\/\/minghanggroup.com\/tr\/wp-json\/wp\/v2\/types\/product"}],"wp:featuredmedia":[{"embeddable":true,"href":"https:\/\/minghanggroup.com\/tr\/wp-json\/wp\/v2\/media\/2866"}],"wp:attachment":[{"href":"https:\/\/minghanggroup.com\/tr\/wp-json\/wp\/v2\/media?parent=2836"}],"wp:term":[{"taxonomy":"product_brand","embeddable":true,"href":"https:\/\/minghanggroup.com\/tr\/wp-json\/wp\/v2\/product_brand?post=2836"},{"taxonomy":"product_cat","embeddable":true,"href":"https:\/\/minghanggroup.com\/tr\/wp-json\/wp\/v2\/product_cat?post=2836"},{"taxonomy":"product_tag","embeddable":true,"href":"https:\/\/minghanggroup.com\/tr\/wp-json\/wp\/v2\/product_tag?post=2836"}],"curies":[{"name":"wp","href":"https:\/\/api.w.org\/{rel}","templated":true}]}}