{"id":2772,"date":"2025-11-12T10:39:54","date_gmt":"2025-11-12T02:39:54","guid":{"rendered":"https:\/\/minghanggroup.com\/?post_type=product&#038;p=2772"},"modified":"2026-03-02T15:08:54","modified_gmt":"2026-03-02T07:08:54","slug":"bulk-transparent-round-glass-hot-sauce-containers","status":"publish","type":"product","link":"https:\/\/minghanggroup.com\/tr\/urun\/bulk-transparent-round-glass-hot-sauce-containers\/","title":{"rendered":"Toplu 8oz \u015eeffaf Yuvarlak Cam Ac\u0131 Sos Kaplar\u0131"},"content":{"rendered":"<p>Bu ac\u0131 sos kaplar\u0131, herkesin canl\u0131 k\u0131rm\u0131z\u0131 sosu ve k\u0131rm\u0131z\u0131 pul biberi g\u00f6rsel olarak alg\u0131lamas\u0131n\u0131 \u00e7ok kolayla\u015ft\u0131ran siyah vidal\u0131 kapakl\u0131, ince, \u015f\u0131k ve \u015feffaf bir cam \u015fi\u015fede yer almaktad\u0131r.<\/p>\n<h2>\u00dcr\u00fcn \u00d6zellikleri<\/h2>\n<ul>\n<li><strong>\u015eeffaf Cam:<\/strong> \u015eeffaf cam kap, ac\u0131 sosun zengin rengini ve safl\u0131\u011f\u0131n\u0131 m\u00fc\u015fteriye yans\u0131tan m\u00fckemmel bir ara\u00e7t\u0131r.<\/li>\n<li><strong>Siyah\u200b\u200d\u200b\u200c\u200d\u200b\u200d\u200c\u200b\u200d\u200b\u200c\u200d\u200b\u200d\u200c Vidal\u0131 Kapak:<\/strong> S\u0131cak soslar\u0131n s\u0131k\u0131ca kapat\u0131lm\u0131\u015f siyah vidal\u0131 kapa\u011f\u0131, sosun ta\u015f\u0131nmas\u0131 s\u0131ras\u0131nda s\u0131z\u0131nt\u0131lar\u0131 \u00f6nlemede \u00e7ok etkilidir.<\/li>\n<li><strong>Konfor ve Kullan\u0131c\u0131 Dostu:<\/strong> \u0130nce ve \u015f\u0131k \u015fi\u015fe \u015fekli ele tam oturacak, b\u00f6ylece al\u0131c\u0131lar \u00fcr\u00fcn\u00fc d\u00f6kme ve miktar\u0131n\u0131 kontrol etme konusunda hi\u00e7bir sorun ya\u015famayacak.<\/li>\n<\/ul>\n<h2 style=\"text-align: left;\">Temel \u00d6zellikler<\/h2>\n<table class=\"aligncenter\" style=\"border-collapse: collapse; width: 492.77pt;\" border=\"0\" width=\"657\" cellspacing=\"0\" cellpadding=\"0\">\n<tbody>\n<tr style=\"height: 13.50pt;\">\n<td style=\"height: 13.50pt; width: 107.25pt;\" width=\"143\" height=\"18\">\u015eartname<\/td>\n<td style=\"width: 385.50pt;\" width=\"514\">Detaylar<\/td>\n<\/tr>\n<tr style=\"height: 13.50pt;\">\n<td style=\"height: 13.50pt;\" height=\"18\">Kapasite<\/td>\n<td>250 ml (8 oz)<\/td>\n<\/tr>\n<tr style=\"height: 13.50pt;\">\n<td style=\"height: 13.50pt;\" height=\"18\">Boyutlar<\/td>\n<td>5,2 cm \u00d7 18,9 cm<\/td>\n<\/tr>\n<tr style=\"height: 13.50pt;\">\n<td style=\"height: 13.50pt;\" height=\"18\">Malzeme<\/td>\n<td>G\u0131da s\u0131n\u0131f\u0131 \u015feffaf cam stout<\/td>\n<\/tr>\n<tr style=\"height: 13.50pt;\">\n<td style=\"height: 13.50pt;\" height=\"18\">\u015ei\u015fe Tipi<\/td>\n<td>Uzun boyunlu, d\u00fcz tabanl\u0131, p\u00fcr\u00fczs\u00fcz omuzlu yuvarlak cam \u015fi\u015fe<\/td>\n<\/tr>\n<tr style=\"height: 13.50pt;\">\n<td style=\"height: 13.50pt;\" height=\"18\">Kapan\u0131\u015f<\/td>\n<td>Standart vida di\u015fi (plastik\/metal kapaklara ve astarlara uyar)<\/td>\n<\/tr>\n<tr style=\"height: 13.50pt;\">\n<td style=\"height: 13.50pt;\" height=\"18\">\u0130deal \u0130\u00e7in<\/td>\n<td>Ac\u0131 sos, barbek\u00fc sosu, sos<\/td>\n<\/tr>\n<tr style=\"height: 13.50pt;\">\n<td style=\"height: 13.50pt;\" height=\"18\">Kullan\u0131m \u00d6rne\u011fi<\/td>\n<td>Bo\u015f sos kaplar\u0131, toplu ac\u0131 sos \u015fi\u015feleri<\/td>\n<\/tr>\n<\/tbody>\n<\/table>\n<h2>Ger\u00e7ek D\u00fcnyadan \u00d6rnek Olay \u0130ncelemesi: El Yap\u0131m\u0131 Sos \u00dcreticisinin Hikayesi<\/h2>\n<p>Markay\u0131 yans\u0131tan iyi bir \u00fcr\u00fcn aray\u0131\u015f\u0131nda olan ve benzersiz soslar\u0131n k\u00fc\u00e7\u00fck partiler halinde \u00fcretimine kendini adam\u0131\u015f bir giri\u015fim, g\u00fcvenilir ac\u0131 sos kaplar\u0131na ihtiya\u00e7 duyuyordu. Sonunda bu 250 ml&#039;lik cam \u015fi\u015feyi se\u00e7tiler. Peki, \u00e7evrimi\u00e7i deneylerinin sonucu ne oldu? E-ticaret gelirleri ilk \u00e7eyrekte artt\u0131 ve \u00f6zellikle t\u00fcketiciler, sat\u0131n al\u0131mlar\u0131n\u0131n temel nedeninin \u00fcr\u00fcn\u00fcn sofistike ambalaj\u0131 oldu\u011funu belirttiler. S\u0131z\u0131nt\u0131s\u0131z i\u015flevsellik, hasarl\u0131 \u00fcr\u00fcn olaylar\u0131n\u0131 da &#039;e kadar d\u00fc\u015f\u00fcrd\u00fc. \u0130ki yeni \u00fcr\u00fcn\u00fcn aroma serileri i\u00e7in toplu olarak 200.000 \u015fi\u015fe sipari\u015f ettiler; bu da \u00fcr\u00fcn\u00fcn performans\u0131ndan b\u00fcy\u00fck memnuniyet duyduklar\u0131n\u0131 g\u00f6steriyor.<\/p>\n<h2>\u00d6zel Ac\u0131 Sos Kaplar\u0131 \u00c7\u00f6z\u00fcmleri<\/h2>\n<ul>\n<li><strong>Serigrafi Bask\u0131l\u0131 Kapasite \u0130\u015faretleri:<\/strong> Kapasite i\u015faretlemelerini, pratiklik ve profesyonelli\u011fi bir arada sunacak \u015fekilde yazd\u0131rarak kal\u0131c\u0131 hale getirin.<\/li>\n<li><strong>\u00d6zel Cam Renkleri:<\/strong> I\u015f\u0131\u011fa duyarl\u0131 soslar\u0131 korumak i\u00e7in barda\u011f\u0131n\u0131zda Amber veya Ye\u015fil renk se\u00e7eneklerini de\u011ferlendirin.<\/li>\n<li><strong>Dokulu Cam Desenleri:<\/strong> Dokulu y\u00fczey fikri, sadece muhte\u015fem bir g\u00f6rsel etki sa\u011flamakla kalm\u0131yor, ayn\u0131 zamanda estetik ve i\u015flevselli\u011fi ayn\u0131 anda sunarak tutu\u015f sorununu da \u00e7\u00f6z\u00fcyor.<\/li>\n<li><strong>\u00d6zel Ak\u0131\u015f Reg\u00fclat\u00f6rleri:<\/strong> \u015euruplar veya soslar gibi daha yo\u011fun \u00fcr\u00fcnlerin ak\u0131\u015f h\u0131z\u0131n\u0131 d\u00fczenlemek i\u00e7in \u00f6zel ak\u0131\u015f d\u00fczenleyicileri tasarlay\u0131n.<\/li>\n<\/ul>","protected":false},"excerpt":{"rendered":"<p>Siyah kapakl\u0131, ince cam toplu ac\u0131 sos \u015fi\u015feleri, pratik sos kaplar\u0131 olarak tasarlanm\u0131\u015ft\u0131r. H\u0131zl\u0131 kargo ile toptan sat\u0131\u015f i\u00e7in m\u00fckemmel ac\u0131 sos kaplar\u0131.<\/p>","protected":false},"featured_media":2853,"template":"","meta":{"postBodyCss":"","postBodyMargin":[],"postBodyPadding":[],"postBodyBackground":{"backgroundType":"classic","gradient":""}},"product_brand":[],"product_cat":[15,16,54],"product_tag":[72,98],"class_list":{"0":"post-2772","1":"product","2":"type-product","3":"status-publish","4":"has-post-thumbnail","6":"product_cat-glass-containers","7":"product_cat-glass-bottles","8":"product_cat-hot-sauce-bottles","9":"product_tag-juice-bottles","10":"product_tag-salad-dressing-bottles","12":"first","13":"instock","14":"shipping-taxable","15":"product-type-simple"},"jetpack_sharing_enabled":true,"_links":{"self":[{"href":"https:\/\/minghanggroup.com\/tr\/wp-json\/wp\/v2\/product\/2772","targetHints":{"allow":["GET"]}}],"collection":[{"href":"https:\/\/minghanggroup.com\/tr\/wp-json\/wp\/v2\/product"}],"about":[{"href":"https:\/\/minghanggroup.com\/tr\/wp-json\/wp\/v2\/types\/product"}],"wp:featuredmedia":[{"embeddable":true,"href":"https:\/\/minghanggroup.com\/tr\/wp-json\/wp\/v2\/media\/2853"}],"wp:attachment":[{"href":"https:\/\/minghanggroup.com\/tr\/wp-json\/wp\/v2\/media?parent=2772"}],"wp:term":[{"taxonomy":"product_brand","embeddable":true,"href":"https:\/\/minghanggroup.com\/tr\/wp-json\/wp\/v2\/product_brand?post=2772"},{"taxonomy":"product_cat","embeddable":true,"href":"https:\/\/minghanggroup.com\/tr\/wp-json\/wp\/v2\/product_cat?post=2772"},{"taxonomy":"product_tag","embeddable":true,"href":"https:\/\/minghanggroup.com\/tr\/wp-json\/wp\/v2\/product_tag?post=2772"}],"curies":[{"name":"wp","href":"https:\/\/api.w.org\/{rel}","templated":true}]}}