{"id":2749,"date":"2025-11-12T11:33:21","date_gmt":"2025-11-12T03:33:21","guid":{"rendered":"https:\/\/minghanggroup.com\/?post_type=product&#038;p=2749"},"modified":"2025-11-14T10:06:40","modified_gmt":"2025-11-14T02:06:40","slug":"4oz-glass-herb-jars-with-bamboo-lid-for-seasoning","status":"publish","type":"product","link":"https:\/\/minghanggroup.com\/tr\/urun\/4oz-glass-herb-jars-with-bamboo-lid-for-seasoning\/","title":{"rendered":"Baharatlar i\u00e7in Bambu Kapakl\u0131 4oz Cam Ot Kavanozlar\u0131"},"content":{"rendered":"<p>Mutfa\u011f\u0131n\u0131z\u0131 daha da da\u011f\u0131n\u0131k hale getiren yanl\u0131\u015f baharat saklama y\u00f6ntemleriyle m\u00fccadele etmeye devam etmeyin. Baharatlar\u0131n\u0131z\u0131 taze tutmakla kalmay\u0131p mutfa\u011f\u0131n\u0131z\u0131n g\u00f6r\u00fcn\u00fcm\u00fcn\u00fc de g\u00fczelle\u015ftiren en kaliteli kare cam baharat kavanozlar\u0131 \u00fcretiyoruz. Sadece birer kap de\u011filler; markan\u0131z\u0131n mutfak d\u00fczeni ve g\u0131da ambalaj\u0131 i\u00e7in yeni gizli silah\u0131.<\/p>\n<h2>\u00dcr\u00fcn \u00d6zellikleri<\/h2>\n<p>Canl\u0131 Renk Se\u00e7enekleri: Cam bitki kavanozlar\u0131 ve baharat kaplar\u0131 i\u00e7in markan\u0131z\u0131n g\u00f6r\u00fcn\u00fcm\u00fcne m\u00fckemmel \u015fekilde uyum sa\u011flayacak kehribar, k\u0131rm\u0131z\u0131, mavi veya ye\u015fil renklerini se\u00e7ebilirsiniz.<\/p>\n<p>Do\u011fal Bambu Kapak: Bambu kapaklar baharat saklama kaplar\u0131n\u0131za do\u011fal bir g\u00f6r\u00fcn\u00fcm kazand\u0131rman\u0131n yan\u0131 s\u0131ra s\u0131k\u0131 bir s\u0131zd\u0131rmazl\u0131k da sa\u011flar; karabiber, tuz ve otlar i\u00e7in bundan daha m\u00fckemmel ne olabilir?<\/p>\n<p>Modern Kare Tasar\u0131m: Mutfak saklama kaplar\u0131n\u0131z\u0131n ve baharat koleksiyonunuzun \u015f\u0131k kare formu onlar\u0131 harika yapan \u015feydir; herhangi bir g\u0131da i\u015fletmesi, sadece bakarak \u200b\u200d\u200b\u200c\u200d\u200b\u200d\u200c\u200b\u200d\u200c\u200d\u200b\u200d\u200c.<\/p>\n<h2>Temel \u00d6zellikler<\/h2>\n<table style=\"border-collapse: collapse; width: 80%; margin-left: auto; margin-right: auto;\" border=\"0\" width=\"360\" cellspacing=\"0\" cellpadding=\"0\">\n<tbody>\n<tr style=\"height: 13.50pt;\">\n<td style=\"height: 13.5pt; width: 54pt; text-align: center;\" width=\"72\" height=\"18\">Kapasite<\/td>\n<td style=\"width: 54pt; text-align: center;\" width=\"72\">\u015eekil<\/td>\n<td style=\"width: 54pt; text-align: center;\" width=\"72\">Renk Se\u00e7enekleri<\/td>\n<td style=\"width: 54pt; text-align: center;\" width=\"72\">Malzeme<\/td>\n<td style=\"width: 54pt; text-align: center;\" width=\"72\">Kapak Se\u00e7enekleri<\/td>\n<\/tr>\n<tr style=\"height: 13.50pt;\">\n<td style=\"height: 13.5pt; text-align: center;\" height=\"18\">120 ml\/4 oz<\/td>\n<td style=\"text-align: center;\">Kare<\/td>\n<td style=\"text-align: center;\">Amber, K\u0131rm\u0131z\u0131, Mavi, Ye\u015fil, \u00d6zel<\/td>\n<td style=\"text-align: center;\">Dayan\u0131kl\u0131 cam<\/td>\n<td style=\"text-align: center;\">Bambu, metal, plastik, \u00e7alkalay\u0131c\u0131 kapaklar<\/td>\n<\/tr>\n<\/tbody>\n<\/table>\n<h2>Ba\u015far\u0131 \u00d6rne\u011fi<\/h2>\n<p>Avrupa&#039;dan organik bir marka, vanilya serisi i\u00e7in \u00fcst d\u00fczey kare cam baharat kavanozlar\u0131 geli\u015ftirmek \u00fczere bizimle i\u015f birli\u011fi yapt\u0131. Baharatlar\u0131n tazeli\u011fini korumak ve \u0131\u015f\u0131ktan korumak i\u00e7in koyu kehribar ve kobalt mavisi cam kavanozlar se\u00e7tiler; bu arada, marka logosuyla markalanm\u0131\u015f \u00f6zel bambu kapaklar tak\u0131larak \u00e7evre dostu marka imaj\u0131 yeni bir boyuta ta\u015f\u0131nd\u0131.<\/p>\n<p>\u00dcr\u00fcn lansman\u0131n\u0131n ard\u0131ndan markan\u0131n sat\u0131\u015flar\u0131 artt\u0131.<\/p>\n<h2>\u00d6zelle\u015ftirme \u0130pu\u00e7lar\u0131n\u0131z<\/h2>\n<p>Kare cam baharat kavanozlar\u0131, farkl\u0131 marka konumlar\u0131na uyum sa\u011flayacak kadar uyarlanabilir ve herhangi bir bitki veya baharat serisinin renk \u015femas\u0131na uymas\u0131 i\u00e7in kehribar, mavi, ye\u015fil veya \u015feffaf camdan yap\u0131labilir. Kapaklar bambu, al\u00fcminyum veya plastikten yap\u0131labilir ve do\u011fal veya modern bir marka imaj\u0131na yard\u0131mc\u0131 olmak i\u00e7in marka logosu lazerle kaz\u0131nabilir veya bas\u0131labilir. Bunun yan\u0131 s\u0131ra, baharat kavanozlar\u0131n\u0131n i\u015flevselli\u011fini ve g\u00f6rsel y\u00f6n\u00fcn\u00fc geli\u015ftirmek i\u00e7in nem ge\u00e7irmez s\u0131zd\u0131rmazl\u0131k contalar\u0131, serpme delikli kapaklar veya ka\u015f\u0131k kapaklar\u0131 kullanma olanaklar\u0131 da vard\u0131r; b\u00f6ylece baharat kavanozlar\u0131 yaln\u0131zca saklama ara\u00e7lar\u0131 de\u011fil, ayn\u0131 zamanda markan\u0131n mutfa\u011f\u0131n\u0131n esteti\u011finin bir arac\u0131 haline gelir.<\/p>","protected":false},"excerpt":{"rendered":"<p>Bambu kapakl\u0131 \u015f\u0131k cam bitki kavanozlar\u0131 - do\u011frudan fabrikadan, \u00f6zelle\u015ftirilebilir ve markan\u0131z\u0131n baharat ambalaj\u0131n\u0131 modern bir \u00e7ekicilikle y\u00fckseltmek i\u00e7in toplu olarak mevcuttur.<\/p>","protected":false},"featured_media":2750,"template":"","meta":{"postBodyCss":"","postBodyMargin":[],"postBodyPadding":[],"postBodyBackground":{"backgroundType":"classic","gradient":""}},"product_brand":[],"product_cat":[15,17,53],"product_tag":[],"class_list":{"0":"post-2749","1":"product","2":"type-product","3":"status-publish","4":"has-post-thumbnail","6":"product_cat-glass-containers","7":"product_cat-glass-jars","8":"product_cat-spice-jars","10":"first","11":"instock","12":"shipping-taxable","13":"product-type-simple"},"jetpack_sharing_enabled":true,"_links":{"self":[{"href":"https:\/\/minghanggroup.com\/tr\/wp-json\/wp\/v2\/product\/2749","targetHints":{"allow":["GET"]}}],"collection":[{"href":"https:\/\/minghanggroup.com\/tr\/wp-json\/wp\/v2\/product"}],"about":[{"href":"https:\/\/minghanggroup.com\/tr\/wp-json\/wp\/v2\/types\/product"}],"wp:featuredmedia":[{"embeddable":true,"href":"https:\/\/minghanggroup.com\/tr\/wp-json\/wp\/v2\/media\/2750"}],"wp:attachment":[{"href":"https:\/\/minghanggroup.com\/tr\/wp-json\/wp\/v2\/media?parent=2749"}],"wp:term":[{"taxonomy":"product_brand","embeddable":true,"href":"https:\/\/minghanggroup.com\/tr\/wp-json\/wp\/v2\/product_brand?post=2749"},{"taxonomy":"product_cat","embeddable":true,"href":"https:\/\/minghanggroup.com\/tr\/wp-json\/wp\/v2\/product_cat?post=2749"},{"taxonomy":"product_tag","embeddable":true,"href":"https:\/\/minghanggroup.com\/tr\/wp-json\/wp\/v2\/product_tag?post=2749"}],"curies":[{"name":"wp","href":"https:\/\/api.w.org\/{rel}","templated":true}]}}