{"id":2660,"date":"2025-11-11T16:16:12","date_gmt":"2025-11-11T08:16:12","guid":{"rendered":"https:\/\/minghanggroup.com\/?post_type=product&#038;p=2660"},"modified":"2026-03-02T15:09:28","modified_gmt":"2026-03-02T07:09:28","slug":"bulk-round-hot-sause-bottles-for-pepper-sauce","status":"publish","type":"product","link":"https:\/\/minghanggroup.com\/tr\/urun\/bulk-round-hot-sause-bottles-for-pepper-sauce\/","title":{"rendered":"Toplu Yuvarlak Ac\u0131 Sos \u015ei\u015feleri Biber Sosu i\u00e7in 250ml 350ml 500ml"},"content":{"rendered":"<p>Bu ac\u0131 sos \u015fi\u015feleri, \u015feffaf camdan yap\u0131lm\u0131\u015f olup, her biri p\u00fcr\u00fczs\u00fcz, yuvarlak ve \u00fc\u00e7 farkl\u0131 boyutta \u00e7izgiye sahiptir. \u015ei\u015feler, kullan\u0131m\u0131 kolay ve ho\u015f bir tasar\u0131ma sahip parlak k\u0131rm\u0131z\u0131 vidal\u0131 bir kapakla birlikte gelir.<\/p>\n<h2>\u00dcr\u00fcn \u00d6zellikleri<\/h2>\n<ul>\n<li><strong>Saf Cam Malzemesi:<\/strong> \u015eeffaf cam kaplarda servis edilen ac\u0131 sosun canl\u0131 rengi ve dokusunun cazibesine kar\u015f\u0131 koyamayan m\u00fc\u015fteri say\u0131s\u0131 olduk\u00e7a azd\u0131r.<\/li>\n<li><strong>G\u00fcvenlik ve S\u0131zd\u0131rmazl\u0131k M\u00fchr\u00fc:<\/strong> \u00dcr\u00fcn tazeli\u011fi vidal\u0131 kapak \u00f6zelli\u011fiyle sa\u011flanmakta olup, ambalaj\u0131nda \u200b\u200bbozulmaya kar\u015f\u0131 dayan\u0131kl\u0131 bir astar bulunmakta olup, \u00fcr\u00fcn\u00fcn ta\u015f\u0131nmas\u0131 ve depolanmas\u0131 s\u0131ras\u0131nda s\u0131z\u0131nt\u0131lar \u00f6nlenmektedir.<\/li>\n<li><strong>Minimalist \u015ei\u015fe Tasar\u0131m\u0131:<\/strong> Temiz ve silindirik \u015fekli, p\u00fcr\u00fczs\u00fcz ve zarif \u00e7izgileriyle, i\u015flevsellik ve kolay saklamay\u0131 bir araya getiriyor.<\/li>\n<\/ul>\n<h2 style=\"text-align: left;\">Temel \u00d6zellikler<\/h2>\n<table class=\"aligncenter\" style=\"border-collapse: collapse; width: 588.77pt;\" border=\"0\" width=\"785\" cellspacing=\"0\" cellpadding=\"0\">\n<tbody>\n<tr style=\"height: 13.50pt;\">\n<td style=\"height: 13.50pt; width: 108.75pt;\" width=\"145\" height=\"18\">\u015eartname<\/td>\n<td style=\"width: 480.00pt;\" width=\"640\">Detaylar<\/td>\n<\/tr>\n<tr style=\"height: 13.50pt;\">\n<td style=\"height: 13.50pt;\" height=\"18\">Malzeme<\/td>\n<td>\u015eeffaf cam stout (g\u0131da s\u0131n\u0131f\u0131)<\/td>\n<\/tr>\n<tr style=\"height: 13.50pt;\">\n<td style=\"height: 13.50pt;\" height=\"18\">\u015ei\u015fe \u015eekli<\/td>\n<td>D\u00fcz tabanl\u0131 ve p\u00fcr\u00fczs\u00fcz omuzlu, d\u00fcz duvarl\u0131 yuvarlak cam \u015fi\u015fe<\/td>\n<\/tr>\n<tr style=\"height: 13.50pt;\">\n<td style=\"height: 13.50pt;\" height=\"18\">Mevcut Boyutlar<\/td>\n<td>250 ml (5,2 cm \u00d7 17,8 cm), 350 ml (5,8 cm \u00d7 19,5 cm), 500 ml (6,5 cm \u00d7 21,7 cm)<\/td>\n<\/tr>\n<tr style=\"height: 13.50pt;\">\n<td style=\"height: 13.50pt;\" height=\"18\">\u0130deal \u0130\u00e7in<\/td>\n<td>Ac\u0131 sos \u015fi\u015fesi, biber sosu \u015fi\u015feleri<\/td>\n<\/tr>\n<\/tbody>\n<\/table>\n<h2>Ba\u015far\u0131 Hikayesi: Geli\u015fen Bir Ac\u0131 Sos Markas\u0131<\/h2>\n<p>K\u00fc\u00e7\u00fck parti, el yap\u0131m\u0131 ac\u0131 sos \u00fcretimine odaklanan yeni kurulan m\u00fc\u015fterilerimizden biri, markalar\u0131na olan h\u0131zla artan talebi kar\u015f\u0131layabilecek bir biber sosu \u015fi\u015fesine ihtiya\u00e7 duyuyordu. Sonunda 350 ml&#039;lik cam \u015fi\u015felerimizi tercih ettiler. Lansmandan sonraki ilk alt\u0131 ay i\u00e7inde cirolar\u0131 artt\u0131, sa\u011flam cam malzemesi k\u0131r\u0131lmalar\u0131 azaltt\u0131 ve bir y\u0131ldan k\u0131sa bir s\u00fcre i\u00e7inde 500.000 \u015fi\u015felik yeni bir sipari\u015f verdiler. \u015ei\u015felerin nakliye s\u0131ras\u0131ndaki sa\u011flaml\u0131\u011f\u0131 ve kullan\u0131labilirlik hakk\u0131ndaki olumlu m\u00fc\u015fteri yorumlar\u0131n\u0131n, ba\u015far\u0131lar\u0131n\u0131n ve sipari\u015flerin devam etmesinin sebepleri oldu\u011funu d\u00fc\u015f\u00fcn\u00fcyorlar.<\/p>\n<h2>Ac\u0131 Sos \u015ei\u015fesi \u00d6zelle\u015ftirme \u00d6nerileri<\/h2>\n<ul>\n<li><strong>Bask\u0131l\u0131 Logo:<\/strong> Marka logonuzu do\u011frudan cam \u015fi\u015feye i\u015fleyerek, en kaliteli g\u00f6r\u00fcn\u00fcm\u00fc elde edebilirsiniz.<\/li>\n<li><strong>Serigrafi Bask\u0131l\u0131 Mezuniyetler:<\/strong> Hacmi belirtmek i\u00e7in kal\u0131c\u0131 \u0131s\u0131yla sertle\u015ftirilmi\u015f derecelendirmeler yazd\u0131r\u0131n.<\/li>\n<li><strong>Renkli Cam:<\/strong> I\u015f\u0131\u011fa duyarl\u0131 \u00fcr\u00fcn\u00fcn\u00fcz\u00fc \u015feffaf cam kap yerine kehribar veya ye\u015fil cam kapla koruyun.<\/li>\n<li><strong>Asit Kaz\u0131nm\u0131\u015f Markalama:<\/strong> Cam a\u015f\u0131nd\u0131rma y\u00f6ntemi yard\u0131m\u0131yla yarat\u0131mlar\u0131n\u0131z\u0131 markala\u015ft\u0131r\u0131n, b\u00f6ylece \u015f\u0131k ve zamans\u0131z bir marka imaj\u0131 elde edin.<\/li>\n<\/ul>","protected":false},"excerpt":{"rendered":"<p>K\u0131rm\u0131z\u0131 vidal\u0131 kapakl\u0131, \u015f\u0131k silindirik tasar\u0131ml\u0131, sade tasar\u0131ml\u0131 \u015feffaf ac\u0131 sos \u015fi\u015fesi. Biber sosu ambalaj\u0131 i\u00e7in ideal, \u00fccretsiz numuneler mevcuttur.<\/p>","protected":false},"featured_media":2684,"template":"","meta":{"postBodyCss":"","postBodyMargin":[],"postBodyPadding":[],"postBodyBackground":{"backgroundType":"classic","gradient":""}},"product_brand":[],"product_cat":[15,16,54],"product_tag":[98],"class_list":{"0":"post-2660","1":"product","2":"type-product","3":"status-publish","4":"has-post-thumbnail","6":"product_cat-glass-containers","7":"product_cat-glass-bottles","8":"product_cat-hot-sauce-bottles","9":"product_tag-salad-dressing-bottles","11":"first","12":"instock","13":"shipping-taxable","14":"product-type-simple"},"jetpack_sharing_enabled":true,"_links":{"self":[{"href":"https:\/\/minghanggroup.com\/tr\/wp-json\/wp\/v2\/product\/2660","targetHints":{"allow":["GET"]}}],"collection":[{"href":"https:\/\/minghanggroup.com\/tr\/wp-json\/wp\/v2\/product"}],"about":[{"href":"https:\/\/minghanggroup.com\/tr\/wp-json\/wp\/v2\/types\/product"}],"wp:featuredmedia":[{"embeddable":true,"href":"https:\/\/minghanggroup.com\/tr\/wp-json\/wp\/v2\/media\/2684"}],"wp:attachment":[{"href":"https:\/\/minghanggroup.com\/tr\/wp-json\/wp\/v2\/media?parent=2660"}],"wp:term":[{"taxonomy":"product_brand","embeddable":true,"href":"https:\/\/minghanggroup.com\/tr\/wp-json\/wp\/v2\/product_brand?post=2660"},{"taxonomy":"product_cat","embeddable":true,"href":"https:\/\/minghanggroup.com\/tr\/wp-json\/wp\/v2\/product_cat?post=2660"},{"taxonomy":"product_tag","embeddable":true,"href":"https:\/\/minghanggroup.com\/tr\/wp-json\/wp\/v2\/product_tag?post=2660"}],"curies":[{"name":"wp","href":"https:\/\/api.w.org\/{rel}","templated":true}]}}