{"id":2624,"date":"2025-11-11T17:02:12","date_gmt":"2025-11-11T09:02:12","guid":{"rendered":"https:\/\/minghanggroup.com\/?post_type=product&#038;p=2624"},"modified":"2025-11-14T10:06:54","modified_gmt":"2025-11-14T02:06:54","slug":"clear-spices-jars-glass-containers-bulk","status":"publish","type":"product","link":"https:\/\/minghanggroup.com\/tr\/urun\/clear-spices-jars-glass-containers-bulk\/","title":{"rendered":"80 ml - 120 ml \u015eeffaf Cam Baharat Kavanozlar\u0131 Toplu Depolama \u0130\u00e7in"},"content":{"rendered":"<p>Mutfa\u011f\u0131n\u0131z\u0131 kaotik bir g\u00f6r\u00fcn\u00fcme sokan da\u011f\u0131n\u0131k baharat saklama alanlar\u0131yla u\u011fra\u015fmaya son. Mutfa\u011f\u0131n\u0131z\u0131 \u015f\u0131k bir alana d\u00f6n\u00fc\u015ft\u00fcr\u00fcrken baharatlar\u0131n\u0131z\u0131 taze tutan birinci s\u0131n\u0131f cam baharat kaplar\u0131 \u00fcretiyoruz. Bunlar sadece kaplar de\u011fil; markan\u0131z\u0131n mutfak d\u00fczeni ve g\u0131da ambalaj\u0131 i\u00e7in yeni gizli silah\u0131.<\/p>\n<h2>\u00dcr\u00fcn \u00d6zellikleri<\/h2>\n<ol>\n<li><strong>Kristal Berrakl\u0131\u011f\u0131:<\/strong>Y\u00fcksek \u015feffafl\u0131\u011fa sahip cam, baharatlar\u0131n\u0131z\u0131 tek bak\u0131\u015fta g\u00f6rmenizi sa\u011flar; cam baharat kaplar\u0131n\u0131z i\u00e7in yeniden sipari\u015f verme zaman\u0131n\u0131n geldi\u011fini tahmin etmenize gerek kalmaz.<\/li>\n<li><strong>G\u00fcvenli M\u00fch\u00fcr:<\/strong>Metal kapak, baharatlar\u0131n\u0131z\u0131n taze kalmas\u0131n\u0131 ve baharat saklama kaplar\u0131n\u0131zda d\u00f6k\u00fclmelerin \u00f6nlenmesini sa\u011flayan s\u0131k\u0131 bir s\u0131zd\u0131rmazl\u0131k sa\u011flar.<\/li>\n<li><strong>\u00c7ok Y\u00f6nl\u00fc Kullan\u0131m:<\/strong>Hem biber gibi kuru baharatlar hem de \u0131slak soslar veya ya\u011flar i\u00e7in m\u00fckemmeldir; her mutfak i\u00e7in m\u00fckemmel baharat kab\u0131n\u0131zd\u0131r.<\/li>\n<\/ol>\n<h2>Temel \u00d6zellikler<\/h2>\n<table style=\"border-collapse: collapse; width: 80%; margin-right: auto; margin-left: auto;\" border=\"0\" width=\"288\" cellspacing=\"0\" cellpadding=\"0\">\n<tbody>\n<tr style=\"height: 13.50pt;\">\n<td style=\"height: 13.5pt; width: 54pt; text-align: center;\" width=\"72\" height=\"18\">Kapasite<\/td>\n<td style=\"width: 54pt; text-align: center;\" width=\"72\">\u015eekil<\/td>\n<td style=\"width: 54pt; text-align: center;\" width=\"72\">Kapak Se\u00e7enekleri<\/td>\n<td style=\"width: 54pt; text-align: center;\" width=\"72\">\u00c7ok Y\u00f6nl\u00fc Kullan\u0131m<\/td>\n<\/tr>\n<tr style=\"height: 13.50pt;\">\n<td style=\"height: 13.5pt; text-align: center;\" height=\"18\">80 ml<\/td>\n<td class=\"et2\" style=\"text-align: center;\" rowspan=\"2\">Yuvarlak<\/td>\n<td class=\"et2\" style=\"text-align: center;\" rowspan=\"2\">Al\u00fcminyum, Ah\u015fap, Plastik<\/td>\n<td class=\"et2\" style=\"text-align: center;\" rowspan=\"2\">Soslar ve ya\u011flar i\u00e7in m\u00fckemmel<\/td>\n<\/tr>\n<tr style=\"height: 13.50pt;\">\n<td style=\"height: 13.5pt; text-align: center;\" height=\"18\">120 ml<\/td>\n<\/tr>\n<\/tbody>\n<\/table>\n<h2>Ba\u015far\u0131 \u00d6rne\u011fi<\/h2>\n<p>Yenilik\u00e7i bir Kanadal\u0131 g\u0131da \u015firketi, cam baharat kab\u0131 setimizi kullanarak ambalajlar\u0131n\u0131 yenilemek i\u00e7in bizimle i\u015f birli\u011fi yapt\u0131. Ama\u00e7, saf baharatlar\u0131n\u0131n renkli do\u011fas\u0131n\u0131 g\u00f6rsel olarak yans\u0131tacak \u015fekilde \u015f\u0131k ve \u015feffaf kavanozlar kullanmakt\u0131. Bunun da \u00f6tesinde, marka kimliklerini g\u00fc\u00e7lendirmek i\u00e7in \u00f6zel f\u0131r\u00e7alanm\u0131\u015f al\u00fcminyum kapaklar ve ki\u015fiselle\u015ftirilmi\u015f logo bask\u0131s\u0131 kullanmaya karar verdiler.<\/p>\n<p>Paketin b\u00fcy\u00fck ilgi g\u00f6rmesi yaln\u0131zca \u00fc\u00e7 ay s\u00fcrd\u00fc ve setin sonucunda sat\u0131\u015flar artt\u0131.<\/p>\n<h2>\u00d6zelle\u015ftirme \u0130pu\u00e7lar\u0131n\u0131z<\/h2>\n<p>Bambu veya paslanmaz \u00e7elik gibi de\u011fi\u015ftirilebilir kapak malzemeleri, bu cam baharat kab\u0131n\u0131n markan\u0131z i\u00e7in sundu\u011fu bir\u00e7ok farkl\u0131 ki\u015fiselle\u015ftirme se\u00e7ene\u011finden sadece birka\u00e7\u0131d\u0131r. Daha dikkat \u00e7ekici hale getirmek ve marka bilinirli\u011fini art\u0131rmak i\u00e7in \u015fi\u015feye serigrafi veya s\u0131cak damga y\u00f6ntemiyle logo bas\u0131labilir. Ayr\u0131ca, kullan\u0131c\u0131y\u0131 kolayla\u015ft\u0131rmak ve \u00fcr\u00fcn\u00fcn de\u011ferini art\u0131rmak i\u00e7in d\u00f6ner s\u00fczge\u00e7 kapa\u011f\u0131 veya \u00f6l\u00e7\u00fc ka\u015f\u0131\u011f\u0131 kapa\u011f\u0131 tak\u0131labilir.<\/p>","protected":false},"excerpt":{"rendered":"<p>Hava ge\u00e7irmez kapakl\u0131 dayan\u0131kl\u0131 cam baharat kab\u0131 seti. Otlar\u0131n\u0131z\u0131, tozlar\u0131n\u0131z\u0131 ve baharatlar\u0131n\u0131z\u0131 mutfakta taze ve d\u00fczenli tutmak i\u00e7in m\u00fckemmel baharat kavanozlar\u0131.<\/p>","protected":false},"featured_media":2626,"template":"","meta":{"postBodyCss":"","postBodyMargin":[],"postBodyPadding":[],"postBodyBackground":{"backgroundType":"classic","gradient":""}},"product_brand":[],"product_cat":[15,17,53],"product_tag":[],"class_list":{"0":"post-2624","1":"product","2":"type-product","3":"status-publish","4":"has-post-thumbnail","6":"product_cat-glass-containers","7":"product_cat-glass-jars","8":"product_cat-spice-jars","10":"first","11":"instock","12":"shipping-taxable","13":"product-type-simple"},"jetpack_sharing_enabled":true,"_links":{"self":[{"href":"https:\/\/minghanggroup.com\/tr\/wp-json\/wp\/v2\/product\/2624","targetHints":{"allow":["GET"]}}],"collection":[{"href":"https:\/\/minghanggroup.com\/tr\/wp-json\/wp\/v2\/product"}],"about":[{"href":"https:\/\/minghanggroup.com\/tr\/wp-json\/wp\/v2\/types\/product"}],"wp:featuredmedia":[{"embeddable":true,"href":"https:\/\/minghanggroup.com\/tr\/wp-json\/wp\/v2\/media\/2626"}],"wp:attachment":[{"href":"https:\/\/minghanggroup.com\/tr\/wp-json\/wp\/v2\/media?parent=2624"}],"wp:term":[{"taxonomy":"product_brand","embeddable":true,"href":"https:\/\/minghanggroup.com\/tr\/wp-json\/wp\/v2\/product_brand?post=2624"},{"taxonomy":"product_cat","embeddable":true,"href":"https:\/\/minghanggroup.com\/tr\/wp-json\/wp\/v2\/product_cat?post=2624"},{"taxonomy":"product_tag","embeddable":true,"href":"https:\/\/minghanggroup.com\/tr\/wp-json\/wp\/v2\/product_tag?post=2624"}],"curies":[{"name":"wp","href":"https:\/\/api.w.org\/{rel}","templated":true}]}}