{"id":2619,"date":"2025-11-11T15:25:41","date_gmt":"2025-11-11T07:25:41","guid":{"rendered":"https:\/\/minghanggroup.com\/?post_type=product&#038;p=2619"},"modified":"2026-03-02T15:10:04","modified_gmt":"2026-03-02T07:10:04","slug":"wholesale-clear-glass-soy-sauce-bottles-with-screw-lid","status":"publish","type":"product","link":"https:\/\/minghanggroup.com\/tr\/urun\/wholesale-clear-glass-soy-sauce-bottles-with-screw-lid\/","title":{"rendered":"Toptan Vidal\u0131 Kapakl\u0131 \u015eeffaf Cam Soya Sosu \u015ei\u015feleri 80ml \u2013 400ml"},"content":{"rendered":"<p>Bu soya sosu \u015fi\u015feleri, saf ve \u015feffaf camdan yap\u0131lm\u0131\u015ft\u0131r. Ergonomik kavisli tasar\u0131mlar\u0131, tutu\u015fu rahat k\u0131lan \u015feydir. G\u00fczellik ve kullan\u0131\u015fl\u0131l\u0131k a\u00e7\u0131s\u0131ndan tam olarak do\u011fru se\u00e7imler olup, form ve i\u015flevin ideal birle\u015fiminin canl\u0131 bir \u00f6rne\u011fidir.<\/p>\n<h2>\u00dcr\u00fcn \u00d6zellikleri<\/h2>\n<ul>\n<li><strong>Ergonomik Sap Tasar\u0131m\u0131:<\/strong> Yuvarlak sap tasar\u0131m\u0131, daha rahat d\u00f6kmeyi kolayla\u015ft\u0131rman\u0131n yan\u0131 s\u0131ra sa\u011flam bir tutu\u015f sa\u011flayarak, s\u0131v\u0131y\u0131 hassas ve s\u0131v\u0131s\u0131z bir \u015fekilde kolayca d\u00f6kmenizi sa\u011flar.<\/li>\n<li><strong>\u015eeffaf Cam Malzemesi:<\/strong> \u015ei\u015fe \u015feffaf camdan yap\u0131lm\u0131\u015f olup, i\u00e7indeki soya sosunun miktar\u0131n\u0131 g\u00f6rsel olarak \u00f6l\u00e7meye yard\u0131mc\u0131 oluyor.<\/li>\n<li><strong>Farkl\u0131 Boyutlarda Sunulmaktad\u0131r:<\/strong> Farkl\u0131 gereksinimleri kar\u015f\u0131lamak i\u00e7in farkl\u0131 boyutlarda mevcuttur.<\/li>\n<\/ul>\n<h2 style=\"text-align: left;\">Temel \u00d6zellikler<\/h2>\n<table class=\"aligncenter\" style=\"border-collapse: collapse; width: 439.52pt;\" border=\"0\" width=\"586\" cellspacing=\"0\" cellpadding=\"0\">\n<tbody>\n<tr style=\"height: 13.50pt;\">\n<td style=\"height: 13.50pt; width: 73.50pt;\" width=\"98\" height=\"18\">Kapasite<\/td>\n<td style=\"width: 88.50pt;\" width=\"118\">Y\u00fckseklik (cm)<\/td>\n<td style=\"width: 91.50pt;\" width=\"122\">\u00c7ap (cm)<\/td>\n<td style=\"width: 186.00pt;\" width=\"248\">\u0130deal \u0130\u00e7in<\/td>\n<\/tr>\n<tr style=\"height: 13.50pt;\">\n<td style=\"height: 13.50pt;\" height=\"18\">80 ml<\/td>\n<td class=\"et2\">15<\/td>\n<td class=\"et2\">4.3<\/td>\n<td>\u00d6rnek paketler, mini pansumanlar<\/td>\n<\/tr>\n<tr style=\"height: 13.50pt;\">\n<td style=\"height: 13.50pt;\" height=\"18\">120 ml<\/td>\n<td class=\"et2\">15.5<\/td>\n<td class=\"et2\">5<\/td>\n<td>Ac\u0131 sos, sirke shot&#039;lar\u0131<\/td>\n<\/tr>\n<tr style=\"height: 13.50pt;\">\n<td style=\"height: 13.50pt;\" height=\"18\">180 ml<\/td>\n<td class=\"et2\">19.5<\/td>\n<td class=\"et2\">5.2<\/td>\n<td>Soya sosu, barbek\u00fc soslar\u0131<\/td>\n<\/tr>\n<tr style=\"height: 13.50pt;\">\n<td style=\"height: 13.50pt;\" height=\"18\">220 ml<\/td>\n<td class=\"et2\">21.5<\/td>\n<td class=\"et2\">5.5<\/td>\n<td>Domates sosu, ac\u0131 kar\u0131\u015f\u0131mlar<\/td>\n<\/tr>\n<tr style=\"height: 13.50pt;\">\n<td style=\"height: 13.50pt;\" height=\"18\">360 ml<\/td>\n<td class=\"et2\">24<\/td>\n<td class=\"et2\">6.5<\/td>\n<td>Aile boyu soslar<\/td>\n<\/tr>\n<tr style=\"height: 13.50pt;\">\n<td style=\"height: 13.50pt;\" height=\"18\">400 ml<\/td>\n<td class=\"et2\">26<\/td>\n<td class=\"et2\">6.5<\/td>\n<td>Restoran toplu dolumlar\u0131<\/td>\n<\/tr>\n<\/tbody>\n<\/table>\n<h2>Ba\u015far\u0131 \u00d6yk\u00fcs\u00fc: Marka Fark\u0131ndal\u0131\u011f\u0131n\u0131 Art\u0131rmak \u0130\u00e7in Tasar\u0131m Kullan\u0131m\u0131<\/h2>\n<p>\u00d6zel ket\u00e7ap \u00fcreticisi, son derece rekabet\u00e7i bir pazarda \u00fcr\u00fcnlerini farkl\u0131la\u015ft\u0131rma sorunuyla kar\u015f\u0131 kar\u015f\u0131yayd\u0131. M\u00fc\u015fterilerin ilk fark etti\u011fi \u015fey benzersiz \u015fekli olan 220 ml&#039;lik kavisli domates sosu \u015fi\u015femize ge\u00e7tikten sonra, sorunlar\u0131na bir \u00e7\u00f6z\u00fcm buldular. Sadece \u00fc\u00e7 ay i\u00e7inde perakende sat\u0131\u015flarda &#039;luk bir art\u0131\u015f oldu ve ma\u011faza m\u00fcd\u00fcr\u00fc, m\u00fc\u015fterilerin ilgisini \u00e7eken ana etkenin \u00f6zg\u00fcn \u015fi\u015fe tasar\u0131m\u0131 oldu\u011funu s\u00f6yledi. Tekrarlanan sat\u0131n al\u0131mlar artt\u0131. Sonu\u00e7 olarak, \u015firket \u015fu anda be\u015f b\u00fcy\u00fck sipari\u015f ald\u0131 ve 360 \u200b\u200bml&#039;lik aile paketini piyasaya s\u00fcrerek \u00fcr\u00fcn yelpazesini geni\u015fletti.<\/p>\n<h2>Sos \u015ei\u015fesi \u00d6zelle\u015ftirme \u00d6nerileri<\/h2>\n<ul>\n<li><strong>Ayarlanabilir E\u011fri Derinli\u011fi:<\/strong> \u015ei\u015fenin bel k\u0131sm\u0131ndaki \u00e7ukurluk derecesini de\u011fi\u015ftirerek e\u011frinin daha fazla veya daha az belirgin olmas\u0131n\u0131 sa\u011flayabilirsiniz.<\/li>\n<li><strong>Y\u00fckseltilmi\u015f Hacim \u0130\u015faretleri:<\/strong> \u015ei\u015fenin omuz k\u0131sm\u0131na hacim i\u015faretlerini y\u00fckseltin.<\/li>\n<li><strong>Serigrafi Bask\u0131l\u0131 Logo Yerle\u015fimi:<\/strong> En iyi g\u00f6r\u00fcn\u00fcrl\u00fck i\u00e7in marka logonuzu kavisli alana sessizce yazd\u0131r\u0131n.<\/li>\n<li><strong>Renkli Cam \u00c7e\u015fitleri:<\/strong> I\u015f\u0131\u011fa duyarl\u0131 \u00fcr\u00fcnler i\u00e7in uygun olan kehribar veya ye\u015fil cam kullan\u0131n, ancak \u015fi\u015fenin siluet tasar\u0131m\u0131n\u0131 bozmay\u0131n.<\/li>\n<\/ul>\n<p>\u00dcr\u00fcn\u00fcn\u00fcz\u00fcn Ergonomisini Geli\u015ftirmek mi \u0130stiyorsunuz? Bug\u00fcn bize ula\u015f\u0131n, markan\u0131z\u0131 en de\u011ferli, ula\u015f\u0131lmaz \u00f6zel cam soya sosu \u015fi\u015feleriyle tan\u0131tal\u0131m.<\/p>","protected":false},"excerpt":{"rendered":"<p>\u015eeffaf cam domates sosu \u015fi\u015fesi ve soya sosu \u015fi\u015fesi, konturlu bel tasar\u0131m\u0131yla soslar i\u00e7in m\u00fckemmeldir ve h\u0131zl\u0131 teslimatla toplu al\u0131ma haz\u0131rd\u0131r.<\/p>","protected":false},"featured_media":2621,"template":"","meta":{"postBodyCss":"","postBodyMargin":[],"postBodyPadding":[],"postBodyBackground":{"backgroundType":"classic","gradient":""}},"product_brand":[],"product_cat":[15,16,54],"product_tag":[99,98],"class_list":{"0":"post-2619","1":"product","2":"type-product","3":"status-publish","4":"has-post-thumbnail","6":"product_cat-glass-containers","7":"product_cat-glass-bottles","8":"product_cat-hot-sauce-bottles","9":"product_tag-glass-vinegar-bottles","10":"product_tag-salad-dressing-bottles","12":"first","13":"instock","14":"shipping-taxable","15":"product-type-simple"},"jetpack_sharing_enabled":true,"_links":{"self":[{"href":"https:\/\/minghanggroup.com\/tr\/wp-json\/wp\/v2\/product\/2619","targetHints":{"allow":["GET"]}}],"collection":[{"href":"https:\/\/minghanggroup.com\/tr\/wp-json\/wp\/v2\/product"}],"about":[{"href":"https:\/\/minghanggroup.com\/tr\/wp-json\/wp\/v2\/types\/product"}],"wp:featuredmedia":[{"embeddable":true,"href":"https:\/\/minghanggroup.com\/tr\/wp-json\/wp\/v2\/media\/2621"}],"wp:attachment":[{"href":"https:\/\/minghanggroup.com\/tr\/wp-json\/wp\/v2\/media?parent=2619"}],"wp:term":[{"taxonomy":"product_brand","embeddable":true,"href":"https:\/\/minghanggroup.com\/tr\/wp-json\/wp\/v2\/product_brand?post=2619"},{"taxonomy":"product_cat","embeddable":true,"href":"https:\/\/minghanggroup.com\/tr\/wp-json\/wp\/v2\/product_cat?post=2619"},{"taxonomy":"product_tag","embeddable":true,"href":"https:\/\/minghanggroup.com\/tr\/wp-json\/wp\/v2\/product_tag?post=2619"}],"curies":[{"name":"wp","href":"https:\/\/api.w.org\/{rel}","templated":true}]}}