{"id":2574,"date":"2025-11-11T13:50:04","date_gmt":"2025-11-11T05:50:04","guid":{"rendered":"https:\/\/minghanggroup.com\/?post_type=product&#038;p=2574"},"modified":"2026-03-02T15:17:01","modified_gmt":"2026-03-02T07:17:01","slug":"bulk-empty-bbq-sauce-bottles-with-textured-design","status":"publish","type":"product","link":"https:\/\/minghanggroup.com\/tr\/urun\/bulk-empty-bbq-sauce-bottles-with-textured-design\/","title":{"rendered":"Dokulu Tasar\u0131ml\u0131 Toplu Bo\u015f Barbek\u00fc Sosu \u015ei\u015feleri 100ml - 300ml"},"content":{"rendered":"<p>Bu barbek\u00fc sos \u015fi\u015feleri, hem ergonomik hem de elinize keyif katan zarif dokulu bir tasar\u0131ma sahiptir. \u0130\u015flevsel olmas\u0131n\u0131n yan\u0131 s\u0131ra dokulu tasar\u0131m, \u015feffaf cam \u015fi\u015felere \u015f\u0131k bir g\u00f6r\u00fcn\u00fcm kazand\u0131r\u0131r.<\/p>\n<h2>\u00dcr\u00fcn \u00d6zellikleri<\/h2>\n<ul>\n<li><strong>Geli\u015ftirilmi\u015f Kavrama \u00d6zelli\u011fi:<\/strong> Y\u00fczeyindeki doku, ellerin ya\u011fl\u0131 olmas\u0131 durumunda bile kullan\u0131c\u0131n\u0131n sa\u011flam bir tutu\u015fa sahip olmas\u0131n\u0131 sa\u011flar ve dolay\u0131s\u0131yla kullan\u0131m s\u0131ras\u0131nda g\u00fcvenlik artar.<\/li>\n<li><strong>Birinci S\u0131n\u0131f G\u00f6rsel Efekt:<\/strong> I\u015f\u0131k ve dokulu cam\u0131n birle\u015fimi, olduk\u00e7a \u015f\u0131k ve benzersiz bir g\u00f6rsel g\u00f6r\u00fcn\u00fcm ortaya \u00e7\u0131kar\u0131yor.<\/li>\n<li><strong>\u00c7e\u015fitli Boyutlarda \u00c7\u00f6z\u00fcmler:<\/strong> \u00dcr\u00fcn, numune boyutlar\u0131, hediye paketleme ve tam boy \u00fcr\u00fcnler gibi farkl\u0131 gereksinimleri kar\u015f\u0131lamak amac\u0131yla 100 ml&#039;den 300 ml&#039;ye kadar be\u015f farkl\u0131 boyutta sunuluyor.<\/li>\n<\/ul>\n<h2 style=\"text-align: left;\">Temel \u00d6zellikler<\/h2>\n<table class=\"aligncenter\" style=\"border-collapse: collapse; width: 555.02pt;\" border=\"0\" width=\"740\" cellspacing=\"0\" cellpadding=\"0\">\n<tbody>\n<tr style=\"height: 13.50pt;\">\n<td style=\"height: 13.50pt; width: 86.25pt;\" width=\"115\" height=\"18\">Boyut<\/td>\n<td style=\"width: 63.00pt;\" width=\"84\">Kapasite<\/td>\n<td style=\"width: 138.00pt;\" width=\"184\">Boyutlar (D \u00d7 Y)<\/td>\n<td style=\"width: 267.75pt;\" width=\"357\">En \u0130yisi \u0130\u00e7in<\/td>\n<\/tr>\n<tr style=\"height: 13.50pt;\">\n<td style=\"height: 13.50pt;\" height=\"18\">Mini<\/td>\n<td>100 ml<\/td>\n<td>4,7 cm \u00d7 17 cm<\/td>\n<td>\u00d6rnekleyiciler, otel porsiyonlar\u0131, baharat kar\u0131\u015f\u0131mlar\u0131<\/td>\n<\/tr>\n<tr style=\"height: 13.50pt;\">\n<td style=\"height: 13.50pt;\" height=\"18\">K\u00fc\u00e7\u00fck<\/td>\n<td>170 ml<\/td>\n<td>5,7 cm \u00d7 17,4 cm<\/td>\n<td>Perakende tekliler, \u00e7evrimi\u00e7i paketler<\/td>\n<\/tr>\n<tr style=\"height: 13.50pt;\">\n<td style=\"height: 13.50pt;\" height=\"18\">Orta<\/td>\n<td>220 ml<\/td>\n<td>5,8 cm \u00d7 18,6 cm<\/td>\n<td>Gurme d\u00fckkanlar\u0131, yemek kitleri<\/td>\n<\/tr>\n<tr style=\"height: 13.50pt;\">\n<td style=\"height: 13.50pt;\" height=\"18\">B\u00fcy\u00fck<\/td>\n<td>250 ml<\/td>\n<td>6,2 cm \u00d7 21,9 cm<\/td>\n<td>Barbek\u00fc sosu, ac\u0131 sos, sirke<\/td>\n<\/tr>\n<tr style=\"height: 13.50pt;\">\n<td style=\"height: 13.50pt;\" height=\"18\">Ekstra B\u00fcy\u00fck<\/td>\n<td>300 ml<\/td>\n<td>6,5 cm \u00d7 22,5 cm<\/td>\n<td>Yiyecek servisi, dolum istasyonlar\u0131, aile paketleri<\/td>\n<\/tr>\n<\/tbody>\n<\/table>\n<h2>Ba\u015far\u0131 Hikayesi: \u015ei\u015fenin Kayma Probleminin \u00c7\u00f6z\u00fcm\u00fc<\/h2>\n<p>Yerel bir y\u00f6ntemle \u00fcretilen bir barbek\u00fc sosu, d\u00fcz \u015fi\u015felerin a\u00e7\u0131k havada mangal yaparken kavraman\u0131n zor oldu\u011fu y\u00f6n\u00fcnde m\u00fc\u015fteri geri bildirimleri ald\u0131. 250 ml dokulu bo\u015f sos \u015fi\u015felerimize ge\u00e7tikten sonra durum hemen d\u00fczeldi. \u015ei\u015felerin kaymas\u0131yla ilgili m\u00fc\u015fteri \u015fikayetleri azald\u0131 ve belirgin doku, marka imaj\u0131n\u0131n g\u00fc\u00e7lenmesine \u00f6nc\u00fcl\u00fck eden marka tan\u0131t\u0131m\u0131n\u0131n bir par\u00e7as\u0131 oldu. Sonu\u00e7 olarak, online sat\u0131\u015flar artt\u0131. \u015eirket, her biri 200.000 \u015fi\u015felik d\u00f6rt b\u00fcy\u00fck sipari\u015f vererek stoklar\u0131n\u0131 art\u0131rd\u0131 ve yeni \u00fcr\u00fcn serisine 170 ml&#039;lik bir boyut ekledi.<\/p>\n<h2>Bo\u015f Sos \u015ei\u015felerini Ki\u015fiselle\u015ftirme Fikirleri<\/h2>\n<ul>\n<li><strong>\u00c7e\u015fitli Dokular:<\/strong> \u00dcr\u00fcn\u00fcn\u00fczde ince \u00e7izgiler veya kal\u0131n geometrik desenler gibi farkl\u0131 dokular kullan\u0131n.<\/li>\n<li><strong>Kabartmal\u0131 Logo:<\/strong> Logonuzu dokulu desenin bir par\u00e7as\u0131 olarak kabartmal\u0131 bir eleman haline getirin.<\/li>\n<li><strong>\u0130ki Doku Tasar\u0131m\u0131:<\/strong> G\u00f6rsel ilgi yaratmak i\u00e7in \u015fi\u015fenin g\u00f6vdesinde ve boynunda farkl\u0131 dokular kullan\u0131n.<\/li>\n<li><strong>Gradyan Cam Efekti:<\/strong> Sadece dokuyu vurgulamak i\u00e7in de\u011fil, ayn\u0131 zamanda sos renginin daha \u00e7ekici g\u00f6r\u00fcnmesini sa\u011flamak i\u00e7in koyudan a\u00e7\u0131\u011fa do\u011fru bir degrade efekti kullan\u0131n.<\/li>\n<\/ul>","protected":false},"excerpt":{"rendered":"<p>Dokulu cam ve renkli kapakl\u0131, dayan\u0131kl\u0131 bo\u015f sos \u015fi\u015feleri. Soslar, salata soslar\u0131 veya barbek\u00fc kar\u0131\u015f\u0131mlar\u0131 i\u00e7in m\u00fckemmel. \u00d6zelle\u015ftirilebilir barbek\u00fc sos \u015fi\u015fesi, \u00fccretsiz numune.<\/p>","protected":false},"featured_media":2606,"template":"","meta":{"postBodyCss":"","postBodyMargin":[],"postBodyPadding":[],"postBodyBackground":{"backgroundType":"classic","gradient":""}},"product_brand":[],"product_cat":[15,16,54],"product_tag":[99,98],"class_list":{"0":"post-2574","1":"product","2":"type-product","3":"status-publish","4":"has-post-thumbnail","6":"product_cat-glass-containers","7":"product_cat-glass-bottles","8":"product_cat-hot-sauce-bottles","9":"product_tag-glass-vinegar-bottles","10":"product_tag-salad-dressing-bottles","12":"first","13":"instock","14":"shipping-taxable","15":"product-type-simple"},"jetpack_sharing_enabled":true,"_links":{"self":[{"href":"https:\/\/minghanggroup.com\/tr\/wp-json\/wp\/v2\/product\/2574","targetHints":{"allow":["GET"]}}],"collection":[{"href":"https:\/\/minghanggroup.com\/tr\/wp-json\/wp\/v2\/product"}],"about":[{"href":"https:\/\/minghanggroup.com\/tr\/wp-json\/wp\/v2\/types\/product"}],"wp:featuredmedia":[{"embeddable":true,"href":"https:\/\/minghanggroup.com\/tr\/wp-json\/wp\/v2\/media\/2606"}],"wp:attachment":[{"href":"https:\/\/minghanggroup.com\/tr\/wp-json\/wp\/v2\/media?parent=2574"}],"wp:term":[{"taxonomy":"product_brand","embeddable":true,"href":"https:\/\/minghanggroup.com\/tr\/wp-json\/wp\/v2\/product_brand?post=2574"},{"taxonomy":"product_cat","embeddable":true,"href":"https:\/\/minghanggroup.com\/tr\/wp-json\/wp\/v2\/product_cat?post=2574"},{"taxonomy":"product_tag","embeddable":true,"href":"https:\/\/minghanggroup.com\/tr\/wp-json\/wp\/v2\/product_tag?post=2574"}],"curies":[{"name":"wp","href":"https:\/\/api.w.org\/{rel}","templated":true}]}}