{"id":2569,"date":"2025-11-11T13:12:26","date_gmt":"2025-11-11T05:12:26","guid":{"rendered":"https:\/\/minghanggroup.com\/?post_type=product&#038;p=2569"},"modified":"2026-03-02T15:17:17","modified_gmt":"2026-03-02T07:17:17","slug":"custom-empty-glass-condiment-bottles-with-pump-graduations","status":"publish","type":"product","link":"https:\/\/minghanggroup.com\/tr\/urun\/custom-empty-glass-condiment-bottles-with-pump-graduations\/","title":{"rendered":"200 ml, 300 ml, 500 ml Bo\u015f Cam Sos \u015ei\u015feleri, Pompal\u0131 ve Dereceli"},"content":{"rendered":"<p>Bu cam sos \u015fi\u015feleri, \u015feffaf camdan \u00fcretilmi\u015ftir ve \u00fczerlerinde derecelendirmeler bas\u0131l\u0131d\u0131r. Hacimleri 200 ml ile 500 ml aras\u0131nda de\u011fi\u015fir ve ticari sos da\u011f\u0131t\u0131m\u0131 i\u00e7in uygun siyah ve g\u00fcm\u00fc\u015f metal bir pompa ba\u015fl\u0131\u011f\u0131na sahiptir.<\/p>\n<h2>\u00dcr\u00fcn \u00d6zellikleri<\/h2>\n<ul>\n<li><strong>Pompa Kafas\u0131 Tasar\u0131m\u0131:<\/strong> Siyah ve g\u00fcm\u00fc\u015f renkli metal pompa ba\u015fl\u0131klar\u0131 sayesinde sos da\u011f\u0131t\u0131m\u0131 \u00e7ok hassas bir \u015fekilde yap\u0131labiliyor, dolay\u0131s\u0131yla \u00e7ok rahat ve hijyenik.<\/li>\n<li><strong>\u015eeffaf Dereceli \u015ei\u015fe G\u00f6vdesi:<\/strong> \u015eeffaf \u015fi\u015fe g\u00f6vdesi ayn\u0131 zamanda net derecelendirmelere sahip oldu\u011fundan, kalan sosu ve kullan\u0131m\u0131n\u0131 g\u00f6rmek \u00e7ok kolayla\u015f\u0131yor, b\u00f6ylece \u00e7ok hassas \u00f6l\u00e7\u00fcm yap\u0131lmas\u0131 kolayla\u015f\u0131yor.<\/li>\n<li><strong>Pratik ve Estetik Birle\u015fim:<\/strong> Metal pompa ba\u015fl\u0131\u011f\u0131 ve \u015feffaf cam g\u00f6vdesi, \u015f\u0131k ve \u00e7a\u011fda\u015f bir g\u00f6r\u00fcn\u00fcm sunarak i\u015flevsellik ve g\u00f6rsel \u00e7ekicili\u011fin m\u00fckemmel bir birle\u015fimini olu\u015fturuyor.<\/li>\n<\/ul>\n<h2 style=\"text-align: left;\">Temel \u00d6zellikler<\/h2>\n<table class=\"aligncenter\" style=\"border-collapse: collapse; width: 477.02pt;\" border=\"0\" width=\"636\" cellspacing=\"0\" cellpadding=\"0\">\n<tbody>\n<tr style=\"height: 13.50pt;\">\n<td style=\"height: 13.50pt; width: 126.75pt;\" width=\"169\" height=\"18\">\u00d6zellik<\/td>\n<td style=\"width: 350.25pt;\" width=\"467\">\u015eartname<\/td>\n<\/tr>\n<tr style=\"height: 13.50pt;\">\n<td style=\"height: 13.50pt;\" height=\"18\">Kapasiteler<\/td>\n<td>200 ml (7 oz) \/ 300 ml (10 oz) \/ 500 ml (16 oz)<\/td>\n<\/tr>\n<tr style=\"height: 13.50pt;\">\n<td style=\"height: 13.50pt;\" height=\"18\">Boyutlar (D\u00d7Y)<\/td>\n<td>5,5\u00d719,5 cm \/ 6\u00d723,5 cm \/ 6,5\u00d727,5 cm<\/td>\n<\/tr>\n<tr style=\"height: 13.50pt;\">\n<td style=\"height: 13.50pt;\" height=\"18\">\u015eekil<\/td>\n<td>Kal\u0131planm\u0131\u015f hacim i\u015faretlerine sahip d\u00fcz duvarl\u0131 stout \u015fi\u015fesi<\/td>\n<\/tr>\n<tr style=\"height: 13.50pt;\">\n<td style=\"height: 13.50pt;\" height=\"18\">Malzeme<\/td>\n<td>Y\u00fcksek borosilikat cam<\/td>\n<\/tr>\n<tr style=\"height: 13.50pt;\">\n<td style=\"height: 13.50pt;\" height=\"18\">Kapatma Dahil<\/td>\n<td>G\u00fcm\u00fc\u015f pres pompas\u0131 (\u00f6zelle\u015ftirilebilir)<\/td>\n<\/tr>\n<tr style=\"height: 13.50pt;\">\n<td style=\"height: 13.50pt;\" height=\"18\">En \u0130yisi \u0130\u00e7in<\/td>\n<td>\u0130stiridye sosu, ac\u0131 sos, sos, \u00e7e\u015fni<\/td>\n<\/tr>\n<tr style=\"height: 13.50pt;\">\n<td style=\"height: 13.50pt;\" height=\"18\">\u0130deal Kullan\u0131m<\/td>\n<td>Cam sos \u015fi\u015feleri, bo\u015f sos \u015fi\u015feleri<\/td>\n<\/tr>\n<\/tbody>\n<\/table>\n<h2>Ba\u015far\u0131 Hikayesi: Distrib\u00fct\u00f6r B\u00fcy\u00fcmesi<\/h2>\n<p>S\u0131z\u0131nt\u0131ya ve m\u00fc\u015fterilerin porsiyon boyutlar\u0131 konusunda kafa kar\u0131\u015f\u0131kl\u0131\u011f\u0131na neden olan uyumsuz s\u0131kma \u015fi\u015feleri kullanan \u00f6zel sos \u00fcreticisi, entegre pompa ba\u015fl\u0131kl\u0131 bo\u015f sos \u015fi\u015felerimize ge\u00e7ti - online denemeler i\u00e7in 200 ml, perakende sat\u0131\u015flar i\u00e7in 300 ml. M\u00fc\u015fteri \u015fikayetleri s\u0131f\u0131ra indi ve sadece iki ay i\u00e7inde tekrarlar &#039;e ula\u015ft\u0131 ve ard\u0131ndan 300.000&#039;den fazla \u00fcnite yeniden sipari\u015f edildi.<\/p>\n<h2>Cam Sos \u015ei\u015felerini \u00d6zelle\u015ftirmeye Y\u00f6nelik \u00d6neriler<\/h2>\n<ul>\n<li><strong>Kaz\u0131nm\u0131\u015f Marka Logosu:<\/strong> Ki\u015fisel \u00f6zelle\u015ftirme i\u00e7in, i\u015faretlere m\u00fcdahale etmeden i\u015faretlerin yak\u0131n\u0131na k\u00fc\u00e7\u00fck bir kaz\u0131nm\u0131\u015f logo yerle\u015ftirin.<\/li>\n<li><strong>Kehribar Korumas\u0131:<\/strong> Sirke bazl\u0131 ac\u0131 sosa hafif kehribar rengi bir ton kat\u0131n ki, \u0131\u015f\u0131ktan gelen radyasyon sosun tad\u0131n\u0131 bozmas\u0131n.<\/li>\n<li><strong>Dokulu Taban:<\/strong> Tezgah \u0131slak olsa ve restoranda olsan\u0131z bile \u015fi\u015fenin tezgah y\u00fczeyinde sa\u011flam bir \u015fekilde durmas\u0131n\u0131 sa\u011flamak i\u00e7in tabana ince bir a\u011f par\u00e7as\u0131 kaz\u0131y\u0131n.<\/li>\n<li><strong>Gradyan Cam Efekti:<\/strong> Daha fazla derinlik katmak i\u00e7in koyu taraftan a\u00e7\u0131k tarafa do\u011fru \u00e7ok hafif bir degrade kullan\u0131n, ancak yine de \u00f6l\u00e7eklerin a\u00e7\u0131k\u00e7a g\u00f6r\u00fclebilmesini sa\u011flay\u0131n.<\/li>\n<\/ul>","protected":false},"excerpt":{"rendered":"<p>Bas\u0131n\u00e7l\u0131 pompal\u0131 ve net derecelendirme i\u015faretli \u015feffaf cam sos \u015fi\u015feleri. Restoranlar i\u00e7in ideal, pratik klima sos \u015fi\u015feleri, h\u0131zl\u0131 kargo.<\/p>","protected":false},"featured_media":2570,"template":"","meta":{"postBodyCss":"","postBodyMargin":[],"postBodyPadding":[],"postBodyBackground":{"backgroundType":"classic","gradient":""}},"product_brand":[],"product_cat":[15,16,54],"product_tag":[99],"class_list":{"0":"post-2569","1":"product","2":"type-product","3":"status-publish","4":"has-post-thumbnail","6":"product_cat-glass-containers","7":"product_cat-glass-bottles","8":"product_cat-hot-sauce-bottles","9":"product_tag-glass-vinegar-bottles","11":"first","12":"instock","13":"shipping-taxable","14":"product-type-simple"},"jetpack_sharing_enabled":true,"_links":{"self":[{"href":"https:\/\/minghanggroup.com\/tr\/wp-json\/wp\/v2\/product\/2569","targetHints":{"allow":["GET"]}}],"collection":[{"href":"https:\/\/minghanggroup.com\/tr\/wp-json\/wp\/v2\/product"}],"about":[{"href":"https:\/\/minghanggroup.com\/tr\/wp-json\/wp\/v2\/types\/product"}],"wp:featuredmedia":[{"embeddable":true,"href":"https:\/\/minghanggroup.com\/tr\/wp-json\/wp\/v2\/media\/2570"}],"wp:attachment":[{"href":"https:\/\/minghanggroup.com\/tr\/wp-json\/wp\/v2\/media?parent=2569"}],"wp:term":[{"taxonomy":"product_brand","embeddable":true,"href":"https:\/\/minghanggroup.com\/tr\/wp-json\/wp\/v2\/product_brand?post=2569"},{"taxonomy":"product_cat","embeddable":true,"href":"https:\/\/minghanggroup.com\/tr\/wp-json\/wp\/v2\/product_cat?post=2569"},{"taxonomy":"product_tag","embeddable":true,"href":"https:\/\/minghanggroup.com\/tr\/wp-json\/wp\/v2\/product_tag?post=2569"}],"curies":[{"name":"wp","href":"https:\/\/api.w.org\/{rel}","templated":true}]}}