{"id":2564,"date":"2025-11-11T11:12:38","date_gmt":"2025-11-11T03:12:38","guid":{"rendered":"https:\/\/minghanggroup.com\/?post_type=product&#038;p=2564"},"modified":"2026-03-02T15:17:40","modified_gmt":"2026-03-02T07:17:40","slug":"bulk-glass-empty-bottles-for-hot-sauce-with-press-pump","status":"publish","type":"product","link":"https:\/\/minghanggroup.com\/tr\/urun\/bulk-glass-empty-bottles-for-hot-sauce-with-press-pump\/","title":{"rendered":"S\u0131cak Soslar \u0130\u00e7in Pres Pompal\u0131 300ml 500ml Toplu Cam Bo\u015f \u015ei\u015feler"},"content":{"rendered":"<p>Bu\u200b\u200d\u200b\u200c\u200d\u200b\u200d\u200c\u200b\u200d\u200b\u200c\u200d\u200b\u200d\u200c ac\u0131 soslar i\u00e7in kullan\u0131\u015fl\u0131, basmal\u0131 d\u00fc\u011fmeli bo\u015f \u015fi\u015fe kab\u0131, \u015feffaf camdan yap\u0131lm\u0131\u015ft\u0131r ve kademeli g\u00fcm\u00fc\u015f renkli metal bir pompaya sahiptir. Hafif bir sos \u015fi\u015fesi veya di\u011fer soslar i\u00e7in genel ama\u00e7l\u0131 bir kap olarak kullan\u0131labilir.<\/p>\n<h2>\u00dcr\u00fcn \u00d6zellikleri<\/h2>\n<ul>\n<li><strong>Degradeleri Temizle:<\/strong> \u015eeffaf \u015fi\u015fe, belirgin derecelendirmelerle donat\u0131lm\u0131\u015ft\u0131r, b\u00f6ylece sosun kalan hacmi her zaman g\u00f6r\u00fclebilir.<\/li>\n<li><strong>Hijyenik Da\u011f\u0131t\u0131m Sistemi:<\/strong> Tek dokunu\u015flu pompa sistemi, \u00e7apraz bula\u015fma olmadan hijyenik da\u011f\u0131t\u0131ma olanak tan\u0131r.<\/li>\n<li><strong>Dayan\u0131kl\u0131:<\/strong> Dayan\u0131kl\u0131 cam g\u00f6vde ve metal kaplaman\u0131n birle\u015fimi, onu profesyonel mutfaklar i\u00e7in ideal g\u00fcnl\u00fck bir gere\u00e7 haline getiriyor.<\/li>\n<\/ul>\n<h2 style=\"text-align: left;\">Temel \u00d6zellikler<\/h2>\n<table class=\"aligncenter\" style=\"border-collapse: collapse; width: 492.02pt;\" border=\"0\" width=\"656\" cellspacing=\"0\" cellpadding=\"0\">\n<tbody>\n<tr style=\"height: 13.50pt;\">\n<td style=\"height: 13.50pt; width: 126.75pt;\" width=\"169\" height=\"18\">\u00d6zellik<\/td>\n<td style=\"width: 365.25pt;\" width=\"487\">\u015eartname<\/td>\n<\/tr>\n<tr style=\"height: 13.50pt;\">\n<td style=\"height: 13.50pt;\" height=\"18\">Kapasiteler<\/td>\n<td>300 ml (10 oz) \/ 500 ml (16 oz)<\/td>\n<\/tr>\n<tr style=\"height: 13.50pt;\">\n<td style=\"height: 13.50pt;\" height=\"18\">Boyutlar (D\u00d7Y)<\/td>\n<td>6\u00d721 cm \/ 6,5\u00d725 cm<\/td>\n<\/tr>\n<tr style=\"height: 13.50pt;\">\n<td style=\"height: 13.50pt;\" height=\"18\">\u015eekil<\/td>\n<td>Kal\u0131planm\u0131\u015f hacim i\u015faretlerine sahip d\u00fcz duvarl\u0131 stout \u015fi\u015fesi<\/td>\n<\/tr>\n<tr style=\"height: 13.50pt;\">\n<td style=\"height: 13.50pt;\" height=\"18\">Malzeme<\/td>\n<td>Y\u00fcksek borosilikat cam<\/td>\n<\/tr>\n<tr style=\"height: 13.50pt;\">\n<td style=\"height: 13.50pt;\" height=\"18\">Kapatma Dahil<\/td>\n<td>G\u00fcm\u00fc\u015f pres pompas\u0131 (\u00f6zelle\u015ftirilebilir)<\/td>\n<\/tr>\n<tr style=\"height: 13.50pt;\">\n<td style=\"height: 13.50pt;\" height=\"18\">En \u0130yisi \u0130\u00e7in<\/td>\n<td>Ac\u0131 sos, ac\u0131 sos, sirke, istiridye sosu, \u00e7e\u015fni<\/td>\n<\/tr>\n<tr style=\"height: 13.50pt;\">\n<td style=\"height: 13.50pt;\" height=\"18\">\u0130deal Kullan\u0131m<\/td>\n<td>Ac\u0131 sos i\u00e7in bo\u015f \u015fi\u015feler, sos \u015fi\u015feleri<\/td>\n<\/tr>\n<\/tbody>\n<\/table>\n<h2>Ba\u015far\u0131 \u00d6yk\u00fcs\u00fc: Restoran Verimlili\u011finin Art\u0131r\u0131lmas\u0131<\/h2>\n<p>B\u00f6lgesel bir g\u0131da \u00fcr\u00fcnleri da\u011f\u0131t\u0131mc\u0131s\u0131, hatal\u0131 sos t\u00fcketimi ve israf\u0131yla m\u00fccadele ediyordu. 500 ml&#039;lik bo\u015f sos \u015fi\u015felerimizi, d\u00fc\u011fmeli da\u011f\u0131t\u0131c\u0131yla birlikte uygulad\u0131lar ve \u015fu sonu\u00e7lar\u0131 elde ettiler: Barbek\u00fc restoran zinciri, kontrol edilebilir pompa ba\u015fl\u0131\u011f\u0131n\u0131 kullanarak, bu \u015fi\u015feleri kulland\u0131ktan sonra sos israf\u0131n\u0131 oran\u0131nda azaltmay\u0131 ba\u015fard\u0131; bu i\u015flevsel konsept sayesinde el yap\u0131m\u0131 \u00fcr\u00fcnler \u00fcreten bir marka da toptan sipari\u015flerinde &#039;lik bir art\u0131\u015f ya\u015fad\u0131. Da\u011f\u0131t\u0131mc\u0131, o zamandan beri d\u00f6rt b\u00fcy\u00fck sipari\u015f verdi ve yaln\u0131zca 300 ml&#039;lik imzal\u0131 ac\u0131 soslar\u0131n\u0131n kullan\u0131m\u0131n\u0131 geni\u015fletmekle kalmad\u0131, ayn\u0131 zamanda di\u011fer \u00fcr\u00fcnleri de \u00fcr\u00fcn yelpazesine ekledi.<\/p>\n<h2>Sos \u00d6zelle\u015ftirme \u015ei\u015feleri \u00d6nerileri<\/h2>\n<ul>\n<li><strong>Serigrafi Bask\u0131 Markalama:<\/strong> Restoran\u0131n\u0131z\u0131n ad\u0131n\u0131 veya logosunu, derecelendirmelerin hemen alt\u0131na yazd\u0131rarak ekleyin.<\/li>\n<li><strong>Pompa Ba\u015fl\u0131\u011f\u0131 Rengi:<\/strong> Pompa ba\u015fl\u0131\u011f\u0131n\u0131n rengi restoran\u0131n\u0131z\u0131n marka imaj\u0131na uygun olarak yap\u0131labilir.<\/li>\n<li><strong>Dokulu Alt Tasar\u0131m:<\/strong> Daha iyi tutunmas\u0131 i\u00e7in \u015fi\u015fenin taban\u0131n\u0131 kaymayan bir desenle yap\u0131n.<\/li>\n<li><strong>Kurcalama-Kurcalama M\u00fch\u00fcr\u00fc:<\/strong> Kurcalamaya dayan\u0131kl\u0131 m\u00fch\u00fcrl\u00fc \u015fi\u015fe, g\u0131da servis i\u015fletmelerinde ilk kez a\u00e7\u0131ld\u0131\u011f\u0131nda kolayca a\u00e7\u0131l\u0131r.<\/li>\n<\/ul>","protected":false},"excerpt":{"rendered":"<p>Bas\u0131n\u00e7l\u0131 pompa ve net \u00f6l\u00e7\u00fcm i\u015faretlerine sahip, dayan\u0131kl\u0131 bo\u015f ac\u0131 sos \u015fi\u015feleri. Sos \u015fi\u015feleri i\u00e7in ideal; restoranlar, h\u0131zl\u0131 kargolama ve toplu sipari\u015fler i\u00e7in m\u00fckemmel.<\/p>","protected":false},"featured_media":2899,"template":"","meta":{"postBodyCss":"","postBodyMargin":[],"postBodyPadding":[],"postBodyBackground":{"backgroundType":"classic","gradient":""}},"product_brand":[],"product_cat":[15,16,54],"product_tag":[99],"class_list":{"0":"post-2564","1":"product","2":"type-product","3":"status-publish","4":"has-post-thumbnail","6":"product_cat-glass-containers","7":"product_cat-glass-bottles","8":"product_cat-hot-sauce-bottles","9":"product_tag-glass-vinegar-bottles","11":"first","12":"instock","13":"shipping-taxable","14":"product-type-simple"},"jetpack_sharing_enabled":true,"_links":{"self":[{"href":"https:\/\/minghanggroup.com\/tr\/wp-json\/wp\/v2\/product\/2564","targetHints":{"allow":["GET"]}}],"collection":[{"href":"https:\/\/minghanggroup.com\/tr\/wp-json\/wp\/v2\/product"}],"about":[{"href":"https:\/\/minghanggroup.com\/tr\/wp-json\/wp\/v2\/types\/product"}],"wp:featuredmedia":[{"embeddable":true,"href":"https:\/\/minghanggroup.com\/tr\/wp-json\/wp\/v2\/media\/2899"}],"wp:attachment":[{"href":"https:\/\/minghanggroup.com\/tr\/wp-json\/wp\/v2\/media?parent=2564"}],"wp:term":[{"taxonomy":"product_brand","embeddable":true,"href":"https:\/\/minghanggroup.com\/tr\/wp-json\/wp\/v2\/product_brand?post=2564"},{"taxonomy":"product_cat","embeddable":true,"href":"https:\/\/minghanggroup.com\/tr\/wp-json\/wp\/v2\/product_cat?post=2564"},{"taxonomy":"product_tag","embeddable":true,"href":"https:\/\/minghanggroup.com\/tr\/wp-json\/wp\/v2\/product_tag?post=2564"}],"curies":[{"name":"wp","href":"https:\/\/api.w.org\/{rel}","templated":true}]}}