{"id":2557,"date":"2025-11-10T15:08:56","date_gmt":"2025-11-10T07:08:56","guid":{"rendered":"https:\/\/minghanggroup.com\/?post_type=product&#038;p=2557"},"modified":"2026-01-20T14:11:41","modified_gmt":"2026-01-20T06:11:41","slug":"flat-small-hot-sauce-bottles-for-pepper-sauce-bulk-supplier","status":"publish","type":"product","link":"https:\/\/minghanggroup.com\/tr\/urun\/flat-small-hot-sauce-bottles-for-pepper-sauce-bulk-supplier\/","title":{"rendered":"Toplu Biber Sosu i\u00e7in 125 ml D\u00fcz K\u00fc\u00e7\u00fck Ac\u0131 Sos \u015ei\u015feleri"},"content":{"rendered":"<p>Yuvarlak g\u00f6vdesi ve siyah vidal\u0131 kapa\u011f\u0131yla bu d\u00fcz, kompakt, \u015feffaf cam kavanoz, k\u00fc\u00e7\u00fck ac\u0131 sos \u015fi\u015felerini, ac\u0131 soslar\u0131 ve di\u011fer baharatl\u0131 soslar\u0131 saklamak i\u00e7in idealdir.<\/p>\n<h2>\u00dcr\u00fcn \u00d6zellikleri<\/h2>\n<ul>\n<li><strong>S\u0131zd\u0131rmaz ve G\u00fcvenli:<\/strong> Kavanozun s\u0131k\u0131 vidal\u0131 kapa\u011f\u0131, \u00fcr\u00fcnlerin taraf\u0131n\u0131za iyi durumda ula\u015fmas\u0131n\u0131 sa\u011flar; b\u00f6ylece kargoda olu\u015fabilecek hasarlar en aza indirilir.<\/li>\n<li><strong>Kullan\u0131m\u0131 Kolay:<\/strong> Normal boyun ve a\u011f\u0131z, hassas da\u011f\u0131t\u0131m i\u00e7in ayr\u0131 olarak sat\u0131n al\u0131nabilen bir a\u011f\u0131z adapt\u00f6r\u00fcyle \u00e7al\u0131\u015f\u0131r, \u00f6zellikle sirke bazl\u0131 ac\u0131 soslarla u\u011fra\u015f\u0131l\u0131yorsa.<\/li>\n<li><strong>Dikkat \u00e7ekici:<\/strong> Kompakt \u015fekli ve \u015feffaf cam malzemesi sayesinde etiketiniz, \u00e7ok say\u0131da barbek\u00fc sosu kab\u0131na k\u0131yasla olduk\u00e7a g\u00f6r\u00fcn\u00fcr hale gelir.<\/li>\n<\/ul>\n<h2 style=\"text-align: left;\">Temel \u00d6zellikler<\/h2>\n<table class=\"aligncenter\" style=\"border-collapse: collapse; width: 471.02pt;\" border=\"0\" width=\"628\" cellspacing=\"0\" cellpadding=\"0\">\n<tbody>\n<tr style=\"height: 13.50pt;\">\n<td style=\"height: 13.50pt; width: 86.25pt;\" width=\"115\" height=\"18\">\u00d6zellik<\/td>\n<td style=\"width: 384.75pt;\" width=\"513\">Detay<\/td>\n<\/tr>\n<tr style=\"height: 13.50pt;\">\n<td style=\"height: 13.50pt;\" height=\"18\">Kapasite<\/td>\n<td>125 ml<\/td>\n<\/tr>\n<tr style=\"height: 13.50pt;\">\n<td style=\"height: 13.50pt;\" height=\"18\">Boyutlar<\/td>\n<td>6,4 cm (G) \u00d7 13 cm (Y)<\/td>\n<\/tr>\n<tr style=\"height: 13.50pt;\">\n<td style=\"height: 13.50pt;\" height=\"18\">Malzeme<\/td>\n<td>Berrak soda-kire\u00e7 cam\u0131<\/td>\n<\/tr>\n<tr style=\"height: 13.50pt;\">\n<td style=\"height: 13.50pt;\" height=\"18\">Kapan\u0131\u015f<\/td>\n<td>Siyah plastik kapak (\u00f6zelle\u015ftirilebilir)<\/td>\n<\/tr>\n<tr style=\"height: 13.50pt;\">\n<td style=\"height: 13.50pt;\" height=\"18\">\u0130deal Kullan\u0131m<\/td>\n<td>Biber sosu i\u00e7in cam \u015fi\u015feler, toplu k\u00fc\u00e7\u00fck ac\u0131 sos \u015fi\u015feleri<\/td>\n<\/tr>\n<\/tbody>\n<\/table>\n<h2>Ba\u015far\u0131 Hikayesi: Premium Bir Markan\u0131n Deste\u011fi<\/h2>\n<p>Gurme bir g\u0131da giri\u015fimi, bu \u015fi\u015feleri, imzas\u0131 haline gelen ac\u0131 soslar\u0131n\u0131n ambalaj\u0131 olarak biber sosu olarak kullanmaya karar verdi. \u015ei\u015fenin kap olarak kullan\u0131m\u0131, baharatl\u0131 ve zengin tarifleriyle \u00e7ok uyumlu. Alt\u0131 aydan k\u0131sa bir s\u00fcrede, perakende sat\u0131\u015flardaki da\u011f\u0131t\u0131mlar\u0131 artt\u0131. \u0130ki ay i\u00e7inde al\u0131\u015fveri\u015f yapan m\u00fc\u015fterilerin \u00e7o\u011fu () ayn\u0131 \u00fcr\u00fcnleri tekrar sat\u0131n ald\u0131 ve b\u00f6ylece toplamda 200.000 \u015fi\u015felik 3 sipari\u015f daha vererek ilk denemeyi istikrarl\u0131 bir toptan sat\u0131\u015f ortakl\u0131\u011f\u0131na d\u00f6n\u00fc\u015ft\u00fcrd\u00fcler. Memnuniyetlerinin sebebi olarak ambalaj kalitesini ve h\u0131zl\u0131 teslimat\u0131 g\u00f6sterdiler.<\/p>\n<h2>Ac\u0131 Sos \u015ei\u015felerini \u00d6zelle\u015ftirmeye Y\u00f6nelik \u00d6neriler<\/h2>\n<p>Bo\u015f sos \u015fi\u015felerinizi kendinize \u00f6zg\u00fc \u015fi\u015felere d\u00f6n\u00fc\u015ft\u00fcr\u00fcn. K\u00fc\u00e7\u00fck ac\u0131 sos \u015fi\u015feleriniz i\u00e7in bir\u00e7ok ki\u015fiselle\u015ftirme se\u00e7ene\u011fi sunuyoruz.<\/p>\n<ul>\n<li><strong>Cam Rengi:<\/strong> Renkli sosunuzun ilgi oda\u011f\u0131 olmas\u0131n\u0131 istiyorsan\u0131z \u015feffaf cam; \u00fcr\u00fcn\u00fcn\u00fcz \u0131\u015f\u0131\u011fa duyarl\u0131ysa kehribar cam kullanabilirsiniz.<\/li>\n<li><strong>Kapak Rengi:<\/strong> Siyah rengin d\u0131\u015f\u0131nda vidal\u0131 kapaklar\u0131 markan\u0131z\u0131n rengini yans\u0131tacak \u015fekilde ki\u015fiselle\u015ftirebilirsiniz.<\/li>\n<li><strong>Ak\u0131\u015f Reg\u00fclat\u00f6r\u00fc:<\/strong> Koyu barbek\u00fc sosu veya \u015furubunuzun ak\u0131\u015f\u0131n\u0131 kolayca ayarlanabilen bir ak\u0131\u015f reg\u00fclat\u00f6r\u00fc ekleyerek kolayca kontrol edebilirsiniz.<\/li>\n<li><strong>Kabartma:<\/strong> Benzersiz bir g\u00f6rsel markalama etkisi i\u00e7in logonuzu veya grafi\u011finizi do\u011frudan ac\u0131 sos cam ambalaj\u0131n\u0131n \u00fczerine kabartmal\u0131 bir g\u00f6r\u00fcnt\u00fcye d\u00f6n\u00fc\u015ft\u00fcr\u00fcn.<\/li>\n<li><strong>Liner Tipi:<\/strong> G\u00fc\u00e7l\u00fc sirkelere veya ya\u011fl\u0131 soslara kar\u015f\u0131 daha iyi s\u0131zd\u0131rmazl\u0131k ve koruma i\u00e7in \u00f6zel bir astar malzemesi kullanmay\u0131 d\u00fc\u015f\u00fcnebilirsiniz.<\/li>\n<\/ul>","protected":false},"excerpt":{"rendered":"<p>Temiz ve \u015f\u0131k tasar\u0131ml\u0131 k\u00fc\u00e7\u00fck ac\u0131 sos \u015fi\u015feleri. Ev yap\u0131m\u0131 veya ticari ac\u0131 soslar i\u00e7in ideal, y\u00fcksek kaliteli ac\u0131 sos \u015fi\u015feleri. \u00dccretsiz numune.<\/p>","protected":false},"featured_media":2559,"template":"","meta":{"postBodyCss":"","postBodyMargin":[],"postBodyPadding":[],"postBodyBackground":{"backgroundType":"classic","gradient":""}},"product_brand":[],"product_cat":[15,16,54],"product_tag":[72],"class_list":{"0":"post-2557","1":"product","2":"type-product","3":"status-publish","4":"has-post-thumbnail","6":"product_cat-glass-containers","7":"product_cat-glass-bottles","8":"product_cat-hot-sauce-bottles","9":"product_tag-juice-bottles","11":"first","12":"instock","13":"shipping-taxable","14":"product-type-simple"},"jetpack_sharing_enabled":true,"_links":{"self":[{"href":"https:\/\/minghanggroup.com\/tr\/wp-json\/wp\/v2\/product\/2557","targetHints":{"allow":["GET"]}}],"collection":[{"href":"https:\/\/minghanggroup.com\/tr\/wp-json\/wp\/v2\/product"}],"about":[{"href":"https:\/\/minghanggroup.com\/tr\/wp-json\/wp\/v2\/types\/product"}],"wp:featuredmedia":[{"embeddable":true,"href":"https:\/\/minghanggroup.com\/tr\/wp-json\/wp\/v2\/media\/2559"}],"wp:attachment":[{"href":"https:\/\/minghanggroup.com\/tr\/wp-json\/wp\/v2\/media?parent=2557"}],"wp:term":[{"taxonomy":"product_brand","embeddable":true,"href":"https:\/\/minghanggroup.com\/tr\/wp-json\/wp\/v2\/product_brand?post=2557"},{"taxonomy":"product_cat","embeddable":true,"href":"https:\/\/minghanggroup.com\/tr\/wp-json\/wp\/v2\/product_cat?post=2557"},{"taxonomy":"product_tag","embeddable":true,"href":"https:\/\/minghanggroup.com\/tr\/wp-json\/wp\/v2\/product_tag?post=2557"}],"curies":[{"name":"wp","href":"https:\/\/api.w.org\/{rel}","templated":true}]}}