{"id":2552,"date":"2025-11-07T13:54:34","date_gmt":"2025-11-07T05:54:34","guid":{"rendered":"https:\/\/minghanggroup.com\/?post_type=product&#038;p=2552"},"modified":"2026-03-02T15:17:52","modified_gmt":"2026-03-02T07:17:52","slug":"wholesale-clear-square-glass-bottles-for-sauces","status":"publish","type":"product","link":"https:\/\/minghanggroup.com\/tr\/urun\/wholesale-clear-square-glass-bottles-for-sauces\/","title":{"rendered":"Toptan \u015eeffaf Kare Cam Sos \u015ei\u015feleri 100ml 150ml 250ml"},"content":{"rendered":"<p>Minimalist kare stilinde \u015feffaf camdan \u00fcretilen bu cam sos \u015fi\u015feleri, \u00fc\u00e7 farkl\u0131 boyutta mevcuttur. Kavanozlar\u0131 kapatmak i\u00e7in kullan\u0131lan siyah kapaklar, ac\u0131 sosu sadece sergilemek i\u00e7in m\u00fckemmel, \u00e7ekici bir \u00fcr\u00fcn haline getirmekle kalmaz, ayn\u0131 zamanda her t\u00fcrl\u00fc mutfak d\u00fczenlemesine de uygundur.<\/p>\n<h2>\u00dcr\u00fcn \u00d6zellikleri<\/h2>\n<ul>\n<li><strong>Kare \u015ei\u015fe Tasar\u0131m\u0131:<\/strong> Net \u00e7izgilere sahip kare \u015fi\u015fe, g\u00fczellik ve kullan\u0131\u015fl\u0131l\u0131\u011f\u0131n harika bir birle\u015fimidir.<\/li>\n<li><strong>Farkl\u0131 Boyutlar:<\/strong> \u00dcr\u00fcn\u00fcn \u00fc\u00e7 farkl\u0131 kapasitesi farkl\u0131 ihtiya\u00e7lar\u0131 kar\u015f\u0131lamak i\u00e7in kullan\u0131labildi\u011fi gibi g\u00fcnl\u00fck aile kullan\u0131m\u0131, yeniden paketleme ve di\u011fer durumlar i\u00e7in de uygundur.<\/li>\n<li><strong>Minimalist Stil:<\/strong> Kavanozun \u015feffaf cam g\u00f6vdesine tak\u0131lan siyah kapak, hem i\u015flevsel hem de kullan\u0131mda esnek olan minimalist ve modern bir g\u00f6r\u00fcn\u00fcm kazand\u0131r\u0131yor.<\/li>\n<\/ul>\n<h2 style=\"text-align: left;\">Temel \u00d6zellikler<\/h2>\n<table class=\"aligncenter\" style=\"border-collapse: collapse; width: 469.52pt;\" border=\"0\" width=\"626\" cellspacing=\"0\" cellpadding=\"0\">\n<tbody>\n<tr style=\"height: 13.50pt;\">\n<td style=\"height: 13.50pt; width: 127.50pt;\" width=\"170\" height=\"18\">\u00d6zellik<\/td>\n<td style=\"width: 342.00pt;\" width=\"456\">\u015eartname<\/td>\n<\/tr>\n<tr style=\"height: 13.50pt;\">\n<td style=\"height: 13.50pt;\" height=\"18\">Kapasiteler<\/td>\n<td>100ml \/ 150ml \/ 250ml<\/td>\n<\/tr>\n<tr style=\"height: 13.50pt;\">\n<td style=\"height: 13.50pt;\" height=\"18\">Boyutlar (G\u00d7Y)<\/td>\n<td>4\u00d713,2 cm \/ 4,4\u00d716,6 cm \/ 5,1\u00d719,7 cm<\/td>\n<\/tr>\n<tr style=\"height: 13.50pt;\">\n<td style=\"height: 13.50pt;\" height=\"18\">\u015eekil<\/td>\n<td>D\u00fcz kenarlar\u0131 ve keskin kenarlar\u0131 olan kare bira \u015fi\u015fesi<\/td>\n<\/tr>\n<tr style=\"height: 13.50pt;\">\n<td style=\"height: 13.50pt;\" height=\"18\">Malzeme<\/td>\n<td>\u015eeffaf cam stout, g\u0131da s\u0131n\u0131f\u0131, kur\u015funsuz<\/td>\n<\/tr>\n<tr style=\"height: 13.50pt;\">\n<td style=\"height: 13.50pt;\" height=\"18\">Kapatma Dahil<\/td>\n<td>Siyah vidal\u0131 kapakl\u0131 sos \u015fi\u015fesi (\u00f6zelle\u015ftirilebilir)<\/td>\n<\/tr>\n<tr style=\"height: 13.50pt;\">\n<td style=\"height: 13.50pt;\" height=\"18\">\u0130deal Kullan\u0131m<\/td>\n<td>Soslar i\u00e7in cam \u015fi\u015feler, toplu ac\u0131 sos \u015fi\u015feleri<\/td>\n<\/tr>\n<\/tbody>\n<\/table>\n<h2>Ba\u015far\u0131 Hikayesi: Verimlilik ve Stilin \u0130deal Birle\u015fimi<\/h2>\n<p>Sos \u015firketi h\u0131zla pop\u00fclerlik kazan\u0131rken, yuvarlak ve dengesiz \u015fi\u015felerinin neden oldu\u011fu depolama yetersizli\u011fi onlar i\u00e7in bir sorun te\u015fkil ediyordu. Soslar i\u00e7in 150 ml&#039;lik kare \u015fi\u015felerimize ge\u00e7erek bu sorunu ortadan kald\u0131rmay\u0131 ba\u015fard\u0131lar. Sonu\u00e7 olarak, palet ba\u015f\u0131na d\u00fc\u015fen alan artarak lojistik maliyetlerini \u00f6nemli \u00f6l\u00e7\u00fcde d\u00fc\u015f\u00fcrd\u00fcler. Dahas\u0131, modern tasar\u0131m hedef kitlenin tercihleriyle uyumluydu ve yeni ambalaj\u0131n piyasaya s\u00fcr\u00fclmesinden sonraki ilk \u00e7eyrekte sat\u0131\u015flar artt\u0131. Bunun ard\u0131ndan m\u00fc\u015fteri, her biri 100.000 \u015fi\u015felik d\u00f6rt ard\u0131\u015f\u0131k toplu sipari\u015f vererek hem stoklar\u0131n\u0131 geni\u015fletti hem de yeni sos serisine 250 ml&#039;lik \u015fi\u015fe ekledi.<\/p>\n<h2>Soslar i\u00e7in Cam \u015ei\u015feleri \u00d6zelle\u015ftirin<\/h2>\n<ul>\n<li><strong>Bask\u0131l\u0131 Logo:<\/strong> D\u00fcz panellerden birinin \u00e7\u0131k\u0131nt\u0131l\u0131 k\u0131sm\u0131na bir logo kabartmay\u0131 d\u00fc\u015f\u00fcn\u00fcn.<\/li>\n<li><strong>Serigrafi Bask\u0131:<\/strong> Sanat eserinizi do\u011frudan kavanozun \u00fczerine koyarak dayan\u0131kl\u0131 ve birinci s\u0131n\u0131f bir g\u00f6r\u00fcn\u00fcm elde edin.<\/li>\n<li><strong>Vitray:<\/strong> I\u015f\u0131\u011fa duyarl\u0131 soslar\u0131n\u0131z\u0131 en iyi \u015fekilde saklamak ve ayn\u0131 zamanda benzersiz bir g\u00f6r\u00fcn\u00fcme sahip olmak istiyorsan\u0131z kehribar veya ye\u015fil cam kullan\u0131n.<\/li>\n<li><strong>Asit A\u015f\u0131nd\u0131rma:<\/strong> Panelinizde asitle kaz\u0131nm\u0131\u015f geometrik \u015fekiller kullan\u0131n.<\/li>\n<\/ul>\n<p>Paketlemenizi daha verimli hale getirmek ister misiniz? Katalo\u011fumuzda farkl\u0131 kapasitelerde kare sos \u015fi\u015feleri bulunmaktad\u0131r. Toplu ac\u0131 sos \u015fi\u015fesi sipari\u015fi vermek isterseniz, toptan sat\u0131\u015f fiyat\u0131 ve h\u0131zl\u0131 kargo avantaj\u0131 hakk\u0131nda bilgi almak i\u00e7in bizimle ileti\u015fime ge\u00e7in.<\/p>","protected":false},"excerpt":{"rendered":"<p>\u015eeffaf camdan yap\u0131lm\u0131\u015f geometrik kare sos \u015fi\u015feleri, ac\u0131 sos veya barbek\u00fc i\u00e7in m\u00fckemmeldir. Toptan sos \u015fi\u015felerini cazip fiyatlarla sat\u0131n al\u0131n. \u00dccretsiz numuneler.<\/p>","protected":false},"featured_media":2556,"template":"","meta":{"postBodyCss":"","postBodyMargin":[],"postBodyPadding":[],"postBodyBackground":{"backgroundType":"classic","gradient":""}},"product_brand":[],"product_cat":[15,16,54],"product_tag":[98],"class_list":{"0":"post-2552","1":"product","2":"type-product","3":"status-publish","4":"has-post-thumbnail","6":"product_cat-glass-containers","7":"product_cat-glass-bottles","8":"product_cat-hot-sauce-bottles","9":"product_tag-salad-dressing-bottles","11":"first","12":"instock","13":"shipping-taxable","14":"product-type-simple"},"jetpack_sharing_enabled":true,"_links":{"self":[{"href":"https:\/\/minghanggroup.com\/tr\/wp-json\/wp\/v2\/product\/2552","targetHints":{"allow":["GET"]}}],"collection":[{"href":"https:\/\/minghanggroup.com\/tr\/wp-json\/wp\/v2\/product"}],"about":[{"href":"https:\/\/minghanggroup.com\/tr\/wp-json\/wp\/v2\/types\/product"}],"wp:featuredmedia":[{"embeddable":true,"href":"https:\/\/minghanggroup.com\/tr\/wp-json\/wp\/v2\/media\/2556"}],"wp:attachment":[{"href":"https:\/\/minghanggroup.com\/tr\/wp-json\/wp\/v2\/media?parent=2552"}],"wp:term":[{"taxonomy":"product_brand","embeddable":true,"href":"https:\/\/minghanggroup.com\/tr\/wp-json\/wp\/v2\/product_brand?post=2552"},{"taxonomy":"product_cat","embeddable":true,"href":"https:\/\/minghanggroup.com\/tr\/wp-json\/wp\/v2\/product_cat?post=2552"},{"taxonomy":"product_tag","embeddable":true,"href":"https:\/\/minghanggroup.com\/tr\/wp-json\/wp\/v2\/product_tag?post=2552"}],"curies":[{"name":"wp","href":"https:\/\/api.w.org\/{rel}","templated":true}]}}