{"id":2547,"date":"2025-11-07T11:45:30","date_gmt":"2025-11-07T03:45:30","guid":{"rendered":"https:\/\/minghanggroup.com\/?post_type=product&#038;p=2547"},"modified":"2026-03-02T15:19:54","modified_gmt":"2026-03-02T07:19:54","slug":"250ml-410ml-485ml-transparent-glass-hot-sauce-bottles-wholesale","status":"publish","type":"product","link":"https:\/\/minghanggroup.com\/tr\/urun\/250ml-410ml-485ml-transparent-glass-hot-sauce-bottles-wholesale\/","title":{"rendered":"250ml 410ml 485ml \u015eeffaf Cam Ac\u0131 Sos \u015ei\u015feleri Toptan Sat\u0131\u015f"},"content":{"rendered":"<p>Bu cam ac\u0131 sos \u015fi\u015feleri, \u015fi\u015felerin \u015f\u0131k ve uyumlu g\u00f6r\u00fcnmesini sa\u011flayan \u015feffaf camdan yap\u0131lm\u0131\u015f ince ve hafif\u00e7e sivrilen bir tasar\u0131ma sahiptir.<\/p>\n<h2>\u00dcr\u00fcn \u00d6zellikleri<\/h2>\n<ul>\n<li><strong>Zarif Konik Tasar\u0131m:<\/strong> Alt k\u0131sm\u0131ndan omuza kadar konik tek par\u00e7a tasar\u0131m\u0131 birinci s\u0131n\u0131f bir doku sergiliyor ve bu sayede \u00fcr\u00fcn rafta fark yarat\u0131yor.<\/li>\n<li><strong>\u015eeffaf Cam Malzemesi:<\/strong> \u015eeffaf cam kap, t\u00fcketicilerin i\u00e7indeki ac\u0131 sosun miktar\u0131n\u0131 renklendirip kontrol etmelerine olanak tan\u0131r ve b\u00f6ylece tan\u0131mlama ve izlemeyi de kolayla\u015ft\u0131r\u0131r.<\/li>\n<li><strong>\u00dcretim Dostu Tasar\u0131m:<\/strong> D\u00fcz konik \u015fi\u015fe g\u00f6vdesi dolum hatt\u0131nda stabildir ve bu sayede paketleme verimlili\u011finin daha y\u00fcksek olmas\u0131na yard\u0131mc\u0131 olabilir.<\/li>\n<\/ul>\n<h2 style=\"text-align: left;\">Temel \u00d6zellikler<\/h2>\n<table class=\"aligncenter\" style=\"border-collapse: collapse; width: 490.52pt;\" border=\"0\" width=\"654\" cellspacing=\"0\" cellpadding=\"0\">\n<tbody>\n<tr style=\"height: 13.50pt;\">\n<td style=\"height: 13.50pt; width: 127.50pt;\" width=\"170\" height=\"18\">\u00d6zellik<\/td>\n<td style=\"width: 363.00pt;\" width=\"484\">\u015eartname<\/td>\n<\/tr>\n<tr style=\"height: 13.50pt;\">\n<td style=\"height: 13.50pt;\" height=\"18\">Kapasiteler<\/td>\n<td>250ml \/ 410ml \/ 485ml<\/td>\n<\/tr>\n<tr style=\"height: 13.50pt;\">\n<td style=\"height: 13.50pt;\" height=\"18\">Boyutlar (D\u00d7Y)<\/td>\n<td>4,4\u00d715,5 cm \/ 6,4\u00d724,4 cm \/ 6,6\u00d726 cm<\/td>\n<\/tr>\n<tr style=\"height: 13.50pt;\">\n<td style=\"height: 13.50pt;\" height=\"18\">\u015eekil<\/td>\n<td>Konik stout \u015fi\u015fesi - tabanda biraz daha dar<\/td>\n<\/tr>\n<tr style=\"height: 13.50pt;\">\n<td style=\"height: 13.50pt;\" height=\"18\">Malzeme<\/td>\n<td>\u015eeffaf cam stout, g\u0131da s\u0131n\u0131f\u0131, kur\u015funsuz<\/td>\n<\/tr>\n<tr style=\"height: 13.50pt;\">\n<td style=\"height: 13.50pt;\" height=\"18\">Kapatmaya Haz\u0131r<\/td>\n<td>Herhangi bir vidal\u0131 kapatma, astar veya delik daralt\u0131c\u0131 ile \u00e7al\u0131\u015f\u0131r<\/td>\n<\/tr>\n<tr style=\"height: 13.50pt;\">\n<td style=\"height: 13.50pt;\" height=\"18\">En \u0130yisi \u0130\u00e7in<\/td>\n<td>Ac\u0131 sos, ac\u0131 sos, domates sosu<\/td>\n<\/tr>\n<tr style=\"height: 13.50pt;\">\n<td style=\"height: 13.50pt;\" height=\"18\">\u0130deal Kullan\u0131m<\/td>\n<td>Ac\u0131 sos \u015fi\u015feleri, toptan sos \u015fi\u015feleri<\/td>\n<\/tr>\n<\/tbody>\n<\/table>\n<h2>Ba\u015far\u0131 \u00d6yk\u00fcs\u00fc: Premium \u015ei\u015feler Markalar\u0131n B\u00fcy\u00fcmesine Nas\u0131l Yard\u0131mc\u0131 Oluyor?<\/h2>\n<p>K\u00fc\u00e7\u00fck partiler halinde ac\u0131 sos \u00fcreten bir \u00fcretici, \u00fcr\u00fcnlerini en se\u00e7kin marketlerde sat\u0131\u015fa sunmay\u0131 planl\u0131yordu, ancak b\u00f6yle bir ortama uygun do\u011fru ambalajlama y\u00f6nteminden yoksundu. Sonunda, hem \u015f\u0131k hem de zarif olan 410 ml&#039;lik konik cam ac\u0131 sos \u015fi\u015felerimizi tercih ettiler. Yeni \u015fi\u015fe h\u0131zla pop\u00fclerlik kazand\u0131. Alt\u0131 ay i\u00e7inde, premium kanalda sat\u0131\u015flar\u0131nda &#039;l\u0131k bir art\u0131\u015f yakalad\u0131lar ve fiyatlar\u0131n\u0131 oran\u0131nda art\u0131rmay\u0131 ba\u015fard\u0131lar. Kendine \u00f6zg\u00fc \u015fi\u015fe \u015fekli, markan\u0131n kendine \u00f6zg\u00fc tasar\u0131m\u0131 haline geldi ve bu da \u00fcst \u00fcste \u00fc\u00e7 b\u00fcy\u00fck sipari\u015f almalar\u0131n\u0131n yolunu a\u00e7t\u0131. \u015eu anda, di\u011fer pazarlara da a\u00e7\u0131ld\u0131klar\u0131nda, sipari\u015f hacminde bir \u00f6nceki y\u0131la g\u00f6re &#039;l\u0131k bir art\u0131\u015f ya\u015f\u0131yorlar.<\/p>\n<h2>\u015ei\u015fe \u00d6zelle\u015ftirme \u00d6nerileri<\/h2>\n<ul>\n<li><strong>\u00d6zel Kapak Rengi:<\/strong> \u015eapkan\u0131z\u0131n \u00fcr\u00fcn gam\u0131n\u0131za uygun bir rengini se\u00e7meniz veya marka imaj\u0131n\u0131zla e\u015fle\u015ftirmeniz \u00fcr\u00fcn g\u00f6r\u00fcn\u00fcrl\u00fc\u011f\u00fcn\u00fcz\u00fc art\u0131rman\u0131za yard\u0131mc\u0131 olabilir.<\/li>\n<li><strong>\uc218\ub7c9 30\uac1c<\/strong> Kabartma derecesini \u015fi\u015fenin \u00fczerine koyun.<\/li>\n<li><strong>Serigrafi Bask\u0131l\u0131 Degrade Renkler:<\/strong> Daha \u00e7ekici bir g\u00f6rsel dinamizm i\u00e7in \u015fi\u015fenin konik \u015fekline uygun bir degrade renk kullan\u0131n.<\/li>\n<li><strong>\u00d6zel Astar:<\/strong> \u00d6zel i\u00e7eriklere uymas\u0131 i\u00e7in kapa\u011f\u0131n i\u00e7indeki astar\u0131 de\u011fi\u015ftirin.<\/li>\n<\/ul>\n<p>Toptan sos \u015fi\u015fesi i\u015finizi bir \u00fcst seviyeye ta\u015f\u0131mak ister misiniz? Toptan sat\u0131\u015f fiyatlar\u0131n\u0131 \u00f6\u011frenmek i\u00e7in bizimle ileti\u015fime ge\u00e7in ve do\u011fru \u015fi\u015fe tasar\u0131m\u0131n\u0131n markan\u0131z\u0131n raf imaj\u0131n\u0131 nas\u0131l d\u00f6n\u00fc\u015ft\u00fcrebilece\u011fini \u00f6\u011frenin.<\/p>","protected":false},"excerpt":{"rendered":"<p>\u0130nce ve konik tasar\u0131ml\u0131, y\u00fcksek kaliteli cam ac\u0131 sos \u015fi\u015feleri. Toptan sos \u015fi\u015feleri k\u00fc\u00e7\u00fck markalar ve restoranlar i\u00e7in idealdir. H\u0131zl\u0131 kargo, \u00fccretsiz numuneler.<\/p>","protected":false},"featured_media":2551,"template":"","meta":{"postBodyCss":"","postBodyMargin":[],"postBodyPadding":[],"postBodyBackground":{"backgroundType":"classic","gradient":""}},"product_brand":[],"product_cat":[15,16,54],"product_tag":[99,98],"class_list":{"0":"post-2547","1":"product","2":"type-product","3":"status-publish","4":"has-post-thumbnail","6":"product_cat-glass-containers","7":"product_cat-glass-bottles","8":"product_cat-hot-sauce-bottles","9":"product_tag-glass-vinegar-bottles","10":"product_tag-salad-dressing-bottles","12":"first","13":"instock","14":"shipping-taxable","15":"product-type-simple"},"jetpack_sharing_enabled":true,"_links":{"self":[{"href":"https:\/\/minghanggroup.com\/tr\/wp-json\/wp\/v2\/product\/2547","targetHints":{"allow":["GET"]}}],"collection":[{"href":"https:\/\/minghanggroup.com\/tr\/wp-json\/wp\/v2\/product"}],"about":[{"href":"https:\/\/minghanggroup.com\/tr\/wp-json\/wp\/v2\/types\/product"}],"wp:featuredmedia":[{"embeddable":true,"href":"https:\/\/minghanggroup.com\/tr\/wp-json\/wp\/v2\/media\/2551"}],"wp:attachment":[{"href":"https:\/\/minghanggroup.com\/tr\/wp-json\/wp\/v2\/media?parent=2547"}],"wp:term":[{"taxonomy":"product_brand","embeddable":true,"href":"https:\/\/minghanggroup.com\/tr\/wp-json\/wp\/v2\/product_brand?post=2547"},{"taxonomy":"product_cat","embeddable":true,"href":"https:\/\/minghanggroup.com\/tr\/wp-json\/wp\/v2\/product_cat?post=2547"},{"taxonomy":"product_tag","embeddable":true,"href":"https:\/\/minghanggroup.com\/tr\/wp-json\/wp\/v2\/product_tag?post=2547"}],"curies":[{"name":"wp","href":"https:\/\/api.w.org\/{rel}","templated":true}]}}