{"id":2485,"date":"2025-11-06T15:45:10","date_gmt":"2025-11-06T07:45:10","guid":{"rendered":"https:\/\/minghanggroup.com\/?post_type=product&#038;p=2485"},"modified":"2026-01-20T14:13:23","modified_gmt":"2026-01-20T06:13:23","slug":"clear-glass-empty-hot-sauce-bottles-bulk","status":"publish","type":"product","link":"https:\/\/minghanggroup.com\/tr\/urun\/clear-glass-empty-hot-sauce-bottles-bulk\/","title":{"rendered":"16 oz \u015eeffaf Cam Bo\u015f Ac\u0131 Sos \u015ei\u015feleri Toplu Sat\u0131\u015f"},"content":{"rendered":"<p>Bu bo\u015f ac\u0131 sos \u015fi\u015feleri, boyun ve alt k\u0131s\u0131mlar\u0131nda dokulu detaylar bulunan \u015feffaf cam g\u00f6vdelere ve alt\u0131n kapaklara sahiptir. Minimalist ama zarif tasar\u0131mlar\u0131, i\u00e7indeki ac\u0131 sosu sergilemek i\u00e7in m\u00fckemmeldir.<\/p>\n<h2>\u00dcr\u00fcn \u00d6zellikleri<\/h2>\n<ul>\n<li><strong>\u015eeffaf Cam Malzemesi:<\/strong> \u015eeffaf cam g\u00f6vde, hem ac\u0131 sosun rengini hem de kalan miktar\u0131n\u0131 g\u00f6stermenin m\u00fckemmel bir yoludur.<\/li>\n<li><strong>Dokulu \u015ei\u015fe Tasar\u0131m\u0131:<\/strong> Boyun ve alt k\u0131s\u0131mdaki doku, sadece k\u00fc\u00e7\u00fck bir detay sa\u011flamakla kalm\u0131yor, ayn\u0131 zamanda \u00fcr\u00fcn esteti\u011fini ve marka g\u00f6r\u00fcn\u00fcrl\u00fc\u011f\u00fcn\u00fc de art\u0131r\u0131yor.<\/li>\n<li><strong>B\u00fcy\u00fck Kapasite:<\/strong> 500 ml&#039;lik boyutuyla hem b\u00fcy\u00fck paketlerdeki normal soslar\u0131 hem de \u00f6zel soslar\u0131 rahatl\u0131kla tutabilir.<\/li>\n<\/ul>\n<h2 style=\"text-align: left;\">Temel \u00d6zellikler<\/h2>\n<table class=\"aligncenter\" style=\"border-collapse: collapse; width: 418.52pt;\" border=\"0\" width=\"558\" cellspacing=\"0\" cellpadding=\"0\">\n<tbody>\n<tr style=\"height: 13.50pt;\">\n<td style=\"height: 13.50pt; width: 116.25pt;\" width=\"155\" height=\"18\">\u00d6zellik<\/td>\n<td style=\"width: 302.25pt;\" width=\"403\">\u015eartname<\/td>\n<\/tr>\n<tr style=\"height: 13.50pt;\">\n<td style=\"height: 13.50pt;\" height=\"18\">Kapasite<\/td>\n<td>500 ml\/16 oz<\/td>\n<\/tr>\n<tr style=\"height: 13.50pt;\">\n<td style=\"height: 13.50pt;\" height=\"18\">Malzeme<\/td>\n<td>\u015eeffaf cam stout, g\u0131da s\u0131n\u0131f\u0131, kur\u015funsuz<\/td>\n<\/tr>\n<tr style=\"height: 13.50pt;\">\n<td style=\"height: 13.50pt;\" height=\"18\">Tasar\u0131m Detaylar\u0131<\/td>\n<td>Dokulu boyun ve taban; p\u00fcr\u00fczs\u00fcz g\u00f6vde<\/td>\n<\/tr>\n<tr style=\"height: 13.50pt;\">\n<td style=\"height: 13.50pt;\" height=\"18\">Kapatmaya Haz\u0131r<\/td>\n<td>alt\u0131n, siyah, g\u00fcm\u00fc\u015f, k\u0131rm\u0131z\u0131 (\u00f6zelle\u015ftirilmi\u015f)<\/td>\n<\/tr>\n<tr style=\"height: 13.50pt;\">\n<td style=\"height: 13.50pt;\" height=\"18\">Paketleme Boyutu<\/td>\n<td>23 \u00d7 18 \u00d7 20 cm (verimli istifleme)<\/td>\n<\/tr>\n<tr style=\"height: 13.50pt;\">\n<td style=\"height: 13.50pt;\" height=\"18\">En \u0130yisi \u0130\u00e7in<\/td>\n<td>Ac\u0131 sos, domates sosu, salata sosu<\/td>\n<\/tr>\n<tr style=\"height: 13.50pt;\">\n<td style=\"height: 13.50pt;\" height=\"18\">\u0130deal Kullan\u0131m<\/td>\n<td>Toplu ac\u0131 sos \u015fi\u015feleri, ac\u0131 sos kaplar\u0131<\/td>\n<\/tr>\n<\/tbody>\n<\/table>\n<h2>Ba\u015far\u0131 \u00d6yk\u00fcs\u00fc: Yeni Ba\u015flayanlar B\u00fcy\u00fck Kapasiteli \u015ei\u015felerle Nas\u0131l \u00d6l\u00e7eklenebilirlik Kazan\u0131yor?<\/h2>\n<p>Ac\u0131 sos satan yeni bir \u015firket, ilk olarak 2.000 adetlik, logolu, \u00f6zel sipari\u015f \u00fczerine dokulu bo\u015f ac\u0131 sos \u015fi\u015feleri \u00fcretti. Dokulu tasar\u0131m ve alt\u0131n kapak, sadece \u00fc\u00e7 ay i\u00e7inde 15 yerel l\u00fcks pazara ba\u015far\u0131yla girmelerine yard\u0131mc\u0131 oldu. Bu \u015f\u0131k g\u00f6r\u00fcn\u00fcme gelen olumlu m\u00fc\u015fteri geri bildirimleri, sat\u0131\u015flarda ve tekrar sat\u0131n alma say\u0131s\u0131nda art\u0131\u015f sa\u011flad\u0131. Da\u011f\u0131t\u0131m a\u011f\u0131 sadece daha kapsaml\u0131 hale gelmekle kalmad\u0131, ayn\u0131 zamanda her \u00e7eyrek 400.000 adetlik sipari\u015f ve b\u00f6lgede 100&#039;den fazla ma\u011faza ile istikrarl\u0131, y\u00fcksek hacimli m\u00fc\u015fterilerimiz haline geldiler.<\/p>\n<h2>\u015ei\u015fe \u00d6zelle\u015ftirme \u00d6nerileri<\/h2>\n<ul>\n<li><strong>\u00d6zel Kapak Renkleri:<\/strong> \u015eapkan\u0131z\u0131n rengi marka logonuzun renkleriyle uyumlu olacak \u015fekilde siyah, g\u00fcm\u00fc\u015f veya beyaz olabilir.<\/li>\n<li><strong>Serigrafi Bask\u0131 Desenleri:<\/strong> Desenler, daha iyi a\u015f\u0131nma direnci i\u00e7in dokulu bantlar aras\u0131na do\u011frudan cam y\u00fczeyine uygulan\u0131r.<\/li>\n<li><strong>\u00d6zel Linerlar:<\/strong> \u00dcr\u00fcn\u00fcn raf \u00f6mr\u00fcn\u00fc uzatmak i\u00e7in, \u00f6zel i\u00e7eriklere uygun farkl\u0131 kapak astarlar\u0131 kullan\u0131n.<\/li>\n<li><strong>D\u00f6kme A\u011fz\u0131 Ayarlay\u0131c\u0131 Se\u00e7enekleri:<\/strong> S\u0131v\u0131n\u0131n d\u00f6k\u00fclmesini kontrol etmek i\u00e7in farkl\u0131 boyutlardaki d\u00f6kme a\u011fz\u0131 ayarlay\u0131c\u0131lar\u0131n\u0131 kullanabilirsiniz.<\/li>\n<\/ul>\n<p>Birinci s\u0131n\u0131f ac\u0131 sos \u015fi\u015felerini toplu olarak sipari\u015f etmek mi istiyorsunuz? Toptan fiyat teklifleri ve uygun kargolama i\u00e7in hemen bizimle ileti\u015fime ge\u00e7in.<\/p>","protected":false},"excerpt":{"rendered":"<p>Metal kapakl\u0131 ve benzersiz tasar\u0131ml\u0131 birinci s\u0131n\u0131f bo\u015f ac\u0131 sos \u015fi\u015feleri. \u00d6zel markalama ve toplu ac\u0131 sos \u015fi\u015feleri i\u00e7in idealdir. Fabrikadan do\u011frudan tedarik.<\/p>","protected":false},"featured_media":2493,"template":"","meta":{"postBodyCss":"","postBodyMargin":[],"postBodyPadding":[],"postBodyBackground":{"backgroundType":"classic","gradient":""}},"product_brand":[],"product_cat":[15,16,54],"product_tag":[72],"class_list":{"0":"post-2485","1":"product","2":"type-product","3":"status-publish","4":"has-post-thumbnail","6":"product_cat-glass-containers","7":"product_cat-glass-bottles","8":"product_cat-hot-sauce-bottles","9":"product_tag-juice-bottles","11":"first","12":"instock","13":"shipping-taxable","14":"product-type-simple"},"jetpack_sharing_enabled":true,"_links":{"self":[{"href":"https:\/\/minghanggroup.com\/tr\/wp-json\/wp\/v2\/product\/2485","targetHints":{"allow":["GET"]}}],"collection":[{"href":"https:\/\/minghanggroup.com\/tr\/wp-json\/wp\/v2\/product"}],"about":[{"href":"https:\/\/minghanggroup.com\/tr\/wp-json\/wp\/v2\/types\/product"}],"wp:featuredmedia":[{"embeddable":true,"href":"https:\/\/minghanggroup.com\/tr\/wp-json\/wp\/v2\/media\/2493"}],"wp:attachment":[{"href":"https:\/\/minghanggroup.com\/tr\/wp-json\/wp\/v2\/media?parent=2485"}],"wp:term":[{"taxonomy":"product_brand","embeddable":true,"href":"https:\/\/minghanggroup.com\/tr\/wp-json\/wp\/v2\/product_brand?post=2485"},{"taxonomy":"product_cat","embeddable":true,"href":"https:\/\/minghanggroup.com\/tr\/wp-json\/wp\/v2\/product_cat?post=2485"},{"taxonomy":"product_tag","embeddable":true,"href":"https:\/\/minghanggroup.com\/tr\/wp-json\/wp\/v2\/product_tag?post=2485"}],"curies":[{"name":"wp","href":"https:\/\/api.w.org\/{rel}","templated":true}]}}