{"id":2466,"date":"2025-11-06T15:36:32","date_gmt":"2025-11-06T07:36:32","guid":{"rendered":"https:\/\/minghanggroup.com\/?post_type=product&#038;p=2466"},"modified":"2025-11-14T10:07:09","modified_gmt":"2025-11-14T02:07:09","slug":"glass-spices-jar-with-grinders-bulk","status":"publish","type":"product","link":"https:\/\/minghanggroup.com\/tr\/urun\/glass-spices-jar-with-grinders-bulk\/","title":{"rendered":"Paslanmaz \u00c7elik De\u011firmen \u00d6\u011f\u00fct\u00fcc\u00fcl\u00fc 200 ml Cam Baharat Kavanozu"},"content":{"rendered":"<p>Mutfa\u011f\u0131n\u0131za d\u00fczensiz bir g\u00f6r\u00fcn\u00fcm veren, yanl\u0131\u015f d\u00fczenlenmi\u015f baharatlarla u\u011fra\u015fmaya devam etmeyin. Mutfa\u011f\u0131n\u0131z\u0131 \u015f\u0131k bir mekan haline getirmekle kalmay\u0131p ayn\u0131 zamanda baharatlar\u0131n\u0131z\u0131 taze tutan y\u00fcksek kaliteli cam baharat kavanozlar\u0131 \u00fcretiyoruz. Bunlar sadece basit birer kap de\u011fil; markan\u0131z\u0131n mutfak d\u00fczeni ve g\u0131da ambalaj\u0131 i\u00e7in yeni gizli silah\u0131.<\/p>\n<h2>\u00dcr\u00fcn \u00d6zellikleri<\/h2>\n<ol>\n<li><strong>Kristal Berrakl\u0131\u011f\u0131:<\/strong>Son derece \u015feffaf cam\u0131 sayesinde baharatlar\u0131n\u0131z\u0131 kolayca g\u00f6rebilir, baharat kavanozunuzu ne zaman yeniden sipari\u015f etmeniz gerekti\u011fini tahmin etmenize gerek kalmaz.<\/li>\n<li><strong>Dahili \u00d6\u011f\u00fct\u00fcc\u00fc:<\/strong>Entegre \u00f6\u011f\u00fct\u00fcc\u00fcye sahip paslanmaz \u00e7elik kapa\u011f\u0131, karabiber, deniz tuzu ve di\u011fer baharatlar\u0131n k\u0131vam\u0131n\u0131 ayarlaman\u0131za olanak tan\u0131r. Mutfa\u011f\u0131n\u0131z i\u00e7in m\u00fckemmeldir.<\/li>\n<li><strong>Modern Yuvarlak Tasar\u0131m:<\/strong>\u015e\u0131k yuvarlak formu ve p\u00fcr\u00fczs\u00fcz kenarlar\u0131, mutfak saklama kaplar\u0131n\u0131za ve baharat kavanozlar\u0131n\u0131za gerekli \u00e7ekicili\u011fi kazand\u0131rmakla kalmaz, ayn\u0131 zamanda daha l\u00fcks g\u00f6r\u00fcnmelerini de sa\u011flar.<\/li>\n<\/ol>\n<h2>Temel \u00d6zellikler<\/h2>\n<table style=\"border-collapse: collapse; width: 80%; margin-left: auto; margin-right: auto;\" border=\"0\" width=\"144\" cellspacing=\"0\" cellpadding=\"0\">\n<tbody>\n<tr style=\"height: 13.50pt;\">\n<td style=\"height: 13.5pt; width: 54pt; text-align: center;\" width=\"72\" height=\"18\">\u00d6zellik<\/td>\n<td style=\"width: 54pt; text-align: center;\" width=\"72\">\u015eartname<\/td>\n<\/tr>\n<tr style=\"height: 13.50pt;\">\n<td style=\"height: 13.5pt; text-align: center;\" height=\"18\">Kapasite<\/td>\n<td style=\"text-align: center;\">150ml 200ml<\/td>\n<\/tr>\n<tr style=\"height: 13.50pt;\">\n<td style=\"height: 13.5pt; text-align: center;\" height=\"18\">\u015eekil<\/td>\n<td style=\"text-align: center;\">Yuvarlak<\/td>\n<\/tr>\n<tr style=\"height: 13.50pt;\">\n<td style=\"height: 13.5pt; text-align: center;\" height=\"18\">Aksesuar<\/td>\n<td style=\"text-align: center;\">\u00d6\u011f\u00fctme kapa\u011f\u0131<\/td>\n<\/tr>\n<tr style=\"height: 13.50pt;\">\n<td style=\"height: 13.5pt; text-align: center;\" height=\"18\">Kullan\u0131m<\/td>\n<td style=\"text-align: center;\">Karabiber veya deniz tuzu vb.<\/td>\n<\/tr>\n<\/tbody>\n<\/table>\n<h2>Ba\u015far\u0131 \u00d6rne\u011fi<\/h2>\n<p>Avrupal\u0131 \u200b\u200bbir gurme marka, bu \u00fcst d\u00fczey paslanmaz \u00e7elik ve baharat kavanozlar\u0131n\u0131 metal \u00f6\u011f\u00fct\u00fcc\u00fcyle ki\u015fiselle\u015ftirmemize yard\u0131mc\u0131 olmam\u0131z i\u00e7in bize ba\u015fvurdu. Metal \u00f6\u011f\u00fct\u00fcc\u00fcn\u00fcn kal\u0131nl\u0131\u011f\u0131 ayarlanabilir ve kullan\u0131m\u0131 olduk\u00e7a kolayd\u0131r; b\u00f6ylece iri taneli deniz tuzundan ince taneli karabibere sorunsuz bir \u015fekilde ge\u00e7ebilirsiniz. Markay\u0131 ve imaj\u0131n\u0131 tan\u0131tmak i\u00e7in, metal kapa\u011fa sade geometrik logolar\u0131n\u0131 lazerle kaz\u0131d\u0131k.<\/p>\n<p>\u00dcr\u00fcn piyasaya s\u00fcr\u00fcld\u00fckten sonra \u015firket sat\u0131\u015flarda art\u0131\u015f ya\u015fad\u0131 ve pazarda premium marka konumunu sa\u011flamla\u015ft\u0131rd\u0131.<\/p>\n<h2>\u00d6zelle\u015ftirme \u0130pu\u00e7lar\u0131n\u0131z<\/h2>\n<p>Baharat kavanozlar\u0131n\u0131z, markan\u0131z\u0131n tarz\u0131yla ayn\u0131 d\u00fczeyde sofistike olmal\u0131d\u0131r. F\u0131r\u00e7alanm\u0131\u015f veya cilal\u0131 olmak \u00fczere iki paslanmaz \u00e7elik kapak tipinden birini se\u00e7ebilir veya lazerle i\u015flenmi\u015f logonuz veya ince bir renk vurgusu ile tamamlayabilirsiniz. Birinci s\u0131n\u0131f tuz i\u00e7in daha ince, kar\u0131\u015f\u0131k biberler i\u00e7in daha kal\u0131n \u00f6\u011f\u00fctme mi istiyorsunuz? Seramik \u00f6\u011f\u00fct\u00fcc\u00fclerimizi be\u011feninize g\u00f6re \u00f6zelle\u015ftirebiliriz.<\/p>\n<p>\u0130ster 180 ml perakende raf ambalaj\u0131, ister 250 ml restoran tedarik ambalaj\u0131 olsun, contalar\u0131n hava ge\u00e7irmez, estetik ve i\u015flevselli\u011fin do\u011fru oldu\u011fundan emin oluyoruz. M\u00fc\u015fterilerinizi memnun edecek bir baharat cam kavanoz koleksiyonu \u00fcretiyoruz.<\/p>","protected":false},"excerpt":{"rendered":"<p>Cam ve paslanmaz \u00e7eli\u011fin bir araya geldi\u011fi \u015f\u0131k baharat kavanozlar\u0131. Biber, tuz veya baharatlar\u0131 \u00f6\u011f\u00fct\u00fcp saklamak i\u00e7in modern bir dokunu\u015fa sahip m\u00fckemmel cam baharat kavanozlar\u0131.<\/p>","protected":false},"featured_media":2468,"template":"","meta":{"postBodyCss":"","postBodyMargin":[],"postBodyPadding":[],"postBodyBackground":{"backgroundType":"classic","gradient":""}},"product_brand":[],"product_cat":[15,17,53],"product_tag":[],"class_list":{"0":"post-2466","1":"product","2":"type-product","3":"status-publish","4":"has-post-thumbnail","6":"product_cat-glass-containers","7":"product_cat-glass-jars","8":"product_cat-spice-jars","10":"first","11":"instock","12":"shipping-taxable","13":"product-type-simple"},"jetpack_sharing_enabled":true,"_links":{"self":[{"href":"https:\/\/minghanggroup.com\/tr\/wp-json\/wp\/v2\/product\/2466","targetHints":{"allow":["GET"]}}],"collection":[{"href":"https:\/\/minghanggroup.com\/tr\/wp-json\/wp\/v2\/product"}],"about":[{"href":"https:\/\/minghanggroup.com\/tr\/wp-json\/wp\/v2\/types\/product"}],"wp:featuredmedia":[{"embeddable":true,"href":"https:\/\/minghanggroup.com\/tr\/wp-json\/wp\/v2\/media\/2468"}],"wp:attachment":[{"href":"https:\/\/minghanggroup.com\/tr\/wp-json\/wp\/v2\/media?parent=2466"}],"wp:term":[{"taxonomy":"product_brand","embeddable":true,"href":"https:\/\/minghanggroup.com\/tr\/wp-json\/wp\/v2\/product_brand?post=2466"},{"taxonomy":"product_cat","embeddable":true,"href":"https:\/\/minghanggroup.com\/tr\/wp-json\/wp\/v2\/product_cat?post=2466"},{"taxonomy":"product_tag","embeddable":true,"href":"https:\/\/minghanggroup.com\/tr\/wp-json\/wp\/v2\/product_tag?post=2466"}],"curies":[{"name":"wp","href":"https:\/\/api.w.org\/{rel}","templated":true}]}}