{"id":2456,"date":"2025-11-06T14:39:39","date_gmt":"2025-11-06T06:39:39","guid":{"rendered":"https:\/\/minghanggroup.com\/?post_type=product&#038;p=2456"},"modified":"2025-11-14T10:07:16","modified_gmt":"2025-11-14T02:07:16","slug":"airtight-spice-jars-glass-kitchenware-bulk","status":"publish","type":"product","link":"https:\/\/minghanggroup.com\/tr\/urun\/airtight-spice-jars-glass-kitchenware-bulk\/","title":{"rendered":"100 ml Paslanmaz \u00c7elik Kapakl\u0131 Hava Ge\u00e7irmez Baharat Kavanozlar\u0131 Toplu Sat\u0131\u015f"},"content":{"rendered":"<p>Mutfa\u011f\u0131n\u0131z\u0131 kaotik bir g\u00f6r\u00fcn\u00fcme sokan da\u011f\u0131n\u0131k baharat saklama alanlar\u0131yla u\u011fra\u015fmaya son. Mutfa\u011f\u0131n\u0131z\u0131 \u015f\u0131k bir alana d\u00f6n\u00fc\u015ft\u00fcr\u00fcrken baharatlar\u0131n\u0131z\u0131 taze tutan birinci s\u0131n\u0131f hava ge\u00e7irmez baharat kavanozlar\u0131 \u00fcretiyoruz. Bunlar sadece kaplar de\u011fil; markan\u0131z\u0131n mutfak d\u00fczeni ve g\u0131da ambalaj\u0131 i\u00e7in yeni gizli silah\u0131.<\/p>\n<h2>\u00dcr\u00fcn \u00d6zellikleri<\/h2>\n<ol>\n<li><strong>Kristal\u200b\u200d\u200b\u200c\u200d\u200b\u200d\u200c\u200b\u200d\u200b\u200c\u200d\u200b\u200d\u200c Berrakl\u0131\u011f\u0131nda:<\/strong>M\u00fckemmel \u015feffafl\u0131\u011fa sahip cam hazne, baharatlar\u0131 g\u00f6rsel olarak kontrol etmenizi sa\u011flar, b\u00f6ylece ne zaman dolduraca\u011f\u0131n\u0131z\u0131 tahmin etmenize gerek kalmaz.<\/li>\n<li><strong>S\u0131k\u0131ca M\u00fch\u00fcrlenmi\u015f:<\/strong>Paslanmaz \u00e7elik kapa\u011f\u0131n \u00fcst k\u0131sm\u0131nda bulunan metal conta, baharatlar\u0131n\u0131z\u0131 taze tutan ve ayn\u0131 zamanda nemin baharat saklama kab\u0131n\u0131za zarar vermesini \u00f6nleyen hermetik bir s\u0131zd\u0131rmazl\u0131k \u00f6zelli\u011fine sahiptir.<\/li>\n<li><strong>\u00c7ok Fonksiyonlu \u0130\u00e7 Kapak:<\/strong>Hava ge\u00e7irmez baharat kavanozu kapa\u011f\u0131 ayr\u0131ca, daha b\u00fcy\u00fck karabiber taneleri i\u00e7in daha b\u00fcy\u00fck delikler ve daha k\u00fc\u00e7\u00fck tozlar i\u00e7in daha k\u00fc\u00e7\u00fck deliklere sahip \u00e7ok i\u015flevli bir serpme aparat\u0131yla donat\u0131lm\u0131\u015ft\u0131r.<\/li>\n<\/ol>\n<h2>Temel \u00d6zellikler<\/h2>\n<table style=\"border-collapse: collapse; width: 80%; margin-left: auto; margin-right: auto;\" border=\"0\" width=\"144\" cellspacing=\"0\" cellpadding=\"0\">\n<tbody>\n<tr style=\"height: 13.50pt;\">\n<td style=\"height: 13.5pt; width: 54pt; text-align: center;\" width=\"72\" height=\"18\">\u00d6zellik<\/td>\n<td style=\"width: 54pt; text-align: center;\" width=\"72\">\u015eartname<\/td>\n<\/tr>\n<tr style=\"height: 13.50pt;\">\n<td style=\"height: 13.5pt; text-align: center;\" height=\"18\">Kapasite<\/td>\n<td style=\"text-align: center;\">100 ml<\/td>\n<\/tr>\n<tr style=\"height: 13.50pt;\">\n<td style=\"height: 13.5pt; text-align: center;\" height=\"18\">Boyut<\/td>\n<td style=\"text-align: center;\">4,3 * 9,4 cm<\/td>\n<\/tr>\n<tr style=\"height: 13.50pt;\">\n<td style=\"height: 13.5pt; text-align: center;\" height=\"18\">\u015eekil<\/td>\n<td style=\"text-align: center;\">Silindir<\/td>\n<\/tr>\n<tr style=\"height: 13.50pt;\">\n<td style=\"height: 13.5pt; text-align: center;\" height=\"18\">Renk<\/td>\n<td style=\"text-align: center;\">Temizle veya \u00d6zel<\/td>\n<\/tr>\n<\/tbody>\n<\/table>\n<h2>Ba\u015far\u0131 \u00d6rne\u011fi<\/h2>\n<p>Alman bir baharat markas\u0131, yeni \u00fcr\u00fcnleri i\u00e7in \u00f6zel bir ambalaj olarak hava ge\u00e7irmez baharat kavanozlar\u0131ndan olu\u015fan \u00f6zelle\u015ftirilmi\u015f bir seri tasarlamam\u0131z i\u00e7in bize ba\u015fvurdu. \u00dcr\u00fcn\u00fcn g\u00f6rseli, esasen f\u0131r\u00e7alanm\u0131\u015f paslanmaz \u00e7elik bir kapakla birle\u015ftirilmi\u015f \u015feffaf camdan olu\u015fuyor ve b\u00f6ylece minimalist ama zarif bir stil elde ediliyor. Marka bilinirli\u011fi amac\u0131yla, kapa\u011fa marka logosunu kaz\u0131d\u0131k ve baharat saklama kab\u0131na, perakende ve g\u0131da hizmeti sekt\u00f6rlerinin kolayca ay\u0131rt edebilmesi i\u00e7in \u00e7\u0131kar\u0131labilir bir etiket ekledik.<\/p>\n<p>Yeni \u00fcr\u00fcn\u00fcn lansman\u0131ndan sadece 3 ay sonra markan\u0131n offline sat\u0131\u015flar\u0131 artt\u0131 ve bir\u00e7ok l\u00fcks s\u00fcpermarkette en \u00e7ok satan marka haline geldi.<\/p>\n<h2>\u00d6zelle\u015ftirme \u0130pu\u00e7lar\u0131n\u0131z<\/h2>\n<p>Hava ge\u00e7irmez baharat kavanozlar\u0131n\u0131z, tabaklar\u0131n\u0131z kadar \u015f\u0131k olmal\u0131 ve bunlar\u0131 se\u00e7ti\u011finiz cam berrakl\u0131\u011f\u0131ndaki camlarla e\u015fle\u015ftirece\u011fiz; renkli baharatlar i\u00e7in m\u00fckemmel berrakl\u0131kta veya minimalist bir mutfak g\u00f6r\u00fcn\u00fcm\u00fc istiyorsan\u0131z mat cam. Marka kimli\u011finizi bir \u00fcst seviyeye ta\u015f\u0131mak i\u00e7in lazerle kaz\u0131nm\u0131\u015f bir marka logosu veya bas\u0131l\u0131 bir etiket ekleyin. Bir \u00fcr\u00fcn serisi veya ma\u011faza raf\u0131 i\u00e7in farkl\u0131 boyutlara m\u0131 ihtiyac\u0131n\u0131z var? Size en tutarl\u0131 oldu\u011funuz kap markan\u0131z olan baharat saklama kab\u0131 koleksiyonunu sunmak i\u00e7in hacim, ambalaj ve etiketleme de\u011fi\u015fiklikleri yapaca\u011f\u0131z.<\/p>","protected":false},"excerpt":{"rendered":"<p>Hava ge\u00e7irmez baharat kavanozlar\u0131m\u0131zla otlar\u0131n\u0131z\u0131 ve baharatlar\u0131n\u0131z\u0131 taze tutun. Bu cam baharat saklama kaplar\u0131, modern mutfak d\u00fczeni i\u00e7in \u015f\u0131k \u00e7elik kapaklara sahiptir.<\/p>","protected":false},"featured_media":2462,"template":"","meta":{"postBodyCss":"","postBodyMargin":[],"postBodyPadding":[],"postBodyBackground":{"backgroundType":"classic","gradient":""}},"product_brand":[],"product_cat":[15,17,53],"product_tag":[],"class_list":{"0":"post-2456","1":"product","2":"type-product","3":"status-publish","4":"has-post-thumbnail","6":"product_cat-glass-containers","7":"product_cat-glass-jars","8":"product_cat-spice-jars","10":"first","11":"instock","12":"shipping-taxable","13":"product-type-simple"},"jetpack_sharing_enabled":true,"_links":{"self":[{"href":"https:\/\/minghanggroup.com\/tr\/wp-json\/wp\/v2\/product\/2456","targetHints":{"allow":["GET"]}}],"collection":[{"href":"https:\/\/minghanggroup.com\/tr\/wp-json\/wp\/v2\/product"}],"about":[{"href":"https:\/\/minghanggroup.com\/tr\/wp-json\/wp\/v2\/types\/product"}],"wp:featuredmedia":[{"embeddable":true,"href":"https:\/\/minghanggroup.com\/tr\/wp-json\/wp\/v2\/media\/2462"}],"wp:attachment":[{"href":"https:\/\/minghanggroup.com\/tr\/wp-json\/wp\/v2\/media?parent=2456"}],"wp:term":[{"taxonomy":"product_brand","embeddable":true,"href":"https:\/\/minghanggroup.com\/tr\/wp-json\/wp\/v2\/product_brand?post=2456"},{"taxonomy":"product_cat","embeddable":true,"href":"https:\/\/minghanggroup.com\/tr\/wp-json\/wp\/v2\/product_cat?post=2456"},{"taxonomy":"product_tag","embeddable":true,"href":"https:\/\/minghanggroup.com\/tr\/wp-json\/wp\/v2\/product_tag?post=2456"}],"curies":[{"name":"wp","href":"https:\/\/api.w.org\/{rel}","templated":true}]}}