{"id":2455,"date":"2025-11-06T13:25:27","date_gmt":"2025-11-06T05:25:27","guid":{"rendered":"https:\/\/minghanggroup.com\/?post_type=product&#038;p=2455"},"modified":"2026-03-02T15:18:34","modified_gmt":"2026-03-02T07:18:34","slug":"bulk-glass-8-oz-hot-sauce-bottles-for-canning","status":"publish","type":"product","link":"https:\/\/minghanggroup.com\/tr\/urun\/bulk-glass-8-oz-hot-sauce-bottles-for-canning\/","title":{"rendered":"Konserveleme i\u00e7in Toplu Cam 8 oz Ac\u0131 Sos \u015ei\u015feleri"},"content":{"rendered":"<p>\u015eeffaf camdan \u00fcretilen bu 8 oz&#039;luk ac\u0131 sos \u015fi\u015feleri, \u015f\u0131k konik \u015fekli ve k\u0131rm\u0131z\u0131 kapa\u011f\u0131yla, m\u00fctevaz\u0131 ama benzersizdir ve i\u00e7indeki sosun enfes lezzetini en m\u00fckemmel \u015fekilde yans\u0131t\u0131r.<\/p>\n<h2>\u00dcr\u00fcn \u00d6zellikleri<\/h2>\n<ul>\n<li><strong>G\u00fcvenli Kavrama Tasar\u0131m\u0131:<\/strong> Ergonomik konik tasar\u0131m\u0131 sayesinde rahat bir tutu\u015f imkan\u0131 sunarken ayn\u0131 zamanda kaymaz \u00f6zelli\u011fe sahip oldu\u011fundan kullan\u0131c\u0131ya zorlanmadan d\u00f6kme ve ta\u015f\u0131ma imk\u00e2n\u0131 sa\u011flar.<\/li>\n<li><strong>Y\u00fcksek S\u0131cakl\u0131k \u0130\u015flemleri \u0130\u00e7in Uygundur:<\/strong> Cam \u015fi\u015fe y\u00fcksek s\u0131cakl\u0131klarda \u015fi\u015felemeye uygun sa\u011flaml\u0131ktad\u0131r ve ayn\u0131 zamanda \u00fcr\u00fcn\u00fcn iyi bir ferahlat\u0131c\u0131s\u0131 olabilir.<\/li>\n<li><strong>G\u00fczel G\u00f6r\u00fcn\u00fcm:<\/strong> Parlak k\u0131rm\u0131z\u0131 vidal\u0131 kapak, \u00fcr\u00fcne kalabal\u0131k pazarda benzersiz bir g\u00f6r\u00fcn\u00fcm kazand\u0131r\u0131yor.<\/li>\n<\/ul>\n<h2 style=\"text-align: left;\">Temel \u00d6zellikler<\/h2>\n<table class=\"aligncenter\" style=\"border-collapse: collapse; width: 462.77pt;\" border=\"0\" width=\"617\" cellspacing=\"0\" cellpadding=\"0\">\n<tbody>\n<tr style=\"height: 13.50pt;\">\n<td style=\"height: 13.50pt; width: 116.25pt;\" width=\"155\" height=\"18\">\u00d6zellik<\/td>\n<td style=\"width: 346.50pt;\" width=\"462\">\u015eartname<\/td>\n<\/tr>\n<tr style=\"height: 13.50pt;\">\n<td style=\"height: 13.50pt;\" height=\"18\">Kapasite<\/td>\n<td>250 ml (8 ons)<\/td>\n<\/tr>\n<tr style=\"height: 13.50pt;\">\n<td style=\"height: 13.50pt;\" height=\"18\">\u015eekil<\/td>\n<td>Klasik cam woozy, daralan bel k\u0131sm\u0131yla<\/td>\n<\/tr>\n<tr style=\"height: 13.50pt;\">\n<td style=\"height: 13.50pt;\" height=\"18\">Malzeme<\/td>\n<td>\u015eeffaf cam stout, g\u0131da s\u0131n\u0131f\u0131, kur\u015funsuz<\/td>\n<\/tr>\n<tr style=\"height: 13.50pt;\">\n<td style=\"height: 13.50pt;\" height=\"18\">Kapatmaya Haz\u0131r<\/td>\n<td>siyah, alt\u0131n, k\u0131rm\u0131z\u0131 veya metal kapaklar<\/td>\n<\/tr>\n<tr style=\"height: 13.50pt;\">\n<td style=\"height: 13.50pt;\" height=\"18\">Paketleme Boyutu<\/td>\n<td>15 \u00d7 17 \u00d7 30 cm<\/td>\n<\/tr>\n<tr style=\"height: 13.50pt;\">\n<td style=\"height: 13.50pt;\" height=\"18\">En \u0130yisi \u0130\u00e7in<\/td>\n<td>Ac\u0131 sos, ac\u0131 sos, \u00e7e\u015fni, i\u00e7ecekler, meyve suyu<\/td>\n<\/tr>\n<tr style=\"height: 13.50pt;\">\n<td style=\"height: 13.50pt;\" height=\"18\">\u0130deal Kullan\u0131m<\/td>\n<td>Konserve i\u00e7in ac\u0131 sos \u015fi\u015feleri, toplu sos \u015fi\u015feleri,<\/td>\n<\/tr>\n<\/tbody>\n<\/table>\n<h2>Ba\u015far\u0131 \u00d6yk\u00fcs\u00fc: Yerel Giri\u015fimden Ulusal Da\u011f\u0131t\u0131ma<\/h2>\n<p>K\u00fc\u00e7\u00fck parti ac\u0131 sos \u00fcreten \u015firket, t\u00fcm \u00fcr\u00fcn yelpazesinde bu 225 ml&#039;lik \u015fi\u015feyi kulland\u0131. \u015eirketin ac\u0131 sos \u015fi\u015feleme s\u00fcrecinde bu \u015fi\u015feyi se\u00e7mesinin temel nedeni, iyi termal stabilitesiydi. Bu sayede \u00fcretim sorunlar\u0131 oran\u0131nda etkili bir \u015fekilde azalt\u0131ld\u0131. \u00d6zg\u00fcn \u015fi\u015fe konsepti, yaln\u0131zca alt\u0131 ay i\u00e7inde 200&#039;den fazla perakende ma\u011fazas\u0131nda yer almalar\u0131na yard\u0131mc\u0131 oldu. L\u00fcks ambalaj sayesinde &#039;lik online sat\u0131\u015f b\u00fcy\u00fcmesinin ard\u0131ndan, \u00fc\u00e7 y\u0131l \u00fcst \u00fcste 150.000 adetin \u00fczerinde \u00fc\u00e7 ayl\u0131k sipari\u015f hacmini koruyarak ulusal pazara a\u00e7\u0131ld\u0131lar.<\/p>\n<h2>\u015ei\u015fe \u00d6zelle\u015ftirme \u00d6nerileri<\/h2>\n<ul>\n<li><strong>\u00d6zel Kapak Renkleri:<\/strong> Marka renginize m\u00fckemmel veya k\u0131smen uyum sa\u011flayacak siyah, beyaz veya metal tonlu se\u00e7enekler.<\/li>\n<li><strong>Renkli Cam Se\u00e7enekleri:<\/strong> I\u015f\u0131\u011fa duyarl\u0131 \u00fcr\u00fcnler i\u00e7in kehribar veya ye\u015fil cam m\u00fckemmel olacakt\u0131r, bu sayede \u00fcr\u00fcn\u00fcn konumunu y\u00fckseltmeye yard\u0131mc\u0131 olacakt\u0131r.<\/li>\n<li><strong>Buzlu Y\u00fczey:<\/strong> Asit a\u015f\u0131nd\u0131rmal\u0131 \u015feffaf y\u00fczey, hem g\u00f6r\u00fcn\u00fcm\u00fc hem de kullan\u0131c\u0131n\u0131n tutu\u015funu iyile\u015ftiren mat bir dokudur.<\/li>\n<li><strong>Dokulu Cam Desenleri:<\/strong> Y\u00fczey dokusu, \u015fi\u015fe konturlar\u0131n\u0131n daha iyi kavranmas\u0131n\u0131 sa\u011flayarak daha yumu\u015fak bir tutu\u015f sa\u011flar.<\/li>\n<\/ul>\n<p>Bu \u00e7ok ama\u00e7l\u0131 8 oz&#039;luk ac\u0131 sos \u015fi\u015feleriyle ambalaj\u0131n\u0131z\u0131 bir \u00fcst seviyeye ta\u015f\u0131maya haz\u0131r m\u0131s\u0131n\u0131z? Toptan fiyatlar, kolay sipari\u015f ve h\u0131zl\u0131 kargo \u2013 hemen bizimle ileti\u015fime ge\u00e7in!<\/p>","protected":false},"excerpt":{"rendered":"<p>Benzersiz bel tasar\u0131m\u0131na sahip \u015f\u0131k 8 oz ac\u0131 sos \u015fi\u015feleri. Konserveleme, toplu sipari\u015fler, \u00f6zelle\u015ftirme, h\u0131zl\u0131 teslimat ve \u00fccretsiz numune se\u00e7enekleri i\u00e7in m\u00fckemmel ac\u0131 sos \u015fi\u015feleri.<\/p>","protected":false},"featured_media":2457,"template":"","meta":{"postBodyCss":"","postBodyMargin":[],"postBodyPadding":[],"postBodyBackground":{"backgroundType":"classic","gradient":""}},"product_brand":[],"product_cat":[15,16,54],"product_tag":[99,72,98],"class_list":{"0":"post-2455","1":"product","2":"type-product","3":"status-publish","4":"has-post-thumbnail","6":"product_cat-glass-containers","7":"product_cat-glass-bottles","8":"product_cat-hot-sauce-bottles","9":"product_tag-glass-vinegar-bottles","10":"product_tag-juice-bottles","11":"product_tag-salad-dressing-bottles","13":"first","14":"instock","15":"shipping-taxable","16":"product-type-simple"},"jetpack_sharing_enabled":true,"_links":{"self":[{"href":"https:\/\/minghanggroup.com\/tr\/wp-json\/wp\/v2\/product\/2455","targetHints":{"allow":["GET"]}}],"collection":[{"href":"https:\/\/minghanggroup.com\/tr\/wp-json\/wp\/v2\/product"}],"about":[{"href":"https:\/\/minghanggroup.com\/tr\/wp-json\/wp\/v2\/types\/product"}],"wp:featuredmedia":[{"embeddable":true,"href":"https:\/\/minghanggroup.com\/tr\/wp-json\/wp\/v2\/media\/2457"}],"wp:attachment":[{"href":"https:\/\/minghanggroup.com\/tr\/wp-json\/wp\/v2\/media?parent=2455"}],"wp:term":[{"taxonomy":"product_brand","embeddable":true,"href":"https:\/\/minghanggroup.com\/tr\/wp-json\/wp\/v2\/product_brand?post=2455"},{"taxonomy":"product_cat","embeddable":true,"href":"https:\/\/minghanggroup.com\/tr\/wp-json\/wp\/v2\/product_cat?post=2455"},{"taxonomy":"product_tag","embeddable":true,"href":"https:\/\/minghanggroup.com\/tr\/wp-json\/wp\/v2\/product_tag?post=2455"}],"curies":[{"name":"wp","href":"https:\/\/api.w.org\/{rel}","templated":true}]}}