{"id":2446,"date":"2025-11-06T11:38:16","date_gmt":"2025-11-06T03:38:16","guid":{"rendered":"https:\/\/minghanggroup.com\/?post_type=product&#038;p=2446"},"modified":"2026-03-02T15:19:36","modified_gmt":"2026-03-02T07:19:36","slug":"wholesale-transparent-glass-sauce-container-with-lids","status":"publish","type":"product","link":"https:\/\/minghanggroup.com\/tr\/urun\/wholesale-transparent-glass-sauce-container-with-lids\/","title":{"rendered":"Toptan \u015eeffaf Cam Sos Kab\u0131 Kapakl\u0131 250ml 350ml"},"content":{"rendered":"<p>Bu sos kaplar\u0131n\u0131n cam k\u0131sm\u0131 \u015feffaft\u0131r, geni\u015f bir yap\u0131ya ve k\u00fc\u00e7\u00fck bir boyuna sahiptir, b\u00f6ylece i\u00e7indeki ate\u015f k\u0131rm\u0131z\u0131s\u0131 sosu a\u00e7\u0131k\u00e7a g\u00f6sterir. \u0130ki farkl\u0131 boyut se\u00e7ene\u011fi, kullan\u0131c\u0131lara farkl\u0131 t\u00fcketim durumlar\u0131 i\u00e7in \u00e7e\u015fitli se\u00e7enekler sunar.<\/p>\n<h2>\u00dcr\u00fcn \u00d6zellikleri<\/h2>\n<ul>\n<li>Optimum\u200b\u200d\u200b\u200c\u200d\u200b\u200d\u200c\u200b\u200d\u200c\u200d\u200b\u200d\u200c \u015eeffafl\u0131k: Minimalist tasar\u0131m\u0131yla \u015feffaf kap, \u00fcr\u00fcn\u00fcn kalitesini ve safl\u0131\u011f\u0131n\u0131 saniyeler i\u00e7inde g\u00f6rsel olarak iletir, b\u00f6ylece t\u00fcketici g\u00fcveni h\u0131zla olu\u015fur.<\/li>\n<li>Kolay \u00dcretilebilen \u015ei\u015fe Tasar\u0131m\u0131: Sa\u011flam ve stabil \u015fi\u015fe tasar\u0131m\u0131, yard\u0131ma ba\u011fl\u0131 kesintilere ihtiya\u00e7 duymadan y\u00fcksek h\u0131zl\u0131 dolum hatlar\u0131nda bile operasyonlar\u0131n \u00fcstesinden gelmeyi sa\u011flar.<\/li>\n<li>\u00c7ift Kapasite Se\u00e7ene\u011fi: 250 ml ve 350 ml olmak \u00fczere iki hacimsel se\u00e7enek mevcuttur, bu nedenle \u00fcr\u00fcn da\u011f\u0131t\u0131m ve fiyatland\u0131rma stratejileriniz i\u00e7in en uygun olanlard\u0131r.<\/li>\n<\/ul>\n<h2 style=\"text-align: left;\">Temel \u00d6zellikler<\/h2>\n<table class=\"aligncenter\" style=\"border-collapse: collapse; width: 441.77pt;\" border=\"0\" width=\"589\" cellspacing=\"0\" cellpadding=\"0\">\n<tbody>\n<tr style=\"height: 13.50pt;\">\n<td style=\"height: 13.50pt; width: 125.25pt;\" width=\"167\" height=\"18\">\u00d6zellik<\/td>\n<td style=\"width: 316.50pt;\" width=\"422\">\u015eartname<\/td>\n<\/tr>\n<tr style=\"height: 13.50pt;\">\n<td style=\"height: 13.50pt;\" height=\"18\">Kapasiteler<\/td>\n<td>250 ml\/8 oz (6,8 \u00d7 16,7 cm), 350 ml\/12 oz (6,2 \u00d7 15,4 cm)<\/td>\n<\/tr>\n<tr style=\"height: 13.50pt;\">\n<td style=\"height: 13.50pt;\" height=\"18\">\u015eekil<\/td>\n<td>D\u00fcz silindirik yuvarlak cam \u015fi\u015fe<\/td>\n<\/tr>\n<tr style=\"height: 13.50pt;\">\n<td style=\"height: 13.50pt;\" height=\"18\">Malzeme<\/td>\n<td>\u015eeffaf cam stout, g\u0131da s\u0131n\u0131f\u0131, kur\u015funsuz<\/td>\n<\/tr>\n<tr style=\"height: 13.50pt;\">\n<td style=\"height: 13.50pt;\" height=\"18\">Kapatma Se\u00e7enekleri<\/td>\n<td>Siyah veya beyaz vidal\u0131 kapak (\u00f6zelle\u015ftirilebilir)<\/td>\n<\/tr>\n<tr style=\"height: 13.50pt;\">\n<td style=\"height: 13.50pt;\" height=\"18\">En \u0130yisi \u0130\u00e7in<\/td>\n<td>Ac\u0131 sos, ac\u0131 sos, ket\u00e7ap, salata sosu<\/td>\n<\/tr>\n<tr style=\"height: 13.50pt;\">\n<td style=\"height: 13.50pt;\" height=\"18\">\u0130deal Kullan\u0131m<\/td>\n<td>Toptan sos kaplar\u0131, cam sos \u015fi\u015feleri<\/td>\n<\/tr>\n<\/tbody>\n<\/table>\n<h2>Ba\u015far\u0131 Hikayeleri: Do\u011fru Paketleme Perakende Sat\u0131\u015flar\u0131nda Nas\u0131l Art\u0131\u015f Sa\u011flar?<\/h2>\n<p>\u00d6zel g\u0131da \u00fcreticisi, amiral gemisi olan ac\u0131 sos \u00fcr\u00fcnleri i\u00e7in 350 ml&#039;lik cam sos \u015fi\u015felerimizi tercih etti. \u015ei\u015fenin \u015feffafl\u0131\u011f\u0131, \u00fcr\u00fcn\u00fcn y\u00fcksek kalitesini hemen ortaya \u00e7\u0131kard\u0131. Sadece alt\u0131 ay i\u00e7inde perakende sat\u0131\u015flar\u0131 artt\u0131 ve bir barbek\u00fc restoran\u0131, d\u00f6kme hacmini (ak\u0131\u015f s\u0131n\u0131rlay\u0131c\u0131 kullanarak) kontrol etmesi sayesinde at\u0131klar\u0131n\u0131 oran\u0131nda azaltt\u0131. M\u00fc\u015fteri, sos \u015fi\u015fesinin performans\u0131 ve dayan\u0131kl\u0131l\u0131\u011f\u0131n\u0131n memnuniyetlerini art\u0131ran fakt\u00f6rler oldu\u011funu ve bu nedenle son iki y\u0131ld\u0131r her \u00e7eyrekte 100.000&#039;den fazla \u015fi\u015fe sipari\u015f ettiklerini belirtti.<\/p>\n<h2>\u015ei\u015fe \u00d6zelle\u015ftirme \u00d6nerileri<\/h2>\n<ul>\n<li><strong>Vitray Se\u00e7enekleri:<\/strong> I\u015f\u0131ktan koruma sa\u011flaman\u0131n yan\u0131 s\u0131ra trend ve klasik bir g\u00f6r\u00fcn\u00fcm i\u00e7in kehribar veya mavi cam kullan\u0131n.<\/li>\n<li><strong>\u00d6zel Kapak Renkleri:<\/strong> Markan\u0131z\u0131n tonuna m\u00fckemmel uyum sa\u011flayan beyaz, g\u00fcm\u00fc\u015f veya \u00f6zel renkli bir \u015fapka.<\/li>\n<li><strong>Bask\u0131l\u0131 Logo:<\/strong> Logonuzu do\u011frudan cam y\u00fczeye i\u015fleyerek daha benzersiz ve tan\u0131nabilir hale getirin.<\/li>\n<\/ul>\n<p>Sos kab\u0131n\u0131z\u0131 bir \u00fcst seviyeye ta\u015f\u0131mak ister misiniz? Bu cam sos kaplar\u0131 sat\u0131\u015fa haz\u0131r ve h\u0131zl\u0131 teslimat. Toptan sat\u0131\u015f fiyatlar\u0131n\u0131 ve markan\u0131z\u0131n \u00f6ne \u00e7\u0131kmas\u0131na nas\u0131l yard\u0131mc\u0131 olabilece\u011fimizi \u00f6\u011frenmek i\u00e7in bug\u00fcn bizimle ileti\u015fime ge\u00e7in.<\/p>","protected":false},"excerpt":{"rendered":"<p>Chili, barbek\u00fc veya \u00e7e\u015fniler i\u00e7in \u015f\u0131k cam sos \u015fi\u015feleri. Restoranlar ve g\u0131da fabrikalar\u0131 i\u00e7in m\u00fckemmel sos kaplar\u0131. \u00dccretsiz numuneler ve h\u0131zl\u0131 kargo mevcuttur.<\/p>","protected":false},"featured_media":2447,"template":"","meta":{"postBodyCss":"","postBodyMargin":[],"postBodyPadding":[],"postBodyBackground":{"backgroundType":"classic","gradient":""}},"product_brand":[],"product_cat":[15,16,54],"product_tag":[72,98],"class_list":{"0":"post-2446","1":"product","2":"type-product","3":"status-publish","4":"has-post-thumbnail","6":"product_cat-glass-containers","7":"product_cat-glass-bottles","8":"product_cat-hot-sauce-bottles","9":"product_tag-juice-bottles","10":"product_tag-salad-dressing-bottles","12":"first","13":"instock","14":"shipping-taxable","15":"product-type-simple"},"jetpack_sharing_enabled":true,"_links":{"self":[{"href":"https:\/\/minghanggroup.com\/tr\/wp-json\/wp\/v2\/product\/2446","targetHints":{"allow":["GET"]}}],"collection":[{"href":"https:\/\/minghanggroup.com\/tr\/wp-json\/wp\/v2\/product"}],"about":[{"href":"https:\/\/minghanggroup.com\/tr\/wp-json\/wp\/v2\/types\/product"}],"wp:featuredmedia":[{"embeddable":true,"href":"https:\/\/minghanggroup.com\/tr\/wp-json\/wp\/v2\/media\/2447"}],"wp:attachment":[{"href":"https:\/\/minghanggroup.com\/tr\/wp-json\/wp\/v2\/media?parent=2446"}],"wp:term":[{"taxonomy":"product_brand","embeddable":true,"href":"https:\/\/minghanggroup.com\/tr\/wp-json\/wp\/v2\/product_brand?post=2446"},{"taxonomy":"product_cat","embeddable":true,"href":"https:\/\/minghanggroup.com\/tr\/wp-json\/wp\/v2\/product_cat?post=2446"},{"taxonomy":"product_tag","embeddable":true,"href":"https:\/\/minghanggroup.com\/tr\/wp-json\/wp\/v2\/product_tag?post=2446"}],"curies":[{"name":"wp","href":"https:\/\/api.w.org\/{rel}","templated":true}]}}