{"id":2443,"date":"2025-11-06T13:23:48","date_gmt":"2025-11-06T05:23:48","guid":{"rendered":"https:\/\/minghanggroup.com\/?post_type=product&#038;p=2443"},"modified":"2025-11-14T10:07:27","modified_gmt":"2025-11-14T02:07:27","slug":"seasoning-bottles-spices-container-wholesale","status":"publish","type":"product","link":"https:\/\/minghanggroup.com\/tr\/urun\/seasoning-bottles-spices-container-wholesale\/","title":{"rendered":"Mutfakta Saklama \u0130\u00e7in Renkli Kapakl\u0131 50 ml Cam Baharat \u015ei\u015feleri"},"content":{"rendered":"<p>Mutfa\u011f\u0131n\u0131z\u0131n da\u011f\u0131n\u0131k g\u00f6r\u00fcnmesine neden olan da\u011f\u0131n\u0131k baharat \u015fi\u015felerinin art\u0131k sorun olmas\u0131na izin vermeyin. Baharatlar\u0131n\u0131z\u0131 taze tutmakla kalmay\u0131p mutfa\u011f\u0131n\u0131z\u0131 \u015f\u0131k bir mekana d\u00f6n\u00fc\u015ft\u00fcren y\u00fcksek kaliteli baharat kaplar\u0131 \u00fcretiyoruz. Sadece kap de\u011filler, ayn\u0131 zamanda markan\u0131z\u0131n mutfak d\u00fczeni ve g\u0131da ambalaj\u0131 i\u00e7in yeni gizli silah\u0131.<\/p>\n<h2>\u00dcr\u00fcn \u00d6zellikleri<\/h2>\n<ol>\n<li><strong>Dokulu Kavrama Tasar\u0131m\u0131:<\/strong>Cam y\u00fczeyindeki kare \u0131zgara deseni rahat bir tutu\u015f sa\u011flarken, mutfak dolaplar\u0131n\u0131za modern bir dokunu\u015f kat\u0131yor.<\/li>\n<li><strong>Renkli Se\u00e7imler:<\/strong>Cam baharat \u015fi\u015felerinizin kapaklar\u0131n\u0131 markan\u0131zla uyumlu olacak \u015fekilde k\u0131rm\u0131z\u0131, siyah, beyaz, sar\u0131 veya ye\u015fil renklerde tercih edebilir, b\u00f6ylece b\u00fct\u00fcnc\u00fcl bir g\u00f6r\u00fcnt\u00fc yaratabilirsiniz.<\/li>\n<li><strong>Kristal Berrakl\u0131\u011f\u0131:<\/strong>\u015eeffaf cam\u0131n yard\u0131m\u0131yla baharat seviyelerinize h\u0131zl\u0131ca g\u00f6z atabilir ve b\u00f6ylece ne zaman yeniden sipari\u015f vermeniz gerekti\u011fini tam olarak bilebilirsiniz.<\/li>\n<\/ol>\n<h2>Temel \u00d6zellikler<\/h2>\n<table style=\"border-collapse: collapse; width: 80%; margin-left: auto; margin-right: auto;\" border=\"0\" width=\"144\" cellspacing=\"0\" cellpadding=\"0\">\n<tbody>\n<tr style=\"height: 13.50pt;\">\n<td style=\"height: 13.5pt; width: 54pt; text-align: center;\" width=\"72\" height=\"18\">\u00d6zellik<\/td>\n<td style=\"width: 54pt; text-align: center;\" width=\"72\">\u015eartname<\/td>\n<\/tr>\n<tr style=\"height: 13.50pt;\">\n<td style=\"height: 13.5pt; text-align: center;\" height=\"18\">Kapasite<\/td>\n<td style=\"text-align: center;\">50 ml<\/td>\n<\/tr>\n<tr style=\"height: 13.50pt;\">\n<td style=\"height: 13.5pt; text-align: center;\" height=\"18\">Boyut<\/td>\n<td style=\"text-align: center;\">3,9 * 8,3 cm<\/td>\n<\/tr>\n<tr style=\"height: 13.50pt;\">\n<td style=\"height: 13.5pt; text-align: center;\" height=\"18\">Kapak Se\u00e7enekleri<\/td>\n<td style=\"text-align: center;\">Plastik, Metal, Bambu<\/td>\n<\/tr>\n<tr style=\"height: 13.50pt;\">\n<td style=\"height: 13.5pt; text-align: center;\" height=\"18\">\u015eekil<\/td>\n<td style=\"text-align: center;\">Silindir<\/td>\n<\/tr>\n<tr style=\"height: 13.50pt;\">\n<td style=\"height: 13.5pt; text-align: center;\" height=\"18\">Uygun Olanlar<\/td>\n<td style=\"text-align: center;\">Restoranlar, Kafeler, S\u00fcpermarketler vb.<\/td>\n<\/tr>\n<\/tbody>\n<\/table>\n<h2>Ba\u015far\u0131 \u00d6rne\u011fi<\/h2>\n<p>G\u00fcney Amerikal\u0131 bir baharat tedarik\u00e7isi olan m\u00fc\u015fterimiz, kullan\u0131c\u0131lar\u0131n ihtiya\u00e7 duyduklar\u0131 \u00fcr\u00fcnleri kolayca bulabilmeleri i\u00e7in farkl\u0131 renklerde kapaklar (k\u0131rm\u0131z\u0131 toz biber, sar\u0131 zerde\u00e7al ve ye\u015fil otlar) kullanarak bu cam baharat \u015fi\u015felerini renk kodlamam\u0131z i\u00e7in bize ula\u015ft\u0131.<\/p>\n<p>Trend belirleyen ve uzun \u00f6m\u00fcrl\u00fc baharat kaplar\u0131, baharat sat\u0131\u015flar\u0131n\u0131 sadece \u00fc\u00e7 ayda oran\u0131nda art\u0131rd\u0131.<\/p>\n<h2>\u00d6zelle\u015ftirme \u0130pu\u00e7lar\u0131n\u0131z<\/h2>\n<p>Bu cam baharat kab\u0131yla g\u00f6rsel olarak belirgin bir baharat raf\u0131 olu\u015fturmak istiyorsan\u0131z, kapak renklerini \u00e7e\u015fitli baharatlara uyacak \u015fekilde ki\u015fiselle\u015ftirmenizi \u00f6neririz; \u00f6rne\u011fin ac\u0131 biber i\u00e7in k\u0131rm\u0131z\u0131, otlar i\u00e7in ye\u015fil vb. Bunun yan\u0131 s\u0131ra, marka kimli\u011finizi de ekleyebilir ve serigrafi veya kabartmal\u0131 etiketlerle markan\u0131z\u0131 ilk tan\u0131yan siz olabilirsiniz. Ayr\u0131ca, m\u00fc\u015fterilerinizin ince tozlar veya daha iri taneli baharatlar i\u00e7in kullan\u0131lacak farkl\u0131 boyutlardaki delikleri se\u00e7melerine izin vererek, hem \u00e7ekici hem de g\u00fcnl\u00fck mutfak kullan\u0131m\u0131 i\u00e7in pratik ve kullan\u0131\u015fl\u0131 bir tasar\u0131ma sahip olmalar\u0131n\u0131 sa\u011flayabilirsiniz.<\/p>","protected":false},"excerpt":{"rendered":"<p>Renkli kapakl\u0131, parlak ve kullan\u0131\u015fl\u0131 cam baharat \u015fi\u015feleri. Tuz, karabiber veya otlar i\u00e7in ideal bir baharat kab\u0131; mutfaklar ve restoranlar i\u00e7in m\u00fckemmel.<\/p>","protected":false},"featured_media":2444,"template":"","meta":{"postBodyCss":"","postBodyMargin":[],"postBodyPadding":[],"postBodyBackground":{"backgroundType":"classic","gradient":""}},"product_brand":[],"product_cat":[15,17,53],"product_tag":[],"class_list":{"0":"post-2443","1":"product","2":"type-product","3":"status-publish","4":"has-post-thumbnail","6":"product_cat-glass-containers","7":"product_cat-glass-jars","8":"product_cat-spice-jars","10":"first","11":"instock","12":"shipping-taxable","13":"product-type-simple"},"jetpack_sharing_enabled":true,"_links":{"self":[{"href":"https:\/\/minghanggroup.com\/tr\/wp-json\/wp\/v2\/product\/2443","targetHints":{"allow":["GET"]}}],"collection":[{"href":"https:\/\/minghanggroup.com\/tr\/wp-json\/wp\/v2\/product"}],"about":[{"href":"https:\/\/minghanggroup.com\/tr\/wp-json\/wp\/v2\/types\/product"}],"wp:featuredmedia":[{"embeddable":true,"href":"https:\/\/minghanggroup.com\/tr\/wp-json\/wp\/v2\/media\/2444"}],"wp:attachment":[{"href":"https:\/\/minghanggroup.com\/tr\/wp-json\/wp\/v2\/media?parent=2443"}],"wp:term":[{"taxonomy":"product_brand","embeddable":true,"href":"https:\/\/minghanggroup.com\/tr\/wp-json\/wp\/v2\/product_brand?post=2443"},{"taxonomy":"product_cat","embeddable":true,"href":"https:\/\/minghanggroup.com\/tr\/wp-json\/wp\/v2\/product_cat?post=2443"},{"taxonomy":"product_tag","embeddable":true,"href":"https:\/\/minghanggroup.com\/tr\/wp-json\/wp\/v2\/product_tag?post=2443"}],"curies":[{"name":"wp","href":"https:\/\/api.w.org\/{rel}","templated":true}]}}