{"id":2438,"date":"2025-11-06T11:13:23","date_gmt":"2025-11-06T03:13:23","guid":{"rendered":"https:\/\/minghanggroup.com\/?post_type=product&#038;p=2438"},"modified":"2025-11-14T10:07:34","modified_gmt":"2025-11-14T02:07:34","slug":"stainless-steel-seasoning-shakers-bulk-glass-jars-factory","status":"publish","type":"product","link":"https:\/\/minghanggroup.com\/tr\/urun\/stainless-steel-seasoning-shakers-bulk-glass-jars-factory\/","title":{"rendered":"Mutfak D\u00fczenlemesi i\u00e7in 3oz Paslanmaz \u00c7elik Baharat \u00c7alkalay\u0131c\u0131lar\u0131"},"content":{"rendered":"<p>Mutfa\u011f\u0131n\u0131z\u0131 kaotik bir g\u00f6r\u00fcn\u00fcme sokan da\u011f\u0131n\u0131k baharat saklama alanlar\u0131yla u\u011fra\u015fmaya son. Mutfa\u011f\u0131n\u0131z\u0131 \u015f\u0131k bir alana d\u00f6n\u00fc\u015ft\u00fcr\u00fcrken baharatlar\u0131n\u0131z\u0131 taze tutan birinci s\u0131n\u0131f baharat kaplar\u0131 \u00fcretiyoruz. Bunlar sadece kap de\u011fil; markan\u0131z\u0131n mutfak d\u00fczeni ve g\u0131da ambalaj\u0131 i\u00e7in yeni gizli silah\u0131.<\/p>\n<h2>\u00dcr\u00fcn \u00d6zellikleri<\/h2>\n<ol>\n<li><strong>\u015eeffaf\u200b\u200d\u200b\u200c\u200d\u200b\u200d\u200c\u200b\u200d\u200b\u200c\u200d\u200b\u200d\u200c Cam Porsiyon:<\/strong>Baharatl\u0131klar\u0131n ortas\u0131ndaki cam b\u00f6lme, kavanozu a\u00e7madan baharatlar\u0131n\u0131z\u0131 g\u00f6rmenizi sa\u011flar; art\u0131k ne zaman yeniden sipari\u015f verece\u011finizi tahmin etmenize gerek kalmaz.<\/li>\n<li><strong>De\u011fi\u015fken \u00c7alkalay\u0131c\u0131 Kapak:<\/strong>Kapa\u011f\u0131ndaki tuz, karabiber ve otlar i\u00e7in \u00e7e\u015fitli k\u00fc\u00e7\u00fck deliklerle baharat ak\u0131\u015f\u0131n\u0131z\u0131 y\u00f6netin; mutfa\u011f\u0131n\u0131zdaki baharat \u015fi\u015feleri i\u00e7in tam uygun.<\/li>\n<li><strong>\u00c7a\u011fda\u015f Paslanmaz \u00c7elik Stili:<\/strong>Uzun \u00f6m\u00fcrl\u00fc, modaya uygun ve ev mutfaklar\u0131 veya restoranlar i\u00e7in harika olan bu baharat kavanozlar\u0131, herhangi bir mekan\u0131n an\u0131nda g\u00fczelle\u015fmesine yol a\u00e7ar.<\/li>\n<li><strong>Renk \u00d6zelle\u015ftirme:<\/strong>Baharat saklama kaplar\u0131n\u0131z i\u00e7in marka kimli\u011finize uygun olarak k\u0131rm\u0131z\u0131, siyah, mavi veya ye\u015fil renk se\u00e7eneklerinden birini se\u00e7in.<\/li>\n<\/ol>\n<h2>Temel \u00d6zellikler<\/h2>\n<table style=\"border-collapse: collapse; width: 80%; margin-left: auto; margin-right: auto;\" border=\"0\" width=\"144\" cellspacing=\"0\" cellpadding=\"0\">\n<tbody>\n<tr style=\"height: 13.50pt;\">\n<td style=\"height: 13.5pt; width: 54pt; text-align: center;\" width=\"72\" height=\"18\">\u00d6zellik<\/td>\n<td style=\"width: 54pt; text-align: center;\" width=\"72\">\u015eartname<\/td>\n<\/tr>\n<tr style=\"height: 13.50pt;\">\n<td style=\"height: 13.5pt; text-align: center;\" height=\"18\">Kapasite<\/td>\n<td style=\"text-align: center;\">80ml 90ml (3oz) 100ml<\/td>\n<\/tr>\n<tr style=\"height: 13.50pt;\">\n<td style=\"height: 13.5pt; text-align: center;\" height=\"18\">\u015eekil<\/td>\n<td style=\"text-align: center;\">Silindir<\/td>\n<\/tr>\n<tr style=\"height: 13.50pt;\">\n<td style=\"height: 13.5pt; text-align: center;\" height=\"18\">Malzeme<\/td>\n<td style=\"text-align: center;\">Paslanmaz \u00c7elik, Kur\u015funsuz Cam<\/td>\n<\/tr>\n<tr style=\"height: 13.50pt;\">\n<td style=\"height: 13.5pt; text-align: center;\" height=\"18\">\u00d6zelle\u015ftirme<\/td>\n<td style=\"text-align: center;\">Renk, Etiket, Raf, Logo, Bask\u0131<\/td>\n<\/tr>\n<\/tbody>\n<\/table>\n<h2>Ba\u015far\u0131 \u00d6rne\u011fi<\/h2>\n<p>Bu \u00f6zel baharat \u00e7alkalay\u0131c\u0131lar\u0131n\u0131 tasarlamak i\u00e7in Avrupal\u0131 \u200b\u200bbir kuru g\u0131da firmas\u0131ndan sipari\u015f ald\u0131k. Parlak renkli paslanmaz \u00e7elik kavanoz, porsiyon kontrol\u00fcn\u00fc kolayla\u015ft\u0131rmak ve bozulmay\u0131 \u00f6nlemek i\u00e7in ayarlanabilir bir kapa\u011fa sahip. Her kavanoza lazerle kaz\u0131nm\u0131\u015f \u015firket logosu, markan\u0131n modern mutfak temas\u0131na m\u00fckemmel bir \u015fekilde uyuyor.<\/p>\n<p>Bu yeni \u00fcr\u00fcn\u00fcn piyasaya s\u00fcr\u00fclmesinden bu yana online sat\u0131\u015flar\u0131 artt\u0131.<\/p>\n<h2>\u00d6zelle\u015ftirme \u0130pu\u00e7lar\u0131n\u0131z<\/h2>\n<p>Bu baharat \u015fi\u015felerinin \u00e7e\u015fitli \u00f6zelle\u015ftirme se\u00e7enekleri, marka imaj\u0131n\u0131za uygun d\u0131\u015f kabuk rengini se\u00e7menize olanak tan\u0131r; geleneksel siyah, krem \u200b\u200bbeyaz\u0131 veya metalik g\u00fcm\u00fc\u015f gibi. \u00c7e\u015fni dozaj\u0131n\u0131n kontrol\u00fcn\u00fc kolayla\u015ft\u0131rmak i\u00e7in d\u00f6ner bir a\u011f\u0131zl\u0131k bulunur. Bu baharat \u015fi\u015feleri, borosilikat cam ve paslanmaz \u00e7elik kar\u0131\u015f\u0131m\u0131ndan \u00fcretilebilir, bu nedenle sadece dayan\u0131kl\u0131 olmakla kalmaz, ayn\u0131 zamanda g\u00f6rsel olarak da ho\u015ftur. Marka bilinirli\u011fi i\u00e7in marka logonuzu \u015fi\u015feye veya kapa\u011fa bast\u0131rabilirsiniz. Ayr\u0131ca, onu zarif bir mutfak hediyesi veya promosyon seti haline getirecek bir hediye kutusu se\u00e7ene\u011fi de mevcuttur.<\/p>","protected":false},"excerpt":{"rendered":"<p>Canl\u0131 paslanmaz \u00e7elik baharat \u00e7alkalay\u0131c\u0131lar, ayarlanabilir kapakl\u0131 baharat \u015fi\u015feleri, tuz, karabiber ve otlar\u0131 \u015f\u0131k ve taze bir \u015fekilde saklamak i\u00e7in m\u00fckemmeldir.<\/p>","protected":false},"featured_media":2439,"template":"","meta":{"postBodyCss":"","postBodyMargin":[],"postBodyPadding":[],"postBodyBackground":{"backgroundType":"classic","gradient":""}},"product_brand":[],"product_cat":[53,15,17],"product_tag":[],"class_list":{"0":"post-2438","1":"product","2":"type-product","3":"status-publish","4":"has-post-thumbnail","6":"product_cat-spice-jars","7":"product_cat-glass-containers","8":"product_cat-glass-jars","10":"first","11":"instock","12":"shipping-taxable","13":"product-type-simple"},"jetpack_sharing_enabled":true,"_links":{"self":[{"href":"https:\/\/minghanggroup.com\/tr\/wp-json\/wp\/v2\/product\/2438","targetHints":{"allow":["GET"]}}],"collection":[{"href":"https:\/\/minghanggroup.com\/tr\/wp-json\/wp\/v2\/product"}],"about":[{"href":"https:\/\/minghanggroup.com\/tr\/wp-json\/wp\/v2\/types\/product"}],"wp:featuredmedia":[{"embeddable":true,"href":"https:\/\/minghanggroup.com\/tr\/wp-json\/wp\/v2\/media\/2439"}],"wp:attachment":[{"href":"https:\/\/minghanggroup.com\/tr\/wp-json\/wp\/v2\/media?parent=2438"}],"wp:term":[{"taxonomy":"product_brand","embeddable":true,"href":"https:\/\/minghanggroup.com\/tr\/wp-json\/wp\/v2\/product_brand?post=2438"},{"taxonomy":"product_cat","embeddable":true,"href":"https:\/\/minghanggroup.com\/tr\/wp-json\/wp\/v2\/product_cat?post=2438"},{"taxonomy":"product_tag","embeddable":true,"href":"https:\/\/minghanggroup.com\/tr\/wp-json\/wp\/v2\/product_tag?post=2438"}],"curies":[{"name":"wp","href":"https:\/\/api.w.org\/{rel}","templated":true}]}}