{"id":2433,"date":"2025-11-06T09:19:13","date_gmt":"2025-11-06T01:19:13","guid":{"rendered":"https:\/\/minghanggroup.com\/?post_type=product&#038;p=2433"},"modified":"2026-03-02T15:19:16","modified_gmt":"2026-03-02T07:19:16","slug":"wholesale-empty-clear-glass-bbq-sauce-bottles","status":"publish","type":"product","link":"https:\/\/minghanggroup.com\/tr\/urun\/wholesale-empty-clear-glass-bbq-sauce-bottles\/","title":{"rendered":"Toptan Bo\u015f \u015eeffaf Cam Barbek\u00fc Sosu \u015ei\u015feleri 267ml 473ml"},"content":{"rendered":"<p>Bu sos \u015fi\u015fesi, k\u0131vr\u0131mlar veya gereksiz s\u00fcslemeler olmadan d\u00fcz duvarl\u0131, yuvarlak bir cam tasar\u0131ma sahiptir. Saf, \u015feffaf g\u00f6vdesi, ac\u0131 sosunuzu, barbek\u00fc sosunuzu veya alt\u0131n rengi salata sosunuzu g\u00f6rsel odak noktas\u0131 haline getirir.<\/p>\n<h2>\u00dcr\u00fcn \u00d6zellikleri<\/h2>\n<ul>\n<li><strong>\u015eeffaf Cam Malzemesi:<\/strong> \u015eeffaf cam ambalaj\u0131 sayesinde \u00fcr\u00fcn\u00fcn rengi ve k\u0131vam\u0131 m\u00fc\u015fterilerin hemen dikkatini \u00e7eken bir unsur haline gelir.<\/li>\n<li><strong>Minimalist Tasar\u0131m:<\/strong> \u015eeffaf \u015fi\u015fesi ve g\u00fcm\u00fc\u015f ya da siyah kapa\u011f\u0131yla sade ve \u015f\u0131k bir g\u00f6r\u00fcnt\u00fc sunan bu \u00fcr\u00fcn, hem kullan\u0131\u015fl\u0131 hem de \u00e7ok y\u00f6nl\u00fc.<\/li>\n<li><strong>\u00c7ift Kapasite Se\u00e7enekleri:<\/strong> 267 ml ve 473 ml olmak \u00fczere iki farkl\u0131 \u015fi\u015fe kapasitesi se\u00e7ene\u011fi mevcuttur; bunlar, ister az miktarda \u00f6zel sos, ister b\u00fcy\u00fck miktarda barbek\u00fc sosu saklama ihtiyac\u0131n\u0131z\u0131 m\u00fckemmel \u015fekilde kar\u015f\u0131layabilir.<\/li>\n<\/ul>\n<h2 style=\"text-align: left;\">Temel \u00d6zellikler<\/h2>\n<table class=\"aligncenter\" style=\"border-collapse: collapse; width: 435.77pt;\" border=\"0\" width=\"581\" cellspacing=\"0\" cellpadding=\"0\">\n<tbody>\n<tr style=\"height: 13.50pt;\">\n<td style=\"height: 13.50pt; width: 119.25pt;\" width=\"159\" height=\"18\">\u00d6zellik<\/td>\n<td style=\"width: 316.50pt;\" width=\"422\">\u015eartname<\/td>\n<\/tr>\n<tr style=\"height: 13.50pt;\">\n<td style=\"height: 13.50pt;\" height=\"18\">Kapasiteler<\/td>\n<td>267 ml, 473 ml<\/td>\n<\/tr>\n<tr style=\"height: 13.50pt;\">\n<td style=\"height: 13.50pt;\" height=\"18\">Paketleme Boyutu<\/td>\n<td>20 \u00d7 15 \u00d7 15 cm (her iki boyutta da ayn\u0131)<\/td>\n<\/tr>\n<tr style=\"height: 13.50pt;\">\n<td style=\"height: 13.50pt;\" height=\"18\">\u015eekil<\/td>\n<td>D\u00fcz silindirik yuvarlak cam \u015fi\u015fe<\/td>\n<\/tr>\n<tr style=\"height: 13.50pt;\">\n<td style=\"height: 13.50pt;\" height=\"18\">Malzeme<\/td>\n<td>\u015eeffaf cam stout, g\u0131da s\u0131n\u0131f\u0131, kur\u015funsuz<\/td>\n<\/tr>\n<tr style=\"height: 13.50pt;\">\n<td style=\"height: 13.50pt;\" height=\"18\">Kapatma Se\u00e7enekleri<\/td>\n<td>Siyah veya g\u00fcm\u00fc\u015f vidal\u0131 kapak (\u00f6zelle\u015ftirilebilir)<\/td>\n<\/tr>\n<tr style=\"height: 13.50pt;\">\n<td style=\"height: 13.50pt;\" height=\"18\">En \u0130yisi \u0130\u00e7in<\/td>\n<td>Ac\u0131 sos, barbek\u00fc sosu, \u00e7e\u015fni<\/td>\n<\/tr>\n<tr style=\"height: 13.50pt;\">\n<td style=\"height: 13.50pt;\" height=\"18\">\u0130deal Kullan\u0131m<\/td>\n<td>Toptan ac\u0131 sos \u015fi\u015feleri, barbek\u00fc sosu \u015fi\u015feleri<\/td>\n<\/tr>\n<\/tbody>\n<\/table>\n<h2>Ba\u015far\u0131 \u00d6yk\u00fcs\u00fc: Bir Baharat \u015eirketi Paketlemeyi Nas\u0131l Basitle\u015ftirdi?<\/h2>\n<p>Sos satan ve h\u0131zla b\u00fcy\u00fcyen \u015firket, \u00fcr\u00fcnlerini paketlemek i\u00e7in \u00e7e\u015fitli \u015fi\u015feler kullan\u0131yordu ve bu da envanter ve nakliye y\u00f6netiminde zorluklara yol a\u00e7\u0131yordu. 2024&#039;\u00fcn ba\u015f\u0131nda toptan ac\u0131 sos \u015fi\u015felerimizi denediler ve 3.000 adetlik (her boyuttan 1.500 adet) ilk sipari\u015flerini verdiler. Sonu\u00e7 \u015fa\u015f\u0131rt\u0131c\u0131yd\u0131: 473 ml ac\u0131 sos \u015fi\u015feleri kullanan bir barbek\u00fc markas\u0131, m\u00fc\u015fterilerin modaya uygun tasar\u0131m ve d\u00f6kmesi kolay boyun k\u0131sm\u0131ndan etkilenmesiyle perakende sat\u0131\u015flar\u0131nda &#039;lik bir art\u0131\u015f ya\u015fad\u0131. Bir ac\u0131 sos \u00fcreticisi 267 ml&#039;lik numune \u015fi\u015feleriyle deneme yapt\u0131 ve m\u00fc\u015fterilerin tekrar sat\u0131n almalar\u0131nda &#039;lik bir art\u0131\u015f g\u00f6rd\u00fc; kullan\u0131c\u0131lar \u00fcr\u00fcn\u00fc denedikten sonra tam boy \u00fcr\u00fcn\u00fc sat\u0131n alma isteklerini dile getirdiler. \u015eu anda her \u00e7eyrekte her iki boyutta da toplu sipari\u015f veriyorlar; bu da basitle\u015ftirilmi\u015f ve \u00f6l\u00e7eklenebilir paketleme \u00e7\u00f6z\u00fcmlerinin etkinli\u011finin a\u00e7\u0131k bir g\u00f6stergesi.<\/p>\n<h2>\u015ei\u015fe \u00d6zelle\u015ftirme \u00d6nerileri<\/h2>\n<ul>\n<li><strong>Cam Renk Se\u00e7enekleri:<\/strong> Kehribar veya ye\u015fil camdan yap\u0131lm\u0131\u015f yuvarlak cam \u015fi\u015feler, rafta ilgi \u00e7ekici ve benzersiz bir sunum olabilece\u011fi gibi \u0131\u015f\u0131\u011fa duyarl\u0131 \u00fcr\u00fcnler i\u00e7in de koruma sa\u011flayabilir.<\/li>\n<li><strong>\u00d6zel\u200b\u200d\u200b\u200c\u200d\u200b\u200d\u200c\u200b\u200d\u200b\u200c\u200d\u200b\u200d\u200c \u015eapka Renkleri:<\/strong> \u00dcr\u00fcn gam\u0131n\u0131z\u0131 \u00f6ne \u00e7\u0131karmak veya marka imaj\u0131n\u0131z\u0131 yans\u0131tmak i\u00e7in farkl\u0131 kapak renkleri, \u00f6rne\u011fin g\u00fcm\u00fc\u015f, alt\u0131n veya beyaz, kullanman\u0131z m\u00fcmk\u00fcnd\u00fcr.<\/li>\n<li><strong>Serigrafi Grafikler:<\/strong> Logonuzu veya istedi\u011finiz herhangi bir tasar\u0131m\u0131 do\u011frudan cam y\u00fczeye basman\u0131z m\u00fcmk\u00fcnd\u00fcr, b\u00f6ylece g\u00f6rsel ve fiziksel olarak kab\u0131n ayr\u0131lmaz bir par\u00e7as\u0131 olan dayan\u0131kl\u0131, suya dayan\u0131kl\u0131 bir etiket elde edebilirsiniz.<\/li>\n<li><strong>Ak\u0131\u015f Reg\u00fclat\u00f6r\u00fc Se\u00e7enekleri:<\/strong> Sosunuzun viskozitesine uygun bir ak\u0131\u015f reg\u00fclat\u00f6r\u00fc boyutu se\u00e7erek, ister ince bir \u015furup ister koyu bir barbek\u00fc sosu olsun, ak\u0131\u015f h\u0131z\u0131n\u0131 kontrol etmek kolay olacakt\u0131r.<\/li>\n<\/ul>","protected":false},"excerpt":{"rendered":"<p>Kal\u0131n ve \u015feffaf camdan yap\u0131lm\u0131\u015f birinci s\u0131n\u0131f sos \u015fi\u015feleri; barbek\u00fc sosu veya ac\u0131 sos i\u00e7in m\u00fckemmeldir. Toplu barbek\u00fc sosu \u015fi\u015feleri i\u00e7in \u00fccretsiz numunelerle birlikte \u00f6zel markalama mevcuttur.<\/p>","protected":false},"featured_media":2435,"template":"","meta":{"postBodyCss":"","postBodyMargin":[],"postBodyPadding":[],"postBodyBackground":{"backgroundType":"classic","gradient":""}},"product_brand":[],"product_cat":[15,16,54],"product_tag":[72,98],"class_list":{"0":"post-2433","1":"product","2":"type-product","3":"status-publish","4":"has-post-thumbnail","6":"product_cat-glass-containers","7":"product_cat-glass-bottles","8":"product_cat-hot-sauce-bottles","9":"product_tag-juice-bottles","10":"product_tag-salad-dressing-bottles","12":"first","13":"instock","14":"shipping-taxable","15":"product-type-simple"},"jetpack_sharing_enabled":true,"_links":{"self":[{"href":"https:\/\/minghanggroup.com\/tr\/wp-json\/wp\/v2\/product\/2433","targetHints":{"allow":["GET"]}}],"collection":[{"href":"https:\/\/minghanggroup.com\/tr\/wp-json\/wp\/v2\/product"}],"about":[{"href":"https:\/\/minghanggroup.com\/tr\/wp-json\/wp\/v2\/types\/product"}],"wp:featuredmedia":[{"embeddable":true,"href":"https:\/\/minghanggroup.com\/tr\/wp-json\/wp\/v2\/media\/2435"}],"wp:attachment":[{"href":"https:\/\/minghanggroup.com\/tr\/wp-json\/wp\/v2\/media?parent=2433"}],"wp:term":[{"taxonomy":"product_brand","embeddable":true,"href":"https:\/\/minghanggroup.com\/tr\/wp-json\/wp\/v2\/product_brand?post=2433"},{"taxonomy":"product_cat","embeddable":true,"href":"https:\/\/minghanggroup.com\/tr\/wp-json\/wp\/v2\/product_cat?post=2433"},{"taxonomy":"product_tag","embeddable":true,"href":"https:\/\/minghanggroup.com\/tr\/wp-json\/wp\/v2\/product_tag?post=2433"}],"curies":[{"name":"wp","href":"https:\/\/api.w.org\/{rel}","templated":true}]}}