{"id":2428,"date":"2025-11-05T15:24:26","date_gmt":"2025-11-05T07:24:26","guid":{"rendered":"https:\/\/minghanggroup.com\/?post_type=product&#038;p=2428"},"modified":"2026-03-02T15:18:57","modified_gmt":"2026-03-02T07:18:57","slug":"custom-hot-sauce-bottles-with-textured-glass-design","status":"publish","type":"product","link":"https:\/\/minghanggroup.com\/tr\/urun\/custom-hot-sauce-bottles-with-textured-glass-design\/","title":{"rendered":"Dokulu Cam Tasar\u0131ml\u0131 \u00d6zel Ac\u0131 Sos \u015ei\u015feleri 375ml 500ml"},"content":{"rendered":"<p>\u015eeffaf camdan \u00fcretilen bu ac\u0131 sos \u015fi\u015feleri, rahat tutu\u015f i\u00e7in dikey oluklara sahiptir, bu sayede ya\u011fl\u0131 yiyecekler i\u00e7in m\u00fckemmeldir ve ambalajlar\u0131n\u0131za \u015f\u0131kl\u0131k katar.<\/p>\n<h2>\u00dcr\u00fcn \u00d6zellikleri<\/h2>\n<ul>\n<li><strong>Kayd\u0131rmadan Tutun:<\/strong> Tasarlanan dokusu kullan\u0131c\u0131ya kavrama kolayl\u0131\u011f\u0131 sa\u011flad\u0131\u011f\u0131ndan ya\u011fl\u0131 ellerde bile rahatl\u0131kla kullan\u0131labilir.<\/li>\n<li><strong>Uzun \u00f6m\u00fcrl\u00fc ve toptan sat\u0131\u015fa uygundur:<\/strong> Sa\u011flam, \u015feffaf cam \u015fi\u015feler b\u00fcy\u00fck miktarlarda sevk edilebilir ve a\u015f\u0131nmadan g\u00fcnl\u00fck olarak kullan\u0131labilir, bu nedenle toplu ac\u0131 sos veya restoran sos istasyonlar\u0131 i\u00e7in m\u00fckemmel bir \u00e7\u00f6z\u00fcmd\u00fcr.<\/li>\n<li><strong>\u0130ki boyutta mevcuttur:<\/strong> 375 ml (k\u00fc\u00e7\u00fck perakende) ve 500 ml (b\u00fcy\u00fck toplu) farkl\u0131 ama\u00e7lara hizmet eder.<\/li>\n<\/ul>\n<h2 style=\"text-align: left;\">Temel \u00d6zellikler<\/h2>\n<table class=\"aligncenter\" style=\"border-collapse: collapse; width: 468.77pt;\" border=\"0\" width=\"625\" cellspacing=\"0\" cellpadding=\"0\">\n<tbody>\n<tr style=\"height: 13.50pt;\">\n<td style=\"height: 13.50pt; width: 127.50pt;\" width=\"170\" height=\"18\">\u00d6zellik<\/td>\n<td style=\"width: 341.25pt;\" width=\"455\">\u015eartname<\/td>\n<\/tr>\n<tr style=\"height: 13.50pt;\">\n<td style=\"height: 13.50pt;\" height=\"18\">Kapasiteler<\/td>\n<td>375 ml ve 500 ml<\/td>\n<\/tr>\n<tr style=\"height: 13.50pt;\">\n<td style=\"height: 13.50pt;\" height=\"18\">Paketleme Boyutu<\/td>\n<td>20\u00d715\u00d715 cm (her iki boyuta da uygundur)<\/td>\n<\/tr>\n<tr style=\"height: 13.50pt;\">\n<td style=\"height: 13.50pt;\" height=\"18\">Malzeme<\/td>\n<td>\u015eeffaf cam stout, g\u0131da s\u0131n\u0131f\u0131<\/td>\n<\/tr>\n<tr style=\"height: 13.50pt;\">\n<td style=\"height: 13.50pt;\" height=\"18\">Y\u00fczey<\/td>\n<td>Kavrama i\u00e7in dikey nerv\u00fcrl\u00fc doku<\/td>\n<\/tr>\n<tr style=\"height: 13.50pt;\">\n<td style=\"height: 13.50pt;\" height=\"18\">Kapatma Se\u00e7enekleri<\/td>\n<td>Siyah veya alt\u0131n vidal\u0131 kapak<\/td>\n<\/tr>\n<tr style=\"height: 13.50pt;\">\n<td style=\"height: 13.50pt;\" height=\"18\">En \u0130yisi \u0130\u00e7in<\/td>\n<td>Ac\u0131 sos, sirke, sos, ac\u0131 sos, \u00e7e\u015fni<\/td>\n<\/tr>\n<tr style=\"height: 13.50pt;\">\n<td style=\"height: 13.50pt;\" height=\"18\">\u0130deal Kullan\u0131m<\/td>\n<td>Toptan ac\u0131 sos \u015fi\u015feleri, ac\u0131 sos \u015fi\u015feleri<\/td>\n<\/tr>\n<\/tbody>\n<\/table>\n<h2>Ba\u015far\u0131 Hikayesi: Doku Marka Tan\u0131n\u0131rl\u0131\u011f\u0131n\u0131 Nas\u0131l Art\u0131r\u0131r?<\/h2>\n<p>H\u0131zl\u0131 barbek\u00fc sos markas\u0131, \u00fcr\u00fcnlerinin ayn\u0131 yuvarlak cam \u015fi\u015fe tasar\u0131m\u0131n\u0131 kullanan rakiplerinden ay\u0131rt edilemez olmas\u0131 sorunuyla kar\u015f\u0131 kar\u015f\u0131ya kald\u0131. Sonunda, lider \u00fcr\u00fcnlerinin ambalaj\u0131 olarak alt\u0131n kapakl\u0131 500 ml dokulu cam ac\u0131 sos \u015fi\u015femizi se\u00e7tiler. Bunun ard\u0131ndan \u015firket, alt\u0131 aydan k\u0131sa bir s\u00fcrede ticari sat\u0131\u015flar\u0131nda &#039;l\u0131k bir b\u00fcy\u00fcme kaydetti ve ayr\u0131ca, sa\u011flam tutu\u015f sayesinde \u00fcr\u00fcnlerin nakliyesi s\u0131ras\u0131nda k\u0131r\u0131lmalar oran\u0131nda azald\u0131 ve b\u00f6ylece i\u015fletme maliyetleri d\u00fc\u015ft\u00fc. M\u00fc\u015fteri \u00e7ok memnun kald\u0131 ve her biri 100.000 \u015fi\u015felik d\u00f6rt toplu sipari\u015f vermeye karar verdi.<\/p>\n<h2>Sos \u015ei\u015fesi \u00d6zelle\u015ftirme Se\u00e7enekleri<\/h2>\n<p>Benzersiz sos \u015fi\u015feleri yaratmak i\u00e7in a\u015fa\u011f\u0131daki cam \u00f6zelle\u015ftirme se\u00e7eneklerini kullan\u0131n:<\/p>\n<ul>\n<li>Doku Derinli\u011fi De\u011fi\u015fimi: \u00c7arp\u0131c\u0131 g\u00f6rsel ill\u00fczyonlar yaratmak i\u00e7in a\u00e7\u0131k ve koyu dokular\u0131 d\u00f6n\u00fc\u015f\u00fcml\u00fc olarak kullan\u0131n.<\/li>\n<li>Buzlu\u200b\u200d\u200b\u200c\u200d\u200b\u200d\u200c\u200b\u200d\u200b\u200c\u200d\u200b\u200d\u200c Doku: Dokulu b\u00f6lgelere mat buzlu bir y\u00fczey uygulan\u0131rsa, \u0131\u015f\u0131k yay\u0131l\u0131m\u0131 ve kavrama b\u00fcy\u00fck \u00f6l\u00e7\u00fcde iyile\u015ftirilebilir.<\/li>\n<li>Alt K\u0131sma Bask\u0131l\u0131 Logo: \u015eirketinizin logosu \u015f\u0131k bir alt panele bas\u0131labilir ve bu sayede hem ho\u015f hem de g\u00f6ze batmayan bir g\u00f6r\u00fcn\u00fcm elde edilir.<\/li>\n<li>Vitray Dokusu: Kehribar veya ye\u015fil cam \u015fi\u015felere dokulu desenler uygulay\u0131n.<\/li>\n<\/ul>\n<p>O halde, bu kullan\u0131\u015fl\u0131 cam sos \u015fi\u015felerinin toptan fiyatlar\u0131 i\u00e7in neden bizimle ileti\u015fime ge\u00e7miyorsunuz?<\/p>","protected":false},"excerpt":{"rendered":"<p>Zarif dokulara sahip, premium markalar i\u00e7in ideal, y\u00fcksek kaliteli ac\u0131 sos \u015fi\u015feleri. Dayan\u0131kl\u0131, logolarla \u00f6zelle\u015ftirilebilir, toptan indirimlerle toplu olarak mevcuttur.<\/p>","protected":false},"featured_media":2429,"template":"","meta":{"postBodyCss":"","postBodyMargin":[],"postBodyPadding":[],"postBodyBackground":{"backgroundType":"classic","gradient":""}},"product_brand":[],"product_cat":[15,16,54],"product_tag":[72,98],"class_list":{"0":"post-2428","1":"product","2":"type-product","3":"status-publish","4":"has-post-thumbnail","6":"product_cat-glass-containers","7":"product_cat-glass-bottles","8":"product_cat-hot-sauce-bottles","9":"product_tag-juice-bottles","10":"product_tag-salad-dressing-bottles","12":"first","13":"instock","14":"shipping-taxable","15":"product-type-simple"},"jetpack_sharing_enabled":true,"_links":{"self":[{"href":"https:\/\/minghanggroup.com\/tr\/wp-json\/wp\/v2\/product\/2428","targetHints":{"allow":["GET"]}}],"collection":[{"href":"https:\/\/minghanggroup.com\/tr\/wp-json\/wp\/v2\/product"}],"about":[{"href":"https:\/\/minghanggroup.com\/tr\/wp-json\/wp\/v2\/types\/product"}],"wp:featuredmedia":[{"embeddable":true,"href":"https:\/\/minghanggroup.com\/tr\/wp-json\/wp\/v2\/media\/2429"}],"wp:attachment":[{"href":"https:\/\/minghanggroup.com\/tr\/wp-json\/wp\/v2\/media?parent=2428"}],"wp:term":[{"taxonomy":"product_brand","embeddable":true,"href":"https:\/\/minghanggroup.com\/tr\/wp-json\/wp\/v2\/product_brand?post=2428"},{"taxonomy":"product_cat","embeddable":true,"href":"https:\/\/minghanggroup.com\/tr\/wp-json\/wp\/v2\/product_cat?post=2428"},{"taxonomy":"product_tag","embeddable":true,"href":"https:\/\/minghanggroup.com\/tr\/wp-json\/wp\/v2\/product_tag?post=2428"}],"curies":[{"name":"wp","href":"https:\/\/api.w.org\/{rel}","templated":true}]}}