{"id":2423,"date":"2025-11-05T14:10:38","date_gmt":"2025-11-05T06:10:38","guid":{"rendered":"https:\/\/minghanggroup.com\/?post_type=product&#038;p=2423"},"modified":"2025-11-05T17:02:08","modified_gmt":"2025-11-05T09:02:08","slug":"wholesale-woozy-bottles-for-hot-sauce-packaging","status":"publish","type":"product","link":"https:\/\/minghanggroup.com\/tr\/urun\/wholesale-woozy-bottles-for-hot-sauce-packaging\/","title":{"rendered":"Toptan 3oz, 5oz, 8oz Woozy Ac\u0131 Sos Paketleme \u015ei\u015feleri"},"content":{"rendered":"<p>Tipik olarak ac\u0131 sos \u015fi\u015feleri \u015feklinde olan Woozy \u015fi\u015fesi \u015feffaft\u0131r ve 0 saf camdan yap\u0131lm\u0131\u015ft\u0131r. \u015ei\u015fe, kademeli olarak standart bir a\u00e7\u0131kl\u0131\u011fa do\u011fru daralan tek ve ince bir boyuna sahip dairesel bir yap\u0131ya sahiptir ve b\u00f6ylece kullan\u0131c\u0131ya kullan\u0131lan sos miktar\u0131 \u00fczerinde tam kontrol sa\u011flar.<\/p>\n<h2>\u00dcr\u00fcn \u00d6zellikleri<\/h2>\n<ul>\n<li><strong>Ak\u0131\u015f Kontrol\u00fc Hassast\u0131r:<\/strong> \u0130nce boyun k\u0131sm\u0131 ve tasar\u0131m\u0131n al\u0131\u015f\u0131lm\u0131\u015f a\u00e7\u0131kl\u0131\u011f\u0131 sayesinde ak\u0131\u015f\u0131 kontrol etmek i\u00e7in insanlara izin verilir, b\u00f6ylece tek elle tutulabilen kal\u0131n veya baharatl\u0131 bir sos olsa bile d\u00f6k\u00fclmeleri etkili bir \u015fekilde \u00f6nlenir.<\/li>\n<li><strong>\u00c7ok Y\u00f6nl\u00fc Kullan\u0131m:<\/strong> Bu kap, ister vinegret sosu, ister kremal\u0131 salata sosu, ister \u015furup olsun, her t\u00fcrl\u00fc sos i\u00e7in olduk\u00e7a uygundur.<\/li>\n<li><strong>\u015eeffaf Cam Malzemesi:<\/strong> \u015ei\u015fe \u015feffaf do\u011fal camdan yap\u0131lm\u0131\u015f olup, rengi ve \u015fi\u015fede kalan sos miktar\u0131 rahatl\u0131kla g\u00f6r\u00fclebilmektedir.<\/li>\n<\/ul>\n<h2 style=\"text-align: left;\">Temel \u00d6zellikler<\/h2>\n<table class=\"aligncenter\" style=\"border-collapse: collapse; width: 516.02pt;\" border=\"0\" width=\"688\" cellspacing=\"0\" cellpadding=\"0\">\n<tbody>\n<tr style=\"height: 13.50pt;\">\n<td class=\"et2\" style=\"height: 13.50pt; width: 90.00pt;\" width=\"120\" height=\"18\">\u00d6zellik<\/td>\n<td class=\"et2\" style=\"width: 426.00pt;\" width=\"568\">\u015eartname<\/td>\n<\/tr>\n<tr style=\"height: 13.50pt;\">\n<td class=\"et2\" style=\"height: 13.50pt; width: 90.00pt;\" width=\"120\" height=\"18\">Kapasiteler<\/td>\n<td class=\"et2\" style=\"width: 426.00pt;\" width=\"568\">90 ml\/3 oz (4 \u00d7 15,1 cm), 150 ml\/5 oz (4,8 \u00d7 17,2 cm), 250 ml\/8 oz (5,5 \u00d7 19,8 cm)<\/td>\n<\/tr>\n<tr style=\"height: 13.50pt;\">\n<td class=\"et2\" style=\"height: 13.50pt; width: 90.00pt;\" width=\"120\" height=\"18\">Malzeme<\/td>\n<td class=\"et2\" style=\"width: 426.00pt;\" width=\"568\">\u015eeffaf cam stout, g\u0131da s\u0131n\u0131f\u0131, kur\u015funsuz<\/td>\n<\/tr>\n<tr style=\"height: 13.50pt;\">\n<td class=\"et2\" style=\"height: 13.50pt; width: 90.00pt;\" width=\"120\" height=\"18\">Kapan\u0131\u015f<\/td>\n<td class=\"et2\" style=\"width: 426.00pt;\" width=\"568\">Vidal\u0131 kapak (siyah veya \u00f6zel renk)<\/td>\n<\/tr>\n<tr style=\"height: 13.50pt;\">\n<td class=\"et2\" style=\"height: 13.50pt; width: 90.00pt;\" width=\"120\" height=\"18\">En \u0130yisi \u0130\u00e7in<\/td>\n<td class=\"et2\" style=\"width: 426.00pt;\" width=\"568\">Ac\u0131 sos, sos, salata sosu<\/td>\n<\/tr>\n<tr style=\"height: 13.50pt;\">\n<td class=\"et2\" style=\"height: 13.50pt; width: 90.00pt;\" width=\"120\" height=\"18\">\u0130deal Kullan\u0131m<\/td>\n<td class=\"et2\" style=\"width: 426.00pt;\" width=\"568\">Toplu ac\u0131 sos \u015fi\u015feleri, \u00e7e\u015fni \u015fi\u015feleri, woozy \u015fi\u015fesi<\/td>\n<\/tr>\n<\/tbody>\n<\/table>\n<h2>Ba\u015far\u0131 Hikayesi: Klasik Bir \u00dcr\u00fcne Sahip Bir Giri\u015fimin \u00d6l\u00e7eklenebilir Hale Gelmesi<\/h2>\n<p>H\u0131zla b\u00fcy\u00fcyen bir el yap\u0131m\u0131 ac\u0131 sos \u00fcreticisi bir sorunla kar\u015f\u0131 kar\u015f\u0131yayd\u0131: M\u00fc\u015fterileri ya s\u0131zd\u0131ran ve d\u00fc\u015f\u00fck kaliteli plastik \u015fi\u015felerle ya da tam oturmayan cam \u015fi\u015felerle u\u011fra\u015f\u0131yordu. Siyah kapakl\u0131 150 ml&#039;lik delikli cam \u015fi\u015felere ge\u00e7tikten sonra performanslar\u0131nda b\u00fcy\u00fck bir de\u011fi\u015fim g\u00f6rd\u00fcler. Klasik \u015fi\u015fe tasar\u0131m\u0131, m\u00fc\u015fteri g\u00fcvenini olu\u015fturmak i\u00e7in harika bir ara\u00e7t\u0131r; bir ac\u0131 sos markas\u0131, online sat\u0131\u015flar\u0131nda &#039;lik bir art\u0131\u015f bildirdi. Bu art\u0131\u015f, \u015fi\u015fe boynundaki, sos d\u00f6k\u00fclmesini daha iyi kontrol etmeye yard\u0131mc\u0131 olan ak\u0131\u015f s\u0131n\u0131rlay\u0131c\u0131 sayesinde sa\u011fland\u0131 ve b\u00f6ylece israf oran\u0131nda azald\u0131. Bu ba\u015far\u0131, \u015firketin tekrarlayan sipari\u015flerinin tur ba\u015f\u0131na 50.000 \u015fi\u015feden 250.000 \u015fi\u015feye f\u0131rlamas\u0131n\u0131 sa\u011flad\u0131. Ard\u0131ndan \u00fcr\u00fcn yelpazesini geni\u015flettiler ve h\u00e2l\u00e2 kataloglar\u0131m\u0131zdaki \u00fc\u00e7 boyutu da kullan\u0131yorlar.<\/p>\n<h2>Ac\u0131 Sos \u00d6zelle\u015ftirme \u00d6nerileri i\u00e7in \u015ei\u015feler<\/h2>\n<ul>\n<li><strong>Buzlu \u015ei\u015fe:<\/strong> Tek par\u00e7a mat y\u00fczey, yumu\u015fak ve mat bir g\u00f6r\u00fcn\u00fcm kazand\u0131r\u0131r, parmak izi g\u00f6r\u00fcn\u00fcm\u00fcn\u00fc azalt\u0131r ve \u00fcr\u00fcn\u00fcn alg\u0131lanan de\u011ferini art\u0131r\u0131r.<\/li>\n<li><strong>Y\u00fckseltilmi\u015f Hacim \u0130\u015faretleri:<\/strong> Boyun k\u0131sm\u0131ndaki kabartmal\u0131 harfler hacmi belirtir, tarif veya sos etiketlemek i\u00e7in idealdir.<\/li>\n<li><strong>Serigrafi Bask\u0131l\u0131 Logo:<\/strong> Logonuz, zaman i\u00e7inde canl\u0131l\u0131\u011f\u0131n\u0131 koruyan, dayan\u0131kl\u0131 ve y\u00fcksek kaliteli bir marka kimli\u011fiyle do\u011frudan cam \u015fi\u015fenizin \u00fczerine serigrafi bask\u0131yla bas\u0131labilir.<\/li>\n<li><strong>Vitray Se\u00e7enekleri:<\/strong> I\u015f\u0131\u011fa duyarl\u0131 malzemeleri korumak ve ayn\u0131 zamanda vintage bir g\u00f6r\u00fcn\u00fcm olu\u015fturmak i\u00e7in kehribar veya ye\u015fil camlar kullan\u0131labilir.<\/li>\n<\/ul>","protected":false},"excerpt":{"rendered":"<p>\u00c7e\u015fitli soslar i\u00e7in ideal, birinci s\u0131n\u0131f Woozy \u015fi\u015feler. Toplu olarak sat\u0131lan y\u00fcksek kaliteli ac\u0131 sos \u015fi\u015feleri, restoranlar ve g\u0131da fabrikalar\u0131 i\u00e7in m\u00fckemmeldir. \u00dccretsiz numuneler.<\/p>","protected":false},"featured_media":2427,"template":"","meta":{"postBodyCss":"","postBodyMargin":[],"postBodyPadding":[],"postBodyBackground":{"backgroundType":"classic","gradient":""}},"product_brand":[],"product_cat":[15,16,54],"product_tag":[],"class_list":{"0":"post-2423","1":"product","2":"type-product","3":"status-publish","4":"has-post-thumbnail","6":"product_cat-glass-containers","7":"product_cat-glass-bottles","8":"product_cat-hot-sauce-bottles","10":"first","11":"instock","12":"shipping-taxable","13":"product-type-simple"},"jetpack_sharing_enabled":true,"_links":{"self":[{"href":"https:\/\/minghanggroup.com\/tr\/wp-json\/wp\/v2\/product\/2423","targetHints":{"allow":["GET"]}}],"collection":[{"href":"https:\/\/minghanggroup.com\/tr\/wp-json\/wp\/v2\/product"}],"about":[{"href":"https:\/\/minghanggroup.com\/tr\/wp-json\/wp\/v2\/types\/product"}],"wp:featuredmedia":[{"embeddable":true,"href":"https:\/\/minghanggroup.com\/tr\/wp-json\/wp\/v2\/media\/2427"}],"wp:attachment":[{"href":"https:\/\/minghanggroup.com\/tr\/wp-json\/wp\/v2\/media?parent=2423"}],"wp:term":[{"taxonomy":"product_brand","embeddable":true,"href":"https:\/\/minghanggroup.com\/tr\/wp-json\/wp\/v2\/product_brand?post=2423"},{"taxonomy":"product_cat","embeddable":true,"href":"https:\/\/minghanggroup.com\/tr\/wp-json\/wp\/v2\/product_cat?post=2423"},{"taxonomy":"product_tag","embeddable":true,"href":"https:\/\/minghanggroup.com\/tr\/wp-json\/wp\/v2\/product_tag?post=2423"}],"curies":[{"name":"wp","href":"https:\/\/api.w.org\/{rel}","templated":true}]}}