{"id":2399,"date":"2025-11-04T15:52:22","date_gmt":"2025-11-04T07:52:22","guid":{"rendered":"https:\/\/minghanggroup.com\/?post_type=product&#038;p=2399"},"modified":"2025-11-14T10:07:42","modified_gmt":"2025-11-14T02:07:42","slug":"striped-empty-spice-jars-with-lids-bulk","status":"publish","type":"product","link":"https:\/\/minghanggroup.com\/tr\/urun\/striped-empty-spice-jars-with-lids-bulk\/","title":{"rendered":"5oz \u00c7izgili Bo\u015f Baharat Kavanozlar\u0131 Kapakl\u0131 Toplu Sat\u0131\u015f"},"content":{"rendered":"<p>Mutfa\u011f\u0131n\u0131z\u0131 kaotik bir g\u00f6r\u00fcn\u00fcme sokan da\u011f\u0131n\u0131k baharat saklama alanlar\u0131yla u\u011fra\u015fmaya son. Mutfa\u011f\u0131n\u0131z\u0131 \u015f\u0131k bir alana d\u00f6n\u00fc\u015ft\u00fcr\u00fcrken baharatlar\u0131n\u0131z\u0131 taze tutan birinci s\u0131n\u0131f bo\u015f baharat kavanozlar\u0131 \u00fcretiyoruz. Bunlar sadece kaplar de\u011fil; markan\u0131z\u0131n mutfak d\u00fczeni ve g\u0131da ambalaj\u0131 i\u00e7in yeni gizli silah\u0131.<\/p>\n<h2>\u00dcr\u00fcn \u00d6zellikleri<\/h2>\n<ol>\n<li><strong>Kristal\u200b\u200d\u200b\u200c\u200d\u200b\u200d\u200c\u200b\u200d\u200b\u200c\u200d\u200b\u200d\u200c Berrakl\u0131k:<\/strong>Sa\u011flam ve \u015feffaf cam, baharat kaplar\u0131n\u0131z\u0131n ne zaman yeniden sipari\u015f edilece\u011fi konusunda endi\u015felenmenize gerek kalmadan baharatlar\u0131n\u0131z\u0131n durumunu h\u0131zl\u0131ca kontrol etmenizi sa\u011flar.<\/li>\n<li><strong>Kolay Doldurma Tasar\u0131m\u0131:<\/strong>Geni\u015f a\u011fz\u0131 sayesinde tuz, \u015feker, karabiber, un veya mutfakta saklamak istedi\u011finiz di\u011fer toz baharatlar\u0131 kab\u0131n\u0131za rahatl\u0131kla doldurabilirsiniz.<\/li>\n<li><strong>Zarif Ergonomi:<\/strong>Yuvarlak cam baharat kavanozlar\u0131n\u0131z i\u00e7in, elinizin alt\u0131ndaki sade kavisli tasar\u0131m, herhangi bir \u00e7aba harcamadan yap\u0131lan d\u00f6kme i\u015flemi s\u0131ras\u0131nda rahat bir tutu\u015f ve saklama imkan\u0131 sa\u011flayacakt\u0131r.<\/li>\n<\/ol>\n<h2>Temel \u00d6zellikler<\/h2>\n<table style=\"border-collapse: collapse; width: 80%; margin-left: auto; margin-right: auto;\" border=\"0\" width=\"144\" cellspacing=\"0\" cellpadding=\"0\">\n<tbody>\n<tr style=\"height: 13.50pt;\">\n<td style=\"height: 13.5pt; width: 54pt; text-align: center;\" width=\"72\" height=\"18\">Kapasite<\/td>\n<td style=\"width: 54pt; text-align: center;\" width=\"72\">150 ml\/5 oz<\/td>\n<\/tr>\n<tr style=\"height: 13.50pt;\">\n<td style=\"height: 13.5pt; text-align: center;\" height=\"18\">Malzeme<\/td>\n<td style=\"text-align: center;\">Cam + Metal Kapak<\/td>\n<\/tr>\n<tr style=\"height: 13.50pt;\">\n<td style=\"height: 13.5pt; text-align: center;\" height=\"18\">Renk<\/td>\n<td style=\"text-align: center;\">\u015eeffaf, \u00d6zelle\u015ftirilebilir<\/td>\n<\/tr>\n<tr style=\"height: 13.50pt;\">\n<td style=\"height: 13.5pt; text-align: center;\" height=\"18\">Y\u00fczey \u0130\u015flem<\/td>\n<td style=\"text-align: center;\">Serigrafi bask\u0131\/buzlu\/\u00e7\u0131kartma\/renk spreyi\/etiket<\/td>\n<\/tr>\n<\/tbody>\n<\/table>\n<h2>Ba\u015far\u0131 \u00d6rne\u011fi<\/h2>\n<p>Bir \u0130talyan restoran zinciri, tuz, pul biber ve rendelenmi\u015f peynir gibi baharatlar\u0131n g\u00fcnl\u00fck tazelenmesi i\u00e7in bu yuvarlak cam sos kavanozlar\u0131n\u0131 ki\u015fiselle\u015ftirmemiz i\u00e7in bize ba\u015fvurdu. Her kapa\u011f\u0131n \u00fczerine restoran\u0131n logosu da kaz\u0131nm\u0131\u015ft\u0131, b\u00f6ylece l\u00fcks bir marka imaj\u0131 yarat\u0131lm\u0131\u015f oldu.<\/p>\n<p>Peki, sonunda nas\u0131l oldu? M\u00fc\u015fteriler, yeni \u00e7e\u015fni kavanozlar\u0131n\u0131 &#034;profesyonel ama samimi&#034; bir atmosferin ba\u015fl\u0131ca sebeplerinden biri olarak nitelendirdi; markan\u0131n 60&#039;tan fazla ma\u011fazada sat\u0131\u015fa sunulmas\u0131n\u0131n ard\u0131ndan ortaya \u00e7\u0131kan minimalist \u0130talyan tarz\u0131 da tam olarak buydu.<\/p>\n<h2>\u00d6zelle\u015ftirme \u0130pu\u00e7lar\u0131n\u0131z<\/h2>\n<p>Restoran\u0131n\u0131zdaki masalar\u0131n veya mutfa\u011f\u0131n\u0131zdaki aksesuarlar\u0131n dikkat \u00e7ekmesini mi istiyorsunuz? Bu bo\u015f baharat kavanozlar\u0131n\u0131 logonuzla veya \u00f6zg\u00fcn bir kapak tasar\u0131m\u0131yla ki\u015fiselle\u015ftirin. Paslanmaz \u00e7elik veya mat siyah kapaklar aras\u0131ndan se\u00e7im yapabilir, tuz, ac\u0131 biber veya peynir i\u00e7in delik boyutlar\u0131n\u0131 de\u011fi\u015ftirebilir ve ayr\u0131ca markan\u0131z\u0131n temas\u0131n\u0131 olu\u015fturmak i\u00e7in renkli cam baharat kavanozlar\u0131 kullanabilirsiniz. Restoranlar, kafeler veya gurme hediye setleri gibi kullan\u0131m alanlar\u0131n\u0131n s\u0131n\u0131r\u0131 yok; her bir serpintinin markan\u0131z\u0131n hikayesini zarif bir \u015fekilde payla\u015ft\u0131\u011f\u0131ndan emin olun.<\/p>","protected":false},"excerpt":{"rendered":"<p>Paslanmaz \u00e7elik kapakl\u0131, \u015feffaf camdan yap\u0131lm\u0131\u015f dayan\u0131kl\u0131 yuvarlak bo\u015f baharat kavanozlar\u0131. Otlar, tuz, karabiber ve \u00e7e\u015fnileri saklamak i\u00e7in m\u00fckemmel cam baharat kaplar\u0131.<\/p>","protected":false},"featured_media":2400,"template":"","meta":{"postBodyCss":"","postBodyMargin":[],"postBodyPadding":[],"postBodyBackground":{"backgroundType":"classic","gradient":""}},"product_brand":[],"product_cat":[15,17,53],"product_tag":[],"class_list":{"0":"post-2399","1":"product","2":"type-product","3":"status-publish","4":"has-post-thumbnail","6":"product_cat-glass-containers","7":"product_cat-glass-jars","8":"product_cat-spice-jars","10":"first","11":"instock","12":"shipping-taxable","13":"product-type-simple"},"jetpack_sharing_enabled":true,"_links":{"self":[{"href":"https:\/\/minghanggroup.com\/tr\/wp-json\/wp\/v2\/product\/2399","targetHints":{"allow":["GET"]}}],"collection":[{"href":"https:\/\/minghanggroup.com\/tr\/wp-json\/wp\/v2\/product"}],"about":[{"href":"https:\/\/minghanggroup.com\/tr\/wp-json\/wp\/v2\/types\/product"}],"wp:featuredmedia":[{"embeddable":true,"href":"https:\/\/minghanggroup.com\/tr\/wp-json\/wp\/v2\/media\/2400"}],"wp:attachment":[{"href":"https:\/\/minghanggroup.com\/tr\/wp-json\/wp\/v2\/media?parent=2399"}],"wp:term":[{"taxonomy":"product_brand","embeddable":true,"href":"https:\/\/minghanggroup.com\/tr\/wp-json\/wp\/v2\/product_brand?post=2399"},{"taxonomy":"product_cat","embeddable":true,"href":"https:\/\/minghanggroup.com\/tr\/wp-json\/wp\/v2\/product_cat?post=2399"},{"taxonomy":"product_tag","embeddable":true,"href":"https:\/\/minghanggroup.com\/tr\/wp-json\/wp\/v2\/product_tag?post=2399"}],"curies":[{"name":"wp","href":"https:\/\/api.w.org\/{rel}","templated":true}]}}