{"id":2394,"date":"2025-11-04T14:20:46","date_gmt":"2025-11-04T06:20:46","guid":{"rendered":"https:\/\/minghanggroup.com\/?post_type=product&#038;p=2394"},"modified":"2025-11-14T10:07:49","modified_gmt":"2025-11-14T02:07:49","slug":"10oz-glass-spice-jar-set-bulk-spice-storage-containers","status":"publish","type":"product","link":"https:\/\/minghanggroup.com\/tr\/urun\/10oz-glass-spice-jar-set-bulk-spice-storage-containers\/","title":{"rendered":"10oz Cam Baharat Kavanozu Seti Toplu | Baharat Saklama Kaplar\u0131"},"content":{"rendered":"<p>Mutfa\u011f\u0131n\u0131z\u0131n da\u011f\u0131n\u0131k g\u00f6r\u00fcnmesine neden olan da\u011f\u0131n\u0131k baharat saklama alanlar\u0131yla u\u011fra\u015fmaya devam etmeyin. Mutfa\u011f\u0131n\u0131z\u0131 g\u00fczelle\u015ftirmekle kalmay\u0131p ayn\u0131 zamanda baharatlar\u0131n\u0131z\u0131 taze tutan y\u00fcksek kaliteli cam baharat kavanozlar\u0131 \u00fcretiyoruz. Bunlar sadece kavanoz de\u011fil; markan\u0131z\u0131n mutfak d\u00fczeni ve g\u0131da ambalaj\u0131 i\u00e7in yeni gizli silah\u0131.<\/p>\n<h2>\u00dcr\u00fcn \u00d6zellikleri<\/h2>\n<ol>\n<li><strong>Hassas Shaker Tasar\u0131m\u0131:<\/strong>E\u015fit b\u00fcy\u00fckl\u00fckte ve da\u011f\u0131l\u0131mda deliklere sahip paslanmaz \u00e7elik \u00e7alkalay\u0131c\u0131 kapa\u011f\u0131, tuz, karabiber ve di\u011fer ince baharatlar i\u00e7in baharat ak\u0131\u015f\u0131n\u0131z\u0131 en \u00fcst d\u00fczeyde kontrol etmenizi sa\u011flar.<\/li>\n<li><strong>Rahat Sap:<\/strong>El k\u0131sm\u0131ndaki dikey kaburgalar, tutu\u015f konforunu art\u0131rman\u0131n yan\u0131 s\u0131ra mutfa\u011f\u0131n\u0131zdaki cam baharat kavanozlar\u0131n\u0131za zamans\u0131z bir g\u00f6r\u00fcn\u00fcm kazand\u0131r\u0131r.<\/li>\n<\/ol>\n<h2>Temel \u00d6zellikler<\/h2>\n<table style=\"border-collapse: collapse; width: 80%; margin-left: auto; margin-right: auto;\" border=\"0\" width=\"144\" cellspacing=\"0\" cellpadding=\"0\">\n<tbody>\n<tr style=\"height: 13.50pt;\">\n<td style=\"height: 13.5pt; width: 54pt; text-align: center;\" width=\"72\" height=\"18\">Kapasite<\/td>\n<td style=\"width: 54pt; text-align: center;\" width=\"72\">330 ml\/10 oz<\/td>\n<\/tr>\n<tr style=\"height: 13.50pt;\">\n<td style=\"height: 13.5pt; text-align: center;\" height=\"18\">Boyutlar<\/td>\n<td style=\"text-align: center;\">7,5*13,5 cm<\/td>\n<\/tr>\n<tr style=\"height: 13.50pt;\">\n<td style=\"height: 13.5pt; text-align: center;\" height=\"18\">Malzeme<\/td>\n<td style=\"text-align: center;\">Cam + Metal Kapak<\/td>\n<\/tr>\n<tr style=\"height: 13.50pt;\">\n<td style=\"height: 13.5pt; text-align: center;\" height=\"18\">Kullan\u0131m<\/td>\n<td style=\"text-align: center;\">\u015eeker, Tuz, Baharat<\/td>\n<\/tr>\n<tr style=\"height: 13.50pt;\">\n<td style=\"height: 13.5pt; text-align: center;\" height=\"18\">Renk<\/td>\n<td style=\"text-align: center;\">Gelenek<\/td>\n<\/tr>\n<\/tbody>\n<\/table>\n<h2>Ba\u015far\u0131 \u00d6rne\u011fi<\/h2>\n<p>\u00dcst d\u00fczey bir mutfak e\u015fyas\u0131 markas\u0131, kavanozlar\u0131n cam y\u00fczeylerinde daha iyi kavrama sa\u011flayan \u00f6zel bir doku ve s\u0131k s\u0131k y\u0131kansa bile paslanmaz, ayna parlakl\u0131\u011f\u0131nda paslanmaz \u00e7elik kapaklar bulunan bu benzersiz \u00e7ok i\u015flevli baharat saklama kaplar\u0131 setini tasarlamak i\u00e7in bizimle i\u015f birli\u011fi yapt\u0131. Kavanozlardan birinin a\u011fz\u0131 son derece hassas bir \u015fekilde tasarlanm\u0131\u015f oldu\u011fundan zeytinya\u011f\u0131 veya soya sosu i\u00e7in kesinlikle uygundur; di\u011fer kavanozlarda ise s\u0131ras\u0131yla tuz, \u015feker ve karabiber i\u00e7in \u00e7alkalay\u0131c\u0131lar ve k\u00fc\u00e7\u00fck a\u011f\u0131zl\u0131 kapaklar bulunmaktad\u0131r.<\/p>\n<p>\u0130lk \u00e7eyrekte set, ya\u015fam tarz\u0131 ma\u011fazalar\u0131nda ve online perakendecilerde en \u00e7ok satan \u00fcr\u00fcn oldu ve sat\u0131\u015flar hedeflenenin \u00fczerine \u00e7\u0131kt\u0131.<\/p>\n<h2>\u00d6zelle\u015ftirme \u0130pu\u00e7lar\u0131n\u0131z<\/h2>\n<p>Bu cam baharat saklama kaplar\u0131, g\u00f6r\u00fcn\u00fcm\u00fcn\u00fc g\u00fczelle\u015ftirerek ve ho\u015f \u00f6zellikler ekleyerek ki\u015fiselle\u015ftirirseniz harika bir \u00fcr\u00fcn olabilir. \u015e\u0131k ve profesyonel bir g\u00f6r\u00fcn\u00fcm kazand\u0131rmak i\u00e7in, marka logonuzu lazer kaz\u0131ma veya serigrafi bask\u0131 yoluyla kapa\u011fa veya kavanoza yerle\u015ftirebilirsiniz. Ayr\u0131ca, kavanoz renkli bir camdan (kehribar, ye\u015fil veya dumanl\u0131 gri) yap\u0131ld\u0131\u011f\u0131nda l\u00fcks bir hava katabilir ve bu da i\u00e7indekileri \u0131\u015f\u0131ktan korumaya yard\u0131mc\u0131 olabilir.<\/p>","protected":false},"excerpt":{"rendered":"<p>Paslanmaz \u00e7elik kapakl\u0131 dayan\u0131kl\u0131 cam baharat kavanozu setimizi ke\u015ffedin; tuz, \u015feker, ya\u011f ve daha fazlas\u0131n\u0131 d\u00fczenli bir \u015fekilde d\u00fczenlemek i\u00e7in ideal baharat saklama kaplar\u0131d\u0131r.<\/p>","protected":false},"featured_media":2395,"template":"","meta":{"postBodyCss":"","postBodyMargin":[],"postBodyPadding":[],"postBodyBackground":{"backgroundType":"classic","gradient":""}},"product_brand":[],"product_cat":[17,15,53],"product_tag":[],"class_list":{"0":"post-2394","1":"product","2":"type-product","3":"status-publish","4":"has-post-thumbnail","6":"product_cat-glass-jars","7":"product_cat-glass-containers","8":"product_cat-spice-jars","10":"first","11":"instock","12":"shipping-taxable","13":"product-type-simple"},"jetpack_sharing_enabled":true,"_links":{"self":[{"href":"https:\/\/minghanggroup.com\/tr\/wp-json\/wp\/v2\/product\/2394","targetHints":{"allow":["GET"]}}],"collection":[{"href":"https:\/\/minghanggroup.com\/tr\/wp-json\/wp\/v2\/product"}],"about":[{"href":"https:\/\/minghanggroup.com\/tr\/wp-json\/wp\/v2\/types\/product"}],"wp:featuredmedia":[{"embeddable":true,"href":"https:\/\/minghanggroup.com\/tr\/wp-json\/wp\/v2\/media\/2395"}],"wp:attachment":[{"href":"https:\/\/minghanggroup.com\/tr\/wp-json\/wp\/v2\/media?parent=2394"}],"wp:term":[{"taxonomy":"product_brand","embeddable":true,"href":"https:\/\/minghanggroup.com\/tr\/wp-json\/wp\/v2\/product_brand?post=2394"},{"taxonomy":"product_cat","embeddable":true,"href":"https:\/\/minghanggroup.com\/tr\/wp-json\/wp\/v2\/product_cat?post=2394"},{"taxonomy":"product_tag","embeddable":true,"href":"https:\/\/minghanggroup.com\/tr\/wp-json\/wp\/v2\/product_tag?post=2394"}],"curies":[{"name":"wp","href":"https:\/\/api.w.org\/{rel}","templated":true}]}}