{"id":2387,"date":"2025-11-04T10:57:15","date_gmt":"2025-11-04T02:57:15","guid":{"rendered":"https:\/\/minghanggroup.com\/?post_type=product&#038;p=2387"},"modified":"2025-11-14T10:07:56","modified_gmt":"2025-11-14T02:07:56","slug":"the-spice-jar-with-lid-for-kitchen-wholesale","status":"publish","type":"product","link":"https:\/\/minghanggroup.com\/tr\/urun\/the-spice-jar-with-lid-for-kitchen-wholesale\/","title":{"rendered":"200 ml Siyah Kapakl\u0131 Mutfak Baharat Kavanozu Toptan Sat\u0131\u015f"},"content":{"rendered":"<p>Mutfa\u011f\u0131n\u0131z\u0131 da\u011f\u0131n\u0131k g\u00f6steren da\u011f\u0131n\u0131k baharat saklama alanlar\u0131yla u\u011fra\u015fmaya son. Mutfa\u011f\u0131n\u0131z\u0131 \u015f\u0131k bir alana d\u00f6n\u00fc\u015ft\u00fcr\u00fcrken baharatlar\u0131n\u0131z\u0131 taze tutan birinci s\u0131n\u0131f cam baharat kavanozlar\u0131 \u00fcretiyoruz. Bunlar sadece kaplar de\u011fil; markan\u0131z\u0131n mutfak d\u00fczeni ve g\u0131da ambalaj\u0131 i\u00e7in yeni gizli silah\u0131.<\/p>\n<h2>\u00dcr\u00fcn \u00d6zellikleri<\/h2>\n<ol>\n<li><strong>Kristal\u200b\u200d\u200b\u200c\u200d\u200b\u200d\u200c\u200b\u200d\u200b\u200c\u200d\u200b\u200d\u200c Berrakl\u0131\u011f\u0131nda:<\/strong>Hi\u00e7 \u015f\u00fcphesiz, kalan baharat seviyelerini \u00e7ok rahat bir \u015fekilde kal\u0131n, \u015feffaf camdan tespit edebilirsiniz, dolay\u0131s\u0131yla yeni bir sipari\u015f verme zaman\u0131n\u0131n ne zaman geldi\u011fini tahmin etmenize kesinlikle gerek kalmaz.<\/li>\n<li><strong>\u00c7ok Y\u00f6nl\u00fc Se\u00e7enekler:<\/strong>Siyah plastik kapa\u011f\u0131n yan\u0131nda farkl\u0131 \u015fekillerde ka\u015f\u0131klar var, bu sayede bal, yemeklik ya\u011f veya toz baharatlar\u0131 saklamak i\u00e7in m\u00fckemmel!<\/li>\n<li><strong>Ki\u015fiselle\u015ftirilmi\u015f \u00d6zelle\u015ftirme:<\/strong>Beyaz, siyah veya \u00f6zel renkler se\u00e7erek markan\u0131z\u0131 yans\u0131tan veya marka rengiyle uyumlu, benzersiz bir baharat kavanozu elde edebilirsiniz.<\/li>\n<\/ol>\n<h2>Temel \u00d6zellikler<\/h2>\n<table style=\"border-collapse: collapse; width: 80%; margin-left: auto; margin-right: auto;\" border=\"0\" width=\"144\" cellspacing=\"0\" cellpadding=\"0\">\n<tbody>\n<tr style=\"height: 13.50pt;\">\n<td style=\"height: 13.5pt; width: 54pt; text-align: center;\" width=\"72\" height=\"18\">Kapasite<\/td>\n<td style=\"width: 54pt; text-align: center;\" width=\"72\">200 ml<\/td>\n<\/tr>\n<tr style=\"height: 13.50pt;\">\n<td style=\"height: 13.5pt; text-align: center;\" height=\"18\">Boyutlar<\/td>\n<td style=\"text-align: center;\">6,5 * 14 cm<\/td>\n<\/tr>\n<tr style=\"height: 13.50pt;\">\n<td style=\"height: 13.5pt; text-align: center;\" height=\"18\">\u015eekil<\/td>\n<td style=\"text-align: center;\">Yuvarlak<\/td>\n<\/tr>\n<tr style=\"height: 13.50pt;\">\n<td style=\"height: 13.5pt; text-align: center;\" height=\"18\">Malzeme<\/td>\n<td style=\"text-align: center;\">Bardak<\/td>\n<\/tr>\n<tr style=\"height: 13.50pt;\">\n<td style=\"height: 13.5pt; text-align: center;\" height=\"18\">Renk<\/td>\n<td style=\"text-align: center;\">\u015eeffaf, \u00d6zelle\u015ftirilebilir<\/td>\n<\/tr>\n<tr style=\"height: 13.50pt;\">\n<td style=\"height: 13.5pt; text-align: center;\" height=\"18\">Kullan\u0131m<\/td>\n<td style=\"text-align: center;\">Baharat Kab\u0131, Baharat \u015ei\u015fesi<\/td>\n<\/tr>\n<tr style=\"height: 13.50pt;\">\n<td style=\"height: 13.5pt; text-align: center;\" height=\"18\">\u00d6zelle\u015ftirme Se\u00e7enekleri<\/td>\n<td style=\"text-align: center;\">Logo, kapaklar, renk, etiket, boyut<\/td>\n<\/tr>\n<\/tbody>\n<\/table>\n<h2>Ba\u015far\u0131 \u00d6rne\u011fi<\/h2>\n<p>\u0130talyan bir baharat markas\u0131, yeni &#034;Golden Kitchen&#034; koleksiyonu i\u00e7in bu \u015f\u0131k cam baharat kavanozlar\u0131n\u0131 \u00fcretmek \u00fczere bizimle i\u015f birli\u011fi yapt\u0131. Her kavanoz yo\u011fun ve \u00e7ok \u015feffaf camdan \u00fcretildi\u011fi i\u00e7in bal, baharat ve otlar\u0131n en do\u011fal g\u00f6r\u00fcn\u00fcm\u00fcn\u00fc sunarken, parlak siyah kapaklar\u0131 da zarif ve modern bir hava kat\u0131yor. Ayr\u0131ca marka, kendi kullan\u0131m\u0131 i\u00e7in kapaklar\u0131n \u00fczerine alt\u0131n yald\u0131zl\u0131 bir logo yerle\u015ftirdi.<\/p>\n<p>\u00dcr\u00fcn lansman\u0131ndan \u00fc\u00e7 ay sonra, temiz ve tutarl\u0131 ambalaj, markan\u0131n sat\u0131\u015f noktas\u0131ndaki imaj\u0131n\u0131 y\u00fckseltti ve bunu sat\u0131\u015flarda &#039;lik bir art\u0131\u015f izledi.<\/p>\n<h2>\u00d6zelle\u015ftirme \u0130pu\u00e7lar\u0131n\u0131z<\/h2>\n<p>Baharat ambalajlar\u0131n\u0131n en s\u0131k\u0131c\u0131 \u015feyler oldu\u011funu s\u00f6ylemek muhtemelen yetersiz kal\u0131r. Baharat kavanozlar\u0131n\u0131z sadece lezzetlerin sakland\u0131\u011f\u0131 bir yer de\u011fil, ayn\u0131 zamanda onlar\u0131 sergileyen bir yer de olmal\u0131. Markan\u0131z\u0131n l\u00fcks mutfak imaj\u0131yla uyumlu olmak m\u0131 istiyorsunuz? Farkl\u0131 cam berrakl\u0131klar\u0131yla, kapaklar\u0131n renkleriyle oynayabilir, hatta kapa\u011f\u0131n i\u00e7ine bal ka\u015f\u0131klar\u0131, yemek ka\u015f\u0131klar\u0131 veya k\u00fc\u00e7\u00fck f\u0131r\u00e7alar yerle\u015ftirebilirsiniz. Markan\u0131z\u0131n kabartmal\u0131 veya metal detaylarla s\u00fcslenmesi daha da l\u00fcks bir his verecektir. \u0130sterseniz toplu al\u0131m se\u00e7eneklerini de g\u00f6r\u00fc\u015febiliriz. Her raf\u0131 markan\u0131z\u0131n zevk ve stilinin bir sahnesi haline getiren bir baharat kavanozu yaratmak ister misiniz?<\/p>","protected":false},"excerpt":{"rendered":"<p>Baharat kavanozu koleksiyonuyla mutfa\u011f\u0131n\u0131z\u0131 g\u00fczelle\u015ftirin. Bu k\u00fc\u00e7\u00fck baharat kavanozlar\u0131, bal, ot ve \u00e7e\u015fnileri d\u00fczenli bir \u015fekilde saklamak i\u00e7in ideal olan \u015f\u0131k siyah kapaklara sahiptir.<\/p>","protected":false},"featured_media":2388,"template":"","meta":{"postBodyCss":"","postBodyMargin":[],"postBodyPadding":[],"postBodyBackground":{"backgroundType":"classic","gradient":""}},"product_brand":[],"product_cat":[15,17,53],"product_tag":[],"class_list":{"0":"post-2387","1":"product","2":"type-product","3":"status-publish","4":"has-post-thumbnail","6":"product_cat-glass-containers","7":"product_cat-glass-jars","8":"product_cat-spice-jars","10":"first","11":"instock","12":"shipping-taxable","13":"product-type-simple"},"jetpack_sharing_enabled":true,"_links":{"self":[{"href":"https:\/\/minghanggroup.com\/tr\/wp-json\/wp\/v2\/product\/2387","targetHints":{"allow":["GET"]}}],"collection":[{"href":"https:\/\/minghanggroup.com\/tr\/wp-json\/wp\/v2\/product"}],"about":[{"href":"https:\/\/minghanggroup.com\/tr\/wp-json\/wp\/v2\/types\/product"}],"wp:featuredmedia":[{"embeddable":true,"href":"https:\/\/minghanggroup.com\/tr\/wp-json\/wp\/v2\/media\/2388"}],"wp:attachment":[{"href":"https:\/\/minghanggroup.com\/tr\/wp-json\/wp\/v2\/media?parent=2387"}],"wp:term":[{"taxonomy":"product_brand","embeddable":true,"href":"https:\/\/minghanggroup.com\/tr\/wp-json\/wp\/v2\/product_brand?post=2387"},{"taxonomy":"product_cat","embeddable":true,"href":"https:\/\/minghanggroup.com\/tr\/wp-json\/wp\/v2\/product_cat?post=2387"},{"taxonomy":"product_tag","embeddable":true,"href":"https:\/\/minghanggroup.com\/tr\/wp-json\/wp\/v2\/product_tag?post=2387"}],"curies":[{"name":"wp","href":"https:\/\/api.w.org\/{rel}","templated":true}]}}