{"id":2369,"date":"2025-10-31T16:10:54","date_gmt":"2025-10-31T08:10:54","guid":{"rendered":"https:\/\/minghanggroup.com\/?post_type=product&#038;p=2369"},"modified":"2026-01-20T13:42:01","modified_gmt":"2026-01-20T05:42:01","slug":"wholesale-small-glass-jars-with-lids-for-yogurt-packaging","status":"publish","type":"product","link":"https:\/\/minghanggroup.com\/tr\/urun\/wholesale-small-glass-jars-with-lids-for-yogurt-packaging\/","title":{"rendered":"Yo\u011furt Ambalaj\u0131 \u0130\u00e7in Kapakl\u0131 150 ml Kare K\u00fc\u00e7\u00fck Cam Kavanozlar"},"content":{"rendered":"<p>Yo\u011furdunuzu arka plana iten s\u0131k\u0131c\u0131 cam kavanozlar\u0131 kullanmay\u0131 b\u0131rak\u0131n. Her ka\u015f\u0131\u011f\u0131 bir keyfe d\u00f6n\u00fc\u015ft\u00fcren kapakl\u0131 \u00f6zel cam yo\u011furt kavanozlar\u0131 tasarl\u0131yoruz. Bunlar sadece birer kap de\u011fil; markan\u0131z\u0131n taze ve \u015f\u0131k s\u00fct \u00fcr\u00fcnleri ambalajlar\u0131 i\u00e7in yeni gizli silah\u0131. G\u00fcvenilir cam ambalaj \u00fcreticiniz olarak, \u00fcr\u00fcn\u00fcn\u00fcz\u00fcn daha uzun s\u00fcre taze kalmas\u0131n\u0131 sa\u011flayacak en kaliteli malzemeleri tedarik ediyoruz.<\/p>\n<h2>\u00dcr\u00fcn \u00d6zellikleri<\/h2>\n<ol>\n<li><strong>\u0130stiflenebilir Kare Tasar\u0131m:<\/strong>K\u00fc\u00e7\u00fck cam yo\u011furt kavanozlar\u0131n\u0131z i\u00e7in depolama ve sergileme \u00e7\u00f6z\u00fcm\u00fc, kusursuz \u015fekilli kavanozlar sayesinde zahmetsiz hale geliyor; art\u0131k raf alan\u0131n\u0131z\u0131 \u015f\u0131kl\u0131\u011f\u0131n\u0131zdan \u00f6d\u00fcn vermeden en \u00fcst d\u00fczeye \u00e7\u0131karabilirsiniz.<\/li>\n<li><strong>Kristal Netli\u011finde Ekran:<\/strong>Birinci s\u0131n\u0131f \u015feffaf cam kullan\u0131m\u0131yla yo\u011furdunuzun canl\u0131 renkleri hemen fark edilir hale gelir; m\u00fc\u015fteriler sat\u0131n almadan \u00f6nce bile daha taze kaliteyi g\u00f6rebilirler.<\/li>\n<li><strong>Renkli \u00d6zelle\u015ftirme:<\/strong>Marka kimli\u011finizle m\u00fckemmel bir \u015fekilde uyum sa\u011flayacak k\u0131rm\u0131z\u0131, sar\u0131, ye\u015fil, mavi, pembe veya beyaz olmak \u00fczere alt\u0131 renkten birini cam s\u00fct kavanozlar\u0131n\u0131zda kullanmaya ne dersiniz?<\/li>\n<li><strong>G\u00fcvenli Kapak Sistemi:<\/strong>Tazelik ve saklama, renkli plastik kapaklarla hava ge\u00e7irmez \u015fekilde kapat\u0131lm\u0131\u015f iki ama\u00e7l\u0131d\u0131r; yo\u011furt i\u00e7in kapakl\u0131 cam kavanozlar\u0131n\u0131zdan s\u0131z\u0131nt\u0131 olmaz.<\/li>\n<\/ol>\n<h2>Temel \u00d6zellikler<\/h2>\n<table style=\"border-collapse: collapse; width: 80%; margin-left: auto; margin-right: auto;\" border=\"0\" width=\"360\" cellspacing=\"0\" cellpadding=\"0\">\n<tbody>\n<tr style=\"height: 13.50pt;\">\n<td style=\"height: 13.5pt; width: 54pt; text-align: center;\" width=\"72\" height=\"18\">Kapasite<\/td>\n<td style=\"width: 54pt; text-align: center;\" width=\"72\">Boyutlar<\/td>\n<td style=\"width: 54pt; text-align: center;\" width=\"72\">\u015eekil<\/td>\n<td style=\"width: 54pt; text-align: center;\" width=\"72\">Malzeme<\/td>\n<td style=\"width: 54pt; text-align: center;\" width=\"72\">Renk<\/td>\n<\/tr>\n<tr style=\"height: 13.50pt;\">\n<td style=\"height: 13.5pt; text-align: center;\" height=\"18\">150 ml<\/td>\n<td style=\"text-align: center;\">5,7*7,7*7,3 cm<\/td>\n<td style=\"text-align: center;\">Kare<\/td>\n<td style=\"text-align: center;\">Bardak<\/td>\n<td style=\"text-align: center;\">\u015eeffaf, \u00d6zelle\u015ftirilebilir<\/td>\n<\/tr>\n<\/tbody>\n<\/table>\n<h2>Ba\u015far\u0131 \u00d6rne\u011fi<\/h2>\n<p>K\u00fc\u00e7\u00fck bir Kanadal\u0131 tatl\u0131 st\u00fcdyosu, el yap\u0131m\u0131 yo\u011furt serileri i\u00e7in kapakl\u0131, parlak kare cam yo\u011furt kavanozlar\u0131 \u00fcretmek \u00fczere bizimle i\u015f birli\u011fi yapt\u0131. El yap\u0131m\u0131 \u00fcr\u00fcnlere kar\u015f\u0131 ne\u015feli ve s\u0131cak bir tav\u0131r sergileyen markalar\u0131 i\u00e7in pembe, mavi ve sar\u0131 gibi yumu\u015fak pastel renkler se\u00e7tiler. Her k\u00fc\u00e7\u00fck cam kavanoz, sade bir marka logosuyla s\u00fcslenmi\u015f ve \u00fcr\u00fcn\u00fcn nakliye ve saklama s\u0131ras\u0131nda taze kalmas\u0131n\u0131 sa\u011flamak i\u00e7in silikon bir s\u0131zd\u0131rmazl\u0131k k\u0131l\u0131f\u0131yla birlikte geliyor.<\/p>\n<p>\u00dcr\u00fcnler piyasaya s\u00fcr\u00fcld\u00fc\u011f\u00fcnde, kullan\u0131c\u0131lar canl\u0131 g\u00f6r\u00fcn\u00fcmlerine ve \u00e7evre dostu tasar\u0131mlar\u0131na hayran kald\u0131. St\u00fcdyonun tekrar sat\u0131n alma oran\u0131 \u00fc\u00e7 ay i\u00e7inde artt\u0131.<\/p>\n<h2>\u00d6zelle\u015ftirme \u0130pu\u00e7lar\u0131n\u0131z<\/h2>\n<p>Kapakl\u0131 bu kare cam yo\u011furt kavanozlar\u0131nda, raf \u00e7ekicili\u011fini art\u0131rmak i\u00e7in marka logonuzu veya buzlu bask\u0131 veya \u00e7\u0131kartma \u00f6zelle\u015ftirmesi yoluyla bir desen ekleyebilirsiniz. Marka kimli\u011finizle uyum sa\u011flamas\u0131 i\u00e7in silikon, bambu veya al\u00fcminyum gibi se\u00e7ebilece\u011finiz farkl\u0131 kapak renkleri veya malzemeleri mevcuttur. Belirli bir indiriminiz varsa, \u00fcr\u00fcn \u00e7e\u015fitlili\u011fi sa\u011flamak amac\u0131yla farkl\u0131 kavanoz kapasiteleri (100 ml\u2013250 ml) sunun. Kabartmal\u0131 logolar veya \u015feffaf etiketler eklemek, k\u00fc\u00e7\u00fck cam yo\u011furt kavanozlar\u0131n\u0131z\u0131n g\u00f6r\u00fcn\u00fcm\u00fcn\u00fc iyile\u015ftirebilir ve daha fazla \u00f6ne \u00e7\u0131kmalar\u0131n\u0131 sa\u011flayabilir.<\/p>","protected":false},"excerpt":{"rendered":"<p>Kapakl\u0131 kare cam yo\u011furt kavanozlar\u0131m\u0131z \u00f6zelle\u015ftirilebilir. Tatl\u0131lar ve re\u00e7el ambalajlar\u0131 i\u00e7in renkli kapakl\u0131 k\u00fc\u00e7\u00fck cam yo\u011furt kavanozlar\u0131m\u0131z mevcuttur. \u00dccretsiz numune talep etmek i\u00e7in bug\u00fcn bizimle ileti\u015fime ge\u00e7in.<\/p>","protected":false},"featured_media":2375,"template":"","meta":{"postBodyCss":"","postBodyMargin":[],"postBodyPadding":[],"postBodyBackground":{"backgroundType":"classic","gradient":""}},"product_brand":[],"product_cat":[15,16,46],"product_tag":[65,64],"class_list":{"0":"post-2369","1":"product","2":"type-product","3":"status-publish","4":"has-post-thumbnail","6":"product_cat-glass-containers","7":"product_cat-glass-bottles","8":"product_cat-glass-milk-bottles","9":"product_tag-glass-jam-jars","10":"product_tag-glass-yogurt-jars","12":"first","13":"instock","14":"shipping-taxable","15":"product-type-simple"},"jetpack_sharing_enabled":true,"_links":{"self":[{"href":"https:\/\/minghanggroup.com\/tr\/wp-json\/wp\/v2\/product\/2369","targetHints":{"allow":["GET"]}}],"collection":[{"href":"https:\/\/minghanggroup.com\/tr\/wp-json\/wp\/v2\/product"}],"about":[{"href":"https:\/\/minghanggroup.com\/tr\/wp-json\/wp\/v2\/types\/product"}],"wp:featuredmedia":[{"embeddable":true,"href":"https:\/\/minghanggroup.com\/tr\/wp-json\/wp\/v2\/media\/2375"}],"wp:attachment":[{"href":"https:\/\/minghanggroup.com\/tr\/wp-json\/wp\/v2\/media?parent=2369"}],"wp:term":[{"taxonomy":"product_brand","embeddable":true,"href":"https:\/\/minghanggroup.com\/tr\/wp-json\/wp\/v2\/product_brand?post=2369"},{"taxonomy":"product_cat","embeddable":true,"href":"https:\/\/minghanggroup.com\/tr\/wp-json\/wp\/v2\/product_cat?post=2369"},{"taxonomy":"product_tag","embeddable":true,"href":"https:\/\/minghanggroup.com\/tr\/wp-json\/wp\/v2\/product_tag?post=2369"}],"curies":[{"name":"wp","href":"https:\/\/api.w.org\/{rel}","templated":true}]}}