{"id":2355,"date":"2025-10-31T14:35:46","date_gmt":"2025-10-31T06:35:46","guid":{"rendered":"https:\/\/minghanggroup.com\/?post_type=product&#038;p=2355"},"modified":"2025-10-31T17:50:01","modified_gmt":"2025-10-31T09:50:01","slug":"bulk-hexagonal-glass-honey-storage-containers-with-dust-lids","status":"publish","type":"product","link":"https:\/\/minghanggroup.com\/tr\/urun\/bulk-hexagonal-glass-honey-storage-containers-with-dust-lids\/","title":{"rendered":"Toz Kapakl\u0131 Toplu Alt\u0131gen Cam Bal Saklama Kaplar\u0131 380 ml 730 ml"},"content":{"rendered":"<p>Alt\u0131gen \u015feklinde camdan \u00fcretilen bu bal saklama kaplar\u0131, hem p\u00fcr\u00fczs\u00fcz yuvarlak hatlara hem de keskin k\u00f6\u015felere sahip \u015feffaf camdan yap\u0131lm\u0131\u015f bir g\u00f6vdeye sahiptir. Kapaklar ye\u015fil ve k\u0131rm\u0131z\u0131ms\u0131 kahverengi renklerde ve \u00e7e\u015fitli boyutlarda mevcuttur. Tasar\u0131m, sade ama zariftir ve kullan\u0131m kolayl\u0131\u011f\u0131 ile g\u00fczelli\u011fi etkili bir \u015fekilde birle\u015ftirir.<\/p>\n<h2>\u00dcr\u00fcn \u00d6zellikleri<\/h2>\n<ul>\n<li><strong>\u015eeffaf Cam Malzemesi:<\/strong> \u015eeffaf cam, i\u00e7indeki \u00fcr\u00fcn\u00fcn \u00e7ok iyi g\u00f6r\u00fcnmesini sa\u011fl\u0131yor, b\u00f6ylece bal hem pratiklik i\u015flevini yerine getirirken hem de hi\u00e7 bu kadar g\u00fczel g\u00f6r\u00fcnmemi\u015fti.<\/li>\n<li><strong>Yuvarlak Kenarlar ve G\u00f6vde:<\/strong> Kavanozlar\u0131n yuvarlak hatlar\u0131 onlara \u015f\u0131k ve p\u00fcr\u00fczs\u00fcz bir g\u00f6r\u00fcn\u00fcm kazand\u0131r\u0131yor, b\u00f6ylece \u00fcr\u00fcn\u00fcn g\u00f6rsel \u00e7ekicili\u011fi art\u0131yor ve daha kolay ay\u0131rt edilebilmesi sa\u011flan\u0131yor.<\/li>\n<li><strong>Kapal\u0131 Toz Ge\u00e7irmez Tasar\u0131m:<\/strong> Bal\u0131n hijyenik bir \u015fekilde sakland\u0131\u011f\u0131, \u015feffaf toz kapa\u011f\u0131 bulunan kapal\u0131 bir kapa\u011f\u0131n tak\u0131ld\u0131\u011f\u0131, ayr\u0131ca bu ambalaj sayesinde hijyenin de kolayla\u015ft\u0131\u011f\u0131 s\u00f6ylenebilir.<\/li>\n<\/ul>\n<h2 style=\"text-align: left;\">Temel \u00d6zellikler<\/h2>\n<table class=\"aligncenter\" style=\"border-collapse: collapse; width: 415.52pt;\" border=\"0\" width=\"554\" cellspacing=\"0\" cellpadding=\"0\">\n<tbody>\n<tr style=\"height: 13.50pt;\">\n<td style=\"height: 13.50pt; width: 95.25pt;\" width=\"127\" height=\"18\">\u00d6zellik<\/td>\n<td style=\"width: 320.25pt;\" width=\"427\">\u015eartname<\/td>\n<\/tr>\n<tr style=\"height: 13.50pt;\">\n<td style=\"height: 13.50pt;\" height=\"18\">Kapasite<\/td>\n<td>380 ml, 730 ml<\/td>\n<\/tr>\n<tr style=\"height: 13.50pt;\">\n<td style=\"height: 13.50pt;\" height=\"18\">\u015eekil<\/td>\n<td>6 yumu\u015fak y\u00fczl\u00fc silindirik<\/td>\n<\/tr>\n<tr style=\"height: 13.50pt;\">\n<td style=\"height: 13.50pt;\" height=\"18\">Boyutlar<\/td>\n<td>8,5\u00d713 cm, 10,4\u00d716,2 cm<\/td>\n<\/tr>\n<tr style=\"height: 13.50pt;\">\n<td style=\"height: 13.50pt;\" height=\"18\">Malzeme<\/td>\n<td>\u015eeffaf cam, kapal\u0131 toz kapa\u011f\u0131<\/td>\n<\/tr>\n<tr style=\"height: 13.50pt;\">\n<td style=\"height: 13.50pt;\" height=\"18\">Kapak Se\u00e7enekleri<\/td>\n<td>Ye\u015fil, k\u0131rm\u0131z\u0131-kahverengi, sar\u0131, mavi<\/td>\n<\/tr>\n<tr style=\"height: 13.50pt;\">\n<td style=\"height: 13.50pt;\" height=\"18\">En \u0130yisi \u0130\u00e7in<\/td>\n<td>kafeler, eko-ma\u011fazalar, ar\u0131c\u0131l\u0131k kooperatifleri<\/td>\n<\/tr>\n<tr style=\"height: 13.50pt;\">\n<td style=\"height: 13.50pt;\" height=\"18\">\u0130deal Kullan\u0131m<\/td>\n<td>Bal saklama kab\u0131, alt\u0131gen cam bal kavanozlar\u0131<\/td>\n<\/tr>\n<\/tbody>\n<\/table>\n<h2>Ba\u015far\u0131 \u00d6yk\u00fcs\u00fc: Daha \u0130yi Paketleme \u0130ade Oranlar\u0131nda &#039;l\u0131k Bir D\u00fc\u015f\u00fc\u015fe Nas\u0131l Yol A\u00e7t\u0131?<\/h2>\n<p>\u00c7evrimi\u00e7i bal satan bir perakendeci i\u00e7in s\u0131zd\u0131ran kavanozlardan kaynaklanan iade oran\u0131 %5 idi. 730 ml&#039;lik, kapal\u0131 kapakl\u0131 alt\u0131gen cam bal kavanozlar\u0131m\u0131za ge\u00e7tikten sonra, ambalajdan kaynaklanan iade oran\u0131 d\u00fc\u015ft\u00fc ve geri d\u00f6nen m\u00fc\u015fteri oran\u0131 artt\u0131. M\u00fc\u015fteriler ambalaj\u0131n s\u0131zd\u0131rmaz olmas\u0131ndan memnun ve \u015firket \u015fu anda t\u00fcm \u00fcr\u00fcnlerinde bu cam kaplar\u0131 kullan\u0131yor. Her iki boyutta da iki ayda bir 200.000 \u015fi\u015fe sipari\u015f ediyor.<\/p>\n<h2>Cam Saklama Kab\u0131 \u00d6zelle\u015ftirme Fikirleri<\/h2>\n<ul>\n<li>\u00d6zel \u015eapka Rengi: \u015eapkan\u0131n renginin sadece m\u00fckemmel bir \u015fekilde e\u015fle\u015fmesini de\u011fil ayn\u0131 zamanda markan\u0131z\u0131n renk \u015femas\u0131n\u0131 da tamamlamas\u0131n\u0131 sa\u011flamak i\u00e7in renk e\u015fle\u015ftirmesi i\u00e7in Pantone renk tablosu kullan\u0131lmal\u0131d\u0131r.<\/li>\n<li>Buzlu Y\u00fczeyler: Harfleriniz olmayan y\u00fczeylere buzlu y\u00fczey uygulayarak g\u00f6rsel olarak ho\u015f bir kontrast etkisi yaratabilir ve b\u00f6ylece alt\u0131gen \u015feklinin daha fazla vurgulanmas\u0131n\u0131 sa\u011flayabilirsiniz.<\/li>\n<li>Cam Kal\u0131nl\u0131\u011f\u0131 Se\u00e7imi: Standart kal\u0131nl\u0131\u011f\u0131 tercih edebilece\u011finiz gibi, cam\u0131n\u0131z\u0131 daha kal\u0131n, daha dokulu ve dayan\u0131kl\u0131 hale getirebilirsiniz.<\/li>\n<li>UV Korumal\u0131 Cam Boyama: Bir ad\u0131m daha ileri giderek, \u0131\u015f\u0131\u011fa duyarl\u0131 \u00fcr\u00fcnlerinizi saklama s\u0131ras\u0131nda UV \u0131\u015f\u0131nlar\u0131na kar\u015f\u0131 korumak i\u00e7in kehribar renkli cam kullan\u0131n.<\/li>\n<\/ul>","protected":false},"excerpt":{"rendered":"<p>Hava ge\u00e7irmez toz kapakl\u0131 birinci s\u0131n\u0131f cam bal saklama kaplar\u0131. Bu alt\u0131gen cam bal kavanozlar\u0131, bal, re\u00e7el veya \u015furup paketlemek i\u00e7in idealdir. Toptan indirimler!<\/p>","protected":false},"featured_media":2370,"template":"","meta":{"postBodyCss":"","postBodyMargin":[],"postBodyPadding":[],"postBodyBackground":{"backgroundType":"classic","gradient":""}},"product_brand":[],"product_cat":[15,17,52],"product_tag":[],"class_list":{"0":"post-2355","1":"product","2":"type-product","3":"status-publish","4":"has-post-thumbnail","6":"product_cat-glass-containers","7":"product_cat-glass-jars","8":"product_cat-glass-honey-jars","10":"first","11":"instock","12":"shipping-taxable","13":"product-type-simple"},"jetpack_sharing_enabled":true,"_links":{"self":[{"href":"https:\/\/minghanggroup.com\/tr\/wp-json\/wp\/v2\/product\/2355","targetHints":{"allow":["GET"]}}],"collection":[{"href":"https:\/\/minghanggroup.com\/tr\/wp-json\/wp\/v2\/product"}],"about":[{"href":"https:\/\/minghanggroup.com\/tr\/wp-json\/wp\/v2\/types\/product"}],"wp:featuredmedia":[{"embeddable":true,"href":"https:\/\/minghanggroup.com\/tr\/wp-json\/wp\/v2\/media\/2370"}],"wp:attachment":[{"href":"https:\/\/minghanggroup.com\/tr\/wp-json\/wp\/v2\/media?parent=2355"}],"wp:term":[{"taxonomy":"product_brand","embeddable":true,"href":"https:\/\/minghanggroup.com\/tr\/wp-json\/wp\/v2\/product_brand?post=2355"},{"taxonomy":"product_cat","embeddable":true,"href":"https:\/\/minghanggroup.com\/tr\/wp-json\/wp\/v2\/product_cat?post=2355"},{"taxonomy":"product_tag","embeddable":true,"href":"https:\/\/minghanggroup.com\/tr\/wp-json\/wp\/v2\/product_tag?post=2355"}],"curies":[{"name":"wp","href":"https:\/\/api.w.org\/{rel}","templated":true}]}}