{"id":2335,"date":"2025-10-31T11:15:42","date_gmt":"2025-10-31T03:15:42","guid":{"rendered":"https:\/\/minghanggroup.com\/?post_type=product&#038;p=2335"},"modified":"2025-10-31T14:50:02","modified_gmt":"2025-10-31T06:50:02","slug":"bulk-hexagon-glass-honey-jars-with-honeycomb","status":"publish","type":"product","link":"https:\/\/minghanggroup.com\/tr\/urun\/bulk-hexagon-glass-honey-jars-with-honeycomb\/","title":{"rendered":"Toplu Alt\u0131gen Petekli Cam Bal Kavanozlar\u0131 500ml 1000ml"},"content":{"rendered":"<p>Bu alt\u0131gen cam bal kavanozlar\u0131, kabartmal\u0131 petek desenli \u015feffaf cam g\u00f6vdelere ve alt\u0131n ve sar\u0131 kapaklara sahiptir. \u0130ki farkl\u0131 boyutta mevcuttur. Bal\u0131n kendisi, \u015feffaf camdan zarif bir \u015fekilde sergilendi\u011finden, bal temas\u0131n\u0131 m\u00fckemmel bir \u015fekilde yans\u0131tmayan tek bir unsur yoktur.<\/p>\n<h2>\u00dcr\u00fcn \u00d6zellikleri<\/h2>\n<ul>\n<li><strong>Petek Dokusu:<\/strong> Alt\u0131gen bal kavanozlar\u0131, bal temas\u0131na m\u00fckemmel \u015fekilde uyum sa\u011flayan ve \u00fcr\u00fcn\u00fcn tan\u0131n\u0131rl\u0131\u011f\u0131n\u0131 ve tematik \u00e7ekicili\u011fini art\u0131ran benzersiz bir petek kabartmal\u0131 tasar\u0131ma sahiptir.<\/li>\n<li><strong>\u0130ki Boyut Mevcuttur:<\/strong> Kullan\u0131c\u0131, iki ayr\u0131 boyutta bal kavanozuna sahip olmas\u0131 sayesinde, \u00fcr\u00fcn\u00fc ister g\u00fcnl\u00fck ev kullan\u0131m\u0131 i\u00e7in, ister hediye paketlemek ve b\u00f6ylece ba\u015fka etkinliklere kat\u0131lmak i\u00e7in kullanabilecek.<\/li>\n<li><strong>Tematik Stil Sunumu:<\/strong> Petek dokulu kavanozlar, metal\/renkli kapaklarla birle\u015ftirilerek bal temas\u0131yla g\u00f6rsel olarak uyumlu bir etki yarat\u0131lm\u0131\u015f ve \u00fcr\u00fcn\u00fcn \u00f6zg\u00fcn ki\u015fili\u011fi vurgulanm\u0131\u015ft\u0131r.<\/li>\n<\/ul>\n<h2 style=\"text-align: left;\">Temel \u00d6zellikler<\/h2>\n<table class=\"aligncenter\" style=\"border-collapse: collapse; width: 455.27pt;\" border=\"0\" width=\"607\" cellspacing=\"0\" cellpadding=\"0\">\n<tbody>\n<tr style=\"height: 13.50pt;\">\n<td style=\"height: 13.50pt; width: 95.25pt;\" width=\"127\" height=\"18\">\u00d6zellik<\/td>\n<td style=\"width: 360.00pt;\" width=\"480\">\u015eartname<\/td>\n<\/tr>\n<tr style=\"height: 13.50pt;\">\n<td style=\"height: 13.50pt;\" height=\"18\">Kapasite<\/td>\n<td>500ml, 1000ml<\/td>\n<\/tr>\n<tr style=\"height: 13.50pt;\">\n<td style=\"height: 13.50pt;\" height=\"18\">\u015eekil<\/td>\n<td>Tam petek kabartmal\u0131 alt\u0131gen<\/td>\n<\/tr>\n<tr style=\"height: 13.50pt;\">\n<td style=\"height: 13.50pt;\" height=\"18\">Boyutlar<\/td>\n<td>8\u00d77,5\u00d711,9 cm, 9,7\u00d79,2\u00d714,5 cm<\/td>\n<\/tr>\n<tr style=\"height: 13.50pt;\">\n<td style=\"height: 13.50pt;\" height=\"18\">Malzeme<\/td>\n<td>\u015eeffaf cam, vidal\u0131 kapak<\/td>\n<\/tr>\n<tr style=\"height: 13.50pt;\">\n<td style=\"height: 13.50pt;\" height=\"18\">Kapak Se\u00e7enekleri<\/td>\n<td>Alt\u0131n, sar\u0131, g\u00fcm\u00fc\u015f, siyah<\/td>\n<\/tr>\n<tr style=\"height: 13.50pt;\">\n<td style=\"height: 13.50pt;\" height=\"18\">En \u0130yisi \u0130\u00e7in<\/td>\n<td>Ham bal, hediye setleri, butik perakende, ar\u0131c\u0131l\u0131k kooperatifleri<\/td>\n<\/tr>\n<tr style=\"height: 13.50pt;\">\n<td style=\"height: 13.50pt;\" height=\"18\">\u0130deal Kullan\u0131m<\/td>\n<td>Petekli bal kavanozu, cam bal kavanozu<\/td>\n<\/tr>\n<\/tbody>\n<\/table>\n<h2>Ba\u015far\u0131 \u00d6yk\u00fcs\u00fc: Temal\u0131 Ambalajlar B\u00fcy\u00fcmeyi Nas\u0131l Sa\u011flayabilir?<\/h2>\n<p>Orta \u00f6l\u00e7ekli bir ar\u0131c\u0131l\u0131k \u00e7iftli\u011fi, sade yuvarlak kavanozlar kullanarak \u00f6ne \u00e7\u0131kmakta zorland\u0131. Sade yuvarlak kavanozlardan, \u00fc\u00e7 ay boyunca petek desenli ve alt\u0131n kapakl\u0131 500 ml&#039;lik alt\u0131gen cam bal kavanozlar\u0131m\u0131za ge\u00e7en ar\u0131c\u0131l\u0131k \u00e7iftli\u011finin sat\u0131\u015flar\u0131nda , tekrarlayan sat\u0131n al\u0131mlar\u0131nda ise art\u0131\u015f g\u00f6r\u00fcld\u00fc. M\u00fc\u015fteriler, markay\u0131 kolayca tan\u0131n\u0131r hale getiren benzersiz &#034;ger\u00e7ek bal&#034; g\u00f6r\u00fcn\u00fcm\u00fcnden \u00e7ok memnun kald\u0131lar. \u00c7iftlik, \u00fcst \u00fcste \u00fc\u00e7 sipari\u015f verdikten sonra, art\u0131k t\u00fcm \u00fcr\u00fcn yelpazesinde bu kavanozlar\u0131 kullan\u0131yor.<\/p>\n<h2>Cam Ambalaj \u00d6zelle\u015ftirme \u00d6nerileri<\/h2>\n<ul>\n<li><strong>\u00d6zel\u200b\u200d\u200b\u200c\u200d\u200b\u200d\u200c\u200b\u200d\u200b\u200c\u200d\u200b\u200d\u200c Kapak Kaplamas\u0131:<\/strong> Markayla g\u00f6rsel olarak uyumlu olmas\u0131 i\u00e7in mat, parlak veya metalik kapaklardan birini se\u00e7ebilirsiniz.<\/li>\n<li><strong>Petek Desen Yo\u011funlu\u011fu:<\/strong> Petek desenli bal kavanozundaki de\u011fi\u015fiklikler, efektin daha fazla veya daha az belirgin olmas\u0131n\u0131 istiyorsan\u0131z yap\u0131labilir.<\/li>\n<li><strong>Vitray:<\/strong> Kehribar cam sadece UV korumas\u0131 i\u00e7in harika olmakla kalmaz, ayn\u0131 zamanda \u00fcr\u00fcne ho\u015f, s\u0131cak, alt\u0131n rengi bir g\u00f6r\u00fcn\u00fcm de kazand\u0131r\u0131r, \u00f6yleyse neden kullanmayas\u0131n\u0131z?<\/li>\n<li><strong>Metalik Parlakl\u0131k:<\/strong> Petek deseninin belirli b\u00f6lgelerinden gelen \u0131\u015f\u0131\u011f\u0131 yans\u0131tmak i\u00e7in metalik bir parlakl\u0131k kullan\u0131n ve g\u00f6rsel olarak dikkat \u00e7ekici bir etki yarat\u0131n.<\/li>\n<\/ul>","protected":false},"excerpt":{"rendered":"<p>Petek desenli, \u015f\u0131k alt\u0131gen cam bal kavanozu, y\u00fcksek kaliteli camdan ve alt\u0131n kapaktan \u00fcretilmi\u015ftir. Bal paketlemek i\u00e7in m\u00fckemmeldir. \u00dccretsiz numunelerle toplu sipari\u015f verin!<\/p>","protected":false},"featured_media":2351,"template":"","meta":{"postBodyCss":"","postBodyMargin":[],"postBodyPadding":[],"postBodyBackground":{"backgroundType":"classic","gradient":""}},"product_brand":[],"product_cat":[15,52,17],"product_tag":[],"class_list":{"0":"post-2335","1":"product","2":"type-product","3":"status-publish","4":"has-post-thumbnail","6":"product_cat-glass-containers","7":"product_cat-glass-honey-jars","8":"product_cat-glass-jars","10":"first","11":"instock","12":"shipping-taxable","13":"product-type-simple"},"jetpack_sharing_enabled":true,"_links":{"self":[{"href":"https:\/\/minghanggroup.com\/tr\/wp-json\/wp\/v2\/product\/2335","targetHints":{"allow":["GET"]}}],"collection":[{"href":"https:\/\/minghanggroup.com\/tr\/wp-json\/wp\/v2\/product"}],"about":[{"href":"https:\/\/minghanggroup.com\/tr\/wp-json\/wp\/v2\/types\/product"}],"wp:featuredmedia":[{"embeddable":true,"href":"https:\/\/minghanggroup.com\/tr\/wp-json\/wp\/v2\/media\/2351"}],"wp:attachment":[{"href":"https:\/\/minghanggroup.com\/tr\/wp-json\/wp\/v2\/media?parent=2335"}],"wp:term":[{"taxonomy":"product_brand","embeddable":true,"href":"https:\/\/minghanggroup.com\/tr\/wp-json\/wp\/v2\/product_brand?post=2335"},{"taxonomy":"product_cat","embeddable":true,"href":"https:\/\/minghanggroup.com\/tr\/wp-json\/wp\/v2\/product_cat?post=2335"},{"taxonomy":"product_tag","embeddable":true,"href":"https:\/\/minghanggroup.com\/tr\/wp-json\/wp\/v2\/product_tag?post=2335"}],"curies":[{"name":"wp","href":"https:\/\/api.w.org\/{rel}","templated":true}]}}