{"id":2302,"date":"2025-10-30T15:36:54","date_gmt":"2025-10-30T07:36:54","guid":{"rendered":"https:\/\/minghanggroup.com\/?post_type=product&#038;p=2302"},"modified":"2026-01-20T14:32:18","modified_gmt":"2026-01-20T06:32:18","slug":"bulk-beautiful-embossed-honey-glass-jars-with-metal-lids","status":"publish","type":"product","link":"https:\/\/minghanggroup.com\/tr\/urun\/bulk-beautiful-embossed-honey-glass-jars-with-metal-lids\/","title":{"rendered":"Toplu G\u00fczel Kabartmal\u0131 Bal Cam Kavanozlar 280ml 380ml"},"content":{"rendered":"<p>Bu bal kavanozlar\u0131, g\u00fczel kabartmal\u0131 desenlerle s\u00fcslenmi\u015f \u015feffaf cam g\u00f6vdelere sahiptir ve \u00e7e\u015fitli boyutlarda k\u0131rm\u0131z\u0131 ve kahverengi kapaklarla mevcuttur; sadece g\u00fczel g\u00f6r\u00fcnmekle kalmay\u0131p ayn\u0131 zamanda \u00e7ok kullan\u0131\u015fl\u0131 olan \u015f\u0131k, sanatsal ve rafine bir tasar\u0131m\u0131 temsil eder.<\/p>\n<h2>\u00dcr\u00fcn \u00d6zellikleri<\/h2>\n<ul>\n<li><strong>Kabartmal\u0131 Kavanoz G\u00f6vdesi:<\/strong> Kavanozlar\u0131n \u00fczerinde g\u00fczel kabartmal\u0131 tasar\u0131mlar yer al\u0131yor ve zarif sanatsal d\u00fczenleme, \u00fcr\u00fcn\u00fcn tan\u0131nabilirli\u011fini ve g\u00f6rsel \u00e7ekicili\u011fini art\u0131r\u0131yor.<\/li>\n<li><strong>\u0130ki Boyut Mevcuttur: <\/strong>Bal saklama ve hediye paketleme gibi farkl\u0131 ihtiya\u00e7lara cevap verecek farkl\u0131 boyutlardaki \u00fcr\u00fcnler elinizin alt\u0131nda.<\/li>\n<li><strong>Hayal G\u00fcc\u00fcne Dayal\u0131 Tasar\u0131m:<\/strong> Kabartmal\u0131 s\u00fcslemeli bir eleman olan kavanozun \u015feffaf kab\u0131, \u00fcr\u00fcn\u00fc moda ve ihti\u015famla y\u00fccelten e\u015fsiz bir sanatsal tasar\u0131m ortaya \u00e7\u0131kar\u0131yor.<\/li>\n<\/ul>\n<h2 style=\"text-align: left;\">Temel \u00d6zellikler<\/h2>\n<table class=\"aligncenter\" style=\"border-collapse: collapse; width: 390.77pt;\" border=\"0\" width=\"521\" cellspacing=\"0\" cellpadding=\"0\">\n<tbody>\n<tr style=\"height: 13.50pt;\">\n<td style=\"height: 13.50pt; width: 108.75pt;\" width=\"145\" height=\"18\">\u00d6zellik<\/td>\n<td style=\"width: 282.00pt;\" width=\"376\">\u015eartname<\/td>\n<\/tr>\n<tr style=\"height: 13.50pt;\">\n<td style=\"height: 13.50pt;\" height=\"18\">Kapasite<\/td>\n<td>280 ml, 380 ml<\/td>\n<\/tr>\n<tr style=\"height: 13.50pt;\">\n<td style=\"height: 13.50pt;\" height=\"18\">\u015eekil<\/td>\n<td>T\u00fcm g\u00f6vdeyi kaplayan kaz\u0131ma ile silindirik<\/td>\n<\/tr>\n<tr style=\"height: 13.50pt;\">\n<td style=\"height: 13.50pt;\" height=\"18\">Boyutlar<\/td>\n<td>7,7\u00d710,5 cm, 8,4\u00d711,5 cm<\/td>\n<\/tr>\n<tr style=\"height: 13.50pt;\">\n<td style=\"height: 13.50pt;\" height=\"18\">Boyun Tipi<\/td>\n<td>Geni\u015f a\u011f\u0131z (5,2\u20135,6 cm \u00e7ap\u0131nda)<\/td>\n<\/tr>\n<tr style=\"height: 13.50pt;\">\n<td style=\"height: 13.50pt;\" height=\"18\">Malzeme<\/td>\n<td>\u015eeffaf cam, metal vidal\u0131 kapak<\/td>\n<\/tr>\n<tr style=\"height: 13.50pt;\">\n<td style=\"height: 13.50pt;\" height=\"18\">Kapak Se\u00e7enekleri<\/td>\n<td>K\u0131rm\u0131z\u0131, kahverengi, alt\u0131n, g\u00fcm\u00fc\u015f<\/td>\n<\/tr>\n<tr style=\"height: 13.50pt;\">\n<td style=\"height: 13.50pt;\" height=\"18\">En \u0130yisi \u0130\u00e7in<\/td>\n<td>Premium bal, hediye setleri, butik perakende<\/td>\n<\/tr>\n<tr style=\"height: 13.50pt;\">\n<td style=\"height: 13.50pt;\" height=\"18\">\u0130deal Kullan\u0131m<\/td>\n<td>G\u00fczel bal kavanozlar\u0131, kabartmal\u0131 re\u00e7el kavanozlar\u0131<\/td>\n<\/tr>\n<\/tbody>\n<\/table>\n<h2>Ba\u015far\u0131 Hikayesi: Kabartmal\u0131 Kavanozlar Marka Konumland\u0131rmas\u0131n\u0131 Nas\u0131l De\u011fi\u015ftirdi?<\/h2>\n<p>Y\u00f6reye bal tedarik eden ar\u0131c\u0131l\u0131k kooperatifi, \u00fcr\u00fcnlerinin b\u00f6lgedeki hediyelik e\u015fya d\u00fckkanlar\u0131nda fark edilmesini neredeyse imkans\u0131z hale getirmi\u015fti. Soluk ambalajlar\u0131, onlar\u0131 rakiplerinden ay\u0131rt etmeye yetmiyordu. \u0130mza \u00fcr\u00fcn serilerinin ambalajlar\u0131n\u0131, 380 ml&#039;lik kahverengi kapakl\u0131, g\u00fczel bal kavanozlar\u0131m\u0131zla de\u011fi\u015ftirdiler. D\u00f6n\u00fc\u015f\u00fcmler ola\u011fan\u00fcst\u00fcyd\u00fc. Sadece alt\u0131 ay i\u00e7inde, ortalama perakende fiyatlar\u0131n\u0131 art\u0131rd\u0131lar. Ma\u011faza al\u0131c\u0131lar\u0131, bu \u00e7ekici bal kavanozlar\u0131n\u0131n sadece \u00fcr\u00fcn de\u011fil, ayn\u0131 zamanda g\u00f6z ziyafeti oldu\u011funu belirttiler. Daha da dikkat \u00e7ekici olan\u0131, kooperatifin, di\u011ferleri aras\u0131nda, daha \u00f6nce \u00fcr\u00fcnlerini reddeden \u00fc\u00e7 l\u00fcks ma\u011fazayla s\u00f6zle\u015fme imzalam\u0131\u015f olmas\u0131. Bu ma\u011fazalar art\u0131k t\u00fcm \u00fcr\u00fcn gruplar\u0131nda bu zarif bal kavanozunu kullan\u0131yor ve her iki ayda bir 100.000 adetlik sipari\u015f veriyor.<\/p>\n<h2>Cam Ambalaj \u00d6zelle\u015ftirme \u00d6nerileri<\/h2>\n<ul>\n<li><strong>\u00d6zel Kabartmal\u0131 Desenler:<\/strong> Mevcut \u00e7i\u00e7ek desenini de\u011fi\u015ftirin, marka kimli\u011finizin \u00f6\u011felerini entegre edin veya tamamen yeni tasar\u0131mlar ortaya \u00e7\u0131kar\u0131n.<\/li>\n<li><strong>\u015eapka Renk E\u015fle\u015ftirmesi:<\/strong> Kapa\u011f\u0131n rengini markan\u0131z\u0131n Pantone rengiyle b\u00fcy\u00fck bir do\u011frulukla e\u015fle\u015ftirebiliyoruz, b\u00f6ylece rengin kesinlikle tutarl\u0131 olmas\u0131n\u0131 sa\u011fl\u0131yoruz.<\/li>\n<li><strong>\u00d6zel\u200b\u200d\u200b\u200c\u200d\u200b\u200d\u200c\u200b\u200d\u200b\u200c\u200d\u200b\u200d\u200c Parlak\/Mat Kaplamalar:<\/strong> \u015ei\u015fenin \u00e7e\u015fitli yerlerinde parlak ve mat biti\u015fler kullanarak dikkati \u00e7ekebilirsiniz.<\/li>\n<li><strong>Metalik Vurgular:<\/strong> Kabartmada y\u00fckseltilen k\u0131s\u0131mlar\u0131n \u00fczerine az miktarda alt\u0131n veya g\u00fcm\u00fc\u015f metalik toz koyarak zengin ve g\u00fczel g\u00f6r\u00fcnmelerini sa\u011flay\u0131n.<\/li>\n<\/ul>","protected":false},"excerpt":{"rendered":"<p>Sanatsal kabartmal\u0131 desenlere sahip \u015f\u0131k, \u015feffaf cam bal kavanozlar\u0131. Premium bal markalar\u0131 i\u00e7in ideal. Toptan fiyatlar, h\u0131zl\u0131 kargo ve \u00fccretsiz numuneler!<\/p>","protected":false},"featured_media":2330,"template":"","meta":{"postBodyCss":"","postBodyMargin":[],"postBodyPadding":[],"postBodyBackground":{"backgroundType":"classic","gradient":""}},"product_brand":[],"product_cat":[15,17,52],"product_tag":[81,65],"class_list":{"0":"post-2302","1":"product","2":"type-product","3":"status-publish","4":"has-post-thumbnail","6":"product_cat-glass-containers","7":"product_cat-glass-jars","8":"product_cat-glass-honey-jars","9":"product_tag-birds-nest-jar","10":"product_tag-glass-jam-jars","12":"first","13":"instock","14":"shipping-taxable","15":"product-type-simple"},"jetpack_sharing_enabled":true,"_links":{"self":[{"href":"https:\/\/minghanggroup.com\/tr\/wp-json\/wp\/v2\/product\/2302","targetHints":{"allow":["GET"]}}],"collection":[{"href":"https:\/\/minghanggroup.com\/tr\/wp-json\/wp\/v2\/product"}],"about":[{"href":"https:\/\/minghanggroup.com\/tr\/wp-json\/wp\/v2\/types\/product"}],"wp:featuredmedia":[{"embeddable":true,"href":"https:\/\/minghanggroup.com\/tr\/wp-json\/wp\/v2\/media\/2330"}],"wp:attachment":[{"href":"https:\/\/minghanggroup.com\/tr\/wp-json\/wp\/v2\/media?parent=2302"}],"wp:term":[{"taxonomy":"product_brand","embeddable":true,"href":"https:\/\/minghanggroup.com\/tr\/wp-json\/wp\/v2\/product_brand?post=2302"},{"taxonomy":"product_cat","embeddable":true,"href":"https:\/\/minghanggroup.com\/tr\/wp-json\/wp\/v2\/product_cat?post=2302"},{"taxonomy":"product_tag","embeddable":true,"href":"https:\/\/minghanggroup.com\/tr\/wp-json\/wp\/v2\/product_tag?post=2302"}],"curies":[{"name":"wp","href":"https:\/\/api.w.org\/{rel}","templated":true}]}}