{"id":2259,"date":"2025-10-30T14:27:41","date_gmt":"2025-10-30T06:27:41","guid":{"rendered":"https:\/\/minghanggroup.com\/?post_type=product&#038;p=2259"},"modified":"2026-01-20T14:32:32","modified_gmt":"2026-01-20T06:32:32","slug":"wholesale-glass-jam-jars-canning-small-honey-jars-multi-faceted","status":"publish","type":"product","link":"https:\/\/minghanggroup.com\/tr\/urun\/wholesale-glass-jam-jars-canning-small-honey-jars-multi-faceted\/","title":{"rendered":"Toptan \u00c7ok Y\u00f6nl\u00fc Cam Re\u00e7el Kavanozlar\u0131 Konserveleme 100ml 150ml 200ml"},"content":{"rendered":"<p>\u015eeffaf, \u00e7ok y\u00f6nl\u00fc cam g\u00f6vdesi ve k\u0131rm\u0131z\u0131-beyaz kareli kapa\u011f\u0131yla farkl\u0131 boyutlarda sunulan bu cam re\u00e7el kavanozlar\u0131, alt\u0131n rengi bal\u0131 sergilemenin harika bir yolu olan ho\u015f bir k\u0131rsal tarza sahiptir.<\/p>\n<h2>\u00dcr\u00fcn \u00d6zellikleri<\/h2>\n<ul>\n<li><strong>\u00c7ok Y\u00f6nl\u00fc \u015ei\u015fe Tasar\u0131m\u0131:<\/strong> Basit geometrik \u00e7ok y\u00f6nl\u00fc \u015fi\u015fe tasar\u0131m\u0131, \u00fcr\u00fcn\u00fcn tan\u0131n\u0131rl\u0131\u011f\u0131n\u0131 ve g\u00f6rsel \u00e7ekicili\u011fini \u00f6nemli \u00f6l\u00e7\u00fcde art\u0131r\u0131yor.<\/li>\n<li><strong>Birden Fazla Boyut Mevcuttur:<\/strong> \u015eirket, g\u00fcnl\u00fck ev kullan\u0131m\u0131, hediye paketleme ve di\u011fer durumlar i\u00e7in uygun olan m\u00fc\u015fterilerinin farkl\u0131 ihtiya\u00e7lar\u0131n\u0131 kar\u015f\u0131lamak \u00fczere \u00e7e\u015fitli bal kavanozu boyutlar\u0131 sunmaktad\u0131r.<\/li>\n<li><strong>\u00dclke Tarz\u0131 Tasar\u0131m:<\/strong> \u015ei\u015fe tasar\u0131m\u0131 ve k\u0131rm\u0131z\u0131-beyaz kareli kapa\u011f\u0131, g\u00fc\u00e7l\u00fc bir rustik hava veriyor ve bu, \u00fcr\u00fcn\u00fcn kendine \u00f6zg\u00fc tarz\u0131n\u0131 zenginle\u015ftirmenin yan\u0131 s\u0131ra g\u00f6rsel \u00e7ekicili\u011fini de art\u0131r\u0131yor.<\/li>\n<\/ul>\n<h2 style=\"text-align: left;\">Temel \u00d6zellikler<\/h2>\n<table class=\"aligncenter\" style=\"border-collapse: collapse; width: 446.27pt;\" border=\"0\" width=\"595\" cellspacing=\"0\" cellpadding=\"0\">\n<tbody>\n<tr style=\"height: 13.50pt;\">\n<td style=\"height: 13.50pt; width: 122.25pt;\" width=\"163\" height=\"18\">\u00d6zellik<\/td>\n<td style=\"width: 324.00pt;\" width=\"432\">\u015eartname<\/td>\n<\/tr>\n<tr style=\"height: 13.50pt;\">\n<td style=\"height: 13.50pt;\" height=\"18\">Kapasite<\/td>\n<td>100ml, 150ml, 200ml<\/td>\n<\/tr>\n<tr style=\"height: 13.50pt;\">\n<td style=\"height: 13.50pt;\" height=\"18\">Boyutlar<\/td>\n<td>5,4\u00d76,2 cm ila 6\u00d78,5 cm<\/td>\n<\/tr>\n<tr style=\"height: 13.50pt;\">\n<td style=\"height: 13.50pt;\" height=\"18\">Boyun Tipi<\/td>\n<td>Geni\u015f a\u011f\u0131z (5,8\u20136,5 cm d\u0131\u015f \u00e7ap)<\/td>\n<\/tr>\n<tr style=\"height: 13.50pt;\">\n<td style=\"height: 13.50pt;\" height=\"18\">Malzeme<\/td>\n<td>\u015eeffaf cam, metal vidal\u0131 kapak<\/td>\n<\/tr>\n<tr style=\"height: 13.50pt;\">\n<td style=\"height: 13.50pt;\" height=\"18\">Kapak Se\u00e7enekleri<\/td>\n<td>K\u0131rm\u0131z\u0131\/beyaz kareli, d\u00fcz k\u0131rm\u0131z\u0131, alt\u0131n, g\u00fcm\u00fc\u015f<\/td>\n<\/tr>\n<tr style=\"height: 13.50pt;\">\n<td style=\"height: 13.50pt;\" height=\"18\">En \u0130yisi \u0130\u00e7in<\/td>\n<td>\u00c7i\u011f bal, re\u00e7eller, konserveler<\/td>\n<\/tr>\n<tr style=\"height: 13.50pt;\">\n<td style=\"height: 13.50pt;\" height=\"18\">\u0130deal Kullan\u0131m<\/td>\n<td>Re\u00e7el kavanozlar\u0131 konserveleme, cam re\u00e7el kavanozlar\u0131, toplu bal kavanozlar\u0131<\/td>\n<\/tr>\n<\/tbody>\n<\/table>\n<h2>Ba\u015far\u0131 \u00d6yk\u00fcs\u00fc: K\u0131rsal Tarzda Paketleme \u00c7evrimi\u00e7i Sat\u0131\u015flar\u0131 Nas\u0131l \u00dc\u00e7 Kat\u0131na \u00c7\u0131kard\u0131?<\/h2>\n<p>Bir zamanlar rekabetin y\u00fcksek oldu\u011fu \u00e7evrimi\u00e7i pazarda \u00e7aresiz kalan \u00e7evrimi\u00e7i ar\u0131c\u0131l\u0131k yapan aile \u015firketi, ham bal\u0131n\u0131 di\u011ferlerinden nas\u0131l farkl\u0131la\u015ft\u0131raca\u011f\u0131n\u0131 bir t\u00fcrl\u00fc \u00e7\u00f6zemedi. T\u00fcm \u00fcr\u00fcn yelpazesini kareli bez kapakl\u0131 re\u00e7el kavanozlar\u0131m\u0131z\u0131 kullanarak yeniden paketlemek gibi cesur bir ad\u0131m att\u0131lar. De\u011fi\u015fim \u00e7ok b\u00fcy\u00fckt\u00fc. \u015eirketin sosyal medya etkile\u015fimi 0 artt\u0131 \u00e7\u00fcnk\u00fc bu cam kavanozlar foto\u011fraf \u00e7ekmek ve Instagram&#039;a y\u00fcklemek i\u00e7in ideal. En \u00f6nemli fakt\u00f6r olan sat\u0131\u015flar ise sadece d\u00f6rt ayda artt\u0131. Sosyal medya etkile\u015fimi sayesinde \u00e7evrimi\u00e7i sat\u0131\u015flar d\u00f6rt ayda artt\u0131 ve bu etkile\u015fim de 0 artt\u0131 \u00e7\u00fcnk\u00fc bu cam kavanozlar foto\u011fraf \u00e7ekmek ve Instagram&#039;a y\u00fcklemek i\u00e7in m\u00fckemmel. M\u00fc\u015fteriler s\u0131k \u200b\u200bs\u0131k bu cam kavanozlar\u0131n kendilerini nas\u0131l cezbetti\u011fini yaz\u0131yorlar. Bu onlar\u0131 g\u00f6rsel olarak farkl\u0131la\u015ft\u0131rd\u0131 ve b\u00f6ylece sad\u0131k bir takip\u00e7i kitlesi olu\u015fturdular. Bu g\u00f6rsel farkl\u0131la\u015fma onlara sad\u0131k bir takip\u00e7i kitlesi kazand\u0131rd\u0131. \u015eirket o zamandan beri \u00fcr\u00fcn yelpazesini geni\u015fletti ve m\u00fc\u015fterilerinin farkl\u0131 tercihlerini kar\u015f\u0131lamak i\u00e7in her \u00fc\u00e7 boyutta da 100.000 kavanoz i\u00e7in d\u00fczenli sipari\u015fler vererek uzun vadeli bir ortakl\u0131k kurdu.<\/p>\n<h2>Cam Ambalaj \u00d6zelle\u015ftirme \u00d6nerileri<\/h2>\n<ul>\n<li><strong>\u00d6zel \u015eapka Modelleri:<\/strong> Antik kareli desen her zaman moda olsa da puantiyeli, \u00e7izgili hatta marka logolu gibi farkl\u0131 desenlerle de \u015fapkalar yapabiliriz.<\/li>\n<li><strong>Cam Filmi:<\/strong> A\u00e7\u0131k kehribar veya ye\u015fil cam kullanmak, sadece klasik bir stil yaratmakla kalmayacak, ayn\u0131 zamanda \u0131\u015f\u0131k ya\u015flanmas\u0131na kar\u015f\u0131 koruma da sa\u011flayacakt\u0131r.<\/li>\n<li><strong>Serigrafi Bask\u0131 Marka Logosu:<\/strong> Markan\u0131n uzun s\u00fcre kal\u0131c\u0131 ve profesyonel bir imaj\u0131n\u0131 sunmak i\u00e7in cam \u00fczerine do\u011frudan bir marka ad\u0131 veya k\u00fc\u00e7\u00fck bir simge bas\u0131labilir.<\/li>\n<\/ul>","protected":false},"excerpt":{"rendered":"<p>\u00c7e\u015fitli boyutlarda, g\u00fcvenli kareli kapakl\u0131, y\u00fcksek kaliteli cam re\u00e7el kavanozlar\u0131. Re\u00e7el ve bal paketlemek i\u00e7in ideal. \u00dccretsiz numuneler ve h\u0131zl\u0131 kargo!<\/p>","protected":false},"featured_media":2282,"template":"","meta":{"postBodyCss":"","postBodyMargin":[],"postBodyPadding":[],"postBodyBackground":{"backgroundType":"classic","gradient":""}},"product_brand":[],"product_cat":[15,17,52],"product_tag":[65],"class_list":{"0":"post-2259","1":"product","2":"type-product","3":"status-publish","4":"has-post-thumbnail","6":"product_cat-glass-containers","7":"product_cat-glass-jars","8":"product_cat-glass-honey-jars","9":"product_tag-glass-jam-jars","11":"first","12":"instock","13":"shipping-taxable","14":"product-type-simple"},"jetpack_sharing_enabled":true,"_links":{"self":[{"href":"https:\/\/minghanggroup.com\/tr\/wp-json\/wp\/v2\/product\/2259","targetHints":{"allow":["GET"]}}],"collection":[{"href":"https:\/\/minghanggroup.com\/tr\/wp-json\/wp\/v2\/product"}],"about":[{"href":"https:\/\/minghanggroup.com\/tr\/wp-json\/wp\/v2\/types\/product"}],"wp:featuredmedia":[{"embeddable":true,"href":"https:\/\/minghanggroup.com\/tr\/wp-json\/wp\/v2\/media\/2282"}],"wp:attachment":[{"href":"https:\/\/minghanggroup.com\/tr\/wp-json\/wp\/v2\/media?parent=2259"}],"wp:term":[{"taxonomy":"product_brand","embeddable":true,"href":"https:\/\/minghanggroup.com\/tr\/wp-json\/wp\/v2\/product_brand?post=2259"},{"taxonomy":"product_cat","embeddable":true,"href":"https:\/\/minghanggroup.com\/tr\/wp-json\/wp\/v2\/product_cat?post=2259"},{"taxonomy":"product_tag","embeddable":true,"href":"https:\/\/minghanggroup.com\/tr\/wp-json\/wp\/v2\/product_tag?post=2259"}],"curies":[{"name":"wp","href":"https:\/\/api.w.org\/{rel}","templated":true}]}}