{"id":2250,"date":"2025-10-30T14:08:43","date_gmt":"2025-10-30T06:08:43","guid":{"rendered":"https:\/\/minghanggroup.com\/?post_type=product&#038;p=2250"},"modified":"2026-01-20T13:42:15","modified_gmt":"2026-01-20T05:42:15","slug":"custom-ball-ribbed-glass-jars-for-yogurt-honey-wholesale","status":"publish","type":"product","link":"https:\/\/minghanggroup.com\/tr\/urun\/custom-ball-ribbed-glass-jars-for-yogurt-honey-wholesale\/","title":{"rendered":"Yo\u011furt ve Bal \u0130\u00e7in 150-380 ml Yuvarlak Oluklu Cam Kavanozlar Toptan Sat\u0131\u015f"},"content":{"rendered":"<p>Yo\u011furdunuzu kalabal\u0131\u011f\u0131n i\u00e7inde kaybolup giden s\u0131k\u0131c\u0131 kaplar\u0131 kullanmay\u0131 b\u0131rak\u0131n. Her ka\u015f\u0131\u011f\u0131 bir keyfe d\u00f6n\u00fc\u015ft\u00fcren \u00f6zel cam yo\u011furt kavanozlar\u0131 tasarl\u0131yoruz. Bunlar sadece kaplar de\u011fil, markan\u0131z\u0131n taze ve \u015f\u0131k s\u00fct \u00fcr\u00fcnleri ambalajlar\u0131 i\u00e7in yeni gizli silah\u0131. G\u00fcvenilir cam ambalaj \u00fcreticiniz olarak, \u00fcr\u00fcn\u00fcn\u00fcz\u00fcn daha uzun s\u00fcre taze kalmas\u0131n\u0131 sa\u011flayacak en kaliteli malzemeleri tedarik ediyoruz.<\/p>\n<h2>\u00dcr\u00fcn \u00d6zellikleri<\/h2>\n<ol>\n<li><strong>Zarif\u200b\u200d\u200b\u200c\u200d\u200b\u200d\u200c\u200b\u200d\u200b\u200c\u200d\u200b\u200d\u200c Dikey Doku:<\/strong>Kavanozlar\u0131n i\u00e7lerine i\u015flenen ince oluklar hem g\u00f6rsel olarak \u015f\u0131kl\u0131k kat\u0131yor hem de yo\u011furt kavanozlar\u0131n\u0131z i\u00e7in kullan\u0131\u015fl\u0131 ve kullan\u0131\u015fl\u0131 bir tutu\u015f sa\u011fl\u0131yor.<\/li>\n<li><strong>G\u00fcvenli M\u00fch\u00fcr Tasar\u0131m\u0131:<\/strong>Vidal\u0131 kapaklar\u0131m\u0131z, yo\u011furdunuzu taze tutan ve cam yo\u011furt kavanozlar\u0131n\u0131 s\u0131zd\u0131rmaz hale getiren m\u00fckemmel hava ge\u00e7irmez bir s\u0131zd\u0131rmazl\u0131k sa\u011flar.<\/li>\n<li><strong>Kristal Berrakl\u0131\u011f\u0131:<\/strong>Y\u00fcksek kaliteli \u015feffaf cam, yo\u011furdunuzun canl\u0131 renklerini an\u0131nda sergilemenin bir yoludur; kalite ne kadar taze olursa, m\u00fc\u015fteriler o kadar \u00e7ok sat\u0131n al\u0131r.<\/li>\n<li><strong>\u00c7ok Y\u00f6nl\u00fc Boyutlar:<\/strong>Toptan cam yo\u011furt kavanozlar\u0131m\u0131z 150 ml&#039;den 380 ml&#039;ye kadar de\u011fi\u015fmektedir, bu sayede her t\u00fcrl\u00fc s\u00fct \u00fcr\u00fcn\u00fc ve ambalaj ihtiyac\u0131na cevap vermekteyiz.<\/li>\n<\/ol>\n<h2>Temel \u00d6zellikler<\/h2>\n<table style=\"border-collapse: collapse; width: 80%; margin-left: auto; margin-right: auto;\" border=\"0\" width=\"288\" cellspacing=\"0\" cellpadding=\"0\">\n<tbody>\n<tr style=\"height: 13.50pt;\">\n<td style=\"height: 13.5pt; width: 54pt; text-align: center;\" width=\"72\" height=\"18\">Kapasite(ml)<\/td>\n<td style=\"width: 54pt; text-align: center;\" width=\"72\">Boyutlar(cm)<\/td>\n<td style=\"width: 54pt; text-align: center;\" width=\"72\">\u015eekil<\/td>\n<td style=\"width: 54pt; text-align: center;\" width=\"72\">Malzeme<\/td>\n<\/tr>\n<tr style=\"height: 13.50pt;\">\n<td style=\"height: 13.5pt; text-align: center;\" align=\"right\" height=\"18\">150<\/td>\n<td style=\"text-align: center;\">7.3*6.9<\/td>\n<td class=\"et2\" style=\"text-align: center;\" rowspan=\"4\">Yuvarlak<\/td>\n<td class=\"et2\" style=\"text-align: center;\" rowspan=\"4\">Bardak<\/td>\n<\/tr>\n<tr style=\"height: 13.50pt;\">\n<td style=\"height: 13.5pt; text-align: center;\" align=\"right\" height=\"18\">200<\/td>\n<td style=\"text-align: center;\">8.1*7.5<\/td>\n<\/tr>\n<tr style=\"height: 13.50pt;\">\n<td style=\"height: 13.5pt; text-align: center;\" align=\"right\" height=\"18\">280<\/td>\n<td style=\"text-align: center;\">8.9*8.0<\/td>\n<\/tr>\n<tr style=\"height: 13.50pt;\">\n<td style=\"height: 13.5pt; text-align: center;\" align=\"right\" height=\"18\">380<\/td>\n<td style=\"text-align: center;\">9.7*9.0<\/td>\n<\/tr>\n<\/tbody>\n<\/table>\n<h2>Ba\u015far\u0131 \u00d6rne\u011fi<\/h2>\n<p>Frans\u0131z bir tatl\u0131 \u015firketi, toptan \u00f6zel yuvarlak, nerv\u00fcrl\u00fc cam yo\u011furt kavanozlar\u0131 tasarlamak i\u00e7in bizimle i\u015f birli\u011fi yapt\u0131. Her kavanoz, a\u011f\u0131r ve \u00e7ok \u015feffaf camdan yap\u0131lm\u0131\u015f olup, \u0131\u015f\u0131k yans\u0131mas\u0131 yaratan ve el yap\u0131m\u0131 pudinglerinin ve meyveli yo\u011furtlar\u0131n\u0131n dokusunu vurgulayan zarif dikey \u00e7izgilerle s\u00fcslenmi\u015ftir. Marka, \u00fcr\u00fcnlerin so\u011futmal\u0131 nakliye s\u0131ras\u0131nda taze kalmas\u0131n\u0131 sa\u011flamak i\u00e7in g\u0131da s\u0131n\u0131f\u0131 hava ge\u00e7irmez astarlar kullan\u0131yor. Ayr\u0131ca, yo\u011furdun ve i\u00e7indekilerin do\u011fal renklerini tamamen ortaya \u00e7\u0131karmak i\u00e7in kabartmal\u0131 bir logo ve \u015feffaf bir sarmal etiket ekledik.<\/p>\n<p>\u00dcr\u00fcn gam\u0131, lansman\u0131ndan sadece \u00fc\u00e7 ay sonra marka bilinirli\u011finin \u00f6nemli bir itici g\u00fcc\u00fc haline geldi ve marka toptan sat\u0131\u015f taleplerinin &#039;inden fazlas\u0131n\u0131 ald\u0131.<\/p>\n<h2>\u00d6zelle\u015ftirme \u0130pu\u00e7lar\u0131n\u0131z<\/h2>\n<p>Yuvarlak, nerv\u00fcrl\u00fc cam yo\u011furt kavanozlar\u0131n\u0131z\u0131 toptan olarak karanl\u0131kta saklamay\u0131n; kesinlikle \u015f\u0131k bir g\u00f6r\u00fcn\u00fcm\u00fc hak ediyor. &#034;Alt\u0131n Ball\u0131 Krema&#034; veya &#034;Meyve \u015e\u00f6leni&#034; gibi fikrinizi bize iletin; kabartmal\u0131 logo, metal kapak veya vitray kullanarak markan\u0131z\u0131n lezzet hikayesini anlatmak i\u00e7in m\u00fckemmel bir ara\u00e7 olal\u0131m.<\/p>\n<p>Perakende veya kafe te\u015fhirine uygun s\u0131zd\u0131rmazl\u0131k ve ambalajlama se\u00e7enekleriyle birlikte 200 ml veya 280 ml hacim se\u00e7eneklerinden birini se\u00e7ebilirsiniz. H\u0131zl\u0131 sipari\u015f vermek isterseniz, toptan cam yo\u011furt kavanozu teklifimiz mevcuttur. Bu, yo\u011furt kavanozlar\u0131n\u0131z\u0131 s\u0131radan kaplardan, markan\u0131z\u0131n zanaatkarl\u0131k becerisini ifade eden klasik bir tarza d\u00f6n\u00fc\u015ft\u00fcrebilece\u011fimiz anlam\u0131na gelir.<\/p>","protected":false},"excerpt":{"rendered":"<p>Metal kapakl\u0131, yuvarlak yivli cam yo\u011furt kavanozlar\u0131n\u0131 ke\u015ffedin. Toptan \u00f6zelle\u015ftirilebilir cam yo\u011furt kavanozlar\u0131 arayan tatl\u0131 markalar\u0131 i\u00e7in m\u00fckemmel; \u015f\u0131k, hava ge\u00e7irmez ve tekrar kullan\u0131labilir.<\/p>","protected":false},"featured_media":2251,"template":"","meta":{"postBodyCss":"","postBodyMargin":[],"postBodyPadding":[],"postBodyBackground":{"backgroundType":"classic","gradient":""}},"product_brand":[],"product_cat":[15,16,46],"product_tag":[65,64],"class_list":{"0":"post-2250","1":"product","2":"type-product","3":"status-publish","4":"has-post-thumbnail","6":"product_cat-glass-containers","7":"product_cat-glass-bottles","8":"product_cat-glass-milk-bottles","9":"product_tag-glass-jam-jars","10":"product_tag-glass-yogurt-jars","12":"first","13":"instock","14":"shipping-taxable","15":"product-type-simple"},"jetpack_sharing_enabled":true,"_links":{"self":[{"href":"https:\/\/minghanggroup.com\/tr\/wp-json\/wp\/v2\/product\/2250","targetHints":{"allow":["GET"]}}],"collection":[{"href":"https:\/\/minghanggroup.com\/tr\/wp-json\/wp\/v2\/product"}],"about":[{"href":"https:\/\/minghanggroup.com\/tr\/wp-json\/wp\/v2\/types\/product"}],"wp:featuredmedia":[{"embeddable":true,"href":"https:\/\/minghanggroup.com\/tr\/wp-json\/wp\/v2\/media\/2251"}],"wp:attachment":[{"href":"https:\/\/minghanggroup.com\/tr\/wp-json\/wp\/v2\/media?parent=2250"}],"wp:term":[{"taxonomy":"product_brand","embeddable":true,"href":"https:\/\/minghanggroup.com\/tr\/wp-json\/wp\/v2\/product_brand?post=2250"},{"taxonomy":"product_cat","embeddable":true,"href":"https:\/\/minghanggroup.com\/tr\/wp-json\/wp\/v2\/product_cat?post=2250"},{"taxonomy":"product_tag","embeddable":true,"href":"https:\/\/minghanggroup.com\/tr\/wp-json\/wp\/v2\/product_tag?post=2250"}],"curies":[{"name":"wp","href":"https:\/\/api.w.org\/{rel}","templated":true}]}}