{"id":2249,"date":"2025-10-30T13:02:24","date_gmt":"2025-10-30T05:02:24","guid":{"rendered":"https:\/\/minghanggroup.com\/?post_type=product&#038;p=2249"},"modified":"2025-10-30T17:39:15","modified_gmt":"2025-10-30T09:39:15","slug":"wholesale-waist-shaped-small-jam-bottles","status":"publish","type":"product","link":"https:\/\/minghanggroup.com\/tr\/urun\/wholesale-waist-shaped-small-jam-bottles\/","title":{"rendered":"Toptan 75 ml Bel \u015eeklinde K\u00fc\u00e7\u00fck Re\u00e7el \u015ei\u015feleri"},"content":{"rendered":"<p>Bu k\u00fc\u00e7\u00fck re\u00e7el \u015fi\u015feleri, daralan bir bel k\u0131sm\u0131na ve \u0131\u015f\u0131lt\u0131l\u0131 metal kapaklara sahip, \u015feffaf ve \u015f\u0131k bir cam g\u00f6vdeyle gelir. B\u00f6ylece, kavanoz g\u00f6rsel olarak \u00e7ekici ve y\u00fcksek kaliteli kal\u0131rken, lezzetli bal tam anlam\u0131yla sergilenir.<\/p>\n<h2>\u00dcr\u00fcn \u00d6zellikleri<\/h2>\n<ul>\n<li><strong>\u015eeffaf Cam Malzemesi:<\/strong> \u015eeffaf cam kullan\u0131m\u0131 bal\u0131n rengini ve k\u0131vam\u0131n\u0131 g\u00f6r\u00fcn\u00fcr hale getirir, b\u00f6ylece \u00fcr\u00fcn\u00fcn tan\u0131mlanmas\u0131 ve incelenmesi kusursuz hale gelir.<\/li>\n<li><strong>Daralan Bel Tasar\u0131m\u0131:<\/strong> Daralan g\u00f6vdenin p\u00fcr\u00fczs\u00fcz, trend k\u0131vr\u0131mlar\u0131 \u00fcr\u00fcn\u00fc g\u00fczelle\u015ftirmenin yan\u0131 s\u0131ra marka bilinirli\u011finin yarat\u0131lmas\u0131na da yard\u0131mc\u0131 oluyor.<\/li>\n<li><strong>\u015e\u0131k G\u00f6r\u00fcn\u00fcm:<\/strong> \u015ei\u015fenin minimalist tasar\u0131m\u0131, alt\u0131n rengi kapa\u011f\u0131yla birle\u015fince zarif ve nadir bir g\u00f6rsel izlenim yarat\u0131yor ve bu da \u00fcr\u00fcn\u00fcn alg\u0131lanan de\u011ferinin daha y\u00fcksek olmas\u0131n\u0131 sa\u011fl\u0131yor.<\/li>\n<\/ul>\n<h2 style=\"text-align: left;\">Temel \u00d6zellikler<\/h2>\n<table class=\"aligncenter\" style=\"border-collapse: collapse; width: 352.52pt;\" border=\"0\" width=\"470\" cellspacing=\"0\" cellpadding=\"0\">\n<tbody>\n<tr style=\"height: 13.50pt;\">\n<td style=\"height: 13.50pt; width: 122.25pt;\" width=\"163\" height=\"18\">\u00d6zellik<\/td>\n<td style=\"width: 230.25pt;\" width=\"307\">Detay<\/td>\n<\/tr>\n<tr style=\"height: 13.50pt;\">\n<td style=\"height: 13.50pt;\" height=\"18\">Kapasite<\/td>\n<td>75 ml<\/td>\n<\/tr>\n<tr style=\"height: 13.50pt;\">\n<td style=\"height: 13.50pt;\" height=\"18\">Y\u00fckseklik<\/td>\n<td>11,2 cm<\/td>\n<\/tr>\n<tr style=\"height: 13.50pt;\">\n<td style=\"height: 13.50pt;\" height=\"18\">\u00c7ap<\/td>\n<td>4,5 cm<\/td>\n<\/tr>\n<tr style=\"height: 13.50pt;\">\n<td style=\"height: 13.50pt;\" height=\"18\">\u0130\u00e7 A\u011f\u0131z Geni\u015fli\u011fi<\/td>\n<td>2,85 cm<\/td>\n<\/tr>\n<tr style=\"height: 13.50pt;\">\n<td style=\"height: 13.50pt;\" height=\"18\">Malzeme<\/td>\n<td>\u015eeffaf cam<\/td>\n<\/tr>\n<tr style=\"height: 13.50pt;\">\n<td style=\"height: 13.50pt;\" height=\"18\">Kapak Tipi<\/td>\n<td>Alt\u0131n metal kapak (\u00f6zelle\u015ftirilebilir)<\/td>\n<\/tr>\n<tr style=\"height: 13.50pt;\">\n<td style=\"height: 13.50pt;\" height=\"18\">\u0130deal \u0130\u00e7in<\/td>\n<td>Bal, re\u00e7el, soslar, s\u00fct<\/td>\n<\/tr>\n<tr style=\"height: 13.50pt;\">\n<td style=\"height: 13.50pt;\" height=\"18\">En \u0130yi Kullan\u0131m \u00d6rne\u011fi<\/td>\n<td>K\u00fc\u00e7\u00fck re\u00e7el \u015fi\u015feleri, k\u00fc\u00e7\u00fck bal kavanozlar\u0131<\/td>\n<\/tr>\n<\/tbody>\n<\/table>\n<h2>Vaka \u00c7al\u0131\u015fmas\u0131: \u015ei\u015fe Tasar\u0131m\u0131ndan Marka Tan\u0131n\u0131rl\u0131\u011f\u0131na<\/h2>\n<p>\u00d6zel g\u0131dalar \u00fcreten bir giri\u015fim \u015firketi, aromal\u0131 bal serisini piyasaya s\u00fcrd\u00fc. Ancak, olduk\u00e7a rekabet\u00e7i bir pazarda, \u00fcr\u00fcnler i\u00e7in herhangi bir sofistike ambalajlama olmadan kullan\u0131lan ucuz plastik kaplar nedeniyle m\u00fc\u015fterileri kafa kar\u0131\u015f\u0131kl\u0131\u011f\u0131 ya\u015fad\u0131. T\u00fcm \u00fcr\u00fcn gruplar\u0131n\u0131, tasarlad\u0131\u011f\u0131m\u0131z bel tipi re\u00e7el \u015fi\u015felerine yeniden paketlemeye karar verdiler. Sonu\u00e7lar an\u0131nda g\u00f6r\u00fcld\u00fc: Bel tipi ve alt\u0131n kapakl\u0131 bu \u015fi\u015feler, hediye setlerinin sat\u0131\u015flar\u0131nda &#039;lik bir art\u0131\u015fa yol a\u00e7t\u0131 ve eski plastik \u015fi\u015felerin aksine sa\u011flam cam re\u00e7el \u015fi\u015feleri, nakliye s\u0131ras\u0131nda k\u0131r\u0131lma oranlar\u0131n\u0131 oran\u0131nda d\u00fc\u015f\u00fcrd\u00fc. Bu giri\u015fim \u015firketi \u015fu anda d\u00fczenli olarak 300.000 \u015fi\u015fe sipari\u015f veriyor ve t\u00fcm \u00fcr\u00fcn gruplar\u0131nda yaln\u0131zca bu \u015fi\u015fe bulunuyor.<\/p>\n<h2>Cam Ambalaj\u0131n\u0131z\u0131 De\u011fi\u015ftirmek \u0130\u00e7in \u00d6neriler<\/h2>\n<ul>\n<li><strong>Kapak Rengi Se\u00e7imi:<\/strong> Marka renk paletinizi m\u00fckemmel \u015fekilde tamamlayacak mevcut alt\u0131n, g\u00fcm\u00fc\u015f, pembe veya siyah kapak renklerimizden birini se\u00e7in.<\/li>\n<li><strong>Marka Cam Filmi:<\/strong> Sadece marka imaj\u0131 olu\u015fturmak i\u00e7in de\u011fil ayn\u0131 zamanda UV korumas\u0131 sa\u011flamak i\u00e7in a\u00e7\u0131k kehribar veya mavi cam filmi se\u00e7in.<\/li>\n<li><strong>\u015ei\u015fe Bel Deste\u011fi:<\/strong> Kavisli \u015fi\u015fe belini, l\u00fcks bir his uyand\u0131ran ince bir kakma deseni veya \u015firket logonuzla ki\u015fiselle\u015ftirin.<\/li>\n<li><strong>Kal\u0131nla\u015ft\u0131r\u0131lm\u0131\u015f Taban:<\/strong> \u015ei\u015feye ekstra a\u011f\u0131rl\u0131k ve destek sa\u011flamak i\u00e7in, cam\u0131n taban\u0131n\u0131 hafif\u00e7e kal\u0131nla\u015ft\u0131rarak \u015fi\u015feyi daha stabil hale getirebiliriz.<\/li>\n<\/ul>","protected":false},"excerpt":{"rendered":"<p>Sanatsal bel \u015fekli ve alt\u0131n kapakl\u0131, \u015feffaf camdan k\u00fc\u00e7\u00fck re\u00e7el \u015fi\u015feleri. Bal veya re\u00e7eller i\u00e7in ideal. H\u0131zl\u0131 teslimat, \u00fccretsiz numuneler ve toplu al\u0131mlarda indirimler!<\/p>","protected":false},"featured_media":2255,"template":"","meta":{"postBodyCss":"","postBodyMargin":[],"postBodyPadding":[],"postBodyBackground":{"backgroundType":"classic","gradient":""}},"product_brand":[],"product_cat":[15,17,52],"product_tag":[],"class_list":{"0":"post-2249","1":"product","2":"type-product","3":"status-publish","4":"has-post-thumbnail","6":"product_cat-glass-containers","7":"product_cat-glass-jars","8":"product_cat-glass-honey-jars","10":"first","11":"instock","12":"shipping-taxable","13":"product-type-simple"},"jetpack_sharing_enabled":true,"_links":{"self":[{"href":"https:\/\/minghanggroup.com\/tr\/wp-json\/wp\/v2\/product\/2249","targetHints":{"allow":["GET"]}}],"collection":[{"href":"https:\/\/minghanggroup.com\/tr\/wp-json\/wp\/v2\/product"}],"about":[{"href":"https:\/\/minghanggroup.com\/tr\/wp-json\/wp\/v2\/types\/product"}],"wp:featuredmedia":[{"embeddable":true,"href":"https:\/\/minghanggroup.com\/tr\/wp-json\/wp\/v2\/media\/2255"}],"wp:attachment":[{"href":"https:\/\/minghanggroup.com\/tr\/wp-json\/wp\/v2\/media?parent=2249"}],"wp:term":[{"taxonomy":"product_brand","embeddable":true,"href":"https:\/\/minghanggroup.com\/tr\/wp-json\/wp\/v2\/product_brand?post=2249"},{"taxonomy":"product_cat","embeddable":true,"href":"https:\/\/minghanggroup.com\/tr\/wp-json\/wp\/v2\/product_cat?post=2249"},{"taxonomy":"product_tag","embeddable":true,"href":"https:\/\/minghanggroup.com\/tr\/wp-json\/wp\/v2\/product_tag?post=2249"}],"curies":[{"name":"wp","href":"https:\/\/api.w.org\/{rel}","templated":true}]}}