{"id":2195,"date":"2025-10-29T16:01:53","date_gmt":"2025-10-29T08:01:53","guid":{"rendered":"https:\/\/minghanggroup.com\/?post_type=product&#038;p=2195"},"modified":"2025-10-29T17:47:43","modified_gmt":"2025-10-29T09:47:43","slug":"bulk-small-empty-jam-jars-for-canning-with-ribbing","status":"publish","type":"product","link":"https:\/\/minghanggroup.com\/tr\/urun\/bulk-small-empty-jam-jars-for-canning-with-ribbing\/","title":{"rendered":"Konserveleme \u0130\u00e7in K\u00fc\u00e7\u00fck Bo\u015f Re\u00e7el Kavanozlar\u0131 75ml 100ml"},"content":{"rendered":"<p>Konserve i\u00e7in \u00fcretilen bu re\u00e7el kavanozlar\u0131, dikey kaburgalar, yuvarlak \u015fekiller ve k\u0131rm\u0131z\u0131 kapaklarla s\u00fcslenmi\u015f \u015feffaf cam g\u00f6vdelere sahiptir. Farkl\u0131 boyutlarda sunulan kavanozlar, i\u00e7indeki bal\u0131n lezzetini g\u00fczelce yans\u0131tan sade ama zarif bir tasar\u0131ma sahiptir.<\/p>\n<h2>\u00dcr\u00fcn \u00d6zellikleri<\/h2>\n<ul>\n<li><strong>Dikey Nerv\u00fcrl\u00fc G\u00f6vde:<\/strong> Dikey nerv\u00fcrl\u00fc desene sahip kavanozlar, homojen bir dokuya sahip olup, \u00fcr\u00fcn\u00fcn g\u00f6r\u00fcn\u00fcm\u00fcn\u00fc ve marka bilinirli\u011fini art\u0131r\u0131yor.<\/li>\n<li><strong>Dayan\u0131kl\u0131:<\/strong> B\u00fcy\u00fck bir titizlikle \u00fcretti\u011fimiz cam kavanozlar\u0131m\u0131z son derece dayan\u0131kl\u0131d\u0131r ve bu sayede dolum, ta\u015f\u0131ma ve depolama s\u00fcre\u00e7lerini hasar g\u00f6rmeden rahatl\u0131kla ge\u00e7irebilirler.<\/li>\n<li><strong>Basit Tasar\u0131m:<\/strong> Yuvarlak kavanoz g\u00f6vdesi ve k\u0131rm\u0131z\u0131 kapa\u011f\u0131n birle\u015fimiyle ortaya \u00e7\u0131kan sade ama g\u00f6rsel olarak sofistike bir etki yaratan bu kavanozlar, her tarza uyum sa\u011flayabilecek m\u00fckemmel bir aksesuar oluyor.<\/li>\n<\/ul>\n<h2 style=\"text-align: left;\">Temel \u00d6zellikler<\/h2>\n<table class=\"aligncenter\" style=\"border-collapse: collapse; width: 356.27pt;\" border=\"0\" width=\"475\" cellspacing=\"0\" cellpadding=\"0\">\n<tbody>\n<tr style=\"height: 13.50pt;\">\n<td style=\"height: 13.50pt; width: 96.00pt;\" width=\"128\" height=\"18\">\u00d6zellik<\/td>\n<td style=\"width: 260.25pt;\" width=\"347\">\u015eartname<\/td>\n<\/tr>\n<tr style=\"height: 13.50pt;\">\n<td style=\"height: 13.50pt;\" height=\"18\">Kapasite<\/td>\n<td>75 ml, 100 ml<\/td>\n<\/tr>\n<tr style=\"height: 13.50pt;\">\n<td style=\"height: 13.50pt;\" height=\"18\">\u015eekil<\/td>\n<td>Dikey kaburgal\u0131 yuvarlak<\/td>\n<\/tr>\n<tr style=\"height: 13.50pt;\">\n<td style=\"height: 13.50pt;\" height=\"18\">Boyutlar<\/td>\n<td>6,5\u00d74,6 cm, 6,9\u00d75,2 cm<\/td>\n<\/tr>\n<tr style=\"height: 13.50pt;\">\n<td style=\"height: 13.50pt;\" height=\"18\">Malzeme<\/td>\n<td>\u015eeffaf cam, metal vidal\u0131 kapak<\/td>\n<\/tr>\n<tr style=\"height: 13.50pt;\">\n<td style=\"height: 13.50pt;\" height=\"18\">Kapak Se\u00e7enekleri<\/td>\n<td>K\u0131rm\u0131z\u0131, alt\u0131n, g\u00fcm\u00fc\u015f, siyah (\u00f6zelle\u015ftirilebilir)<\/td>\n<\/tr>\n<tr style=\"height: 13.50pt;\">\n<td style=\"height: 13.50pt;\" height=\"18\">En \u0130yisi \u0130\u00e7in<\/td>\n<td>Bal \u00f6rnekleri, re\u00e7eller, \u015fekerlenmi\u015f meyveler<\/td>\n<\/tr>\n<tr style=\"height: 13.50pt;\">\n<td style=\"height: 13.50pt;\" height=\"18\">\u0130deal Kullan\u0131m<\/td>\n<td>Konserveleme i\u00e7in re\u00e7el kavanozlar\u0131, k\u00fc\u00e7\u00fck bal kavanozlar\u0131<\/td>\n<\/tr>\n<\/tbody>\n<\/table>\n<h2>Ba\u015far\u0131 Hikayesi: Harika Bir Bal Kavanozu Nas\u0131l Daha Fazla Tekrar Sat\u0131n Almaya Yol A\u00e7ar?<\/h2>\n<p>Orta \u00f6l\u00e7ekli bir bal kooperatifi, marka imaj\u0131n\u0131 g\u00fc\u00e7lendirmek ve de\u011ferini daha iyi yans\u0131tmak istiyordu. Her zaman ambalaja odaklanm\u0131\u015flard\u0131, ancak ak\u0131lda kal\u0131c\u0131l\u0131ktan yoksundu. Bu nedenle, 100 ml&#039;lik nerv\u00fcrl\u00fc k\u00fc\u00e7\u00fck bo\u015f re\u00e7el kavanozlar\u0131m\u0131z\u0131 kullanarak yeni bir premium \u00fcr\u00fcn serisi piyasaya s\u00fcrmeyi se\u00e7tiler ve ba\u015flang\u0131\u00e7ta 2.000 adet sipari\u015f verdiler. Sonu\u00e7lar m\u0131? \u0130lk olarak, nerv\u00fcrl\u00fc tasar\u0131m ve yuvarlak \u015fekil, m\u00fc\u015fterilerin sat\u0131n alma iste\u011fini art\u0131rd\u0131 ve nihayetinde sat\u0131\u015flarda &#039;l\u00fck bir art\u0131\u015fa yol a\u00e7t\u0131. \u0130kinci olarak, sa\u011flam cam kavanozlar k\u0131r\u0131lma oranlar\u0131n\u0131 yakla\u015f\u0131k oran\u0131nda azaltt\u0131. Kooperatif, pazardaki tepkiden \u00e7ok memnun kald\u0131 ve ard\u0131ndan 300.000 bal kavanozu sipari\u015f etmeye karar vererek bu \u015fi\u015feyi i\u015flerinin temel dire\u011fi haline getirdi.<\/p>\n<h2>Cam Ambalaj \u00d6zelle\u015ftirme \u00d6nerileri<\/h2>\n<ul>\n<li><strong>Cam Renk Se\u00e7imi:<\/strong> En \u00e7ok kullan\u0131lan \u015feffaf cam\u0131n yan\u0131 s\u0131ra, \u00fcr\u00fcn\u00fc g\u00fcne\u015ften korumak ve rafta farkl\u0131 bir g\u00f6r\u00fcn\u00fcm kazand\u0131rmak i\u00e7in kehribar veya ye\u015fil cam\u0131 da tercih edebilirsiniz.<\/li>\n<li><strong>Buzlu\u200b\u200d\u200b\u200c\u200d\u200b\u200d\u200c\u200b\u200d\u200b\u200c\u200d\u200b\u200d\u200c Dokulu Dekore Edilmi\u015f:<\/strong> Mat bir biti\u015fle olu\u015fturulan dikey dokular, dokunmatik k\u0131s\u0131m ile \u015feffaf \u015fi\u015fe aras\u0131ndaki kontrast\u0131 sadece g\u00f6rsel olarak de\u011fil, dokunsal olarak da daha \u00e7arp\u0131c\u0131 hale getirmi\u015f.<\/li>\n<li><strong>Daha Kal\u0131n Cam:<\/strong> Cam ne kadar kal\u0131nsa k\u0131r\u0131lma olas\u0131l\u0131\u011f\u0131 o kadar az olacakt\u0131r.<\/li>\n<li><strong>Serigrafi Bask\u0131l\u0131 Logo:<\/strong> Uzun \u00f6m\u00fcrl\u00fc, birinci s\u0131n\u0131f bir marka kimli\u011fi i\u00e7in logonuzu do\u011frudan cam kavanozun y\u00fczeyine kaz\u0131y\u0131n veya yazd\u0131r\u0131n.<\/li>\n<\/ul>","protected":false},"excerpt":{"rendered":"<p>Dikey oluklu dokuya sahip, konserve yap\u0131m\u0131na uygun k\u00fc\u00e7\u00fck bo\u015f re\u00e7el kavanozlar\u0131. Kavanozlamak, hediye etmek veya re\u00e7el saklamak i\u00e7in idealdir. Toptan sat\u0131\u015f fiyatlar\u0131 ve \u00f6zel se\u00e7eneklerle mevcuttur.<\/p>","protected":false},"featured_media":2200,"template":"","meta":{"postBodyCss":"","postBodyMargin":[],"postBodyPadding":[],"postBodyBackground":{"backgroundType":"classic","gradient":""}},"product_brand":[],"product_cat":[15,17,52],"product_tag":[],"class_list":{"0":"post-2195","1":"product","2":"type-product","3":"status-publish","4":"has-post-thumbnail","6":"product_cat-glass-containers","7":"product_cat-glass-jars","8":"product_cat-glass-honey-jars","10":"first","11":"instock","12":"shipping-taxable","13":"product-type-simple"},"jetpack_sharing_enabled":true,"_links":{"self":[{"href":"https:\/\/minghanggroup.com\/tr\/wp-json\/wp\/v2\/product\/2195","targetHints":{"allow":["GET"]}}],"collection":[{"href":"https:\/\/minghanggroup.com\/tr\/wp-json\/wp\/v2\/product"}],"about":[{"href":"https:\/\/minghanggroup.com\/tr\/wp-json\/wp\/v2\/types\/product"}],"wp:featuredmedia":[{"embeddable":true,"href":"https:\/\/minghanggroup.com\/tr\/wp-json\/wp\/v2\/media\/2200"}],"wp:attachment":[{"href":"https:\/\/minghanggroup.com\/tr\/wp-json\/wp\/v2\/media?parent=2195"}],"wp:term":[{"taxonomy":"product_brand","embeddable":true,"href":"https:\/\/minghanggroup.com\/tr\/wp-json\/wp\/v2\/product_brand?post=2195"},{"taxonomy":"product_cat","embeddable":true,"href":"https:\/\/minghanggroup.com\/tr\/wp-json\/wp\/v2\/product_cat?post=2195"},{"taxonomy":"product_tag","embeddable":true,"href":"https:\/\/minghanggroup.com\/tr\/wp-json\/wp\/v2\/product_tag?post=2195"}],"curies":[{"name":"wp","href":"https:\/\/api.w.org\/{rel}","templated":true}]}}