{"id":2190,"date":"2025-10-29T16:59:56","date_gmt":"2025-10-29T08:59:56","guid":{"rendered":"https:\/\/minghanggroup.com\/?post_type=product&#038;p=2190"},"modified":"2026-01-20T13:42:39","modified_gmt":"2026-01-20T05:42:39","slug":"cute-eggshell-yogurt-glass-jars-with-lids-wholesale","status":"publish","type":"product","link":"https:\/\/minghanggroup.com\/tr\/urun\/cute-eggshell-yogurt-glass-jars-with-lids-wholesale\/","title":{"rendered":"Kapakl\u0131 Sevimli Yumurta Kabu\u011fu Yo\u011furt Cam Kavanozlar\u0131 - Tatl\u0131 ve Puding Kaplar\u0131"},"content":{"rendered":"<p>Yo\u011furdunuzu di\u011fer \u00fcr\u00fcnler aras\u0131nda kaybolmaya iten s\u0131k\u0131c\u0131 kaplar\u0131 kullanmaya devam etmeyin. S\u00fct \u00fcr\u00fcnlerinizi trend \u00fcr\u00fcnlere d\u00f6n\u00fc\u015ft\u00fcren kapakl\u0131, \u00f6zel yap\u0131m sevimli yo\u011furt kavanozlar\u0131 \u00fcretiyoruz. Bunlar sadece kaplar de\u011fil, ayn\u0131 zamanda markan\u0131z\u0131n trend ambalajlar i\u00e7in yeni gizli silah\u0131. G\u00fcvenilir cam ambalaj \u00fcreticiniz olarak, o taze tad\u0131 daha uzun s\u00fcre korumak i\u00e7in birinci s\u0131n\u0131f malzemeler kullan\u0131yoruz.<\/p>\n<h2>\u00dcr\u00fcn \u00d6zellikleri<\/h2>\n<ul>\n<li><strong>Yumurta Kabu\u011fu Zarafeti:<\/strong>Kapakl\u0131 yo\u011furt cam kavanozlar\u0131m\u0131z\u0131n sanatsal yumurta kabu\u011fu deseni onlar\u0131 olduk\u00e7a \u00e7ekici k\u0131l\u0131yor ve m\u00fc\u015fterilerimiz bunlar\u0131 dekorasyon ama\u00e7l\u0131 kullanmaktan mutluluk duyacaklard\u0131r.<\/li>\n<li><strong>Dalga \u015eeklinde A\u00e7\u0131l\u0131\u015f:<\/strong>Her \u015fey kolay; d\u00f6kmek, servis etmek ve temizlemek dalgal\u0131 a\u011f\u0131z yap\u0131s\u0131 sayesinde s\u00fct \u00fcr\u00fcnleriniz i\u00e7in konforlu ve idealdir.<\/li>\n<\/ul>\n<h2>Temel \u00d6zellikler<\/h2>\n<table style=\"border-collapse: collapse; width: 80%; margin-left: auto; margin-right: auto;\" border=\"0\" width=\"288\" cellspacing=\"0\" cellpadding=\"0\">\n<tbody>\n<tr style=\"height: 13.50pt;\">\n<td style=\"height: 13.5pt; width: 54pt; text-align: center;\" width=\"72\" height=\"18\">Kapasite<\/td>\n<td style=\"width: 54pt; text-align: center;\" width=\"72\">Boyutlar<\/td>\n<td style=\"width: 54pt; text-align: center;\" width=\"72\">\u015eekil<\/td>\n<td style=\"width: 54pt; text-align: center;\" width=\"72\">Malzeme<\/td>\n<\/tr>\n<tr style=\"height: 13.50pt;\">\n<td style=\"height: 13.5pt; text-align: center;\" height=\"18\">225 gr<\/td>\n<td style=\"text-align: center;\">6,2*8,2 cm<\/td>\n<td style=\"text-align: center;\">Yumurta kabu\u011fu<\/td>\n<td style=\"text-align: center;\">Bardak<\/td>\n<\/tr>\n<\/tbody>\n<\/table>\n<h2>Ba\u015far\u0131 \u00d6rne\u011fi<\/h2>\n<p>Japon tatl\u0131 zincirinden bir kahve d\u00fckkan\u0131, yo\u011furttan yap\u0131lan parfait serisi i\u00e7in kapakl\u0131, sevimli yumurta bi\u00e7imli yo\u011furt cam kavanozlar\u0131 \u00fcretmek \u00fczere bizimle i\u015f birli\u011fi yapt\u0131. Kremsi kremay\u0131 an\u0131msatan p\u00fcr\u00fczs\u00fcz, dalgal\u0131 kenarlara sahip y\u00fcksek borosilikat cam, sevimli yo\u011furt kavanozlar\u0131 i\u00e7in kullan\u0131ld\u0131 ve b\u00f6ylece e\u011flenceli ama zarif bir g\u00f6r\u00fcn\u00fcm ortaya \u00e7\u0131kt\u0131. Minimalist marka logosu ve el yap\u0131m\u0131 izlenimi veren buzlu etiketi, kavanozu UV bask\u0131 kullanarak markalamam\u0131z\u0131 sa\u011flad\u0131.<\/p>\n<p>Sevimli yo\u011furt kavanozlar\u0131 lansman s\u0131ras\u0131nda etkili bir marka bilinirli\u011fi arac\u0131 haline geldi ve tatl\u0131 paket servis sat\u0131\u015flar\u0131 sadece iki ayda artt\u0131.<\/p>\n<h2>\u00d6zelle\u015ftirme \u0130pu\u00e7lar\u0131n\u0131z<\/h2>\n<p>Yumurta k\u0131rma kavanozlar\u0131ndaki bu sevimli k\u00fc\u00e7\u00fck yo\u011furtlar, tatl\u0131lar\u0131n\u0131z\u0131n kaligrafisini ortaya \u00e7\u0131karmak i\u00e7in tasarland\u0131. Bize sadece lezzet ad\u0131n\u0131 verin - &#034;\u00c7ilekli G\u00fcndo\u011fumu&#034; veya &#034;Mango Yuvas\u0131&#034; gibi - ve renkli cam kapaklar, buzlu cam kapaklar veya pastel silikon conta halkalar\u0131 aras\u0131ndan se\u00e7im yap\u0131n. Ayr\u0131ca, marka logonuzu kavanoza bast\u0131rabilir veya kavanozun e\u011flenceli k\u0131vr\u0131mlar\u0131n\u0131n g\u00f6rselin ana ilgi oda\u011f\u0131 olmas\u0131n\u0131 sa\u011flamak i\u00e7in minimalist etiketler kullanabilirsiniz. Asl\u0131nda, sadece kavanozun varl\u0131\u011f\u0131yla bile el yap\u0131m\u0131 yo\u011furt, puding veya mus benzersiz bir sanat eseri olarak tan\u0131nacakt\u0131r. Tatl\u0131lar\u0131n\u0131z kadar sevimli bir ambalaj yaratmaya ne dersiniz?<\/p>","protected":false},"excerpt":{"rendered":"<p>Tatl\u0131lar ve tatl\u0131lar i\u00e7in kapakl\u0131 sevimli yo\u011furt kavanozlar\u0131. Bu sevimli yo\u011furt kavanozlar\u0131, kafeler veya ev yap\u0131m\u0131 ikramlar i\u00e7in m\u00fckemmel olan yumurta kabu\u011fu tasar\u0131m\u0131na sahiptir.<\/p>","protected":false},"featured_media":2196,"template":"","meta":{"postBodyCss":"","postBodyMargin":[],"postBodyPadding":[],"postBodyBackground":{"backgroundType":"classic","gradient":""}},"product_brand":[],"product_cat":[15,16,46],"product_tag":[65,64],"class_list":{"0":"post-2190","1":"product","2":"type-product","3":"status-publish","4":"has-post-thumbnail","6":"product_cat-glass-containers","7":"product_cat-glass-bottles","8":"product_cat-glass-milk-bottles","9":"product_tag-glass-jam-jars","10":"product_tag-glass-yogurt-jars","12":"first","13":"instock","14":"shipping-taxable","15":"product-type-simple"},"jetpack_sharing_enabled":true,"_links":{"self":[{"href":"https:\/\/minghanggroup.com\/tr\/wp-json\/wp\/v2\/product\/2190","targetHints":{"allow":["GET"]}}],"collection":[{"href":"https:\/\/minghanggroup.com\/tr\/wp-json\/wp\/v2\/product"}],"about":[{"href":"https:\/\/minghanggroup.com\/tr\/wp-json\/wp\/v2\/types\/product"}],"wp:featuredmedia":[{"embeddable":true,"href":"https:\/\/minghanggroup.com\/tr\/wp-json\/wp\/v2\/media\/2196"}],"wp:attachment":[{"href":"https:\/\/minghanggroup.com\/tr\/wp-json\/wp\/v2\/media?parent=2190"}],"wp:term":[{"taxonomy":"product_brand","embeddable":true,"href":"https:\/\/minghanggroup.com\/tr\/wp-json\/wp\/v2\/product_brand?post=2190"},{"taxonomy":"product_cat","embeddable":true,"href":"https:\/\/minghanggroup.com\/tr\/wp-json\/wp\/v2\/product_cat?post=2190"},{"taxonomy":"product_tag","embeddable":true,"href":"https:\/\/minghanggroup.com\/tr\/wp-json\/wp\/v2\/product_tag?post=2190"}],"curies":[{"name":"wp","href":"https:\/\/api.w.org\/{rel}","templated":true}]}}