{"id":2184,"date":"2025-10-29T15:53:47","date_gmt":"2025-10-29T07:53:47","guid":{"rendered":"https:\/\/minghanggroup.com\/?post_type=product&#038;p=2184"},"modified":"2026-01-20T13:42:50","modified_gmt":"2026-01-20T05:42:50","slug":"wholesale-glass-yogurt-jars-with-lids-for-packaging","status":"publish","type":"product","link":"https:\/\/minghanggroup.com\/tr\/urun\/wholesale-glass-yogurt-jars-with-lids-for-packaging\/","title":{"rendered":"Toptan Kapakl\u0131 Cam Yo\u011furt Kavanozlar\u0131 40-500 ml Ambalajlama \u0130\u00e7in"},"content":{"rendered":"<p>Yo\u011furdunuzun \u00e7evreyle b\u00fct\u00fcnle\u015fmesine neden olan s\u0131k\u0131c\u0131 ambalajlar\u0131 kullanmay\u0131n. Her ka\u015f\u0131\u011f\u0131 bir lezzet \u015f\u00f6leni haline getiren kapakl\u0131, \u00f6zel yap\u0131m cam yo\u011furt kavanozlar\u0131 \u00fcretiyoruz. Bunlar sadece kaplar de\u011fil, ayn\u0131 zamanda markan\u0131z\u0131n \u015f\u0131k ve trend s\u00fct \u00fcr\u00fcnleri ambalaj\u0131 i\u00e7in yeni gizli silah\u0131. Tercih etti\u011finiz cam ambalaj \u00fcreticisi olarak, \u00fcr\u00fcn\u00fcn\u00fcz\u00fcn daha uzun s\u00fcre taze kalmas\u0131n\u0131 sa\u011flamak i\u00e7in en taze malzemeleri kullan\u0131yoruz.<\/p>\n<h2>\u00dcr\u00fcn \u00d6zellikleri<\/h2>\n<ol>\n<li><strong>Kristal Berrakl\u0131\u011f\u0131:<\/strong>Y\u00fcksek \u015feffafl\u0131\u011fa sahip cam, yo\u011furdunuzun canl\u0131 katmanlar\u0131n\u0131 an\u0131nda m\u00fc\u015fterilerinize g\u00f6sterir; b\u00f6ylece sat\u0131n almadan \u00f6nce bile daha taze kaliteyi g\u00f6rebilirler.<\/li>\n<li><strong>Geometrik Tasar\u0131m:<\/strong>Alt k\u0131sm\u0131nda hafif desen bulunan a\u011f\u0131r cam, \u00fcr\u00fcn\u00fc g\u00f6rsel olarak s\u00fcslemenin yan\u0131 s\u0131ra raflarda \u00fcr\u00fcn\u00fcn sa\u011flaml\u0131\u011f\u0131n\u0131 da peki\u015ftirir.<\/li>\n<li><strong>G\u00fcvenli Kapak Sistemi:<\/strong>Metal veya plastik kapaklar kavanoz ile kapak aras\u0131ndaki bo\u015flu\u011fu s\u0131k\u0131ca kapat\u0131r; kapakl\u0131 yo\u011furt kavanozlar\u0131n\u0131zdan s\u0131z\u0131nt\u0131 olmaz.<\/li>\n<li><strong>\u00c7ok Y\u00f6nl\u00fc Boyutlar:<\/strong>40 ml ile 500 ml aras\u0131nda de\u011fi\u015fen kapakl\u0131 cam yo\u011furt kavanozlar\u0131m\u0131z her t\u00fcrl\u00fc s\u00fct \u00fcr\u00fcn\u00fc veya ambalaj ihtiyac\u0131n\u0131 kar\u015f\u0131layabilir.<\/li>\n<\/ol>\n<h2>Temel \u00d6zellikler<\/h2>\n<table style=\"border-collapse: collapse; width: 80%; margin-left: auto; margin-right: auto;\" border=\"0\" width=\"288\" cellspacing=\"0\" cellpadding=\"0\">\n<tbody>\n<tr style=\"height: 13.50pt;\">\n<td style=\"height: 13.5pt; width: 54pt; text-align: center;\" width=\"72\" height=\"18\">Kapasite(ml)<\/td>\n<td style=\"width: 54pt; text-align: center;\" width=\"72\">Boyutlar(cm)<\/td>\n<td style=\"width: 54pt; text-align: center;\" width=\"72\">Uygun Olanlar<\/td>\n<td style=\"width: 54pt; text-align: center;\" width=\"72\">\u00d6zel Se\u00e7enekler<\/td>\n<\/tr>\n<tr style=\"height: 13.50pt;\">\n<td style=\"height: 13.5pt; text-align: center;\" align=\"right\" height=\"18\">40<\/td>\n<td style=\"text-align: center;\">4.9&#215;4.9<\/td>\n<td class=\"et2\" style=\"text-align: center;\" rowspan=\"7\">Puding, yo\u011furt, tatl\u0131, bal, re\u00e7el<\/td>\n<td class=\"et2\" style=\"text-align: center;\" rowspan=\"7\">Logolar, etiketler, \u015fi\u015fe kapaklar\u0131, vb.<\/td>\n<\/tr>\n<tr style=\"height: 13.50pt;\">\n<td style=\"height: 13.5pt; text-align: center;\" align=\"right\" height=\"18\">75<\/td>\n<td style=\"text-align: center;\">5.5&#215;5.9<\/td>\n<\/tr>\n<tr style=\"height: 13.50pt;\">\n<td style=\"height: 13.5pt; text-align: center;\" align=\"right\" height=\"18\">100<\/td>\n<td style=\"text-align: center;\">6.3&#215;6.9<\/td>\n<\/tr>\n<tr style=\"height: 13.50pt;\">\n<td style=\"height: 13.5pt; text-align: center;\" align=\"right\" height=\"18\">200<\/td>\n<td style=\"text-align: center;\">7.5&#215;7.6<\/td>\n<\/tr>\n<tr style=\"height: 13.50pt;\">\n<td style=\"height: 13.5pt; text-align: center;\" align=\"right\" height=\"18\">280<\/td>\n<td style=\"text-align: center;\">8.7&#215;8.4<\/td>\n<\/tr>\n<tr style=\"height: 13.50pt;\">\n<td style=\"height: 13.5pt; text-align: center;\" align=\"right\" height=\"18\">380<\/td>\n<td style=\"text-align: center;\">9.3&#215;9.3<\/td>\n<\/tr>\n<tr style=\"height: 13.50pt;\">\n<td style=\"height: 13.5pt; text-align: center;\" align=\"right\" height=\"18\">500<\/td>\n<td style=\"text-align: center;\">9.8&#215;10.5<\/td>\n<\/tr>\n<\/tbody>\n<\/table>\n<h2>Ba\u015far\u0131 \u00d6rne\u011fi<\/h2>\n<p>G\u00fcney Koreli l\u00fcks bir yo\u011furt markas\u0131yla i\u015f birli\u011fi yaparak tatl\u0131 serileri i\u00e7in \u00f6zel cam yo\u011furt kavanozlar\u0131 \u00fcrettik. Kavanozlar tek tek kal\u0131n, \u00e7ok \u015feffaf camdan \u00fcretildi ve alt k\u0131sm\u0131nda geometrik desenler kabartmal\u0131 olarak i\u015flendi; b\u00f6ylece meyve ve yo\u011furt g\u00f6rsel olarak daha da \u00e7ekici g\u00f6r\u00fcn\u00fcyor. Serinin lezzetleriyle uyum sa\u011flamak i\u00e7in marka, \u00fcr\u00fcn\u00fcn tazeli\u011fini korumak ve nakliye s\u0131ras\u0131nda s\u0131zmas\u0131n\u0131 \u00f6nlemek i\u00e7in g\u0131da s\u0131n\u0131f\u0131 silikon conta halkalar\u0131yla donat\u0131lm\u0131\u015f pastel renkli al\u00fcminyum kapaklar tercih etti. Kavanozlar\u0131n \u00fczerine logomuzu yerle\u015ftirdik ve parlak i\u00e7eriklerin hala g\u00f6r\u00fcn\u00fcr olmas\u0131 i\u00e7in markalama amac\u0131yla \u015feffaf etiketler kulland\u0131k.<\/p>\n<p>Marka, yeni \u00fcr\u00fcn\u00fcn lansman\u0131n\u0131n ard\u0131ndan ayl\u0131k sat\u0131\u015flar\u0131nda art\u0131\u015f g\u00f6rd\u00fc ve bu sayede markan\u0131n stoklar\u0131n\u0131n bulundu\u011fu kafe ve tatl\u0131c\u0131lar\u0131n tekrar sat\u0131n alma oranlar\u0131 da ikiye katland\u0131.<\/p>\n<h2>\u00d6zelle\u015ftirme \u0130pu\u00e7lar\u0131n\u0131z<\/h2>\n<p>Yo\u011furt kavanozlar\u0131n\u0131z\u0131 ger\u00e7ekten size ait bir dokunu\u015fla s\u00fcsleyin. Fikrinizi bizimle payla\u015f\u0131n (\u00f6rne\u011fin, &#034;\u00c7iftlikten taze mango kar\u0131\u015f\u0131m\u0131&#034;), tarz\u0131n\u0131za uyum sa\u011flayacak kabartma, mat y\u00fczey veya metal kapak ekleyelim. Tatl\u0131 tad\u0131mlar\u0131 i\u00e7in k\u00fc\u00e7\u00fck 200 ml&#039;lik bir versiyon mu istiyorsunuz? Bu cam yo\u011furt kavanozlar\u0131 yaln\u0131zca markan\u0131z\u0131n bir arac\u0131 de\u011fil. Birlikte, benzersiz ve unutulmaz \u00fcr\u00fcnler yaratabiliriz.<\/p>","protected":false},"excerpt":{"rendered":"<p>Kapakl\u0131 birinci s\u0131n\u0131f cam yo\u011furt kavanozlar\u0131n\u0131 ke\u015ffedin: Dayan\u0131kl\u0131, \u015f\u0131k ve ki\u015fiselle\u015ftirilebilir. Kapakl\u0131 yo\u011furt kavanozlar\u0131m\u0131z tatl\u0131lar, pudingler ve el yap\u0131m\u0131 ikramlar i\u00e7in m\u00fckemmeldir.<\/p>","protected":false},"featured_media":2185,"template":"","meta":{"postBodyCss":"","postBodyMargin":[],"postBodyPadding":[],"postBodyBackground":{"backgroundType":"classic","gradient":""}},"product_brand":[],"product_cat":[15,16,46],"product_tag":[65,64],"class_list":{"0":"post-2184","1":"product","2":"type-product","3":"status-publish","4":"has-post-thumbnail","6":"product_cat-glass-containers","7":"product_cat-glass-bottles","8":"product_cat-glass-milk-bottles","9":"product_tag-glass-jam-jars","10":"product_tag-glass-yogurt-jars","12":"first","13":"instock","14":"shipping-taxable","15":"product-type-simple"},"jetpack_sharing_enabled":true,"_links":{"self":[{"href":"https:\/\/minghanggroup.com\/tr\/wp-json\/wp\/v2\/product\/2184","targetHints":{"allow":["GET"]}}],"collection":[{"href":"https:\/\/minghanggroup.com\/tr\/wp-json\/wp\/v2\/product"}],"about":[{"href":"https:\/\/minghanggroup.com\/tr\/wp-json\/wp\/v2\/types\/product"}],"wp:featuredmedia":[{"embeddable":true,"href":"https:\/\/minghanggroup.com\/tr\/wp-json\/wp\/v2\/media\/2185"}],"wp:attachment":[{"href":"https:\/\/minghanggroup.com\/tr\/wp-json\/wp\/v2\/media?parent=2184"}],"wp:term":[{"taxonomy":"product_brand","embeddable":true,"href":"https:\/\/minghanggroup.com\/tr\/wp-json\/wp\/v2\/product_brand?post=2184"},{"taxonomy":"product_cat","embeddable":true,"href":"https:\/\/minghanggroup.com\/tr\/wp-json\/wp\/v2\/product_cat?post=2184"},{"taxonomy":"product_tag","embeddable":true,"href":"https:\/\/minghanggroup.com\/tr\/wp-json\/wp\/v2\/product_tag?post=2184"}],"curies":[{"name":"wp","href":"https:\/\/api.w.org\/{rel}","templated":true}]}}