{"id":2183,"date":"2025-10-29T15:01:14","date_gmt":"2025-10-29T07:01:14","guid":{"rendered":"https:\/\/minghanggroup.com\/?post_type=product&#038;p=2183"},"modified":"2025-10-29T16:01:49","modified_gmt":"2025-10-29T08:01:49","slug":"bulk-small-glass-jam-jars-with-embossed-bottom-edges","status":"publish","type":"product","link":"https:\/\/minghanggroup.com\/tr\/urun\/bulk-small-glass-jam-jars-with-embossed-bottom-edges\/","title":{"rendered":"Kabartmal\u0131 Alt Kenarl\u0131 Toplu K\u00fc\u00e7\u00fck Cam Re\u00e7el Kavanozlar\u0131 50ml 75ml 100ml"},"content":{"rendered":"<p>Bunlar, g\u00f6rsel olarak \u015feffaf g\u00f6vdelerden olu\u015fan k\u00fc\u00e7\u00fck cam re\u00e7el kavanozlar\u0131d\u0131r. Geometrik, hassas ve g\u00fczel bir \u015fekilde dekore edilmi\u015f bu kavanozlar, pazara zarif ve son derece pratik bir \u00e7ekicilik ve kullan\u0131m kolayl\u0131\u011f\u0131 kombinasyonu sunmak i\u00e7in \u00fcretilmi\u015ftir. \u015e\u0131k ve dokulu g\u00f6r\u00fcn\u00fcmleri, g\u00fczellik ve kullan\u0131\u015fl\u0131l\u0131\u011f\u0131n m\u00fckemmel bir birle\u015fimidir.<\/p>\n<h2>\u00dcr\u00fcn \u00d6zellikleri<\/h2>\n<ul>\n<li><strong>Sofistike \u00dcr\u00fcn:<\/strong> Bal kavanozlar\u0131 olduk\u00e7a net bir g\u00f6r\u00fcn\u00fcme sahip olup ayn\u0131 zamanda geometrik kabartmal\u0131 unsurlara sahip olup, bu da \u00fcr\u00fcn\u00fcn piyasada benzersiz ve birinci s\u0131n\u0131f l\u00fcks s\u0131n\u0131fta oldu\u011funu g\u00f6stermektedir.<\/li>\n<li><strong>Kavanozlar\u0131n Malzemesi:<\/strong> G\u00f6rsel olarak \u015feffaf cam, t\u00fcketicinin sat\u0131n ald\u0131\u011f\u0131 bal\u0131 g\u00f6rmesini engellemez. Bunun yerine, kavanozun tamam\u0131n\u0131 g\u00f6stererek kabartman\u0131n kavanozun alt k\u0131sm\u0131nda yer ald\u0131\u011f\u0131n\u0131 vurgular ve b\u00f6ylece i\u015flevsellik ve g\u00fczelli\u011fi birle\u015ftirir.<\/li>\n<li><strong>Boyut Se\u00e7imi:<\/strong> Bal kavanozlar\u0131n\u0131n ebatlar\u0131 bal da\u011f\u0131t\u0131m\u0131 ve hediyelik ambalajlama taleplerini dikkate al\u0131p kar\u015f\u0131layabilecek kadar a\u00e7\u0131kt\u0131r.<\/li>\n<\/ul>\n<h2 style=\"text-align: left;\">Temel \u00d6zellikler<\/h2>\n<table class=\"aligncenter\" style=\"border-collapse: collapse; width: 415.52pt;\" border=\"0\" width=\"554\" cellspacing=\"0\" cellpadding=\"0\">\n<tbody>\n<tr style=\"height: 13.50pt;\">\n<td style=\"height: 13.50pt; width: 96.00pt;\" width=\"128\" height=\"18\">\u00d6zellik<\/td>\n<td style=\"width: 319.50pt;\" width=\"426\">\u015eartname<\/td>\n<\/tr>\n<tr style=\"height: 13.50pt;\">\n<td style=\"height: 13.50pt;\" height=\"18\">Kapasite<\/td>\n<td>50ml, 75ml, 100ml<\/td>\n<\/tr>\n<tr style=\"height: 13.50pt;\">\n<td style=\"height: 13.50pt;\" height=\"18\">\u015eekil<\/td>\n<td>Dokulu tabanl\u0131 silindirik<\/td>\n<\/tr>\n<tr style=\"height: 13.50pt;\">\n<td style=\"height: 13.50pt;\" height=\"18\">Boyutlar<\/td>\n<td>4,6\u00d76,2 cm ila 5,7\u00d77,9 cm<\/td>\n<\/tr>\n<tr style=\"height: 13.50pt;\">\n<td style=\"height: 13.50pt;\" height=\"18\">Malzeme<\/td>\n<td>\u015eeffaf cam, metal vidal\u0131 kapak<\/td>\n<\/tr>\n<tr style=\"height: 13.50pt;\">\n<td style=\"height: 13.50pt;\" height=\"18\">Kapak Se\u00e7enekleri<\/td>\n<td>K\u0131rm\u0131z\u0131, alt\u0131n, g\u00fcm\u00fc\u015f, siyah (\u00f6zel renkler mevcuttur)<\/td>\n<\/tr>\n<tr style=\"height: 13.50pt;\">\n<td style=\"height: 13.50pt;\" height=\"18\">En \u0130yisi \u0130\u00e7in<\/td>\n<td>Bal \u00f6rnekleri, re\u00e7eller, seyahat paketleri<\/td>\n<\/tr>\n<tr style=\"height: 13.50pt;\">\n<td style=\"height: 13.50pt;\" height=\"18\">\u0130deal Kullan\u0131m<\/td>\n<td>K\u00fc\u00e7\u00fck re\u00e7el kavanozlar\u0131, k\u00fc\u00e7\u00fck bal kaplar\u0131<\/td>\n<\/tr>\n<\/tbody>\n<\/table>\n<h2>Ba\u015far\u0131 \u00d6yk\u00fcs\u00fc: \u00d6rnek Kavanozlar\u0131 \u0130\u015fletmenizin H\u0131zl\u0131 B\u00fcy\u00fcmesini Nas\u0131l Sa\u011flar?<\/h2>\n<p>\u00dcst d\u00fczey tar\u0131m pazar\u0131, ham, tek men\u015feli bal konusunda uzmanla\u015fmak isteyen yeni kurulan bir ar\u0131c\u0131l\u0131k \u015firketinin hedefiydi. Bu pazara girmek i\u00e7in, numune olarak 1.000 adet 50 ml&#039;lik k\u00fc\u00e7\u00fck cam re\u00e7el kavanozu sipari\u015f etmeye karar verdiler. Sonu\u00e7 ola\u011fan\u00fcst\u00fc ba\u015far\u0131l\u0131yd\u0131. Sadece kavanozun taban\u0131na ve kapa\u011f\u0131n\u0131n rengine bakarak \u00fcr\u00fcn\u00fcn de\u011ferinin artt\u0131\u011f\u0131 tespit edilebilir - el yap\u0131m\u0131 bir marka, hediye seti sat\u0131\u015flar\u0131n\u0131n neredeyse iki kat\u0131na \u00e7\u0131kt\u0131\u011f\u0131n\u0131 () bildirdi ve bir \u00e7ift\u00e7i pazar\u0131nda bal\u0131 numune olarak almak i\u00e7in 50 ml&#039;lik kavanozlar\u0131 kullanan bir ar\u0131c\u0131, tam boy bal kavanozlar\u0131n\u0131n sat\u0131\u015flar\u0131nda bir art\u0131\u015f buldu (). Bundan sonra, bu b\u00fcy\u00fck bal kavanozlar\u0131n\u0131 d\u00fczenli sat\u0131n al\u0131mlar\u0131 haline getirmeye ba\u015flad\u0131lar, bunlar\u0131 \u00fc\u00e7 ayda bir sipari\u015f ettiler ve bunun yan\u0131 s\u0131ra, ana \u00fcr\u00fcn grubu olarak 75 ml boyutunu da kullanmaya ba\u015flad\u0131lar.<\/p>\n<h2>Cam Bal Kab\u0131 \u00d6zelle\u015ftirme \u00d6nerileri<\/h2>\n<ul>\n<li><strong>\u00d6zelle\u015ftirilmi\u015f Kapak Rengi:<\/strong> Standart k\u0131rm\u0131z\u0131 kapaklar\u0131m\u0131z mevcuttur ve markan\u0131za en uygun olan\u0131 se\u00e7ebilece\u011finiz geni\u015f bir renk yelpazesi mevcuttur.<\/li>\n<li><strong>\u00d6zelle\u015ftirilmi\u015f Kabartmal\u0131 Alt:<\/strong> Alt k\u0131s\u0131mda bulunan geometrik kabartmal\u0131 deseni marka logonuzla veya marka bilinirli\u011fi yaratacak \u00f6zg\u00fcn bir tasar\u0131mla de\u011fi\u015ftirebilir veya de\u011fi\u015ftirebilirsiniz.<\/li>\n<li><strong>Cam Filmi:<\/strong> \u00d6rne\u011fin en kaliteli bal gibi \u0131\u015f\u0131\u011fa duyarl\u0131 bir \u00fcr\u00fcn kullan\u0131yorsan\u0131z, daha iyi UV korumas\u0131 elde etmek i\u00e7in yumu\u015fak kehribar veya ye\u015fil cam se\u00e7ebilirsiniz.<\/li>\n<li><strong>\u0130\u00e7 Kapak S\u0131zd\u0131rmazl\u0131k Se\u00e7enekleri:<\/strong> Astar\u0131n s\u0131zd\u0131rmazl\u0131\u011f\u0131n\u0131 sa\u011flamak ve \u00fcr\u00fcn\u00fcn\u00fcz\u00fcn viskozitesinin m\u00fckemmel \u015fekilde e\u015fle\u015fmesini sa\u011flamak i\u00e7in ince baldan koyu kremaya kadar farkl\u0131 dolgu malzemeleri se\u00e7ebilirsiniz.<\/li>\n<\/ul>","protected":false},"excerpt":{"rendered":"<p>Kabartmal\u0131 geometrik alt kenarlar\u0131 ve k\u0131rm\u0131z\u0131 kapaklar\u0131 olan \u015f\u0131k k\u00fc\u00e7\u00fck cam re\u00e7el kavanozlar\u0131. M\u00fckemmel s\u0131zd\u0131rmazl\u0131k, bal ve re\u00e7el paketlemek i\u00e7in m\u00fckemmel. \u00dccretsiz numuneler mevcuttur.<\/p>","protected":false},"featured_media":2192,"template":"","meta":{"postBodyCss":"","postBodyMargin":[],"postBodyPadding":[],"postBodyBackground":{"backgroundType":"classic","gradient":""}},"product_brand":[],"product_cat":[15,17,52],"product_tag":[],"class_list":{"0":"post-2183","1":"product","2":"type-product","3":"status-publish","4":"has-post-thumbnail","6":"product_cat-glass-containers","7":"product_cat-glass-jars","8":"product_cat-glass-honey-jars","10":"first","11":"instock","12":"shipping-taxable","13":"product-type-simple"},"jetpack_sharing_enabled":true,"_links":{"self":[{"href":"https:\/\/minghanggroup.com\/tr\/wp-json\/wp\/v2\/product\/2183","targetHints":{"allow":["GET"]}}],"collection":[{"href":"https:\/\/minghanggroup.com\/tr\/wp-json\/wp\/v2\/product"}],"about":[{"href":"https:\/\/minghanggroup.com\/tr\/wp-json\/wp\/v2\/types\/product"}],"wp:featuredmedia":[{"embeddable":true,"href":"https:\/\/minghanggroup.com\/tr\/wp-json\/wp\/v2\/media\/2192"}],"wp:attachment":[{"href":"https:\/\/minghanggroup.com\/tr\/wp-json\/wp\/v2\/media?parent=2183"}],"wp:term":[{"taxonomy":"product_brand","embeddable":true,"href":"https:\/\/minghanggroup.com\/tr\/wp-json\/wp\/v2\/product_brand?post=2183"},{"taxonomy":"product_cat","embeddable":true,"href":"https:\/\/minghanggroup.com\/tr\/wp-json\/wp\/v2\/product_cat?post=2183"},{"taxonomy":"product_tag","embeddable":true,"href":"https:\/\/minghanggroup.com\/tr\/wp-json\/wp\/v2\/product_tag?post=2183"}],"curies":[{"name":"wp","href":"https:\/\/api.w.org\/{rel}","templated":true}]}}