{"id":2160,"date":"2025-10-28T17:55:09","date_gmt":"2025-10-28T09:55:09","guid":{"rendered":"https:\/\/minghanggroup.com\/?post_type=product&#038;p=2160"},"modified":"2025-10-29T17:32:26","modified_gmt":"2025-10-29T09:32:26","slug":"bulk-square-jam-canning-jars-with-embossed-fruit-pattern","status":"publish","type":"product","link":"https:\/\/minghanggroup.com\/tr\/urun\/bulk-square-jam-canning-jars-with-embossed-fruit-pattern\/","title":{"rendered":"Kabartmal\u0131 Meyve Desenli Toplu Kare Re\u00e7el Kavanozlar\u0131 250ml 500ml 750ml"},"content":{"rendered":"<p>Bu t\u00fcr re\u00e7el kavanozlar\u0131, b\u00fcy\u00fcleyici kabartmal\u0131 meyve desenleri ve baz\u0131 yaz\u0131 detaylar\u0131yla s\u00fcslenmi\u015f, \u015feffaf, kare \u015feklinde bir cam g\u00f6vdeden yap\u0131lm\u0131\u015ft\u0131r. Alt\u0131n ve g\u00fcm\u00fc\u015f renklerde ve farkl\u0131 boyutlardaki kapaklar\u0131, kullan\u0131m ve g\u00fczelli\u011fin m\u00fckemmel bir kar\u0131\u015f\u0131m\u0131 olan g\u00f6z al\u0131c\u0131 yarat\u0131c\u0131 \u00e7al\u0131\u015fmalar\u0131 sergiler.<\/p>\n<h2>\u00dcr\u00fcn \u00d6zellikleri<\/h2>\n<ul>\n<li><strong>\u015eeffaf Cam Malzemesi:<\/strong> \u015eeffaf cam kullan\u0131m\u0131, kavanozun i\u00e7inde saklanan bal\u0131 \u00e7ok net bir \u015fekilde g\u00f6rmenizi ve ayn\u0131 zamanda kabartmal\u0131 detaylar\u0131 fark etmenizi sa\u011flayarak, kullan\u0131m ve g\u00fczellik olmak \u00fczere iki unsuru bir araya getiriyor.<\/li>\n<li><strong>Kare Kabartmal\u0131 G\u00f6vde:<\/strong> Kabartmal\u0131 meyve ve yaz\u0131larla s\u00fcslenmi\u015f kare g\u00f6vde, minimalist ama ayn\u0131 zamanda yarat\u0131c\u0131 bir tarz\u0131 \u00f6rneklendirerek, \u00fcr\u00fcn\u00fc daha fazla tan\u0131t\u0131yor ve serinin genel g\u00f6r\u00fcn\u00fcm\u00fcn\u00fc iyile\u015ftiriyor.<\/li>\n<li><strong>\ub9e4\ud2b8 \ub9c8\uac10:<\/strong> Bal saklama, hediye paketleme veya ba\u015fka herhangi bir ama\u00e7la kullan\u0131labilecek \u015fekilde, ortaya \u00e7\u0131kabilecek farkl\u0131 ihtiya\u00e7lar\u0131 tam olarak kar\u015f\u0131layabilmek amac\u0131yla \u00e7e\u015fitli ebatlarda sunulmaktad\u0131r.<\/li>\n<\/ul>\n<h2 style=\"text-align: left;\">Temel \u00d6zellikler<\/h2>\n<table class=\"aligncenter\" style=\"border-collapse: collapse; width: 405.02pt;\" border=\"0\" width=\"540\" cellspacing=\"0\" cellpadding=\"0\">\n<tbody>\n<tr style=\"height: 13.50pt;\">\n<td style=\"height: 13.50pt; width: 96.00pt;\" width=\"128\" height=\"18\">\u00d6zellik<\/td>\n<td style=\"width: 309.00pt;\" width=\"412\">\u015eartname<\/td>\n<\/tr>\n<tr style=\"height: 13.50pt;\">\n<td style=\"height: 13.50pt;\" height=\"18\">Kapasite<\/td>\n<td>250ml, 500ml, 750ml<\/td>\n<\/tr>\n<tr style=\"height: 13.50pt;\">\n<td style=\"height: 13.50pt;\" height=\"18\">\u015eekil<\/td>\n<td>Meyve desenli kabartmal\u0131 tasar\u0131ma sahip kare<\/td>\n<\/tr>\n<tr style=\"height: 13.50pt;\">\n<td style=\"height: 13.50pt;\" height=\"18\">Boyutlar<\/td>\n<td>8\u00d78,3 cm ila 10\u00d713,3 cm<\/td>\n<\/tr>\n<tr style=\"height: 13.50pt;\">\n<td style=\"height: 13.50pt;\" height=\"18\">Malzeme<\/td>\n<td>\u015eeffaf cam, metal vidal\u0131 kapak<\/td>\n<\/tr>\n<tr style=\"height: 13.50pt;\">\n<td style=\"height: 13.50pt;\" height=\"18\">Kapak Se\u00e7enekleri<\/td>\n<td>Alt\u0131n, g\u00fcm\u00fc\u015f, siyah (\u00f6zel renkler mevcuttur)<\/td>\n<\/tr>\n<tr style=\"height: 13.50pt;\">\n<td style=\"height: 13.50pt;\" height=\"18\">En \u0130yisi \u0130\u00e7in<\/td>\n<td>Bal, re\u00e7eller, konserveler, hediye setleri, perakende paketleri<\/td>\n<\/tr>\n<tr style=\"height: 13.50pt;\">\n<td style=\"height: 13.50pt;\" height=\"18\">\u0130deal Kullan\u0131m<\/td>\n<td>Re\u00e7el kavanozlar\u0131, bal kavanozlar\u0131<\/td>\n<\/tr>\n<\/tbody>\n<\/table>\n<h2>Ba\u015far\u0131 \u00d6yk\u00fcs\u00fc: Yerel Bal Markalar\u0131n\u0131 Y\u00fckseltmek<\/h2>\n<p>Yerel pazara \u00fcr\u00fcn tedarik eden ve y\u00fckseli\u015fte olan bir ar\u0131c\u0131l\u0131k i\u015fletmesi olan m\u00fc\u015fterilerimizden biri, uzun s\u00fcredir s\u0131radan bal kavanozlar\u0131n\u0131n kullan\u0131m\u0131ndan rahats\u0131zd\u0131. Ard\u0131ndan, l\u00fcks \u00fcr\u00fcn yelpazesi i\u00e7in kapakl\u0131 ve kabartmal\u0131 tasar\u0131mlara sahip 500 ml&#039;lik re\u00e7el kavanozlar\u0131m\u0131z\u0131 kullanmaya karar verdiler. Etkileri mi? \u00d6ncelikle, meyve kabartmal\u0131 tasar\u0131m sat\u0131\u015flar\u0131 oran\u0131nda art\u0131rmada \u00f6nemli bir rol oynad\u0131 ve m\u00fc\u015fteriler kavanozlara &#034;sanat eseri&#034; dedi. B\u00f6ylece, geri d\u00f6nen m\u00fc\u015fteri say\u0131s\u0131nda &#039;l\u00fck bir art\u0131\u015f oldu. Marka, bu yorumlardan o kadar memnun kald\u0131 ki, her biri \u00f6nceki 100.000 adetlik sipari\u015flerinin iki kat\u0131 b\u00fcy\u00fckl\u00fc\u011f\u00fcnde \u00fc\u00e7 sipari\u015f daha verdi. \u015eu anda bu kavanoz, t\u00fcm \u00fcr\u00fcn yelpazesinde standart ambalajlar\u0131 haline geldi.<\/p>\n<h2>Cam Bal Saklama De\u011fi\u015fikli\u011fi Fikirleri<\/h2>\n<ul>\n<li><strong>\u00c7e\u015fitli Kapak Renkleri:<\/strong> Mevcut alt\u0131n, g\u00fcm\u00fc\u015f, siyah veya beyaz kapaklar\u0131m\u0131z\u0131n yan\u0131 s\u0131ra, markan\u0131za m\u00fckemmel \u015fekilde uyacak \u00f6zel bir Pantone rengi de se\u00e7ebilirsiniz.<\/li>\n<li><strong>\u00d6zel Kabartma:<\/strong> Kavanozun \u00fczerine farkl\u0131 meyve desenleri kabartma olarak i\u015flenebilir, logonuz veya size \u00f6zel bir tasar\u0131m do\u011frudan cam kavanozun \u00fczerine yap\u0131labilir.<\/li>\n<li><strong>\uc801\ud569\ud55c<\/strong> UV \u0131\u015f\u0131nlar\u0131na kar\u015f\u0131 koruma sa\u011flamak veya sadece farkl\u0131 bir marka g\u00f6r\u00fcn\u00fcm\u00fc elde etmek i\u00e7in kehribar veya ye\u015fil gibi \u00e7ok a\u00e7\u0131k tonlar istiyorsan\u0131z cam\u0131 hafif\u00e7e renklendirebilirsiniz, ancak cam tamamen \u015feffaft\u0131r.<\/li>\n<\/ul>\n<p>\u0130\u015fletmeniz i\u00e7in m\u00fckemmel bir cam ambalaja m\u0131 ihtiyac\u0131n\u0131z var? T\u00fcm bal kaplar\u0131m\u0131za g\u00f6z at\u0131n ve toptan fiyat teklifi almak i\u00e7in bizimle ileti\u015fime ge\u00e7in.<\/p>","protected":false},"excerpt":{"rendered":"<p>Kabartmal\u0131 meyve desenleriyle s\u00fcslenmi\u015f, y\u00fcksek kaliteli re\u00e7el kavanozlar\u0131. El yap\u0131m\u0131 re\u00e7el \u00fcreticileri ve g\u0131da ambalajlar\u0131 i\u00e7in idealdir. \u00d6zelle\u015ftirilebilir, \u00fccretsiz numuneler mevcuttur.<\/p>","protected":false},"featured_media":2179,"template":"","meta":{"postBodyCss":"","postBodyMargin":[],"postBodyPadding":[],"postBodyBackground":{"backgroundType":"classic","gradient":""}},"product_brand":[],"product_cat":[15,17,52],"product_tag":[],"class_list":{"0":"post-2160","1":"product","2":"type-product","3":"status-publish","4":"has-post-thumbnail","6":"product_cat-glass-containers","7":"product_cat-glass-jars","8":"product_cat-glass-honey-jars","10":"first","11":"instock","12":"shipping-taxable","13":"product-type-simple"},"jetpack_sharing_enabled":true,"_links":{"self":[{"href":"https:\/\/minghanggroup.com\/tr\/wp-json\/wp\/v2\/product\/2160","targetHints":{"allow":["GET"]}}],"collection":[{"href":"https:\/\/minghanggroup.com\/tr\/wp-json\/wp\/v2\/product"}],"about":[{"href":"https:\/\/minghanggroup.com\/tr\/wp-json\/wp\/v2\/types\/product"}],"wp:featuredmedia":[{"embeddable":true,"href":"https:\/\/minghanggroup.com\/tr\/wp-json\/wp\/v2\/media\/2179"}],"wp:attachment":[{"href":"https:\/\/minghanggroup.com\/tr\/wp-json\/wp\/v2\/media?parent=2160"}],"wp:term":[{"taxonomy":"product_brand","embeddable":true,"href":"https:\/\/minghanggroup.com\/tr\/wp-json\/wp\/v2\/product_brand?post=2160"},{"taxonomy":"product_cat","embeddable":true,"href":"https:\/\/minghanggroup.com\/tr\/wp-json\/wp\/v2\/product_cat?post=2160"},{"taxonomy":"product_tag","embeddable":true,"href":"https:\/\/minghanggroup.com\/tr\/wp-json\/wp\/v2\/product_tag?post=2160"}],"curies":[{"name":"wp","href":"https:\/\/api.w.org\/{rel}","templated":true}]}}