{"id":2137,"date":"2025-10-28T15:03:04","date_gmt":"2025-10-28T07:03:04","guid":{"rendered":"https:\/\/minghanggroup.com\/?post_type=product&#038;p=2137"},"modified":"2026-01-20T13:43:03","modified_gmt":"2026-01-20T05:43:03","slug":"glass-milk-bottle-with-handle-for-yogurt","status":"publish","type":"product","link":"https:\/\/minghanggroup.com\/tr\/urun\/glass-milk-bottle-with-handle-for-yogurt\/","title":{"rendered":"Puding ve Yo\u011furt \u0130\u00e7in Sapl\u0131 120 ml Kaburgal\u0131 Cam S\u00fct \u015ei\u015fesi"},"content":{"rendered":"<p>S\u00fct end\u00fcstrisindeki bir\u00e7ok markan\u0131n ambalajlar\u0131n\u0131n s\u0131radanl\u0131ktan g\u00f6z al\u0131c\u0131l\u0131\u011fa d\u00f6n\u00fc\u015fmesinde etkili olduk. Kulplu yenilik\u00e7i cam s\u00fct \u015fi\u015femiz sadece yeni bir kap de\u011fil, ayn\u0131 zamanda yo\u011furt kavanozu seriniz i\u00e7in \u00e7\u0131\u011f\u0131r a\u00e7an bir cihaz. M\u00fc\u015fterilerinizin yo\u011furdunuzun parlak renklerini tamamen berrak bir camdan g\u00f6r\u00fcp, kullan\u0131\u015fl\u0131 bir kulpu kavrayarak y\u00fcksek kaliteyi fark etti\u011fini d\u00fc\u015f\u00fcn\u00fcn. Do\u011fru cam ambalaj\u0131n etkisi i\u015fte budur.<\/p>\n<h2>\u00dcr\u00fcn \u00d6zellikleri<\/h2>\n<ul>\n<li><strong>Vintage Doku Zarafeti:<\/strong>S\u00fct cam \u015fi\u015fenizin \u00fczerinde bulunan nerv\u00fcrl\u00fc veya dikey oluklar, zamandan etkilenmeyen bir g\u00f6r\u00fcn\u00fcm kazand\u0131rabilir ve yo\u011furt kavanozunuzun raflarda dikkat \u00e7ekmesini sa\u011flayabilir.<\/li>\n<li><strong>Ergonomik Konfor:<\/strong>Uygun \u015fekilde \u015fekillendirilmi\u015f sap\u0131 elinizi eldiven gibi sararak s\u00fct \u00fcr\u00fcn\u00fcn\u00fcz\u00fc d\u00f6kmenizi ve ta\u015f\u0131man\u0131z\u0131 kolayla\u015ft\u0131r\u0131r.<\/li>\n<\/ul>\n<h2>Temel \u00d6zellikler<\/h2>\n<table style=\"border-collapse: collapse; width: 80%; margin-right: auto; margin-left: auto;\" border=\"0\" width=\"360\" cellspacing=\"0\" cellpadding=\"0\">\n<tbody>\n<tr style=\"height: 13.50pt;\">\n<td style=\"height: 13.5pt; width: 54pt; text-align: center;\" width=\"72\" height=\"18\">Model<\/td>\n<td style=\"width: 54pt; text-align: center;\" width=\"72\">Kapasite<\/td>\n<td style=\"width: 54pt; text-align: center;\" width=\"72\">Boyutlar<\/td>\n<td style=\"width: 54pt; text-align: center;\" width=\"72\">Aksesuar<\/td>\n<td style=\"width: 54pt; text-align: center;\" width=\"72\">Doku<\/td>\n<\/tr>\n<tr style=\"height: 13.50pt;\">\n<td style=\"height: 13.5pt; text-align: center;\" align=\"right\" height=\"18\">64012047<\/td>\n<td style=\"text-align: center;\">120 ml<\/td>\n<td style=\"text-align: center;\">9.36.87.3cm<\/td>\n<td style=\"text-align: center;\">Halletmek<\/td>\n<td style=\"text-align: center;\">Dikey oluklar<\/td>\n<\/tr>\n<\/tbody>\n<\/table>\n<h2>Ba\u015far\u0131 \u00d6rne\u011fi<\/h2>\n<p>Bir s\u00fct \u00fcr\u00fcnleri markas\u0131, yeni el yap\u0131m\u0131 yo\u011furt ve aromal\u0131 s\u00fct serisi i\u00e7in sapl\u0131, \u00f6zel yap\u0131m nerv\u00fcrl\u00fc cam \u015fi\u015feler tasarlamak \u00fczere bizimle i\u015f birli\u011fi yapt\u0131. Her 120 ml&#039;lik yo\u011furt kavanozunda, tutu\u015fu kolayla\u015ft\u0131rman\u0131n yan\u0131 s\u0131ra \u015f\u0131k ve retro bir g\u00f6r\u00fcn\u00fcm de kazand\u0131ran dikey oluklar bulunuyor. Marka ayr\u0131ca, g\u00fcvenli bir s\u0131zd\u0131rmazl\u0131k ve kolay tekrar kullan\u0131labilirlik i\u00e7in silikon astarl\u0131 mat g\u00fcm\u00fc\u015f vidal\u0131 bir kapak kullanmay\u0131 tercih etti.<\/p>\n<p>\u00dcr\u00fcn yelpazesi yerel kafelerde \u00e7ok h\u0131zl\u0131 bir \u015fekilde pop\u00fcler hale geldi ve s\u00fct markas\u0131 sipari\u015flerde &#039;luk bir art\u0131\u015f elde edebildi.<\/p>\n<h2>Markan\u0131z \u0130\u00e7in \u00d6zelle\u015ftirme Fikirleri<\/h2>\n<p>Ambalaj\u0131n\u0131z\u0131 unutulmaz bir deneyime d\u00f6n\u00fc\u015ft\u00fcr\u00fcn. &#034;So\u011fuk Demlenmi\u015f Yulaf S\u00fct\u00fc&#034; veya &#034;Ak\u00e7aa\u011fa\u00e7 Tar\u00e7\u0131nl\u0131 Yo\u011furt&#034; gibi markan\u0131z\u0131n aromas\u0131n\u0131 se\u00e7in; derin kaz\u0131nm\u0131\u015f dikey oluklar, yumu\u015fak mat bir y\u00fczey ve \u00f6zel metal veya ah\u015fap bir kapakla \u00e7ok \u00f6zg\u00fcn bir g\u00f6r\u00fcn\u00fcm elde etmenizi sa\u011flayal\u0131m. Ayr\u0131ca, \u00fcr\u00fcn\u00fcn tazeli\u011fini korumak i\u00e7in \u015f\u0131k bir emniyet m\u00fchr\u00fc ekleyebilir ve logonuzu veya resminizi tek dokunu\u015fla s\u0131cak damgalama veya buzlu camla s\u00fcsleyebilirsiniz. Yo\u011furt kavanozunuz, markan\u0131z\u0131n hak etti\u011fi simge olsun.<\/p>","protected":false},"excerpt":{"rendered":"<p>Sapl\u0131 \u015f\u0131k cam s\u00fct \u015fi\u015fesi, yo\u011furt kavanozu olarak da kullan\u0131labilir; s\u00fct \u00fcr\u00fcnleri, tatl\u0131lar veya i\u00e7ecekler i\u00e7in m\u00fckemmeldir. Markan\u0131za uygun \u00f6zel kapaklar, renkler ve logo bask\u0131lar\u0131 ekleyin.<\/p>","protected":false},"featured_media":2138,"template":"","meta":{"postBodyCss":"","postBodyMargin":[],"postBodyPadding":[],"postBodyBackground":{"backgroundType":"classic","gradient":""}},"product_brand":[],"product_cat":[15,16,46],"product_tag":[65,64],"class_list":{"0":"post-2137","1":"product","2":"type-product","3":"status-publish","4":"has-post-thumbnail","6":"product_cat-glass-containers","7":"product_cat-glass-bottles","8":"product_cat-glass-milk-bottles","9":"product_tag-glass-jam-jars","10":"product_tag-glass-yogurt-jars","12":"first","13":"instock","14":"shipping-taxable","15":"product-type-simple"},"jetpack_sharing_enabled":true,"_links":{"self":[{"href":"https:\/\/minghanggroup.com\/tr\/wp-json\/wp\/v2\/product\/2137","targetHints":{"allow":["GET"]}}],"collection":[{"href":"https:\/\/minghanggroup.com\/tr\/wp-json\/wp\/v2\/product"}],"about":[{"href":"https:\/\/minghanggroup.com\/tr\/wp-json\/wp\/v2\/types\/product"}],"wp:featuredmedia":[{"embeddable":true,"href":"https:\/\/minghanggroup.com\/tr\/wp-json\/wp\/v2\/media\/2138"}],"wp:attachment":[{"href":"https:\/\/minghanggroup.com\/tr\/wp-json\/wp\/v2\/media?parent=2137"}],"wp:term":[{"taxonomy":"product_brand","embeddable":true,"href":"https:\/\/minghanggroup.com\/tr\/wp-json\/wp\/v2\/product_brand?post=2137"},{"taxonomy":"product_cat","embeddable":true,"href":"https:\/\/minghanggroup.com\/tr\/wp-json\/wp\/v2\/product_cat?post=2137"},{"taxonomy":"product_tag","embeddable":true,"href":"https:\/\/minghanggroup.com\/tr\/wp-json\/wp\/v2\/product_tag?post=2137"}],"curies":[{"name":"wp","href":"https:\/\/api.w.org\/{rel}","templated":true}]}}