{"id":2132,"date":"2025-10-28T14:07:28","date_gmt":"2025-10-28T06:07:28","guid":{"rendered":"https:\/\/minghanggroup.com\/?post_type=product&#038;p=2132"},"modified":"2026-01-20T13:43:18","modified_gmt":"2026-01-20T05:43:18","slug":"100ml-200ml-round-planet-yogurt-glass-jars-for-yogurt-milk","status":"publish","type":"product","link":"https:\/\/minghanggroup.com\/tr\/urun\/100ml-200ml-round-planet-yogurt-glass-jars-for-yogurt-milk\/","title":{"rendered":"Yo\u011furt ve S\u00fct i\u00e7in 100 ml 200 ml Yuvarlak Planet Yo\u011furt Cam Kavanozlar\u0131"},"content":{"rendered":"<p>S\u00fct \u00fcr\u00fcnlerinizi arka planda b\u0131rakan s\u0131k\u0131c\u0131 ambalajlar\u0131 kullanmay\u0131 b\u0131rak\u0131n. S\u00fct\u00fcn\u00fcz\u00fc, yo\u011furdunuzu ve meyve suyunuzu sohbet ba\u015flat\u0131c\u0131lar\u0131na d\u00f6n\u00fc\u015ft\u00fcren, \u00f6zel tasar\u0131ml\u0131 gezegen \u015feklindeki cam yo\u011furt kavanozlar\u0131 \u00fcretiyoruz. Bunlar sadece birer kap de\u011fil; markan\u0131z\u0131n taze ve \u015f\u0131k s\u00fct \u00fcr\u00fcnleri ambalajlar\u0131 i\u00e7in yeni gizli silah\u0131. Tercih etti\u011finiz cam ambalaj \u00fcreticisi olarak, \u00fcr\u00fcn\u00fcn\u00fcz\u00fcn daha uzun s\u00fcre taze kalmas\u0131n\u0131 sa\u011flamak i\u00e7in en taze malzemeleri tedarik ediyoruz.<\/p>\n<h2>\u00dcr\u00fcn \u00d6zellikleri<\/h2>\n<ol>\n<li><strong>Kozmik\u200b\u200d\u200b\u200c\u200d\u200b\u200d\u200c\u200b\u200d\u200c\u200d\u200b\u200d\u200c Tasar\u0131mlar:<\/strong>Planets yo\u011furt cam kavanozlar\u0131, s\u00fct \u00fcr\u00fcnlerinizin raflarda \u00f6ne \u00e7\u0131kmas\u0131n\u0131 sa\u011flamak i\u00e7in m\u00fckemmeldir; m\u00fc\u015fteriler bu yeniden kullan\u0131labilir cam s\u00fct \u015fi\u015felerini kesinlikle evlerinin dekorasyonu olarak saklamak isteyeceklerdir.<\/li>\n<li><strong>Geni\u015f A\u00e7\u0131l\u0131m Kolayl\u0131\u011f\u0131:<\/strong>Kapakl\u0131 bu \u015fi\u015feleri doldurmak, servis etmek ve temizlemek \u00e7ok kolayd\u0131r; etrafa bir \u015feyler d\u00f6kmenize gerek kalmaz. S\u00fct \u00fcr\u00fcnleri \u015fi\u015felemek ve evde kullanmak i\u00e7in m\u00fckemmeldir.<\/li>\n<li><strong>\u00c7evre Dostu Yeniden Kullan\u0131labilirlik:<\/strong>Cam\u0131 kaliteli, olduk\u00e7a kal\u0131n ve dayan\u0131kl\u0131d\u0131r ve g\u00fcnl\u00fck olarak tekrar kullan\u0131labilir, b\u00f6ylece at\u0131k miktar\u0131n\u0131 azalt\u0131r ve ayn\u0131 zamanda ekolojik itibar\u0131n\u0131z\u0131 art\u0131r\u0131r. Bu cam yo\u011furt kavanozlar\u0131 sadece kap de\u011fil, ayn\u0131 zamanda marka el\u00e7ileridir.<\/li>\n<\/ol>\n<h2>Temel \u00d6zellikler<\/h2>\n<table style=\"border-collapse: collapse; width: 80%; margin-left: auto; margin-right: auto;\" border=\"0\" width=\"288\" cellspacing=\"0\" cellpadding=\"0\">\n<tbody>\n<tr style=\"height: 13.50pt;\">\n<td style=\"height: 13.5pt; width: 54pt; text-align: center;\" width=\"72\" height=\"18\">Model<\/td>\n<td style=\"width: 54pt; text-align: center;\" width=\"72\">Kapasite(ml)<\/td>\n<td style=\"width: 54pt; text-align: center;\" width=\"72\">Boyutlar(cm)<\/td>\n<td style=\"width: 54pt; text-align: center;\" width=\"72\">\u015eekil<\/td>\n<\/tr>\n<tr style=\"height: 13.50pt;\">\n<td style=\"height: 13.5pt; text-align: center;\" align=\"right\" height=\"18\">64010045<\/td>\n<td style=\"text-align: center;\" align=\"right\">100<\/td>\n<td style=\"text-align: center;\">6.9&#215;6.2<\/td>\n<td class=\"et2\" style=\"text-align: center;\" rowspan=\"2\">Gezegen Yuvarlak<\/td>\n<\/tr>\n<tr style=\"height: 13.50pt;\">\n<td style=\"height: 13.5pt; text-align: center;\" align=\"right\" height=\"18\">64020046<\/td>\n<td style=\"text-align: center;\" align=\"right\">200<\/td>\n<td style=\"text-align: center;\">7.9&#215;7.3<\/td>\n<\/tr>\n<\/tbody>\n<\/table>\n<h2>Ba\u015far\u0131 \u00d6rne\u011fi<\/h2>\n<p>Butik bir tatl\u0131 markas\u0131, mus ve yo\u011furt koleksiyonlar\u0131 i\u00e7in \u00f6zel gezegen \u015feklinde bir cam puding kavanozu tasarlamak \u00fczere bizimle i\u015f birli\u011fi yapt\u0131. 200 ml&#039;lik yo\u011furt cam kavanozu, k\u00fc\u00e7\u00fck bir gezegeni and\u0131ran p\u00fcr\u00fczs\u00fcz, k\u00fcresel bir \u015fekle sahip; markan\u0131n yarat\u0131c\u0131l\u0131\u011f\u0131n\u0131 ve ne\u015fesini temsil etmenin e\u011flenceli ama zarif bir yolu.<\/p>\n<p>Hem \u015f\u0131k hem de i\u015flevsel olmas\u0131 i\u00e7in marka, hava ge\u00e7irmez tazelik ve so\u011futulmu\u015f ta\u015f\u0131ma s\u0131ras\u0131nda \u00fcr\u00fcn\u00fcn kolayca kapat\u0131labilmesi i\u00e7in g\u0131da s\u0131n\u0131f\u0131 silikon astarl\u0131 mat g\u00fcm\u00fc\u015f \u00e7evirmeli kapaklar\u0131 tercih etti.<\/p>\n<p>Kavanoz, \u00fczerindeki ince krema ve minimalist beyaz logo bask\u0131s\u0131 sayesinde \u015f\u0131k ve \u00e7a\u011fda\u015f bir g\u00f6r\u00fcn\u00fcme kavu\u015ftu ve bu sayede kafe raflar\u0131nda ve markan\u0131n online platformlar\u0131nda \u00f6ne \u00e7\u0131kt\u0131.<\/p>\n<p>Yeni \u00fcr\u00fcn serisi piyasaya s\u00fcr\u00fcld\u00fc\u011f\u00fcnde, &#034;gezegen pudingi&#034; kavanozlar\u0131, l\u00fcks ve koleksiyonluk g\u00f6r\u00fcn\u00fcm\u00fcn\u00fc be\u011fenen m\u00fc\u015fteriler aras\u0131nda en pop\u00fcler ambalaj haline geldi. Marka, ilk \u00e7eyrekte tekrarlanan sat\u0131n al\u0131mlarda &#039;lik bir art\u0131\u015f bildirdi ve bu sade tatl\u0131 kab\u0131, markan\u0131n g\u00f6rsel kimli\u011finin ikonik bir par\u00e7as\u0131 haline geldi.<\/p>\n<h2>\u00d6zelle\u015ftirme \u0130pu\u00e7lar\u0131n\u0131z<\/h2>\n<p>En iyi \u00f6zel gezegen \u015feklindeki cam kavanoz, yuvarlak ve zarif formu g\u00f6rsel olarak vurgulanan bir kavanozdur. R\u00fcya gibi, g\u00f6ksel bir izlenim yaratmak i\u00e7in buzlu veya degradeli y\u00fczeyler aras\u0131ndan se\u00e7im yapabilir veya dokunsal, l\u00fcks bir g\u00f6r\u00fcn\u00fcm i\u00e7in marka logolar\u0131n\u0131z\u0131 kabartmal\u0131 olarak kullanabilirsiniz. Trend bir hava yakalamak i\u00e7in mat alt\u0131n, g\u00fcl veya g\u00fcm\u00fc\u015f metal kapaklarla birle\u015ftirin veya ye\u015fili seviyorsan\u0131z hava ge\u00e7irmez ah\u015fap kapaklar tercih edin. Ayr\u0131ca, ister minimalist, ister e\u011flenceli veya l\u00fcks olsun, tatl\u0131lar\u0131n\u0131z\u0131n veya yo\u011furdunuzun markas\u0131na uygun olarak etiketlerinizi ve serigrafi bask\u0131n\u0131z\u0131 tasarlama \u00f6zg\u00fcrl\u00fc\u011f\u00fcne sahipsiniz.<\/p>","protected":false},"excerpt":{"rendered":"<p>Gezegen \u015feklindeki yo\u011furt kavanozlar\u0131m\u0131z\u0131 ke\u015ffedin; tatl\u0131lar veya tatl\u0131lar i\u00e7in m\u00fckemmel, \u015f\u0131k bir yo\u011furt kavanozu tasar\u0131m\u0131. Kapaklar, logolar ve kaplamalarla ki\u015fiselle\u015ftirilebilir.<\/p>","protected":false},"featured_media":2133,"template":"","meta":{"postBodyCss":"","postBodyMargin":[],"postBodyPadding":[],"postBodyBackground":{"backgroundType":"classic","gradient":""}},"product_brand":[],"product_cat":[15,16,46],"product_tag":[65,64],"class_list":{"0":"post-2132","1":"product","2":"type-product","3":"status-publish","4":"has-post-thumbnail","6":"product_cat-glass-containers","7":"product_cat-glass-bottles","8":"product_cat-glass-milk-bottles","9":"product_tag-glass-jam-jars","10":"product_tag-glass-yogurt-jars","12":"first","13":"instock","14":"shipping-taxable","15":"product-type-simple"},"jetpack_sharing_enabled":true,"_links":{"self":[{"href":"https:\/\/minghanggroup.com\/tr\/wp-json\/wp\/v2\/product\/2132","targetHints":{"allow":["GET"]}}],"collection":[{"href":"https:\/\/minghanggroup.com\/tr\/wp-json\/wp\/v2\/product"}],"about":[{"href":"https:\/\/minghanggroup.com\/tr\/wp-json\/wp\/v2\/types\/product"}],"wp:featuredmedia":[{"embeddable":true,"href":"https:\/\/minghanggroup.com\/tr\/wp-json\/wp\/v2\/media\/2133"}],"wp:attachment":[{"href":"https:\/\/minghanggroup.com\/tr\/wp-json\/wp\/v2\/media?parent=2132"}],"wp:term":[{"taxonomy":"product_brand","embeddable":true,"href":"https:\/\/minghanggroup.com\/tr\/wp-json\/wp\/v2\/product_brand?post=2132"},{"taxonomy":"product_cat","embeddable":true,"href":"https:\/\/minghanggroup.com\/tr\/wp-json\/wp\/v2\/product_cat?post=2132"},{"taxonomy":"product_tag","embeddable":true,"href":"https:\/\/minghanggroup.com\/tr\/wp-json\/wp\/v2\/product_tag?post=2132"}],"curies":[{"name":"wp","href":"https:\/\/api.w.org\/{rel}","templated":true}]}}