{"id":2127,"date":"2025-10-27T17:21:19","date_gmt":"2025-10-27T09:21:19","guid":{"rendered":"https:\/\/minghanggroup.com\/?post_type=product&#038;p=2127"},"modified":"2026-01-20T13:43:53","modified_gmt":"2026-01-20T05:43:53","slug":"round-glass-yogurt-jars-for-dessert","status":"publish","type":"product","link":"https:\/\/minghanggroup.com\/tr\/urun\/round-glass-yogurt-jars-for-dessert\/","title":{"rendered":"Tatl\u0131lar ve \u0130\u00e7ecekler i\u00e7in 100-300 ml Yuvarlak Cam Yo\u011furt Kavanozlar\u0131"},"content":{"rendered":"<p>S\u0131k\u0131c\u0131 ambalajlarla yetinmeyin. Her bir kep\u00e7eyi bir lezzet \u015f\u00f6leni haline getiren, size \u00f6zel cam yo\u011furt kavanozlar\u0131 tasarl\u0131yoruz. Bu retro tarz\u0131 cam s\u00fct \u015fi\u015feleri, zamans\u0131z \u00e7ekicili\u011fi g\u00fcncel i\u015flevsellikle bir araya getiriyor; yo\u011furt, s\u00fct veya meyve suyu i\u00e7in ideal. G\u00fcvenilir cam ambalaj \u00fcreticiniz olarak, \u00fcr\u00fcn\u00fcn\u00fcz\u00fcn daha uzun s\u00fcre taze kalmas\u0131n\u0131 sa\u011flamak i\u00e7in yaln\u0131zca en iyi malzemeleri kullan\u0131yoruz.<\/p>\n<h2>\u00dcr\u00fcn \u00d6zellikleri<\/h2>\n<ol>\n<li><strong>Vintage\u200b\u200d\u200b\u200c\u200d\u200b\u200d\u200c\u200b\u200d\u200b\u200c\u200d\u200b\u200d\u200c Yuvarlak Charm:<\/strong>B\u00fcy\u00fck g\u00f6bekli olanlar elde \u00e7ok rahat durur ve ma\u011faza raflar\u0131ndan gelen m\u00fc\u015fteriler \u00fczerinde harika bir izlenim b\u0131rak\u0131r; m\u00fc\u015fterileriniz bu cam yo\u011furt kavanozlar\u0131n\u0131 hat\u0131ra olarak saklayacakt\u0131r.<\/li>\n<li><strong>Geni\u015f A\u011f\u0131z Kolayl\u0131\u011f\u0131:<\/strong>Doldurmas\u0131 ve servisi kolay - yo\u011furt kavanozlar\u0131n\u0131zda d\u00f6k\u00fclmelere son. S\u00fct \u00fcr\u00fcnleri \u015fi\u015feleme ve ev kullan\u0131m\u0131 i\u00e7in en iyi ve en kullan\u0131\u015fl\u0131 \u00e7\u00f6z\u00fcm.<\/li>\n<li><strong>Dayan\u0131kl\u0131 ve Tekrar Kullan\u0131labilir:<\/strong>Kal\u0131n cam, g\u00fcnl\u00fck kullan\u0131ma dayan\u0131kl\u0131 olacak \u015fekilde tasarlanm\u0131\u015ft\u0131r; b\u00f6ylece at\u0131k miktar\u0131n\u0131 azalt\u0131r ve ayn\u0131 zamanda ekolojik de\u011ferinizi art\u0131r\u0131r. Bu cam s\u00fct kavanozlar\u0131n\u0131 yo\u011furt, meyve suyu veya hatta pop\u00fcler bir i\u00e7ecek kab\u0131 olarak yeniden kullanabilirsiniz.<\/li>\n<\/ol>\n<h2>Temel \u00d6zellikler<\/h2>\n<table style=\"border-collapse: collapse; width: 80%; margin-left: auto; margin-right: auto;\" border=\"0\" width=\"288\" cellspacing=\"0\" cellpadding=\"0\">\n<tbody>\n<tr style=\"height: 13.50pt;\">\n<td style=\"height: 13.5pt; width: 54pt; text-align: center;\" width=\"72\" height=\"18\">Model<\/td>\n<td style=\"width: 54pt; text-align: center;\" width=\"72\">Kapasite(ml)<\/td>\n<td style=\"width: 54pt; text-align: center;\" width=\"72\">Boyutlar(cm)<\/td>\n<td style=\"width: 54pt; text-align: center;\" width=\"72\">\u015eekil<\/td>\n<\/tr>\n<tr style=\"height: 13.50pt;\">\n<td style=\"height: 13.5pt; text-align: center;\" align=\"right\" height=\"18\">64010042<\/td>\n<td style=\"text-align: center;\" align=\"right\">100<\/td>\n<td style=\"text-align: center;\">6.4&#215;6.5<\/td>\n<td class=\"et2\" style=\"text-align: center;\" rowspan=\"3\">Yuvarlak<\/td>\n<\/tr>\n<tr style=\"height: 13.50pt;\">\n<td style=\"height: 13.5pt; text-align: center;\" align=\"right\" height=\"18\">64020043<\/td>\n<td style=\"text-align: center;\" align=\"right\">200<\/td>\n<td style=\"text-align: center;\">7.3&#215;7.2<\/td>\n<\/tr>\n<tr style=\"height: 13.50pt;\">\n<td style=\"height: 13.5pt; text-align: center;\" align=\"right\" height=\"18\">64030044<\/td>\n<td style=\"text-align: center;\" align=\"right\">300<\/td>\n<td style=\"text-align: center;\">8.3&#215;8.6<\/td>\n<\/tr>\n<\/tbody>\n<\/table>\n<h2>Ba\u015far\u0131 \u00d6rne\u011fi<\/h2>\n<p>Ekibimiz, bir tatl\u0131 markas\u0131yla birlikte \u00e7al\u0131\u015farak yuvarlak cam yo\u011furt kavanozlar\u0131 i\u00e7in \u00f6zel bir tasar\u0131m olu\u015fturdu. Her 200 ml&#039;lik kavanoz, tatl\u0131 konseptlerine uygun yumu\u015fak \u015fekilli bir fig\u00fcre sahip. Marka, kavanozun tazeli\u011fini korumas\u0131 ve kolay a\u00e7\u0131lmas\u0131 i\u00e7in g\u0131da s\u0131n\u0131f\u0131 silikonlu, s\u0131cak bej renkli plastik bir kapak tercih etti.<\/p>\n<p>Daha fazla m\u00fc\u015fteriyi rafa \u00e7ekmek i\u00e7in kavanozlar, minimalist kabartmal\u0131 bir logo ve tatl\u0131lar\u0131n katmanlar\u0131n\u0131 ve dokusunu ortaya \u00e7\u0131karan \u015feffaf bir etiketle yenilendi.<\/p>\n<p>\u00dcr\u00fcn lansman\u0131n\u0131n ard\u0131ndan marka, tekrar sat\u0131n alma say\u0131s\u0131nda &#039;luk bir art\u0131\u015f ve g\u00fc\u00e7l\u00fc bir \u00e7evrimi\u00e7i etkile\u015fim kaydetti.<\/p>\n<h2>\u00d6zelle\u015ftirme \u0130pu\u00e7lar\u0131n\u0131z<\/h2>\n<p>Yo\u011furt kavanozlar\u0131n\u0131z\u0131n standart ambalajlar yerine markan\u0131z\u0131n karakterini yans\u0131tmas\u0131n\u0131 neden istemiyorsunuz? Hikayenizi bizimle payla\u015f\u0131n - ister &#034;Klasik Vanilya&#034; ister &#034;Lezzetli Karamel&#034; olsun, g\u00f6rsel olarak \u00e7arp\u0131c\u0131 hale getirelim. Mat veya parlak bir kaplama se\u00e7ebilir, kabartmal\u0131 veya buzlu bir logo yerle\u015ftirebilir ve ah\u015fap, metal veya pastel renklerde bir kapak se\u00e7ebilirsiniz. Sizin i\u00e7in buraday\u0131z. Cam yo\u011furt kavanozlar\u0131n\u0131z sadece bir kap de\u011fil; tatl\u0131lar\u0131n\u0131z\u0131n en \u00f6nemli noktas\u0131. Onu imza stilinize d\u00f6n\u00fc\u015ft\u00fcrmemize izin verin.<\/p>","protected":false},"excerpt":{"rendered":"<p>Geni\u015f a\u011f\u0131zl\u0131, sevimli ve k\u0131vr\u0131ml\u0131 cam yo\u011furt kavanozlar\u0131, kolay doldurma ve servis imkan\u0131 sunar. Kremal\u0131 tatl\u0131lar veya s\u00fctl\u00fc i\u00e7ecekler i\u00e7in m\u00fckemmeldir; markan\u0131z\u0131n tarz\u0131na g\u00f6re \u00f6zelle\u015ftirebilirsiniz.<\/p>","protected":false},"featured_media":2128,"template":"","meta":{"postBodyCss":"","postBodyMargin":[],"postBodyPadding":[],"postBodyBackground":{"backgroundType":"classic","gradient":""}},"product_brand":[],"product_cat":[15,16,46],"product_tag":[65,64,71],"class_list":{"0":"post-2127","1":"product","2":"type-product","3":"status-publish","4":"has-post-thumbnail","6":"product_cat-glass-containers","7":"product_cat-glass-bottles","8":"product_cat-glass-milk-bottles","9":"product_tag-glass-jam-jars","10":"product_tag-glass-yogurt-jars","11":"product_tag-honey-jars","13":"first","14":"instock","15":"shipping-taxable","16":"product-type-simple"},"jetpack_sharing_enabled":true,"_links":{"self":[{"href":"https:\/\/minghanggroup.com\/tr\/wp-json\/wp\/v2\/product\/2127","targetHints":{"allow":["GET"]}}],"collection":[{"href":"https:\/\/minghanggroup.com\/tr\/wp-json\/wp\/v2\/product"}],"about":[{"href":"https:\/\/minghanggroup.com\/tr\/wp-json\/wp\/v2\/types\/product"}],"wp:featuredmedia":[{"embeddable":true,"href":"https:\/\/minghanggroup.com\/tr\/wp-json\/wp\/v2\/media\/2128"}],"wp:attachment":[{"href":"https:\/\/minghanggroup.com\/tr\/wp-json\/wp\/v2\/media?parent=2127"}],"wp:term":[{"taxonomy":"product_brand","embeddable":true,"href":"https:\/\/minghanggroup.com\/tr\/wp-json\/wp\/v2\/product_brand?post=2127"},{"taxonomy":"product_cat","embeddable":true,"href":"https:\/\/minghanggroup.com\/tr\/wp-json\/wp\/v2\/product_cat?post=2127"},{"taxonomy":"product_tag","embeddable":true,"href":"https:\/\/minghanggroup.com\/tr\/wp-json\/wp\/v2\/product_tag?post=2127"}],"curies":[{"name":"wp","href":"https:\/\/api.w.org\/{rel}","templated":true}]}}