{"id":2119,"date":"2025-10-27T16:00:54","date_gmt":"2025-10-27T08:00:54","guid":{"rendered":"https:\/\/minghanggroup.com\/?post_type=product&#038;p=2119"},"modified":"2025-10-27T16:01:11","modified_gmt":"2025-10-27T08:01:11","slug":"custom-glass-milk-bottles-for-pudding","status":"publish","type":"product","link":"https:\/\/minghanggroup.com\/tr\/urun\/custom-glass-milk-bottles-for-pudding\/","title":{"rendered":"Puding ve \u0130\u00e7ecekler \u0130\u00e7in Kare \u00d6zel Cam S\u00fct \u015ei\u015feleri"},"content":{"rendered":"<p>S\u00fct \u00fcr\u00fcnleri markan\u0131z\u0131n, m\u00fc\u015fterilerin sayfay\u0131 kayd\u0131r\u0131rken duraksamas\u0131n\u0131 sa\u011flayacak ambalajlara ihtiyac\u0131 var. Her yudumu saf bir keyfe d\u00f6n\u00fc\u015ft\u00fcren \u00f6zel cam s\u00fct \u015fi\u015feleri \u00fcretiyoruz. Kapakl\u0131 bu kare cam s\u00fct \u015fi\u015feleri, modern tasar\u0131m\u0131 zamans\u0131z bir \u00e7ekicilikle bir araya getiriyor; s\u00fct, yo\u011furt veya meyve suyu i\u00e7in m\u00fckemmel. G\u00fcvenilir cam ambalaj \u00fcreticiniz olarak, \u00fcr\u00fcn\u00fcn\u00fcz\u00fcn daha uzun s\u00fcre taze kalmas\u0131n\u0131 sa\u011flamak i\u00e7in en taze malzemeleri tedarik ediyoruz.<\/p>\n<h2>\u00dcr\u00fcn \u00d6zellikleri<\/h2>\n<ol>\n<li><strong>\u015e\u0131k\u200b\u200d\u200b\u200c\u200d\u200b\u200d\u200c\u200b\u200d\u200c\u200d\u200b\u200d\u200c Kare Tasar\u0131m:<\/strong>G\u00f6vdenin keskin kenarl\u0131 kare \u015fekli \u00e7a\u011fda\u015f, \u00fcst d\u00fczey bir g\u00f6r\u00fcn\u00fcm sa\u011flarken, ayn\u0131 zamanda raf d\u00fczenini daha verimli hale getirir ve etiketlemeyi kolayla\u015ft\u0131r\u0131r.<\/li>\n<li><strong>\u00c7ok Y\u00f6nl\u00fc Kullan\u0131m<\/strong>:\u00dcr\u00fcn\u00fcn kullan\u0131m amac\u0131 \u00f6ncelikle s\u00fct, puding, yo\u011furt, so\u011fuk i\u00e7ecek veya meyve sular\u0131n\u0131n ambalajlanmas\u0131 olup, ayr\u0131ca perakende ve kafe sunumu i\u00e7in de m\u00fckemmeldir.<\/li>\n<li><strong>\u00d6zelle\u015ftirilebilir Se\u00e7enekler:<\/strong>\u00dcr\u00fcn metal, plastik veya ah\u015fap kapa\u011fa sahip olabilir ve ayr\u0131ca \u00f6zel logo bask\u0131s\u0131, kabartma veya buzlu \u200b\u200d\u200b\u200c\u200d\u200b\u200d\u200c\u200b\u200d\u200b\u200c\u200d\u200b\u200d\u200c kaplama deste\u011fi sa\u011flayabilir.<\/li>\n<\/ol>\n<h2>Temel \u00d6zellikler<\/h2>\n<table style=\"border-collapse: collapse; width: 80%; margin-left: auto; margin-right: auto;\" border=\"0\" width=\"288\" cellspacing=\"0\" cellpadding=\"0\">\n<tbody>\n<tr style=\"height: 13.50pt;\">\n<td style=\"height: 13.5pt; width: 54pt; text-align: center;\" width=\"72\" height=\"18\">Model<\/td>\n<td style=\"width: 54pt; text-align: center;\" width=\"72\">Kapasite(ml)<\/td>\n<td style=\"width: 54pt; text-align: center;\" width=\"72\">Boyutlar(cm)<\/td>\n<td style=\"width: 54pt; text-align: center;\" width=\"72\">\u015eekil<\/td>\n<\/tr>\n<tr style=\"height: 13.50pt;\">\n<td style=\"height: 13.5pt; text-align: center;\" align=\"right\" height=\"18\">64010040<\/td>\n<td style=\"text-align: center;\" align=\"right\">100<\/td>\n<td style=\"text-align: center;\">5,0\u00d75,0x9,6<\/td>\n<td class=\"et2\" style=\"text-align: center;\" rowspan=\"2\">Kare<\/td>\n<\/tr>\n<tr style=\"height: 13.50pt;\">\n<td style=\"height: 13.5pt; text-align: center;\" align=\"right\" height=\"18\">64035041<\/td>\n<td style=\"text-align: center;\" align=\"right\">350<\/td>\n<td style=\"text-align: center;\">6,0\u00d76,0x16,1<\/td>\n<\/tr>\n<\/tbody>\n<\/table>\n<h2>Ba\u015far\u0131 \u00d6rne\u011fi<\/h2>\n<p>Butik bir s\u00fct \u00fcr\u00fcnleri markas\u0131, yeni organik so\u011fuk demleme s\u00fct ve puding tatl\u0131lar\u0131 serisi i\u00e7in benzersiz bir kare cam \u015fi\u015fe tasarlamak \u00fczere bizimle i\u015f birli\u011fi yapt\u0131. Her 100 ml&#039;lik \u015fi\u015fe, sade geometrik \u00e7izgiler ve derin cam tabanla \u00f6zenle tasarland\u0131. K\u0131r\u0131lgan ah\u015fap t\u0131pa taze bir s\u0131zd\u0131rmazl\u0131k sa\u011flarken, markan\u0131n kabartmal\u0131 logosu \u00f6n tarafta yer alarak markan\u0131n sanat\u0131n\u0131 ve \u00f6zg\u00fcn karakterini yans\u0131t\u0131yor. Ayr\u0131ca \u015fi\u015fe, \u00fcr\u00fcn\u00fcn raf \u00e7ekicili\u011fini art\u0131ran ve onu di\u011ferlerinden ay\u0131ran \u015f\u0131k bir mat degrade kaplamaya sahip.<\/p>\n<p>\u00dcr\u00fcn\u00fcn yeniden piyasaya s\u00fcr\u00fclmesinden sonra sat\u0131\u015flar artt\u0131 ve m\u00fc\u015fteriler \u015fi\u015fenin g\u00fcc\u00fc ve yeniden kullan\u0131labilirli\u011fi a\u00e7\u0131s\u0131ndan m\u00fckemmel yorumlarda bulunuyor.<\/p>\n<h2>\u00d6zelle\u015ftirme \u0130pu\u00e7lar\u0131n\u0131z<\/h2>\n<p>S\u0131radan bir ambalajla uyum sa\u011flamay\u0131n; kare bir cam s\u00fct \u015fi\u015fesi markan\u0131z\u0131n y\u00fcz\u00fc olabilir. \u0130ster &#034;Organik \u00c7iftlikten Taze&#034; ister &#034;Modern Kafeden \u015e\u0131k&#034; olsun, hikayenizi bizimle payla\u015f\u0131n; biz de onu mat bir y\u00fczey, kabartmal\u0131 bir logo veya degrade kaplama ile somutla\u015ft\u0131ral\u0131m. 100 ml veya 350 ml gibi \u00f6zel hacimler mi ar\u0131yorsunuz? \u00dcr\u00fcn yelpazeniz i\u00e7in \u00f6zel olarak bir kal\u0131p tasarlayaca\u011f\u0131z. \u015ei\u015feniz i\u00e7in kapal\u0131 al\u00fcminyum, mantar veya bambu kapaklar aras\u0131ndan se\u00e7im yap\u0131n; t\u00fcm bu se\u00e7enekler i\u00e7in logo grav\u00fcr\u00fc de mevcuttur. Kare cam \u015fi\u015fenizi harika, yeniden kullan\u0131labilir bir tasar\u0131ma d\u00f6n\u00fc\u015ft\u00fcrmemize izin verin.<\/p>","protected":false},"excerpt":{"rendered":"<p>Yo\u011furt ve meyve suyu i\u00e7in \u015f\u0131k kare \u00f6zel cam s\u00fct \u015fi\u015feleri. Cam s\u00fct \u015fi\u015feleri, marka kimli\u011finizi \u00f6ne \u00e7\u0131karmak i\u00e7in \u00f6zel kapaklar, renkler ve logo bask\u0131lar\u0131yla desteklenir.<\/p>","protected":false},"featured_media":2120,"template":"","meta":{"postBodyCss":"","postBodyMargin":[],"postBodyPadding":[],"postBodyBackground":{"backgroundType":"classic","gradient":""}},"product_brand":[],"product_cat":[15,16,46],"product_tag":[],"class_list":{"0":"post-2119","1":"product","2":"type-product","3":"status-publish","4":"has-post-thumbnail","6":"product_cat-glass-containers","7":"product_cat-glass-bottles","8":"product_cat-glass-milk-bottles","10":"first","11":"instock","12":"shipping-taxable","13":"product-type-simple"},"jetpack_sharing_enabled":true,"_links":{"self":[{"href":"https:\/\/minghanggroup.com\/tr\/wp-json\/wp\/v2\/product\/2119","targetHints":{"allow":["GET"]}}],"collection":[{"href":"https:\/\/minghanggroup.com\/tr\/wp-json\/wp\/v2\/product"}],"about":[{"href":"https:\/\/minghanggroup.com\/tr\/wp-json\/wp\/v2\/types\/product"}],"wp:featuredmedia":[{"embeddable":true,"href":"https:\/\/minghanggroup.com\/tr\/wp-json\/wp\/v2\/media\/2120"}],"wp:attachment":[{"href":"https:\/\/minghanggroup.com\/tr\/wp-json\/wp\/v2\/media?parent=2119"}],"wp:term":[{"taxonomy":"product_brand","embeddable":true,"href":"https:\/\/minghanggroup.com\/tr\/wp-json\/wp\/v2\/product_brand?post=2119"},{"taxonomy":"product_cat","embeddable":true,"href":"https:\/\/minghanggroup.com\/tr\/wp-json\/wp\/v2\/product_cat?post=2119"},{"taxonomy":"product_tag","embeddable":true,"href":"https:\/\/minghanggroup.com\/tr\/wp-json\/wp\/v2\/product_tag?post=2119"}],"curies":[{"name":"wp","href":"https:\/\/api.w.org\/{rel}","templated":true}]}}