{"id":2112,"date":"2025-10-27T14:08:34","date_gmt":"2025-10-27T06:08:34","guid":{"rendered":"https:\/\/minghanggroup.com\/?post_type=product&#038;p=2112"},"modified":"2025-10-27T14:08:34","modified_gmt":"2025-10-27T06:08:34","slug":"glass-milk-bottles-with-lids-wholesale-for-dairy-and-dessert","status":"publish","type":"product","link":"https:\/\/minghanggroup.com\/tr\/urun\/glass-milk-bottles-with-lids-wholesale-for-dairy-and-dessert\/","title":{"rendered":"S\u00fct \u00dcr\u00fcnleri ve Tatl\u0131lar i\u00e7in 100-200 ml \u0130nce Uzun Cam S\u00fct \u015ei\u015feleri Toptan Sat\u0131\u015f"},"content":{"rendered":"<p>kapakl\u0131 cam s\u00fct \u015fi\u015feleri toptan, \u00e7ikolatal\u0131 s\u00fct cam \u015fi\u015fesi<\/p>\n<p>S\u00fct \u00fcr\u00fcnleri markan\u0131z\u0131n ambalaj\u0131, sayfalar aras\u0131nda gezinen m\u00fc\u015fterilerin dikkatini ger\u00e7ekten \u00e7ekecek \u015fekilde olmal\u0131d\u0131r. Her bir yudumu saf bir keyif an\u0131 haline getiren kapakl\u0131 cam s\u00fct \u015fi\u015felerini toptan olarak \u00fcretiyoruz. Retro esintili bu cam kavanozlar, zamans\u0131z cazibesini g\u00fcncel kullan\u0131m kolayl\u0131\u011f\u0131yla bir araya getiriyor; \u00e7ikolatal\u0131 s\u00fct, s\u00fct \u00fcr\u00fcnleri veya meyve suyu i\u00e7in tam ideal. G\u00fcvenilir cam ambalaj tedarik\u00e7iniz olarak, \u00fcr\u00fcn\u00fcn\u00fcz\u00fcn daha uzun s\u00fcre taze kalmas\u0131n\u0131 sa\u011flayan taze hammaddeler kullan\u0131yoruz.<\/p>\n<h2>\u00dcr\u00fcn \u00d6zellikleri<\/h2>\n<ol>\n<li><strong>\u0130nce ve \u015e\u0131k Tasar\u0131m:<\/strong>G\u00f6rsel olarak hafif ve \u015f\u0131k tasar\u0131mlar\u0131yla, \u00e7ikolatal\u0131 s\u00fct cam \u015fi\u015fesinin uzun ve ince hatlar\u0131, birinci s\u0131n\u0131f s\u00fct, meyve suyu veya puding markas\u0131n\u0131n tarz\u0131na m\u00fckemmel uyum sa\u011flayacakt\u0131r.<\/li>\n<li><strong>Kal\u0131nla\u015ft\u0131r\u0131lm\u0131\u015f \u015eeffaf Cam:<\/strong>Parlak, sa\u011flam camdan \u00fcretilmi\u015f olup, \u00fcr\u00fcn\u00fcn do\u011fal rengi ortaya \u00e7\u0131kar\u0131lm\u0131\u015f olup, hem \u015f\u0131k hem de kullan\u0131\u015fl\u0131 bir \u00fcr\u00fcnd\u00fcr.<\/li>\n<li><strong>\u00c7ok Y\u00f6nl\u00fc Kapasite:<\/strong>Bu kapasite taze s\u00fct, yo\u011furt, puding ve so\u011fuk demleme gibi farkl\u0131 kullan\u0131mlar i\u00e7in idealdir.<\/li>\n<li><strong>M\u00fch\u00fcrlenebilir A\u011f\u0131z Tasar\u0131m\u0131:<\/strong>Uyumlu oldu\u011fu metal, plastik veya al\u00fcminyum folyo kapaklar s\u0131zd\u0131rmaz bir conta sa\u011flayarak tazeli\u011fin daha uzun s\u00fcre korunmas\u0131n\u0131 sa\u011flar.<\/li>\n<\/ol>\n<h2>Temel \u00d6zellikler<\/h2>\n<table style=\"border-collapse: collapse; width: 80%; margin-left: auto; margin-right: auto;\" border=\"0\" width=\"288\" cellspacing=\"0\" cellpadding=\"0\">\n<tbody>\n<tr style=\"height: 13.50pt;\">\n<td style=\"height: 13.5pt; width: 54pt; text-align: center;\" width=\"72\" height=\"18\">Model<\/td>\n<td style=\"width: 54pt; text-align: center;\" width=\"72\">Kapasite(ml)<\/td>\n<td style=\"width: 54pt; text-align: center;\" width=\"72\">Boyutlar(cm)<\/td>\n<td style=\"width: 54pt; text-align: center;\" width=\"72\">\u015ei\u015fe Tipi<\/td>\n<\/tr>\n<tr style=\"height: 13.50pt;\">\n<td style=\"height: 13.5pt; text-align: center;\" align=\"right\" height=\"18\">64010038<\/td>\n<td style=\"text-align: center;\" align=\"right\">100<\/td>\n<td style=\"text-align: center;\">4.5&#215;9.5<\/td>\n<td class=\"et2\" style=\"text-align: center;\" rowspan=\"2\">\u0130nce Uzun<\/td>\n<\/tr>\n<tr style=\"height: 13.50pt;\">\n<td style=\"height: 13.5pt; text-align: center;\" align=\"right\" height=\"18\">64020039<\/td>\n<td style=\"text-align: center;\" align=\"right\">200<\/td>\n<td style=\"text-align: center;\">6.0&#215;12.8<\/td>\n<\/tr>\n<\/tbody>\n<\/table>\n<h2>Ba\u015far\u0131\u200b\u200d\u200b\u200c\u200d\u200b\u200d\u200c\u200b\u200d\u200b\u200c\u200d\u200b\u200d\u200c Vaka<\/h2>\n<p>Butik bir s\u00fct \u00fcr\u00fcnleri markas\u0131 taraf\u0131ndan, kapakl\u0131 \u00f6zel cam s\u00fct \u015fi\u015feleri toptan olarak \u00fcretmemiz i\u00e7in g\u00f6revlendirildik. \u0130nce siluetiyle 200 ml&#039;lik \u015fi\u015fe, hem sergileme hem de nakliye alan\u0131ndan tasarruf ederek \u00fcr\u00fcn\u00fc sunman\u0131n harika bir yolu olman\u0131n yan\u0131 s\u0131ra, zarafet ve kullan\u0131\u015fl\u0131l\u0131\u011f\u0131n m\u00fckemmel bir birle\u015fimidir.<\/p>\n<p>M\u00fc\u015fteri, markan\u0131n minimalist tarz\u0131na uygun olarak \u015feffaf shrink-wrap contal\u0131 mat beyaz vidal\u0131 bir kapak tercih etti ve bu da \u015f\u0131k ve steril bir ambalaj elde edilmesini sa\u011flad\u0131. \u015ei\u015fedeki zarif buzlu logo bask\u0131s\u0131, kafeler ve l\u00fcks s\u00fcpermarketler i\u00e7in ideal olan l\u00fcks ve el yap\u0131m\u0131 bir hava yay\u0131yor.<\/p>\n<p>Yeni ambalaj, lansman\u0131ndan bu yana m\u00fc\u015fteriler taraf\u0131ndan co\u015fkulu bir alk\u0131\u015fla kar\u015f\u0131land\u0131. S\u00fct\u00fc tedarik eden \u015firket, ilk alt\u0131 haftada sat\u0131\u015flar\u0131nda &#039;lik bir art\u0131\u015f kaydetti.<\/p>\n<h2>\u00d6zelle\u015ftirme \u0130pu\u00e7lar\u0131n\u0131z<\/h2>\n<p>Markan\u0131z\u0131n uzun \u00e7ikolatal\u0131 s\u00fct cam \u015fi\u015fesi, markan\u0131z\u0131n benzersiz cazibesini yans\u0131tan \u015fi\u015fe olmal\u0131d\u0131r. Sadece aroman\u0131z\u0131n ad\u0131n\u0131 (&#034;bal kremas\u0131&#034; veya &#034;mango aromas\u0131&#034; gibi) s\u00f6ylemeniz yeterli; markan\u0131z\u0131n do\u011fas\u0131n\u0131 yans\u0131tacak ince bir degrade renk, kabartmal\u0131 bir logo veya buzlu bir y\u00fczey olu\u015fturaca\u011f\u0131z. 100 ml veya 200 ml kapasite gerektiren bir kafe i\u015f birli\u011fi mi? Bu uzun ve ince s\u00fct \u015fi\u015fesi tam da ihtiyac\u0131n\u0131z olan \u015fey!<\/p>\n<p>Cam \u015fi\u015feniz s\u0131radan bir ambalaj de\u011fil, markan\u0131z\u0131n kalite ve stilinin bir yans\u0131mas\u0131d\u0131r. Bunu, her seferinde yaln\u0131zca bir \u015fi\u015feyle unutulmaz i\u00e7ecekler yaratarak ba\u015faral\u0131m.<\/p>","protected":false},"excerpt":{"rendered":"<p>Yo\u011furt ve smoothieler i\u00e7in m\u00fckemmel, kapakl\u0131 toptan cam s\u00fct \u015fi\u015feleri. \u00c7ikolatal\u0131 s\u00fct cam \u015fi\u015fesi, markan\u0131za \u00f6zel logolar ve renk kaplamalar\u0131yla \u00f6zelle\u015ftirilebilir.<\/p>","protected":false},"featured_media":2114,"template":"","meta":{"postBodyCss":"","postBodyMargin":[],"postBodyPadding":[],"postBodyBackground":{"backgroundType":"classic","gradient":""}},"product_brand":[],"product_cat":[15,16,46],"product_tag":[],"class_list":{"0":"post-2112","1":"product","2":"type-product","3":"status-publish","4":"has-post-thumbnail","6":"product_cat-glass-containers","7":"product_cat-glass-bottles","8":"product_cat-glass-milk-bottles","10":"first","11":"instock","12":"shipping-taxable","13":"product-type-simple"},"jetpack_sharing_enabled":true,"_links":{"self":[{"href":"https:\/\/minghanggroup.com\/tr\/wp-json\/wp\/v2\/product\/2112","targetHints":{"allow":["GET"]}}],"collection":[{"href":"https:\/\/minghanggroup.com\/tr\/wp-json\/wp\/v2\/product"}],"about":[{"href":"https:\/\/minghanggroup.com\/tr\/wp-json\/wp\/v2\/types\/product"}],"wp:featuredmedia":[{"embeddable":true,"href":"https:\/\/minghanggroup.com\/tr\/wp-json\/wp\/v2\/media\/2114"}],"wp:attachment":[{"href":"https:\/\/minghanggroup.com\/tr\/wp-json\/wp\/v2\/media?parent=2112"}],"wp:term":[{"taxonomy":"product_brand","embeddable":true,"href":"https:\/\/minghanggroup.com\/tr\/wp-json\/wp\/v2\/product_brand?post=2112"},{"taxonomy":"product_cat","embeddable":true,"href":"https:\/\/minghanggroup.com\/tr\/wp-json\/wp\/v2\/product_cat?post=2112"},{"taxonomy":"product_tag","embeddable":true,"href":"https:\/\/minghanggroup.com\/tr\/wp-json\/wp\/v2\/product_tag?post=2112"}],"curies":[{"name":"wp","href":"https:\/\/api.w.org\/{rel}","templated":true}]}}