{"id":2075,"date":"2025-10-24T17:06:14","date_gmt":"2025-10-24T09:06:14","guid":{"rendered":"https:\/\/minghanggroup.com\/?post_type=product&#038;p=2075"},"modified":"2026-01-20T13:44:11","modified_gmt":"2026-01-20T05:44:11","slug":"wholesale-glass-yogurt-bottles-for-packaging","status":"publish","type":"product","link":"https:\/\/minghanggroup.com\/tr\/urun\/wholesale-glass-yogurt-bottles-for-packaging\/","title":{"rendered":"S\u00fct ve Tatl\u0131lar i\u00e7in 100ml 150ml 250ml \u00c7ift Kalp Cam Yo\u011furt \u015ei\u015feleri"},"content":{"rendered":"<p>S\u00fct markan\u0131z\u0131n \u00f6ne \u00e7\u0131kmas\u0131 i\u00e7in g\u00f6rsel olarak etkileyici ambalajlar \u015fart. Yo\u011furdunuzla &#034;vay can\u0131na&#034; an\u0131 yaratacak sevimli kalp \u015feklinde cam yo\u011furt kaplar\u0131 \u00fcretiyoruz. Sayg\u0131n bir cam ambalaj \u00fcreticisi olarak, s\u00fct \u00fcr\u00fcnleriniz i\u00e7in en iyi hammaddeleri sunmaktan gurur duyuyoruz. Bu \u015f\u0131k, geri d\u00f6n\u00fc\u015ft\u00fcr\u00fclebilir cam s\u00fct \u015fi\u015feleri, eski tarz cazibeyle \u00e7a\u011fda\u015f i\u015flevselli\u011fin m\u00fckemmel bir kar\u0131\u015f\u0131m\u0131n\u0131 sunuyor; neden yo\u011furdunuza, meyve suyunuza veya hatta k\u00fc\u00e7\u00fck bir tatl\u0131ya lezzet katmayas\u0131n\u0131z ki?<\/p>\n<h2>\u00dcr\u00fcn \u00d6zellikleri<\/h2>\n<ol>\n<li><strong>Romantik\u200b\u200d\u200b\u200c\u200d\u200b\u200d\u200c\u200b\u200d\u200b\u200c\u200d\u200b\u200d\u200c Kalp Tasar\u0131m\u0131:<\/strong>Cam yo\u011furt \u015fi\u015felerini romantik k\u0131lan ve her raf\u0131n dikkatini \u00e7ekecek olan detay ise \u00e7ift kalp kabartmas\u0131d\u0131r.<\/li>\n<li><strong>Berrak Cam Tazelik G\u00f6r\u00fcn\u00fcm\u00fc:<\/strong>\u015eeffaf cam, yo\u011furdun parlak rengini ortaya \u00e7\u0131kar\u0131r ve b\u00f6ylece m\u00fc\u015fteri sat\u0131n alma i\u015flemini yapmadan \u00f6nce bile daha taze kalitesini g\u00f6rebilir.<\/li>\n<li><strong>M\u00fckemmel Kapak Uyumlulu\u011fu:<\/strong>Hafif\u00e7e geni\u015fleyen a\u011fz\u0131 her \u015fi\u015fe kapa\u011f\u0131na uyabildi\u011finden s\u0131z\u0131nt\u0131 veya d\u00f6k\u00fclme olmaz, sadece saf s\u00fct keyfi sunar.<\/li>\n<li><strong>Her S\u00fct \u00dcr\u00fcn Grubu \u0130\u00e7in Boyuta G\u00f6re Optimize Edilmi\u015f:<\/strong>100 ml numunelerden 250 ml toplu \u015fi\u015felemeye kadar s\u00fct \u015fi\u015felemenizi desteklemek i\u00e7in buraday\u0131z.<\/li>\n<\/ol>\n<h2>Temel \u00d6zellikler<\/h2>\n<table style=\"border-collapse: collapse; width: 80%; margin-left: auto; margin-right: auto;\" border=\"0\" width=\"288\" cellspacing=\"0\" cellpadding=\"0\">\n<tbody>\n<tr style=\"height: 13.50pt;\">\n<td style=\"height: 13.5pt; width: 54pt; text-align: center;\" width=\"72\" height=\"18\">Model<\/td>\n<td style=\"width: 54pt; text-align: center;\" width=\"72\">Kapasite(ml)<\/td>\n<td style=\"width: 54pt; text-align: center;\" width=\"72\">Boyutlar(cm)<\/td>\n<td style=\"width: 54pt; text-align: center;\" width=\"72\">Model<\/td>\n<\/tr>\n<tr style=\"height: 13.50pt;\">\n<td style=\"height: 13.5pt; text-align: center;\" align=\"right\" height=\"18\">64010035<\/td>\n<td style=\"text-align: center;\" align=\"right\">100<\/td>\n<td style=\"text-align: center;\">6.2&#215;6.7<\/td>\n<td class=\"et2\" style=\"text-align: center;\" rowspan=\"3\">\u00c7ift kalp<\/td>\n<\/tr>\n<tr style=\"height: 13.50pt;\">\n<td style=\"height: 13.5pt; text-align: center;\" align=\"right\" height=\"18\">64015036<\/td>\n<td style=\"text-align: center;\" align=\"right\">150<\/td>\n<td style=\"text-align: center;\">6.3&#215;7.9<\/td>\n<\/tr>\n<tr style=\"height: 13.50pt;\">\n<td style=\"height: 13.5pt; text-align: center;\" align=\"right\" height=\"18\">64025037<\/td>\n<td style=\"text-align: center;\" align=\"right\">250<\/td>\n<td style=\"text-align: center;\">7.0&#215;9.6<\/td>\n<\/tr>\n<\/tbody>\n<\/table>\n<h2>Ba\u015far\u0131\u200b\u200d\u200b\u200c\u200d\u200b\u200d\u200c\u200b\u200d\u200b\u200c\u200d\u200b\u200d\u200c Vaka<\/h2>\n<p>Yerel bir s\u00fct \u00fcr\u00fcnleri markas\u0131, yo\u011furdu i\u00e7in yeni bir ambalaj \u00e7\u0131karmaya karar verdikten sonra, \u00f6zel kalp \u015feklinde cam yo\u011furt \u015fi\u015felerine ihtiya\u00e7 duyduklar\u0131n\u0131 bize ilettiler. Her 150 ml&#039;lik \u015fi\u015feye, markan\u0131n &#034;Kalpten Yap\u0131ld\u0131&#034; konseptiyle m\u00fckemmel bir uyum sa\u011flayan, taze ve sevgi dolu, yumu\u015fak bir \u00e7ift kalp kabartmas\u0131 uyguland\u0131.<\/p>\n<p>S\u00fct \u00fcr\u00fcnleri markas\u0131, a\u015fk temal\u0131 ambalaj\u0131yla uyumlu olarak, \u00fcr\u00fcn\u00fcn uzun s\u00fcre tazeli\u011fini garanti alt\u0131na almak i\u00e7in hava ge\u00e7irmez silikon contal\u0131 pastel renkli bir al\u00fcminyum kapak tercih etti. \u015e\u0131k ve s\u0131zd\u0131rmaz tasar\u0131m, so\u011fuk zincirin tam da ihtiyac\u0131 olan \u015fey.<\/p>\n<p>Yeni \u00fcr\u00fcn\u00fcn tan\u0131t\u0131m\u0131ndan hemen sonra m\u00fc\u015fteriler \u00fcr\u00fcn\u00fcn sevimli ve \u015f\u0131k g\u00f6r\u00fcn\u00fcm\u00fcne hayran kald\u0131lar, bu nedenle sat\u0131\u015flar iki ayda artt\u0131.<\/p>\n<h2>\u00d6zelle\u015ftirme \u0130pu\u00e7lar\u0131n\u0131z<\/h2>\n<p>Kal\u0131pla\u015fm\u0131\u015f \u015fi\u015felere veda edin; Double Heart cam puding \u015fi\u015feniz markan\u0131z\u0131n benzersiz havas\u0131n\u0131 yans\u0131tmal\u0131. Lezzetinizi bizimle payla\u015f\u0131n (&#034;G\u00fcll\u00fc S\u00fctl\u00fc Puding&#034; gibi), kapa\u011f\u0131 \u00f6zelle\u015ftirin ve pastel renkli bir kaplama olu\u015fturun. 250 ml&#039;lik yeni bir tatl\u0131 m\u0131 ar\u0131yorsunuz? Birlikte unutulmaz bir deneyim yaratal\u0131m.<\/p>","protected":false},"excerpt":{"rendered":"<p>Markan\u0131z\u0131, s\u00fct, tatl\u0131 veya yo\u011furt i\u00e7in m\u00fckemmel olan \u00e7ift kalpli cam yo\u011furt \u015fi\u015felerimizle tatland\u0131r\u0131n. Ho\u015f bir dokunu\u015f i\u00e7in \u00f6zel kapaklar, logolar ve renkler mevcuttur.<\/p>","protected":false},"featured_media":2076,"template":"","meta":{"postBodyCss":"","postBodyMargin":[],"postBodyPadding":[],"postBodyBackground":{"backgroundType":"classic","gradient":""}},"product_brand":[],"product_cat":[15,16,46],"product_tag":[65,64],"class_list":{"0":"post-2075","1":"product","2":"type-product","3":"status-publish","4":"has-post-thumbnail","6":"product_cat-glass-containers","7":"product_cat-glass-bottles","8":"product_cat-glass-milk-bottles","9":"product_tag-glass-jam-jars","10":"product_tag-glass-yogurt-jars","12":"first","13":"instock","14":"shipping-taxable","15":"product-type-simple"},"jetpack_sharing_enabled":true,"_links":{"self":[{"href":"https:\/\/minghanggroup.com\/tr\/wp-json\/wp\/v2\/product\/2075","targetHints":{"allow":["GET"]}}],"collection":[{"href":"https:\/\/minghanggroup.com\/tr\/wp-json\/wp\/v2\/product"}],"about":[{"href":"https:\/\/minghanggroup.com\/tr\/wp-json\/wp\/v2\/types\/product"}],"wp:featuredmedia":[{"embeddable":true,"href":"https:\/\/minghanggroup.com\/tr\/wp-json\/wp\/v2\/media\/2076"}],"wp:attachment":[{"href":"https:\/\/minghanggroup.com\/tr\/wp-json\/wp\/v2\/media?parent=2075"}],"wp:term":[{"taxonomy":"product_brand","embeddable":true,"href":"https:\/\/minghanggroup.com\/tr\/wp-json\/wp\/v2\/product_brand?post=2075"},{"taxonomy":"product_cat","embeddable":true,"href":"https:\/\/minghanggroup.com\/tr\/wp-json\/wp\/v2\/product_cat?post=2075"},{"taxonomy":"product_tag","embeddable":true,"href":"https:\/\/minghanggroup.com\/tr\/wp-json\/wp\/v2\/product_tag?post=2075"}],"curies":[{"name":"wp","href":"https:\/\/api.w.org\/{rel}","templated":true}]}}