{"id":2041,"date":"2025-10-23T16:24:47","date_gmt":"2025-10-23T08:24:47","guid":{"rendered":"https:\/\/minghanggroup.com\/?post_type=product&#038;p=2041"},"modified":"2025-10-23T16:32:04","modified_gmt":"2025-10-23T08:32:04","slug":"wholesale-glass-honey-jars-with-lids-and-wavy-bottom","status":"publish","type":"product","link":"https:\/\/minghanggroup.com\/tr\/urun\/wholesale-glass-honey-jars-with-lids-and-wavy-bottom\/","title":{"rendered":"Toptan 180 ml 360 ml Kapakl\u0131 ve Dalgal\u0131 Tabanl\u0131 Cam Bal Kavanozlar\u0131"},"content":{"rendered":"<p>Bu cam bal kavanozlar\u0131, dokulu bir tabana ve i\u00e7indeki alt\u0131n bal\u0131 g\u00fczelce sergilemekle kalmay\u0131p ayn\u0131 zamanda zarif ve l\u00fcks bir hava da veren g\u00fcl alt\u0131n bir kapa\u011fa sahip yuvarlak, \u015feffaf bir cam \u015fi\u015feden yap\u0131lm\u0131\u015ft\u0131r.<\/p>\n<h2>\u00dcr\u00fcn \u00d6zellikleri<\/h2>\n<ul>\n<li><strong>\u015eeffaf Cam:<\/strong> \u015eeffaf cam \u015fi\u015fe sayesinde bal\u0131n seviyesi ve durumu rahatl\u0131kla g\u00f6r\u00fclebiliyor, b\u00f6ylece dolum i\u015flemi basit ve rahat bir \u015fekilde yap\u0131labiliyor.<\/li>\n<li><strong>\u015e\u0131k \u015ei\u015fe Tasar\u0131m\u0131:<\/strong> \u00dcr\u00fcn\u00fcn \u015f\u0131k ve \u00e7ekici g\u00f6r\u00fcn\u00fcm\u00fcn\u00fc ortaya \u00e7\u0131karan ince \u015fi\u015fe \u015fekli ve dalgal\u0131 taban\u0131, \u00fcr\u00fcn\u00fcn \u00e7ekicili\u011fini art\u0131r\u0131yor.<\/li>\n<li><strong>Dokulu Detay:<\/strong> \u015eeffaf cam\u0131n dalgal\u0131 tabanla birlikte kullan\u0131lmas\u0131, \u015f\u0131k, l\u00fcks ve sofistike bir hissin m\u00fckemmel birle\u015fimini ortaya \u00e7\u0131kar\u0131yor ve sonu\u00e7 olarak \u00fcr\u00fcn \u00fcst s\u0131n\u0131f bir \u00fcr\u00fcne d\u00f6n\u00fc\u015f\u00fcyor.<\/li>\n<\/ul>\n<h2>Temel \u00d6zellikler<\/h2>\n<table style=\"border-collapse: collapse; margin-left: auto; margin-right: auto; width: 345.02pt;\" border=\"0\" width=\"460\" cellspacing=\"0\" cellpadding=\"0\">\n<tbody>\n<tr style=\"height: 13.50pt;\">\n<td style=\"height: 13.50pt; width: 93.75pt;\" width=\"125\" height=\"18\">\u00d6zellik<\/td>\n<td style=\"width: 251.25pt;\" width=\"335\">\u015eartname<\/td>\n<\/tr>\n<tr style=\"height: 13.50pt;\">\n<td style=\"height: 13.50pt;\" height=\"18\">Kapasite<\/td>\n<td>180 ml, 360 ml<\/td>\n<\/tr>\n<tr style=\"height: 13.50pt;\">\n<td style=\"height: 13.50pt;\" height=\"18\">Boyutlar<\/td>\n<td>8,5\u00d79,4 cm, 10,0\u00d710,7 cm<\/td>\n<\/tr>\n<tr style=\"height: 13.50pt;\">\n<td style=\"height: 13.50pt;\" height=\"18\">Malzeme<\/td>\n<td>\u015eeffaf cam, g\u00fcl alt\u0131n PP vidal\u0131 kapak<\/td>\n<\/tr>\n<tr style=\"height: 13.50pt;\">\n<td style=\"height: 13.50pt;\" height=\"18\">Kapak Se\u00e7enekleri<\/td>\n<td>G\u00fcl alt\u0131n (\u00f6zel renkler mevcuttur)<\/td>\n<\/tr>\n<tr style=\"height: 13.50pt;\">\n<td style=\"height: 13.50pt;\" height=\"18\">En \u0130yisi \u0130\u00e7in<\/td>\n<td>\u00c7i\u011f bal, demlenmi\u015f kar\u0131\u015f\u0131mlar, hediye setleri<\/td>\n<\/tr>\n<\/tbody>\n<\/table>\n<h2>Ba\u015far\u0131 Hikayesi: Gurme Marka D\u00f6n\u00fc\u015f\u00fcm\u00fc<\/h2>\n<p>Tek men\u015feli bal konusunda uzmanla\u015fm\u0131\u015f ve premium markas\u0131na m\u00fckemmel uyum sa\u011flayacak kapakl\u0131 bir cam bal kavanozu arayan gurme bir g\u0131da \u015firketi, g\u00fcl rengi alt\u0131n kapakl\u0131 360 ml&#039;lik Athena Bal Kavanozumuzu almaya karar verdi. Online sat\u0131\u015flar\u0131 ilk ay\u0131n hemen ard\u0131ndan artt\u0131. M\u00fc\u015fteri geri bildirimleri de bal kavanozunun &#034;l\u00fcks g\u00f6r\u00fcn\u00fcm\u00fcn\u00fc&#034; en \u00e7ok be\u011fendiklerini belirtti. Bu cam kaplar olduk\u00e7a dayan\u0131kl\u0131 ve bu sayede k\u0131r\u0131lgan \u015fi\u015felerine k\u0131yasla kargo hasar talepleri azald\u0131. Bu, ortakl\u0131klar\u0131n\u0131n ba\u015flang\u0131c\u0131 oldu. \u015eu anda her ay 50.000 \u015fi\u015fe sipari\u015f veriyorlar ve \u00fcr\u00fcn gamlar\u0131na 180 ml&#039;lik bal kavanozlar\u0131 eklediler.<\/p>\n<h2>Cam Bal Kavanozlar\u0131n\u0131z\u0131 \u00d6zelle\u015ftirin<\/h2>\n<ul>\n<li><strong>Buzlu Cam Kaplama:<\/strong> Kavanozun tamam\u0131na ya da sadece bir k\u0131sm\u0131na \u015f\u0131k, mat bir g\u00f6r\u00fcn\u00fcm kazand\u0131r\u0131labilir, b\u00f6ylece kavanoza ho\u015f, yumu\u015fak ve kaliteli bir g\u00f6r\u00fcn\u00fcm kazand\u0131r\u0131labilir.<\/li>\n<li><strong>Alt Kabartmal\u0131:<\/strong> Sofistike bir marka imaj\u0131 i\u00e7in logonuzu veya markan\u0131z\u0131n herhangi bir g\u00f6rselini cam\u0131n alt taraf\u0131na i\u015fleyin.<\/li>\n<li><strong>\u00d6zel Kapak Rengi:<\/strong> \u015eapka renginin marka renginizle (\u00f6rne\u011fin Pantone renk paleti) tam uyumlu olmas\u0131n\u0131 sa\u011flay\u0131n.<\/li>\n<li><strong>\u0130\u00e7 Conta Astar\u0131:<\/strong> Viskozitesi nedeniyle, tedarik etti\u011finiz bal\u0131n en iyi \u015fekilde kapat\u0131laca\u011f\u0131 astar malzemesini se\u00e7in.<\/li>\n<\/ul>\n<p>Kapakl\u0131 birinci s\u0131n\u0131f cam bal kavanozlar\u0131 ekleyerek ambalajlama \u00e7\u0131tan\u0131z\u0131 y\u00fckseltmeye haz\u0131r m\u0131s\u0131n\u0131z? Size toptan fiyat teklifi vermekten memnuniyet duyar\u0131z. Bizimle ileti\u015fime ge\u00e7in ve \u00fcr\u00fcn yelpazemizin i\u015fletmenizin b\u00fcy\u00fcmesine nas\u0131l yard\u0131mc\u0131 olabilece\u011fini \u00f6\u011frenin.<\/p>","protected":false},"excerpt":{"rendered":"<p>G\u00fcl alt\u0131n vidal\u0131 kapakl\u0131 birinci s\u0131n\u0131f cam bal kavanozlar\u0131. Bal ve re\u00e7el \u00fcreticileri i\u00e7in ideal olan bu \u00fcst d\u00fczey kavanozlar, \u00fccretsiz numunelerle birlikte toplu olarak mevcuttur.<\/p>","protected":false},"featured_media":2042,"template":"","meta":{"postBodyCss":"","postBodyMargin":[],"postBodyPadding":[],"postBodyBackground":{"backgroundType":"classic","gradient":""}},"product_brand":[],"product_cat":[15,17,52],"product_tag":[],"class_list":{"0":"post-2041","1":"product","2":"type-product","3":"status-publish","4":"has-post-thumbnail","6":"product_cat-glass-containers","7":"product_cat-glass-jars","8":"product_cat-glass-honey-jars","10":"first","11":"instock","12":"shipping-taxable","13":"product-type-simple"},"jetpack_sharing_enabled":true,"_links":{"self":[{"href":"https:\/\/minghanggroup.com\/tr\/wp-json\/wp\/v2\/product\/2041","targetHints":{"allow":["GET"]}}],"collection":[{"href":"https:\/\/minghanggroup.com\/tr\/wp-json\/wp\/v2\/product"}],"about":[{"href":"https:\/\/minghanggroup.com\/tr\/wp-json\/wp\/v2\/types\/product"}],"wp:featuredmedia":[{"embeddable":true,"href":"https:\/\/minghanggroup.com\/tr\/wp-json\/wp\/v2\/media\/2042"}],"wp:attachment":[{"href":"https:\/\/minghanggroup.com\/tr\/wp-json\/wp\/v2\/media?parent=2041"}],"wp:term":[{"taxonomy":"product_brand","embeddable":true,"href":"https:\/\/minghanggroup.com\/tr\/wp-json\/wp\/v2\/product_brand?post=2041"},{"taxonomy":"product_cat","embeddable":true,"href":"https:\/\/minghanggroup.com\/tr\/wp-json\/wp\/v2\/product_cat?post=2041"},{"taxonomy":"product_tag","embeddable":true,"href":"https:\/\/minghanggroup.com\/tr\/wp-json\/wp\/v2\/product_tag?post=2041"}],"curies":[{"name":"wp","href":"https:\/\/api.w.org\/{rel}","templated":true}]}}