{"id":2037,"date":"2025-10-23T17:07:40","date_gmt":"2025-10-23T09:07:40","guid":{"rendered":"https:\/\/minghanggroup.com\/?post_type=product&#038;p=2037"},"modified":"2026-01-20T13:44:34","modified_gmt":"2026-01-20T05:44:34","slug":"glass-milk-bottles-with-lids-glass-pudding-cups-wholesale","status":"publish","type":"product","link":"https:\/\/minghanggroup.com\/tr\/urun\/glass-milk-bottles-with-lids-glass-pudding-cups-wholesale\/","title":{"rendered":"Tatl\u0131, Yo\u011furt ve Puding i\u00e7in Kapakl\u0131 50-200 ml Cam S\u00fct \u015ei\u015feleri"},"content":{"rendered":"<p>Tatl\u0131lar\u0131n\u0131z, sadece onlar\u0131 i\u00e7inde tutan de\u011fil, kendini satan bir ambalaj\u0131 hak ediyor. Tatl\u0131lar\u0131n\u0131za g\u00f6z kama\u015ft\u0131ran cam puding kaplar\u0131 tasarl\u0131yoruz; kapakl\u0131 cam s\u00fct \u015fi\u015felerimiz ise s\u00fct \u00fcr\u00fcnlerini zahmetsizce \u015f\u0131k bir \u015fekilde sunuyor. Bu tekrar kullan\u0131labilir cam s\u00fct \u015fi\u015feleri, her kavanozu rafta durduran bir an yarat\u0131yor.<\/p>\n<h2>\u00dcr\u00fcn \u00d6zellikleri<\/h2>\n<ol>\n<li><strong>Canl\u0131\u200b\u200d\u200b\u200c\u200d\u200b\u200d\u200c\u200b\u200d\u200b\u200c\u200d\u200b\u200d\u200c \u00dcr\u00fcn Vitrini:<\/strong>\u015eeffaf cam kullan\u0131larak pudingin zengin rengi \u00f6n plana \u00e7\u0131kar\u0131labiliyor ve dolay\u0131s\u0131yla t\u00fcketiciler tad\u0131na bakmadan \u00f6nce kalitesini g\u00f6r\u00fcyor.<\/li>\n<li><strong>M\u00fckemmel Kapak Uyumlulu\u011fu:<\/strong>\u015ei\u015fe kapaklar\u0131 di\u015fli a\u011f\u0131zlar yard\u0131m\u0131yla s\u0131k\u0131ca kapat\u0131l\u0131r, b\u00f6ylece ne s\u0131z\u0131nt\u0131 olur, ne de etrafa bula\u015f\u0131r ve geriye sadece saf tatl\u0131 keyfi kal\u0131r.<\/li>\n<li><strong>Alan Tasarruflu K\u00fc\u00e7\u00fck Boyutlar:<\/strong>\u0130ster 50 ml numuneler, ister 200 ml toplu olsun, kapakl\u0131 bu cam s\u00fct \u015fi\u015feleri t\u0131pk\u0131 bir kitap y\u0131\u011f\u0131n\u0131 gibi istiflenebilir.<\/li>\n<li><strong>Tatl\u0131 ve G\u00fcvenli Yeniden Kullan\u0131labilirlik:<\/strong>Is\u0131ya dayan\u0131kl\u0131 kal\u0131n cam\u0131 sayesinde yo\u011furt, re\u00e7el hatta s\u00fct saklamak i\u00e7in bile tekrar kullan\u0131labilir.<\/li>\n<\/ol>\n<h2>Temel \u00d6zellikler<\/h2>\n<table style=\"border-collapse: collapse; width: 80%; margin-left: auto; margin-right: auto;\" border=\"0\" width=\"363\" cellspacing=\"0\" cellpadding=\"0\">\n<tbody>\n<tr style=\"height: 13.50pt;\">\n<td style=\"height: 13.5pt; width: 56.25pt; text-align: center;\" width=\"75\" height=\"18\">Model<\/td>\n<td style=\"width: 54pt; text-align: center;\" width=\"72\">Kapasite(ml)<\/td>\n<td style=\"width: 54pt; text-align: center;\" width=\"72\">Boyutlar(cm)<\/td>\n<td style=\"width: 54pt; text-align: center;\" width=\"72\">Boyun Tipi<\/td>\n<td style=\"width: 54pt; text-align: center;\" width=\"72\">\u015eekil<\/td>\n<\/tr>\n<tr style=\"height: 13.50pt;\">\n<td style=\"height: 13.5pt; text-align: center;\" align=\"right\" height=\"18\">64005021<\/td>\n<td style=\"text-align: center;\" align=\"right\">50<\/td>\n<td style=\"text-align: center;\">4.8&#215;5.8<\/td>\n<td class=\"et2\" style=\"text-align: center;\" rowspan=\"5\">Di\u015fli<\/td>\n<td class=\"et2\" style=\"text-align: center;\" rowspan=\"5\">Yuvarlak<\/td>\n<\/tr>\n<tr style=\"height: 13.50pt;\">\n<td style=\"height: 13.5pt; text-align: center;\" align=\"right\" height=\"18\">64007522<\/td>\n<td style=\"text-align: center;\" align=\"right\">75<\/td>\n<td style=\"text-align: center;\">5.1&#215;7.1<\/td>\n<\/tr>\n<tr style=\"height: 13.50pt;\">\n<td style=\"height: 13.5pt; text-align: center;\" align=\"right\" height=\"18\">64010023<\/td>\n<td style=\"text-align: center;\" align=\"right\">100<\/td>\n<td style=\"text-align: center;\">5.5&#215;7.3<\/td>\n<\/tr>\n<tr style=\"height: 13.50pt;\">\n<td style=\"height: 13.5pt; text-align: center;\" align=\"right\" height=\"18\">64015024<\/td>\n<td style=\"text-align: center;\" align=\"right\">150<\/td>\n<td style=\"text-align: center;\">6.5&#215;7.8<\/td>\n<\/tr>\n<tr style=\"height: 13.50pt;\">\n<td style=\"height: 13.5pt; text-align: center;\" align=\"right\" height=\"18\">64020025<\/td>\n<td style=\"text-align: center;\" align=\"right\">200<\/td>\n<td style=\"text-align: center;\">7.0&#215;9.0<\/td>\n<\/tr>\n<\/tbody>\n<\/table>\n<h2>Ba\u015far\u0131\u200b\u200d\u200b\u200c\u200d\u200b\u200d\u200c\u200b\u200d\u200b\u200c\u200d\u200b\u200d\u200c Vaka<\/h2>\n<p>Butik bir tatl\u0131 d\u00fckkan\u0131, meyveli kremal\u0131 puding serisi i\u00e7in \u00f6zel 100 ml&#039;lik cam puding kaplar\u0131 \u00fcretmemiz i\u00e7in bize ula\u015ft\u0131. Her bir kap yuvarlak ve geni\u015f bir a\u011f\u0131zl\u0131\u011fa sahip oldu\u011fundan, m\u00fc\u015fteriler i\u00e7ine meyveleri ve kremay\u0131 kat kat yerle\u015ftirirken ayn\u0131 zamanda kristal berrakl\u0131\u011f\u0131ndaki camdan tatl\u0131lar\u0131n canl\u0131 renklerinin tad\u0131n\u0131 \u00e7\u0131karabiliyorlar.<\/p>\n<p>\u00dcr\u00fcn\u00fc g\u00fczelle\u015ftirmek ve tazeli\u011fini korumak i\u00e7in ma\u011faza, alt\u0131n vidal\u0131 bir kapak ve ka\u015f\u0131k \u015feklinde bir ka\u011f\u0131t k\u0131l\u0131f kullanarak ta\u015f\u0131nabilir ve zarif bir tasar\u0131m yaratmaya karar verdi. Marka ayr\u0131ca, kupan\u0131n alt\u0131na logosunu kaz\u0131yarak her pudinge, markan\u0131n el yap\u0131m\u0131 tatl\u0131 felsefesiyle uyumlu, incelikli ve el yap\u0131m\u0131 bir hava katt\u0131.<\/p>\n<p>Yeni ambalaj\u0131n tan\u0131t\u0131m\u0131n\u0131n ard\u0131ndan ma\u011fazan\u0131n online tatl\u0131 sat\u0131\u015flar\u0131 oran\u0131nda artt\u0131.<\/p>\n<h2>\u00d6zelle\u015ftirme \u0130pu\u00e7lar\u0131n\u0131z<\/h2>\n<p>Akl\u0131n\u0131zdaki standart kavanozlar\u0131 bir kenara b\u0131rak\u0131n. Puding fikrinizi bizimle payla\u015f\u0131n - &#034;Vanilya R\u00fcyas\u0131&#034; veya &#034;Mango Kokusu&#034; gibi - ve sadece \u015feklini ve yumu\u015fak rengini de\u011fil, ayn\u0131 zamanda logonuzu da ki\u015fiselle\u015ftirebileceksiniz. Yeni bir mevsim \u00fcr\u00fcn\u00fc i\u00e7in 150 ml&#039;lik bir puding \u015fi\u015fesine ihtiyac\u0131n\u0131z var, de\u011fil mi? Cam s\u00fctl\u00fc puding kavanozunuz sadece bir ambalaj de\u011fil; ayn\u0131 zamanda markan\u0131z\u0131n hikayesini anlatman\u0131n lezzetli bir yolu.<\/p>","protected":false},"excerpt":{"rendered":"<p>Kapakl\u0131 \u015feffaf cam s\u00fct \u015fi\u015feleri ve cam puding kaplar\u0131 yo\u011furt, tatl\u0131lar veya muhallebi i\u00e7in idealdir. Kafeler, mand\u0131ralar veya ev kullan\u0131m\u0131 i\u00e7in kapaklar, logolar ve renklerle \u00f6zelle\u015ftirilebilir.<\/p>","protected":false},"featured_media":2046,"template":"","meta":{"postBodyCss":"","postBodyMargin":[],"postBodyPadding":[],"postBodyBackground":{"backgroundType":"classic","gradient":""}},"product_brand":[],"product_cat":[15,46],"product_tag":[65,64],"class_list":{"0":"post-2037","1":"product","2":"type-product","3":"status-publish","4":"has-post-thumbnail","6":"product_cat-glass-containers","7":"product_cat-glass-milk-bottles","8":"product_tag-glass-jam-jars","9":"product_tag-glass-yogurt-jars","11":"first","12":"instock","13":"shipping-taxable","14":"product-type-simple"},"jetpack_sharing_enabled":true,"_links":{"self":[{"href":"https:\/\/minghanggroup.com\/tr\/wp-json\/wp\/v2\/product\/2037","targetHints":{"allow":["GET"]}}],"collection":[{"href":"https:\/\/minghanggroup.com\/tr\/wp-json\/wp\/v2\/product"}],"about":[{"href":"https:\/\/minghanggroup.com\/tr\/wp-json\/wp\/v2\/types\/product"}],"wp:featuredmedia":[{"embeddable":true,"href":"https:\/\/minghanggroup.com\/tr\/wp-json\/wp\/v2\/media\/2046"}],"wp:attachment":[{"href":"https:\/\/minghanggroup.com\/tr\/wp-json\/wp\/v2\/media?parent=2037"}],"wp:term":[{"taxonomy":"product_brand","embeddable":true,"href":"https:\/\/minghanggroup.com\/tr\/wp-json\/wp\/v2\/product_brand?post=2037"},{"taxonomy":"product_cat","embeddable":true,"href":"https:\/\/minghanggroup.com\/tr\/wp-json\/wp\/v2\/product_cat?post=2037"},{"taxonomy":"product_tag","embeddable":true,"href":"https:\/\/minghanggroup.com\/tr\/wp-json\/wp\/v2\/product_tag?post=2037"}],"curies":[{"name":"wp","href":"https:\/\/api.w.org\/{rel}","templated":true}]}}