{"id":2032,"date":"2025-10-23T15:54:11","date_gmt":"2025-10-23T07:54:11","guid":{"rendered":"https:\/\/minghanggroup.com\/?post_type=product&#038;p=2032"},"modified":"2026-01-20T13:45:59","modified_gmt":"2026-01-20T05:45:59","slug":"square-glass-milk-bottles-for-dairy-storage-and-packaging","status":"publish","type":"product","link":"https:\/\/minghanggroup.com\/tr\/urun\/square-glass-milk-bottles-for-dairy-storage-and-packaging\/","title":{"rendered":"S\u00fct \u00dcr\u00fcnlerinin Depolanmas\u0131 ve Paketlenmesi i\u00e7in 300 ml - 500 ml Kare Cam S\u00fct \u015ei\u015feleri"},"content":{"rendered":"<p>S\u00fct \u00fcr\u00fcnleri markan\u0131z\u0131n, yerden tasarruf sa\u011flayan ve sat\u0131\u015flar\u0131 art\u0131ran \u015fi\u015felere ihtiyac\u0131 var; raflar\u0131n\u0131z\u0131 dolduran garip yuvarlak \u015fi\u015felere son. R\u00fcya gibi istiflenebilen kare cam s\u00fct \u015fi\u015feleri \u00fcretiyoruz ve her yudumda birinci s\u0131n\u0131f bir his yarat\u0131yoruz. Bu cam \u015fi\u015fe s\u00fct saklama \u00e7\u00f6z\u00fcmleri, s\u00fct\u00fcn\u00fcz\u00fc g\u00f6rsel bir ifadeye d\u00f6n\u00fc\u015ft\u00fcr\u00fcyor; s\u00fct \u00fcr\u00fcnleri, meyve suyu veya so\u011fuk demleme i\u00e7in m\u00fckemmel.<\/p>\n<h2>\u00dcr\u00fcn \u00d6zellikleri<\/h2>\n<ol>\n<li><strong>Kare\u200b\u200d\u200b\u200c\u200d\u200b\u200d\u200c\u200b\u200d\u200b\u200c\u200d\u200b\u200d\u200c &amp; Modern Tasar\u0131m:<\/strong>Kare \u015fi\u015fe yerle\u015fimi g\u00f6rsel olarak \u00e7ok iyi bir se\u00e7imdir ve markan\u0131n \u015fi\u015feyi devirmeden iyi ve stabil bir tasar\u0131ma sahip olmas\u0131 i\u00e7in harika bir \u00e7\u00f6z\u00fcmd\u00fcr, marka imaj\u0131n\u0131z\u0131n daha da b\u00fcy\u00fcmesine yard\u0131mc\u0131 olan modern ve \u015f\u0131k bir g\u00f6r\u00fcn\u00fcm kazand\u0131r\u0131r.<\/li>\n<li><strong>Kal\u0131n Dayan\u0131kl\u0131 Cam:<\/strong>Y\u00fcksek \u015feffafl\u0131\u011fa sahip, kal\u0131nla\u015ft\u0131r\u0131lm\u0131\u015f camdan \u00fcretildi\u011fi i\u00e7in sa\u011flamd\u0131r ve hasar g\u00f6rmeden birka\u00e7 kez kullan\u0131labilir.<\/li>\n<li><strong>Kolay Doldurma \u0130\u00e7in Geni\u015f A\u011f\u0131z:<\/strong>Geni\u015f a\u011f\u0131z k\u0131sm\u0131 sayesinde s\u00fct, meyve suyu veya kahveyi rahatl\u0131kla d\u00f6kebilir, hatta temizli\u011fi bile olduk\u00e7a basittir.<\/li>\n<li><strong>\u00d6zelle\u015ftirilebilir Se\u00e7enekler:<\/strong>Metal, plastik veya bambu kapakl\u0131 olabilen \u00fcr\u00fcn, bask\u0131, sprey boyama ve kabartma gibi \u00f6zelle\u015ftirilebilir \u00f6zellikleri destekliyor.<\/li>\n<\/ol>\n<h2>Temel \u00d6zellikler<\/h2>\n<table style=\"border-collapse: collapse; width: 80%; margin-left: auto; margin-right: auto;\" border=\"0\" width=\"288\" cellspacing=\"0\" cellpadding=\"0\">\n<tbody>\n<tr style=\"height: 13.50pt;\">\n<td style=\"height: 13.5pt; width: 54pt; text-align: center;\" width=\"72\" height=\"18\">Model<\/td>\n<td style=\"width: 54pt; text-align: center;\" width=\"72\">Kapasite<\/td>\n<td style=\"width: 54pt; text-align: center;\" width=\"72\">Boyutlar(cm)<\/td>\n<td style=\"width: 54pt; text-align: center;\" width=\"72\">\u015eekil<\/td>\n<\/tr>\n<tr style=\"height: 13.50pt;\">\n<td style=\"height: 13.5pt; text-align: center;\" align=\"right\" height=\"18\">64030019<\/td>\n<td style=\"text-align: center;\" align=\"right\">300 ml\/10 oz<\/td>\n<td style=\"text-align: center;\">7.6&#215;12.3<\/td>\n<td class=\"et2\" style=\"text-align: center;\" rowspan=\"2\">Kare<\/td>\n<\/tr>\n<tr style=\"height: 13.50pt;\">\n<td style=\"height: 13.5pt; text-align: center;\" align=\"right\" height=\"18\">64050020<\/td>\n<td style=\"text-align: center;\" align=\"right\">500 ml\/16 oz<\/td>\n<td style=\"text-align: center;\">8.6&#215;13.6<\/td>\n<\/tr>\n<\/tbody>\n<\/table>\n<h2>Ba\u015far\u0131 \u00d6rne\u011fi<\/h2>\n<p>Bir mand\u0131ra bize 150.000 adet \u00f6zel 300 ml kare cam \u015fi\u015fe talebiyle geldi.<\/p>\n<p>Geni\u015f a\u011f\u0131zl\u0131 yap\u0131s\u0131 sayesinde \u015fi\u015feyi doldurup temizlemek olduk\u00e7a pratiktir ve metal vidal\u0131 kapaklar ve bambu kapaklar tam di\u015fli boyun k\u0131sm\u0131na uygulanarak perakende ve kahve ortaklar\u0131na esnek se\u00e7enekler sunar.<\/p>\n<p>Bu arada, kare \u015fekli \u00fcr\u00fcn\u00fc trend ve minimalist bir tarza kavu\u015fturmakla kalm\u0131yor, ayn\u0131 zamanda hem ambalaj\u0131 g\u00f6nderirken hem de sergilerken daha fazla depolama ve raf alan\u0131ndan tasarruf sa\u011fl\u0131yor. Markay\u0131 \u00f6ne \u00e7\u0131karmak i\u00e7in fabrika, \u015fi\u015feye mat bir kaplama ve serigrafi bask\u0131 logo yerle\u015ftirdi.<\/p>\n<p>Yulaf s\u00fct\u00fc serisi m\u00fc\u015fterilerin g\u00f6zdesi haline geldi ve \u00f6zellikle s\u0131zd\u0131rmaz tasar\u0131m\u0131 ve tekrar kullan\u0131labilir \u015fi\u015fesiyle \u00e7ok memnun kald\u0131lar. \u0130ki ay gibi k\u0131sa bir s\u00fcrede yeni \u015fi\u015fe, toplam gelirin &#039;ini olu\u015fturdu.<\/p>\n<h2>\u00d6zelle\u015ftirme \u0130pu\u00e7lar\u0131n\u0131z<\/h2>\n<p>Kare cam s\u00fct \u015fi\u015fenizin daha fazla dikkat \u00e7ekmesini mi istiyorsunuz? Damak tad\u0131n\u0131za uygun buzlu y\u00fczey, kabartmal\u0131 logo veya yumu\u015fak degradeli bir renk se\u00e7ebilirsiniz. Dahas\u0131, bambu veya al\u00fcminyum bir kapak takarak, onu sadece biraz daha \u00f6n plana \u00e7\u0131karmakla kalmaz, ayn\u0131 zamanda mevsimsel markan\u0131zla m\u00fckemmel bir uyum sa\u011flamas\u0131n\u0131 da sa\u011flars\u0131n\u0131z; ister orman meyveli s\u00fct, ister yulafl\u0131 i\u00e7ecekler veya so\u011fuk demleme kahve olsun. \u00dcr\u00fcn\u00fcn\u00fcz raflardan h\u0131zla \u00e7\u0131kar\u0131lacak ve 300 ml&#039;den 500 ml&#039;ye kadar de\u011fi\u015fen kapak boyutlar\u0131yla harika bir stil g\u00f6sterisine d\u00f6n\u00fc\u015fecektir.<\/p>","protected":false},"excerpt":{"rendered":"<p>Toptan \u015f\u0131k kare cam s\u00fct \u015fi\u015feleri ve s\u00fct \u00fcr\u00fcnleri, kahve veya meyve suyu i\u00e7in cam \u015fi\u015fe s\u00fct saklama. Kapaklar, renkler ve kabartmal\u0131 logo ile \u00f6zelle\u015ftirilebilir ve premium marka imaj\u0131 yarat\u0131labilir.<\/p>","protected":false},"featured_media":2033,"template":"","meta":{"postBodyCss":"","postBodyMargin":[],"postBodyPadding":[],"postBodyBackground":{"backgroundType":"classic","gradient":""}},"product_brand":[],"product_cat":[15,16,46],"product_tag":[64,72],"class_list":{"0":"post-2032","1":"product","2":"type-product","3":"status-publish","4":"has-post-thumbnail","6":"product_cat-glass-containers","7":"product_cat-glass-bottles","8":"product_cat-glass-milk-bottles","9":"product_tag-glass-yogurt-jars","10":"product_tag-juice-bottles","12":"first","13":"instock","14":"shipping-taxable","15":"product-type-simple"},"jetpack_sharing_enabled":true,"_links":{"self":[{"href":"https:\/\/minghanggroup.com\/tr\/wp-json\/wp\/v2\/product\/2032","targetHints":{"allow":["GET"]}}],"collection":[{"href":"https:\/\/minghanggroup.com\/tr\/wp-json\/wp\/v2\/product"}],"about":[{"href":"https:\/\/minghanggroup.com\/tr\/wp-json\/wp\/v2\/types\/product"}],"wp:featuredmedia":[{"embeddable":true,"href":"https:\/\/minghanggroup.com\/tr\/wp-json\/wp\/v2\/media\/2033"}],"wp:attachment":[{"href":"https:\/\/minghanggroup.com\/tr\/wp-json\/wp\/v2\/media?parent=2032"}],"wp:term":[{"taxonomy":"product_brand","embeddable":true,"href":"https:\/\/minghanggroup.com\/tr\/wp-json\/wp\/v2\/product_brand?post=2032"},{"taxonomy":"product_cat","embeddable":true,"href":"https:\/\/minghanggroup.com\/tr\/wp-json\/wp\/v2\/product_cat?post=2032"},{"taxonomy":"product_tag","embeddable":true,"href":"https:\/\/minghanggroup.com\/tr\/wp-json\/wp\/v2\/product_tag?post=2032"}],"curies":[{"name":"wp","href":"https:\/\/api.w.org\/{rel}","templated":true}]}}