{"id":2025,"date":"2025-10-23T14:12:42","date_gmt":"2025-10-23T06:12:42","guid":{"rendered":"https:\/\/minghanggroup.com\/?post_type=product&#038;p=2025"},"modified":"2026-01-20T15:35:46","modified_gmt":"2026-01-20T07:35:46","slug":"bulk-cylindrical-clear-glass-honey-vials-for-food-packaging","status":"publish","type":"product","link":"https:\/\/minghanggroup.com\/tr\/urun\/bulk-cylindrical-clear-glass-honey-vials-for-food-packaging\/","title":{"rendered":"G\u0131da Ambalaj\u0131 i\u00e7in 50-260 ml Silindirik \u015eeffaf Cam Bal \u015ei\u015feleri"},"content":{"rendered":"<p>These glass\u200b\u200d\u200b\u200c\u200d\u200b\u200d\u200c\u200b\u200d\u200b\u200c\u200d\u200b\u200d\u200c honey vials have a clear cylindrical body along with gold and silver lids of different sizes. Their minimal and at the same time functional design makes them ideal for storing honey with a touch of sophistication.<\/p>\n<h2>\u00dcr\u00fcn \u00d6zellikleri<\/h2>\n<ul>\n<li><strong>\u015eeffaf Cam:<\/strong> \u015eeffaf cam kullan\u0131m\u0131, i\u00e7eri\u011fin kaydedilmesine ve durumlar\u0131n\u0131n g\u00f6r\u00fclmesine olanak tan\u0131r; bu da h\u0131zl\u0131 tan\u0131mlama ve inceleme i\u00e7in \u00e7ok faydal\u0131d\u0131r.<\/li>\n<li><strong>Silindirik:<\/strong> Silindir \u015feklindeki yap\u0131s\u0131 sayesinde bu kavanozlar\u0131n mutfakta veya evin herhangi bir alan\u0131nda \u00fcst \u00fcste istiflenebilece\u011fini ve b\u00f6ylece yerden tasarruf edilebilece\u011fini rahatl\u0131kla s\u00f6yleyebiliriz.<\/li>\n<li><strong>\u00c7e\u015fitli Boyutlar Mevcuttur:<\/strong> Farkl\u0131 ebatlarda konteyner se\u00e7enekleri sunularak, ki\u015finin depolama ihtiyac\u0131na en uygun olan\u0131 se\u00e7mesi sa\u011flanabilir.<\/li>\n<\/ul>\n<h2>Temel \u00d6zellikler<\/h2>\n<table style=\"border-collapse: collapse; margin-left: auto; margin-right: auto; width: 348.02pt;\" border=\"0\" width=\"464\" cellspacing=\"0\" cellpadding=\"0\">\n<tbody>\n<tr style=\"height: 13.50pt;\">\n<td style=\"height: 13.50pt; width: 90.00pt;\" width=\"120\" height=\"18\">\u00d6zellik<\/td>\n<td style=\"width: 258.00pt;\" width=\"344\">\u015eartname<\/td>\n<\/tr>\n<tr style=\"height: 13.50pt;\">\n<td style=\"height: 13.50pt;\" height=\"18\">Kapasite<\/td>\n<td>50 ml ila 260 ml (9 boyut)<\/td>\n<\/tr>\n<tr style=\"height: 13.50pt;\">\n<td style=\"height: 13.50pt;\" height=\"18\">\u00c7ap<\/td>\n<td>4,7 cm (t\u00fcm boyutlar)<\/td>\n<\/tr>\n<tr style=\"height: 13.50pt;\">\n<td style=\"height: 13.50pt;\" height=\"18\">Y\u00fckseklik<\/td>\n<td>5,3 cm ila 20,3 cm<\/td>\n<\/tr>\n<tr style=\"height: 13.50pt;\">\n<td style=\"height: 13.50pt;\" height=\"18\">Malzeme<\/td>\n<td>\u015eeffaf cam, alt\u0131n\/g\u00fcm\u00fc\u015f PP kapak<\/td>\n<\/tr>\n<tr style=\"height: 13.50pt;\">\n<td style=\"height: 13.50pt;\" height=\"18\">Kapak Se\u00e7enekleri<\/td>\n<td>Alt\u0131n, g\u00fcm\u00fc\u015f (\u00f6zel renkler mevcuttur)<\/td>\n<\/tr>\n<tr style=\"height: 13.50pt;\">\n<td style=\"height: 13.50pt;\" height=\"18\">En \u0130yisi \u0130\u00e7in<\/td>\n<td>Numune paketleri, hediye setleri<\/td>\n<\/tr>\n<tr style=\"height: 13.50pt;\">\n<td style=\"height: 13.50pt;\" height=\"18\">\u0130deal Kullan\u0131m<\/td>\n<td>Bal \u015fi\u015feleri, cam bal kaplar\u0131<\/td>\n<\/tr>\n<\/tbody>\n<\/table>\n<h2>Ba\u015far\u0131 \u00d6yk\u00fcs\u00fc: Bir \u00d6rnekleme Stratejisi Sat\u0131\u015flar\u0131 Nas\u0131l Art\u0131rd\u0131?<\/h2>\n<p>Orta \u00f6l\u00e7ekli ar\u0131c\u0131l\u0131k i\u015fletmesi, standart 250 graml\u0131k bal kavanozlar\u0131n\u0131 sat\u0131n alanlar d\u0131\u015f\u0131nda yeni m\u00fc\u015fteri bulmakta zorlan\u0131yordu. &#034;Honey Flight&#034; ad\u0131n\u0131 verdikleri, i\u00e7inde d\u00f6rt farkl\u0131 bal \u00e7e\u015fidi bulunan bir numune kab\u0131 satma plan\u0131 geli\u015ftirdiler. Daha sonra, daha l\u00fcks bir g\u00f6r\u00fcn\u00fcm i\u00e7in 50 ml, 60 ml, 80 ml ve 100 ml&#039;lik kapakl\u0131 cam bal kaplar\u0131ndan birine alt\u0131n bir kapak eklemeye karar verdiler. Ba\u011flay\u0131c\u0131n\u0131n tan\u0131t\u0131m\u0131 b\u00fcy\u00fck bir ba\u015far\u0131yd\u0131. Sadece \u00fc\u00e7 ay i\u00e7inde, lider \u00e7evrimi\u00e7i \u00fcr\u00fcnleri haline geldi, web sitesi trafi\u011fini oran\u0131nda art\u0131rd\u0131 ve \u00e7ok say\u0131da ilk kez al\u0131c\u0131 \u00e7ekti. Olumlu sonu\u00e7lar burada bitmedi. \u0130statistikler, bir numune alan her be\u015f ki\u015fiden birinin iki ay i\u00e7inde kendisi i\u00e7in tam boy bir kavanoz sat\u0131n alaca\u011f\u0131n\u0131 g\u00f6steriyor. Bu taktik, merakl\u0131 al\u0131\u015fveri\u015f\u00e7ileri sad\u0131k m\u00fc\u015fterilere d\u00f6n\u00fc\u015ft\u00fcrd\u00fc ve \u015fimdi her \u00e7eyrekte sipari\u015f ettikleri 200.000 k\u00fc\u00e7\u00fck cam kavanoz onlar i\u00e7in.<\/p>\n<h2>Bal \u015ei\u015felerinizi Markan\u0131zla \u00d6zelle\u015ftirin<\/h2>\n<ul>\n<li><strong>Renkli Ton Vurgular\u0131:<\/strong> Bal\u0131n alt\u0131n rengini vurgulamak i\u00e7in \u015feffaf cama hafif\u00e7e fark edilebilir bir kehribar rengi uygulay\u0131n. Bu \u015fekilde kavanozlar, boyutlar\u0131 ne olursa olsun daha g\u00f6steri\u015fli g\u00f6r\u00fcnecektir.<\/li>\n<li><strong>Serigrafi Bask\u0131:<\/strong> Marka kimli\u011finizi temsil edecek \u015fekilde logonuz veya herhangi bir g\u00f6rsel kal\u0131c\u0131 ve belirgin bir \u015fekilde cam \u00fczerine bas\u0131labilir.<\/li>\n<li><strong>Kabartmal\u0131 Hacim \u0130\u015faretleri:<\/strong> Hacmi g\u00f6stermenin yenilik\u00e7i ve daha \u015f\u0131k bir yolunu sunuyoruz. Kavanozun \u00fczerindeki kabartmal\u0131 mililitre\/ons, kavanoza pratik ve profesyonel bir g\u00f6r\u00fcn\u00fcm kazand\u0131r\u0131yor.<\/li>\n<li><strong>\u00d6zel Kapak Renkleri:<\/strong> Neden g\u00fcm\u00fc\u015f ve alt\u0131n rengine ba\u011fl\u0131 kal\u0131yorsunuz? Bu iki rengin yan\u0131 s\u0131ra, kapak renkleri de marka renklerinize g\u00f6re \u00f6zelle\u015ftirilebilir.<\/li>\n<\/ul>\n<p>Geni\u015f cam bal kavanozu ve \u015fi\u015fesi yelpazemizle ambalajlaman\u0131z\u0131 kolayla\u015ft\u0131rmak ister misiniz? Toptan sat\u0131\u015f fiyat teklifi almak i\u00e7in bizimle ileti\u015fime ge\u00e7mekten \u00e7ekinmeyin. Bunun yan\u0131 s\u0131ra, ar\u0131c\u0131l\u0131k i\u015fletmeniz i\u00e7in de bir kazan\u00e7 sa\u011flayabiliriz.<\/p>","protected":false},"excerpt":{"rendered":"<p>Alt\u0131n ve g\u00fcm\u00fc\u015f kapakl\u0131 \u015feffaf cam bal \u015fi\u015feleri, bal paketleme ve toplu tedarik i\u00e7in idealdir. Dayan\u0131kl\u0131, \u015f\u0131k ve toptan al\u0131c\u0131lar i\u00e7in \u00f6zelle\u015ftirilebilir.<\/p>","protected":false},"featured_media":2040,"template":"","meta":{"postBodyCss":"","postBodyMargin":[],"postBodyPadding":[],"postBodyBackground":{"backgroundType":"classic","gradient":""}},"product_brand":[],"product_cat":[15,17,52],"product_tag":[],"class_list":{"0":"post-2025","1":"product","2":"type-product","3":"status-publish","4":"has-post-thumbnail","6":"product_cat-glass-containers","7":"product_cat-glass-jars","8":"product_cat-glass-honey-jars","10":"first","11":"instock","12":"shipping-taxable","13":"product-type-simple"},"jetpack_sharing_enabled":true,"_links":{"self":[{"href":"https:\/\/minghanggroup.com\/tr\/wp-json\/wp\/v2\/product\/2025","targetHints":{"allow":["GET"]}}],"collection":[{"href":"https:\/\/minghanggroup.com\/tr\/wp-json\/wp\/v2\/product"}],"about":[{"href":"https:\/\/minghanggroup.com\/tr\/wp-json\/wp\/v2\/types\/product"}],"wp:featuredmedia":[{"embeddable":true,"href":"https:\/\/minghanggroup.com\/tr\/wp-json\/wp\/v2\/media\/2040"}],"wp:attachment":[{"href":"https:\/\/minghanggroup.com\/tr\/wp-json\/wp\/v2\/media?parent=2025"}],"wp:term":[{"taxonomy":"product_brand","embeddable":true,"href":"https:\/\/minghanggroup.com\/tr\/wp-json\/wp\/v2\/product_brand?post=2025"},{"taxonomy":"product_cat","embeddable":true,"href":"https:\/\/minghanggroup.com\/tr\/wp-json\/wp\/v2\/product_cat?post=2025"},{"taxonomy":"product_tag","embeddable":true,"href":"https:\/\/minghanggroup.com\/tr\/wp-json\/wp\/v2\/product_tag?post=2025"}],"curies":[{"name":"wp","href":"https:\/\/api.w.org\/{rel}","templated":true}]}}