{"id":2020,"date":"2025-10-23T11:55:20","date_gmt":"2025-10-23T03:55:20","guid":{"rendered":"https:\/\/minghanggroup.com\/?post_type=product&#038;p=2020"},"modified":"2025-10-23T17:37:53","modified_gmt":"2025-10-23T09:37:53","slug":"wholesale-small-honey-jars-with-metal-screw-lids","status":"publish","type":"product","link":"https:\/\/minghanggroup.com\/tr\/urun\/wholesale-small-honey-jars-with-metal-screw-lids\/","title":{"rendered":"Toptan Metal Vidal\u0131 Kapakl\u0131 K\u00fc\u00e7\u00fck Bal Kavanozlar\u0131 50ml 75ml 100ml 150ml"},"content":{"rendered":"<p>Bu k\u00fc\u00e7\u00fck bal kavanozlar\u0131, \u015feffaf silindirik camdan yap\u0131lm\u0131\u015ft\u0131r ve ihtiya\u00e7lar\u0131n\u0131za uygun \u00e7e\u015fitli boyut ve kapak se\u00e7eneklerine sahiptir. \u00d6z\u00fcnde, alt\u0131n rengi bal\u0131 g\u00fczel bir \u015fekilde g\u00f6r\u00fcn\u00fcr k\u0131ld\u0131klar\u0131 i\u00e7in minimalist, \u015f\u0131k, renkli ve detayl\u0131 bir tarz\u0131n m\u00fckemmel bir kar\u0131\u015f\u0131m\u0131d\u0131rlar.<\/p>\n<h2>\u00dcr\u00fcn \u00d6zellikleri<\/h2>\n<ul>\n<li><strong>\u015eeffaf Cam:<\/strong> \u015eeffaf cam\u0131 sayesinde bal miktar\u0131n\u0131 ve durumunu kolayca kontrol edebilir, t\u00fcm dolum i\u015flemini sorunsuz bir \u015fekilde ger\u00e7ekle\u015ftirebilirsiniz.<\/li>\n<li><strong>Silindirik:<\/strong> Silindirik tasar\u0131m\u0131 sayesinde olduk\u00e7a az yer kaplar ve bu sayede mutfak dolaplar\u0131nda vb. rahatl\u0131kla saklanabilir.<\/li>\n<li><strong>Kolay Eri\u015fim \u0130\u00e7in Geni\u015f A\u011f\u0131z:<\/strong> Pratik geni\u015f a\u011fz\u0131 sayesinde bal\u0131 kavanozdan \u00e7\u0131kar\u0131p ekme\u011fe s\u00fcrmek \u00e7ok kolayla\u015f\u0131yor.<\/li>\n<\/ul>\n<h2>Temel \u00d6zellikler<\/h2>\n<table style=\"border-collapse: collapse; margin-left: auto; margin-right: auto; width: 641.27pt;\" border=\"0\" width=\"855\" cellspacing=\"0\" cellpadding=\"0\">\n<tbody>\n<tr style=\"height: 13.50pt;\">\n<td style=\"height: 13.50pt; width: 145.50pt;\" width=\"194\" height=\"18\">\u015eartname Kategorisi<\/td>\n<td style=\"width: 495.75pt;\" width=\"661\">Detaylar<\/td>\n<\/tr>\n<tr style=\"height: 13.50pt;\">\n<td style=\"height: 13.50pt;\" height=\"18\">Kapasite<\/td>\n<td>50ml, 75ml, 100ml, 150ml<\/td>\n<\/tr>\n<tr style=\"height: 13.50pt;\">\n<td style=\"height: 13.50pt;\" height=\"18\">Boyut<\/td>\n<td>4,7 x 6,7 cm ila 5,5 x 10 cm<\/td>\n<\/tr>\n<tr style=\"height: 13.50pt;\">\n<td style=\"height: 13.50pt;\" height=\"18\">Malzeme<\/td>\n<td>\u015eeffaf cam, mor\/bak\u0131r\/k\u0131rm\u0131z\u0131 PP kapak<\/td>\n<\/tr>\n<tr style=\"height: 13.50pt;\">\n<td style=\"height: 13.50pt;\" height=\"18\">Kapak Se\u00e7enekleri<\/td>\n<td>Mor, bak\u0131r, k\u0131rm\u0131z\u0131 (\u00f6zel renkler mevcuttur)<\/td>\n<\/tr>\n<tr style=\"height: 13.50pt;\">\n<td style=\"height: 13.50pt;\" height=\"18\">\u0130deal Kullan\u0131mlar<\/td>\n<td>K\u00fc\u00e7\u00fck bal kavanozlar\u0131, bal kaplar\u0131, numune bal kavanozlar\u0131<\/td>\n<\/tr>\n<\/tbody>\n<\/table>\n<h2>Ba\u015far\u0131 \u00d6yk\u00fcs\u00fc: B\u00f6lgesel Bir Bal Markas\u0131n\u0131 Y\u00fckseltmek<\/h2>\n<p>\u00c7ift\u00e7i pazar\u0131 i\u00e7in dikkat \u00e7ekici cam bal kavanozlar\u0131na ihtiyac\u0131 olan yerel ar\u0131c\u0131 bize geldi. Alt\u0131n kapakl\u0131 150 ml&#039;lik bal kavanozumuz onlar\u0131n tercihiydi. Sa\u011flam cam, ba\u015flang\u0131\u00e7ta nakliye k\u0131r\u0131lmalar\u0131n\u0131 neredeyse yar\u0131 yar\u0131ya azaltt\u0131 ve b\u00f6ylece ar\u0131c\u0131 toplulu\u011funun k\u0131r\u0131k bal kavanozlar\u0131n\u0131n yenilenmesiyle elde etti\u011fi tasarruf ayl\u0131k 180 dolar oldu. Daha sonra, canl\u0131 kapak sat\u0131\u015flar\u0131n artmas\u0131na sebep oldu: Bir butik bal markas\u0131, 150 ml&#039;lik kavanozlar\u0131 deneyen al\u0131c\u0131 say\u0131s\u0131nda &#039;lik bir art\u0131\u015f oldu\u011funu duyurdu. \u00dcr\u00fcn kalitesinden ve m\u00fc\u015fteri geri bildirimlerinden etkilenen marka, 100.000 adetlik \u00fc\u00e7 sipari\u015f daha verdi ve k\u00fc\u00e7\u00fck 150 ml&#039;lik bal kavanozlar\u0131m\u0131z\u0131 deneme paketleri olarak tan\u0131tt\u0131.<\/p>\n<h2>Cam Bal Kab\u0131n\u0131z\u0131 Ger\u00e7ekten Size \u00d6zel Hale Getirin<\/h2>\n<ul>\n<li><strong>Ekran Bask\u0131s\u0131:<\/strong> Bu y\u00f6ntemle bir marka veya sanat eseri en direkt \u015fekilde cam \u00fczerine bas\u0131labiliyor ve bu da genellikle g\u00f6rsel olarak ho\u015f ve uzun s\u00fcre kal\u0131c\u0131 bir marka imaj\u0131 yarat\u0131yor.<\/li>\n<li><strong>Seramik \u00c7\u0131kartmalar:<\/strong> Daha uzun \u00f6m\u00fcrl\u00fc bir \u00fcr\u00fcn i\u00e7in cam y\u00fczeye \u0131s\u0131yla ba\u011flanan son derece ince, parlak ve renkli \u00e7\u0131kartmalar.<\/li>\n<li><strong>\u00d6zel Kapak Renkleri:<\/strong> Neden kendinizi \u00f6nceden belirledi\u011fimiz renklerle s\u0131n\u0131rlayas\u0131n\u0131z ki? \u015eapka renginizi markan\u0131z\u0131n Pantone rengiyle ayn\u0131 yap\u0131n.<\/li>\n<li><strong>\u0130\u00e7 Kapak Astar\u0131:<\/strong> En iyi bal s\u0131zd\u0131rmazl\u0131\u011f\u0131n\u0131 sa\u011flayacak olan\u0131 se\u00e7meniz i\u00e7in \u00e7e\u015fitli astar malzemeleri (\u00f6rne\u011fin PVC, ka\u011f\u0131t hamuru) sunulmaktad\u0131r.<\/li>\n<\/ul>\n<p>Bal\u0131n\u0131z i\u00e7in ideal kab\u0131 bulmaya haz\u0131r m\u0131s\u0131n\u0131z? \u00dcr\u00fcnlerimizin tamam\u0131na g\u00f6z at\u0131n ve toptan fiyat teklifi almak i\u00e7in bizimle ileti\u015fime ge\u00e7in.<\/p>","protected":false},"excerpt":{"rendered":"<p>Vidal\u0131 kapakl\u0131, dayan\u0131kl\u0131 k\u00fc\u00e7\u00fck bal kavanozlar\u0131; bal, re\u00e7el veya \u015furup i\u00e7in idealdir. Birinci s\u0131n\u0131f, g\u0131daya uygun camdan \u00fcretilmi\u015ftir, toplu al\u0131mlarda uygun fiyat ve h\u0131zl\u0131 teslimat imkan\u0131 sunar.<\/p>","protected":false},"featured_media":2022,"template":"","meta":{"postBodyCss":"","postBodyMargin":[],"postBodyPadding":[],"postBodyBackground":{"backgroundType":"classic","gradient":""}},"product_brand":[],"product_cat":[15,17,52],"product_tag":[],"class_list":{"0":"post-2020","1":"product","2":"type-product","3":"status-publish","4":"has-post-thumbnail","6":"product_cat-glass-containers","7":"product_cat-glass-jars","8":"product_cat-glass-honey-jars","10":"first","11":"instock","12":"shipping-taxable","13":"product-type-simple"},"jetpack_sharing_enabled":true,"_links":{"self":[{"href":"https:\/\/minghanggroup.com\/tr\/wp-json\/wp\/v2\/product\/2020","targetHints":{"allow":["GET"]}}],"collection":[{"href":"https:\/\/minghanggroup.com\/tr\/wp-json\/wp\/v2\/product"}],"about":[{"href":"https:\/\/minghanggroup.com\/tr\/wp-json\/wp\/v2\/types\/product"}],"wp:featuredmedia":[{"embeddable":true,"href":"https:\/\/minghanggroup.com\/tr\/wp-json\/wp\/v2\/media\/2022"}],"wp:attachment":[{"href":"https:\/\/minghanggroup.com\/tr\/wp-json\/wp\/v2\/media?parent=2020"}],"wp:term":[{"taxonomy":"product_brand","embeddable":true,"href":"https:\/\/minghanggroup.com\/tr\/wp-json\/wp\/v2\/product_brand?post=2020"},{"taxonomy":"product_cat","embeddable":true,"href":"https:\/\/minghanggroup.com\/tr\/wp-json\/wp\/v2\/product_cat?post=2020"},{"taxonomy":"product_tag","embeddable":true,"href":"https:\/\/minghanggroup.com\/tr\/wp-json\/wp\/v2\/product_tag?post=2020"}],"curies":[{"name":"wp","href":"https:\/\/api.w.org\/{rel}","templated":true}]}}